{"id":1010,"date":"2019-01-31T13:12:22","date_gmt":"2019-01-31T13:12:22","guid":{"rendered":"https:\/\/blogit.utu.fi\/oikeudellinentietotaito\/?page_id=1010"},"modified":"2023-03-02T07:57:05","modified_gmt":"2023-03-02T07:57:05","slug":"publications","status":"publish","type":"page","link":"https:\/\/blogit.utu.fi\/oikeudellinentietotaito\/in-english\/publications\/","title":{"rendered":"Publications"},"content":{"rendered":"<p><a href=\"https:\/\/www.palgrave.com\/us\/book\/9783319968629\" target=\"_blank\" rel=\"noopener noreferrer\">Legal Literacy in Premodern European Societies<\/a>, ed. Mia Korpiola, Palgrave Macmillan 2019.<\/p>\n<p><img loading=\"lazy\" decoding=\"async\" class=\"size-medium wp-image-1001 alignnone\" src=\"https:\/\/blogit.utu.fi\/oikeudellinentietotaito\/wp-content\/uploads\/sites\/134\/2019\/01\/legalliteracykirja-211x300.jpg\" alt=\"\" width=\"211\" height=\"300\" srcset=\"https:\/\/blogit.utu.fi\/oikeudellinentietotaito\/wp-content\/uploads\/sites\/134\/2019\/01\/legalliteracykirja-211x300.jpg 211w, https:\/\/blogit.utu.fi\/oikeudellinentietotaito\/wp-content\/uploads\/sites\/134\/2019\/01\/legalliteracykirja-768x1093.jpg 768w, https:\/\/blogit.utu.fi\/oikeudellinentietotaito\/wp-content\/uploads\/sites\/134\/2019\/01\/legalliteracykirja-719x1024.jpg 719w, https:\/\/blogit.utu.fi\/oikeudellinentietotaito\/wp-content\/uploads\/sites\/134\/2019\/01\/legalliteracykirja-676x962.jpg 676w, https:\/\/blogit.utu.fi\/oikeudellinentietotaito\/wp-content\/uploads\/sites\/134\/2019\/01\/legalliteracykirja.jpg 1256w\" sizes=\"auto, (max-width: 211px) 100vw, 211px\" \/><\/p>\n<p>Mia Korpiola: &#8221;Introduction&#8221;, <em>Legal Literacy in Premodern European Societies<\/em>, ed. Mia Korpiola, Palgrave Macmillan 2019.\u00a0<a href=\"https:\/\/blogit.utu.fi\/oikeudellinentietotaito\/wp-content\/uploads\/sites\/134\/2022\/02\/Korpiola2019_Chapter_Introduction.pdf\" target=\"_blank\" rel=\"noopener\">Korpiola2019_Chapter_Introduction<\/a><\/p>\n<p>Kirsi Vainio-Korhonen: &#8221;Lekm\u00e4ns skriftliga och r\u00e4ttsliga kunnande i b\u00f6rjan av 1800-talet. Rannsakningsf\u00e5ngar som skrivare av besv\u00e4rs- och n\u00e5deans\u00f6kningar i \u00c5bo slottsh\u00e4kte 1838\u20131850&#8221;, <em>Historisk Tidskrift f\u00f6r Finland<\/em> 2019:2. <a href=\"https:\/\/blogit.utu.fi\/oikeudellinentietotaito\/wp-content\/uploads\/sites\/134\/2019\/08\/HTF-2-2019_Kirsi-Vainio-Korhonen.pdf\">HTF 2-2019_Kirsi Vainio-Korhonen<\/a><\/p>\n<p>Anna Kuismin: &#8221;Nurkkelin, Valvoherra, Kurjalin. Kirjurit ja asioitsijat fiktiivisiss\u00e4 teksteiss\u00e4 1840-luvulta 1950-luvulle&#8221;, Historiallinen Aikakauskirja 117:3 (2019). <a href=\"https:\/\/blogit.utu.fi\/oikeudellinentietotaito\/wp-content\/uploads\/sites\/134\/2019\/10\/HAik_3_2019_Kuismin.pdf\">HAik_3_2019_Kuismin<\/a><\/p>\n<p>Mia Korpiola: &#8221;Kirjastosta kirjastoon: 1730- ja 1740-luvun turkulaislakimiesten huutokaupatuista oikeudellisista kirjoista&#8221;. In<em> Oikeus, kirjastot ja kulttuuri<\/em> (eds. Toni Malminen ja Sakari Wuolijoki), p. 87-105. Helsinki: Suomalainen Lakimiesyhdistys, 2019.<\/p>\n<p>Marianne Vasara-Aaltonen: &#8221;Kun Kuopiossa lakikirjoja kaupattiin: oikeudellisen kirjallisuuden omistaminen 1800-luvun huutokauppaluetteloiden valossa&#8221;. In <em>Oikeus, kirjastot ja kulttuuri<\/em> (eds. Toni Malminen ja Sakari Wuolijoki), p. 107-129. Helsinki: Suomalainen Lakimiesyhdistys, 2019.<\/p>\n<p>Kirsi Vainio-Korhonen: <a href=\"https:\/\/doi.org\/10.1080\/03468755.2020.1717596\" target=\"_blank\" rel=\"noopener noreferrer\">&#8221;Midwives as expert witnesses in the 18th-century Finnish courts of justice&#8221;<\/a>, <em>Scandinavian Journal of History<\/em>, 2020.<\/p>\n<p>Marianne Vasara-Aaltonen: &#8221;Maallikkoasianajosta kohti juristien esiinmarssia. Asianajotoiminta 1800-luvun Kuopiossa ja Vaasassa&#8221;, <em>Historiallinen Aikakauskirja<\/em> 120:1 (2022). <a href=\"https:\/\/blogit.utu.fi\/oikeudellinentietotaito\/wp-content\/uploads\/sites\/134\/2023\/03\/HAik_Vasara-Aaltonen.pdf\">HAik_Vasara-Aaltonen<\/a><\/p>\n<p>Marianne Vasara-Aaltonen: <a href=\"https:\/\/scholarlypublishingcollective.org\/uip\/jfs\/article-abstract\/25\/1\/101\/314585\/Lay-Town-Court-Judges-in-Nineteenth-Century?redirectedFrom=PDF\" target=\"_blank\" rel=\"noopener\">&#8221;Lay Town Court Judges in Nineteenth-Century Finland: The Case of Kuopio and Vaasa&#8221;<\/a>, <em>Journal of Finnish Studies<\/em> 25:1 (2022)<\/p>\n","protected":false},"excerpt":{"rendered":"<p>Legal Literacy in Premodern European Societies, ed. Mia Korpiola, Palgrave Macmillan 2019. Mia Korpiola: &#8221;Introduction&#8221;, Legal Literacy in Premodern European Societies, ed. Mia Korpiola, Palgrave Macmillan 2019.\u00a0Korpiola2019_Chapter_Introduction Kirsi Vainio-Korhonen: &#8221;Lekm\u00e4ns skriftliga och r\u00e4ttsliga kunnande i b\u00f6rjan av 1800-talet. Rannsakningsf\u00e5ngar som skrivare av besv\u00e4rs- och n\u00e5deans\u00f6kningar i \u00c5bo slottsh\u00e4kte 1838\u20131850&#8221;, Historisk Tidskrift f\u00f6r Finland 2019:2. HTF [&hellip;]<\/p>\n","protected":false},"author":5114,"featured_media":0,"parent":66,"menu_order":0,"comment_status":"closed","ping_status":"closed","template":"","meta":{"footnotes":""},"class_list":["post-1010","page","type-page","status-publish","hentry","post-preview"],"_links":{"self":[{"href":"https:\/\/blogit.utu.fi\/oikeudellinentietotaito\/wp-json\/wp\/v2\/pages\/1010","targetHints":{"allow":["GET"]}}],"collection":[{"href":"https:\/\/blogit.utu.fi\/oikeudellinentietotaito\/wp-json\/wp\/v2\/pages"}],"about":[{"href":"https:\/\/blogit.utu.fi\/oikeudellinentietotaito\/wp-json\/wp\/v2\/types\/page"}],"author":[{"embeddable":true,"href":"https:\/\/blogit.utu.fi\/oikeudellinentietotaito\/wp-json\/wp\/v2\/users\/5114"}],"replies":[{"embeddable":true,"href":"https:\/\/blogit.utu.fi\/oikeudellinentietotaito\/wp-json\/wp\/v2\/comments?post=1010"}],"version-history":[{"count":9,"href":"https:\/\/blogit.utu.fi\/oikeudellinentietotaito\/wp-json\/wp\/v2\/pages\/1010\/revisions"}],"predecessor-version":[{"id":1549,"href":"https:\/\/blogit.utu.fi\/oikeudellinentietotaito\/wp-json\/wp\/v2\/pages\/1010\/revisions\/1549"}],"up":[{"embeddable":true,"href":"https:\/\/blogit.utu.fi\/oikeudellinentietotaito\/wp-json\/wp\/v2\/pages\/66"}],"wp:attachment":[{"href":"https:\/\/blogit.utu.fi\/oikeudellinentietotaito\/wp-json\/wp\/v2\/media?parent=1010"}],"curies":[{"name":"wp","href":"https:\/\/api.w.org\/{rel}","templated":true}]}}