{"id":211,"date":"2018-01-29T09:35:36","date_gmt":"2018-01-29T09:35:36","guid":{"rendered":"https:\/\/blogit.utu.fi\/oikeudellinentietotaito\/?page_id=211"},"modified":"2018-02-15T04:51:42","modified_gmt":"2018-02-15T04:51:42","slug":"vasara-aaltonen","status":"publish","type":"page","link":"https:\/\/blogit.utu.fi\/oikeudellinentietotaito\/tutkijat\/vasara-aaltonen\/","title":{"rendered":"Marianne Vasara-Aaltonen"},"content":{"rendered":"<p><img loading=\"lazy\" decoding=\"async\" class=\"alignnone  wp-image-353\" src=\"https:\/\/blogit.utu.fi\/oikeudellinentietotaito\/wp-content\/uploads\/sites\/134\/2018\/02\/DSCF8918-218x300.jpg\" alt=\"\" width=\"191\" height=\"263\" srcset=\"https:\/\/blogit.utu.fi\/oikeudellinentietotaito\/wp-content\/uploads\/sites\/134\/2018\/02\/DSCF8918-218x300.jpg 218w, https:\/\/blogit.utu.fi\/oikeudellinentietotaito\/wp-content\/uploads\/sites\/134\/2018\/02\/DSCF8918-768x1054.jpg 768w, https:\/\/blogit.utu.fi\/oikeudellinentietotaito\/wp-content\/uploads\/sites\/134\/2018\/02\/DSCF8918-746x1024.jpg 746w, https:\/\/blogit.utu.fi\/oikeudellinentietotaito\/wp-content\/uploads\/sites\/134\/2018\/02\/DSCF8918-676x928.jpg 676w, https:\/\/blogit.utu.fi\/oikeudellinentietotaito\/wp-content\/uploads\/sites\/134\/2018\/02\/DSCF8918.jpg 1689w\" sizes=\"auto, (max-width: 191px) 100vw, 191px\" \/><\/p>\n<p>Marianne Vasara-Aaltonen v\u00e4itteli vuonna 2017 Helsingin yliopistosta aiheenaan ruotsalaisten lakimiesten opinnot ulkomailla 1600- ja 1700-luvuilla. H\u00e4nen kiinnostuksen kohteitaan ovat mm. oikeudellisen koulutuksen historia, professiohistoria, tuomioistuinten historia ja oikeudellisen reseption historia.<\/p>\n<p>T\u00e4ss\u00e4 projektissa Vasara-Aaltonen ty\u00f6skentelee tutkijatohtorina ja valmistelee artikkeleita, jotka kytkeytyv\u00e4t raastuvanoikeuksissa 1800-luvulla toimineiden maallikoiden osaamiseen Kuopion ja Vaasan kaupunkien esimerkkien valossa. Yksi artikkeleista tutkii maallikkoasioitsijoiden oikeudellista osaamista ja heid\u00e4n toimintaansa raastuvanoikeuksissa, toisten artikkeleiden keskittyess\u00e4 maallikkoraatimiehiin, jotka edustivat kaupungin porvaristoa, mutta joilla ei ollut muodollista oikeudellista koulutusta.<\/p>\n<p><a href=\"https:\/\/tuhat.helsinki.fi\/portal\/fi\/persons\/marianne-vasaraaalt(5f7de8a4-e312-48fb-bc55-4e9c0e9f4634).html\" target=\"_blank\" rel=\"noopener\">Julkaisut ja aktiviteetit TUHAT-tutkimustietoj\u00e4rjestelm\u00e4ss\u00e4<\/a><\/p>\n<p>&nbsp;<\/p>\n","protected":false},"excerpt":{"rendered":"<p>Marianne Vasara-Aaltonen v\u00e4itteli vuonna 2017 Helsingin yliopistosta aiheenaan ruotsalaisten lakimiesten opinnot ulkomailla 1600- ja 1700-luvuilla. H\u00e4nen kiinnostuksen kohteitaan ovat mm. oikeudellisen koulutuksen historia, professiohistoria, tuomioistuinten historia ja oikeudellisen reseption historia. T\u00e4ss\u00e4 projektissa Vasara-Aaltonen ty\u00f6skentelee tutkijatohtorina ja valmistelee artikkeleita, jotka kytkeytyv\u00e4t raastuvanoikeuksissa 1800-luvulla toimineiden maallikoiden osaamiseen Kuopion ja Vaasan kaupunkien esimerkkien valossa. Yksi artikkeleista tutkii maallikkoasioitsijoiden [&hellip;]<\/p>\n","protected":false},"author":5114,"featured_media":0,"parent":60,"menu_order":0,"comment_status":"closed","ping_status":"closed","template":"","meta":{"footnotes":""},"class_list":["post-211","page","type-page","status-publish","hentry","post-preview"],"_links":{"self":[{"href":"https:\/\/blogit.utu.fi\/oikeudellinentietotaito\/wp-json\/wp\/v2\/pages\/211","targetHints":{"allow":["GET"]}}],"collection":[{"href":"https:\/\/blogit.utu.fi\/oikeudellinentietotaito\/wp-json\/wp\/v2\/pages"}],"about":[{"href":"https:\/\/blogit.utu.fi\/oikeudellinentietotaito\/wp-json\/wp\/v2\/types\/page"}],"author":[{"embeddable":true,"href":"https:\/\/blogit.utu.fi\/oikeudellinentietotaito\/wp-json\/wp\/v2\/users\/5114"}],"replies":[{"embeddable":true,"href":"https:\/\/blogit.utu.fi\/oikeudellinentietotaito\/wp-json\/wp\/v2\/comments?post=211"}],"version-history":[{"count":3,"href":"https:\/\/blogit.utu.fi\/oikeudellinentietotaito\/wp-json\/wp\/v2\/pages\/211\/revisions"}],"predecessor-version":[{"id":354,"href":"https:\/\/blogit.utu.fi\/oikeudellinentietotaito\/wp-json\/wp\/v2\/pages\/211\/revisions\/354"}],"up":[{"embeddable":true,"href":"https:\/\/blogit.utu.fi\/oikeudellinentietotaito\/wp-json\/wp\/v2\/pages\/60"}],"wp:attachment":[{"href":"https:\/\/blogit.utu.fi\/oikeudellinentietotaito\/wp-json\/wp\/v2\/media?parent=211"}],"curies":[{"name":"wp","href":"https:\/\/api.w.org\/{rel}","templated":true}]}}