{"id":222,"date":"2018-01-29T09:39:41","date_gmt":"2018-01-29T09:39:41","guid":{"rendered":"https:\/\/blogit.utu.fi\/oikeudellinentietotaito\/?page_id=222"},"modified":"2018-02-16T08:04:31","modified_gmt":"2018-02-16T08:04:31","slug":"vainio-korhonen","status":"publish","type":"page","link":"https:\/\/blogit.utu.fi\/oikeudellinentietotaito\/tutkijat\/vainio-korhonen\/","title":{"rendered":"Kirsi Vainio-Korhonen"},"content":{"rendered":"<p><img loading=\"lazy\" decoding=\"async\" class=\"alignnone  wp-image-444\" src=\"https:\/\/blogit.utu.fi\/oikeudellinentietotaito\/wp-content\/uploads\/sites\/134\/2018\/02\/Kirsi-Vainio-Korhonen-58-225x300.jpg\" alt=\"\" width=\"206\" height=\"275\" srcset=\"https:\/\/blogit.utu.fi\/oikeudellinentietotaito\/wp-content\/uploads\/sites\/134\/2018\/02\/Kirsi-Vainio-Korhonen-58-225x300.jpg 225w, https:\/\/blogit.utu.fi\/oikeudellinentietotaito\/wp-content\/uploads\/sites\/134\/2018\/02\/Kirsi-Vainio-Korhonen-58-768x1024.jpg 768w, https:\/\/blogit.utu.fi\/oikeudellinentietotaito\/wp-content\/uploads\/sites\/134\/2018\/02\/Kirsi-Vainio-Korhonen-58-676x901.jpg 676w\" sizes=\"auto, (max-width: 206px) 100vw, 206px\" \/><\/p>\n<p>Kirsi Vainio-Korhonen on Suomen historian professori Turun yliopistossa. H\u00e4n on tutkinut sukupuoli- ja taloushistoriaa, naisten yritt\u00e4jyyden, ammattity\u00f6n ja k\u00e4sity\u00f6l\u00e4isyyden historiaa sek\u00e4 kotitalouksien ja palvelijoiden historiaa. Vainio-Korhonen on niin ik\u00e4\u00e4n digitaalisen humanismin asiantuntija ja Kansallisarkiston neuvottelukunnan varapuheenjohtaja. H\u00e4nen tuoreimmat artikkelinsa ovat \u201dWomen and Professional Ambitions in Northern Europe, c. 1650\u20131850\u201d (yhdess\u00e4 Johanna Ilmakunnaksen and Marjatta Rahikaisen kanssa) sek\u00e4 \u201dMidwives: Birthing Care Professionals in Eighteenth-Century Sweden and Finland\u201d in <em>Early Professional Women in Northern Europe, c. 1650\u20131850 <\/em>(Routledge 2017) ja ruotsiksi julkaistu monografia 1700-luvun k\u00e4til\u00f6ty\u00f6st\u00e4 <em>De frimodiga. Barnmorskor, f\u00f6dande och kroppslighet p\u00e5 1700-talet<\/em> (2016).<\/p>\n<p>T\u00e4ss\u00e4 hankkeessa Kirsi Vainio-Korhonen tutkii k\u00e4til\u00f6it\u00e4 viranomaistodistajina suomalaisisssa oikeusistuimissa 1700-luvulla. Koulutetut k\u00e4til\u00f6t olivat alansa asiantuntijoita ja heid\u00e4n osaamistaan k\u00e4ytettiin my\u00f6s muualla kuin synnytyshuoneissa, nimitt\u00e4in oikeussaleissa rikosjuttujen k\u00e4sittelyn yhteydess\u00e4. Laillistettujen k\u00e4til\u00f6iden piti olla luku- ja kirjoitustaitoisia, jotta he kykeniv\u00e4t lukemaan ammattikirjallisuutta. Viranhaltijoina heid\u00e4n tuli niin ik\u00e4\u00e4n kyet\u00e4 laatimaan ja allekirjoittamaan todistuksia sek\u00e4 oikeusistuimille ett\u00e4 muille viranomaisille. Vainio-Korhonen k\u00e4ytt\u00e4\u00e4 aineistonaan 1700-luvun oikeusp\u00f6yt\u00e4kirjoja, joista k\u00e4y ilmi, miten k\u00e4til\u00f6t suorittivat tutkimuksia ja millaisia suullisia ja kirjallisia todistuksia he antoivat tuomioistuimille. N\u00e4in asiakirjat kertovat sek\u00e4 heid\u00e4n ammattitaidostaan ett\u00e4 asiantuntemuksestaan.<\/p>\n","protected":false},"excerpt":{"rendered":"<p>Kirsi Vainio-Korhonen on Suomen historian professori Turun yliopistossa. H\u00e4n on tutkinut sukupuoli- ja taloushistoriaa, naisten yritt\u00e4jyyden, ammattity\u00f6n ja k\u00e4sity\u00f6l\u00e4isyyden historiaa sek\u00e4 kotitalouksien ja palvelijoiden historiaa. Vainio-Korhonen on niin ik\u00e4\u00e4n digitaalisen humanismin asiantuntija ja Kansallisarkiston neuvottelukunnan varapuheenjohtaja. H\u00e4nen tuoreimmat artikkelinsa ovat \u201dWomen and Professional Ambitions in Northern Europe, c. 1650\u20131850\u201d (yhdess\u00e4 Johanna Ilmakunnaksen and Marjatta Rahikaisen [&hellip;]<\/p>\n","protected":false},"author":5114,"featured_media":0,"parent":60,"menu_order":0,"comment_status":"closed","ping_status":"closed","template":"","meta":{"footnotes":""},"class_list":["post-222","page","type-page","status-publish","hentry","post-preview"],"_links":{"self":[{"href":"https:\/\/blogit.utu.fi\/oikeudellinentietotaito\/wp-json\/wp\/v2\/pages\/222","targetHints":{"allow":["GET"]}}],"collection":[{"href":"https:\/\/blogit.utu.fi\/oikeudellinentietotaito\/wp-json\/wp\/v2\/pages"}],"about":[{"href":"https:\/\/blogit.utu.fi\/oikeudellinentietotaito\/wp-json\/wp\/v2\/types\/page"}],"author":[{"embeddable":true,"href":"https:\/\/blogit.utu.fi\/oikeudellinentietotaito\/wp-json\/wp\/v2\/users\/5114"}],"replies":[{"embeddable":true,"href":"https:\/\/blogit.utu.fi\/oikeudellinentietotaito\/wp-json\/wp\/v2\/comments?post=222"}],"version-history":[{"count":3,"href":"https:\/\/blogit.utu.fi\/oikeudellinentietotaito\/wp-json\/wp\/v2\/pages\/222\/revisions"}],"predecessor-version":[{"id":477,"href":"https:\/\/blogit.utu.fi\/oikeudellinentietotaito\/wp-json\/wp\/v2\/pages\/222\/revisions\/477"}],"up":[{"embeddable":true,"href":"https:\/\/blogit.utu.fi\/oikeudellinentietotaito\/wp-json\/wp\/v2\/pages\/60"}],"wp:attachment":[{"href":"https:\/\/blogit.utu.fi\/oikeudellinentietotaito\/wp-json\/wp\/v2\/media?parent=222"}],"curies":[{"name":"wp","href":"https:\/\/api.w.org\/{rel}","templated":true}]}}