{"id":229,"date":"2018-01-29T09:43:20","date_gmt":"2018-01-29T09:43:20","guid":{"rendered":"https:\/\/blogit.utu.fi\/oikeudellinentietotaito\/?page_id=229"},"modified":"2018-02-15T07:16:16","modified_gmt":"2018-02-15T07:16:16","slug":"kuismin","status":"publish","type":"page","link":"https:\/\/blogit.utu.fi\/oikeudellinentietotaito\/tutkijat\/kuismin\/","title":{"rendered":"Anna Kuismin"},"content":{"rendered":"<p><img loading=\"lazy\" decoding=\"async\" class=\"alignnone  wp-image-416\" src=\"https:\/\/blogit.utu.fi\/oikeudellinentietotaito\/wp-content\/uploads\/sites\/134\/2018\/02\/Anna_Kuismin-225x300.jpg\" alt=\"\" width=\"202\" height=\"269\" srcset=\"https:\/\/blogit.utu.fi\/oikeudellinentietotaito\/wp-content\/uploads\/sites\/134\/2018\/02\/Anna_Kuismin-225x300.jpg 225w, https:\/\/blogit.utu.fi\/oikeudellinentietotaito\/wp-content\/uploads\/sites\/134\/2018\/02\/Anna_Kuismin-768x1024.jpg 768w, https:\/\/blogit.utu.fi\/oikeudellinentietotaito\/wp-content\/uploads\/sites\/134\/2018\/02\/Anna_Kuismin-676x901.jpg 676w, https:\/\/blogit.utu.fi\/oikeudellinentietotaito\/wp-content\/uploads\/sites\/134\/2018\/02\/Anna_Kuismin.jpg 1810w\" sizes=\"auto, (max-width: 202px) 100vw, 202px\" \/><\/p>\n<p>Yleisen kirjallisuustieteen ja kotimaisen kirjallisuuden dosentti Anna Kuismin on entinen Suomalaisen Kirjallisuuden Seuran kirjallisuusarkiston johtaja, ja h\u00e4n ty\u00f6skenteli lis\u00e4ksi Helsingin yliopiston tutkijakollegiumissa (Kone Foundation Senior Fellow\u2019na) vuosina 2010-2013.<\/p>\n<p>Vuonna 2001 Kuismin perusti monitieteisen tutkimusverkoston, joka fokusoi luku- ja kirjoitustaidon oppimisprosesseihin ja -k\u00e4yt\u00e4nt\u00f6ihin 1800-luvun Suomessa. Kuismin on mm. toiminut pohjoismaisen tutkimushankkeen \u201cReading and writing from below: Toward a new social history of literacy in the Nordic sphere during the long 19th century\u201d koordinaattorina (2011\u20132014). H\u00e4n my\u00f6s johti Suomen Akatemian rahoittamaa tutkimushanketta \u201cExploring Social Boundaries from Below: Class, Ideology and Writing Practices in Nineteenth Century Finland\u201d vuosina 2011\u20132015\u201d.<\/p>\n<p><a href=\"https:\/\/tuhat.helsinki.fi\/portal\/fi\/persons\/anna-kuismin(7f879a27-464d-4b19-a7ed-a5df7e07f2d9).html\" target=\"_blank\" rel=\"noopener\">Julkaisut TUHAT-tutkimustietoj\u00e4rjestelm\u00e4ss\u00e4<\/a><\/p>\n<p>Kuismin kirjoittaa projektissa artikkelit:<\/p>\n<p>1) \u201cIdeal Types and Odd Men Out: Legal Literacy and Social Mobility in 19th-Century Finland\u201d. Kirjaan <em>Learning Law by Doing<\/em> (ed. by Mia Korpiola, Palgrave 2019) tuleva artikkeli analysoi omael\u00e4m\u00e4kerrallisia ja el\u00e4m\u00e4kerrallisia l\u00e4hteit\u00e4 esitt\u00e4\u00e4kseen oikeudellista tietotaitoa (ja samalla inhimillist\u00e4 p\u00e4\u00e4omaa) hankkineiden henkil\u00f6iden ideaalityyppej\u00e4. Artikkeli k\u00e4sittelee my\u00f6s henkil\u00f6it\u00e4, jotka eiv\u00e4t sopineet n\u00e4ihin malleihin. Artikkeli keskittyy tutkimaan maaseudulla asuvia tavallisia ihmisi\u00e4, jotka olivat saaneet eritt\u00e4in v\u00e4h\u00e4n tai ei lainkaan muodollista kouluopetusta.<\/p>\n<p>2) \u201cThe Image of Lay Scribes and Advocates in Finnish Newspapers and Fiction in the Long Nineteenth Century\u201d. Artikkeli k\u00e4sittelee sanomalehtiartikkeleista, tarinoista ja romaaneista ilmenev\u00e4\u00e4 kuvaa viinaanmenev\u00e4st\u00e4 ja petollisesta kirjurista. Suomalainen k\u00e4site \u201c<em>nurkkasihteeri<\/em>\u201d tulee saksan sanasta <em>Winkeladvokat<\/em>, joka korostaa hahmon ep\u00e4m\u00e4\u00e4r\u00e4isyytt\u00e4, kun taas ruotsin \u201c<em>br\u00e4nnvinsadvokat<\/em>\u201d kuvaa maallikkoasianajajan juomiseen pohjaavaa motivaatiota.<\/p>\n","protected":false},"excerpt":{"rendered":"<p>Yleisen kirjallisuustieteen ja kotimaisen kirjallisuuden dosentti Anna Kuismin on entinen Suomalaisen Kirjallisuuden Seuran kirjallisuusarkiston johtaja, ja h\u00e4n ty\u00f6skenteli lis\u00e4ksi Helsingin yliopiston tutkijakollegiumissa (Kone Foundation Senior Fellow\u2019na) vuosina 2010-2013. Vuonna 2001 Kuismin perusti monitieteisen tutkimusverkoston, joka fokusoi luku- ja kirjoitustaidon oppimisprosesseihin ja -k\u00e4yt\u00e4nt\u00f6ihin 1800-luvun Suomessa. Kuismin on mm. toiminut pohjoismaisen tutkimushankkeen \u201cReading and writing from below: [&hellip;]<\/p>\n","protected":false},"author":5114,"featured_media":0,"parent":60,"menu_order":0,"comment_status":"closed","ping_status":"closed","template":"","meta":{"footnotes":""},"class_list":["post-229","page","type-page","status-publish","hentry","post-preview"],"_links":{"self":[{"href":"https:\/\/blogit.utu.fi\/oikeudellinentietotaito\/wp-json\/wp\/v2\/pages\/229","targetHints":{"allow":["GET"]}}],"collection":[{"href":"https:\/\/blogit.utu.fi\/oikeudellinentietotaito\/wp-json\/wp\/v2\/pages"}],"about":[{"href":"https:\/\/blogit.utu.fi\/oikeudellinentietotaito\/wp-json\/wp\/v2\/types\/page"}],"author":[{"embeddable":true,"href":"https:\/\/blogit.utu.fi\/oikeudellinentietotaito\/wp-json\/wp\/v2\/users\/5114"}],"replies":[{"embeddable":true,"href":"https:\/\/blogit.utu.fi\/oikeudellinentietotaito\/wp-json\/wp\/v2\/comments?post=229"}],"version-history":[{"count":3,"href":"https:\/\/blogit.utu.fi\/oikeudellinentietotaito\/wp-json\/wp\/v2\/pages\/229\/revisions"}],"predecessor-version":[{"id":421,"href":"https:\/\/blogit.utu.fi\/oikeudellinentietotaito\/wp-json\/wp\/v2\/pages\/229\/revisions\/421"}],"up":[{"embeddable":true,"href":"https:\/\/blogit.utu.fi\/oikeudellinentietotaito\/wp-json\/wp\/v2\/pages\/60"}],"wp:attachment":[{"href":"https:\/\/blogit.utu.fi\/oikeudellinentietotaito\/wp-json\/wp\/v2\/media?parent=229"}],"curies":[{"name":"wp","href":"https:\/\/api.w.org\/{rel}","templated":true}]}}