{"id":237,"date":"2018-01-29T09:46:07","date_gmt":"2018-01-29T09:46:07","guid":{"rendered":"https:\/\/blogit.utu.fi\/oikeudellinentietotaito\/?page_id=237"},"modified":"2018-11-29T17:44:35","modified_gmt":"2018-11-29T17:44:35","slug":"jussila","status":"publish","type":"page","link":"https:\/\/blogit.utu.fi\/oikeudellinentietotaito\/tutkijat\/jussila\/","title":{"rendered":"Tuomas Jussila"},"content":{"rendered":"<p><img loading=\"lazy\" decoding=\"async\" class=\"alignnone wp-image-427\" src=\"https:\/\/blogit.utu.fi\/oikeudellinentietotaito\/wp-content\/uploads\/sites\/134\/2018\/02\/IMG_0637-225x300.jpg\" alt=\"\" width=\"203\" height=\"271\" srcset=\"https:\/\/blogit.utu.fi\/oikeudellinentietotaito\/wp-content\/uploads\/sites\/134\/2018\/02\/IMG_0637-225x300.jpg 225w, https:\/\/blogit.utu.fi\/oikeudellinentietotaito\/wp-content\/uploads\/sites\/134\/2018\/02\/IMG_0637-768x1024.jpg 768w, https:\/\/blogit.utu.fi\/oikeudellinentietotaito\/wp-content\/uploads\/sites\/134\/2018\/02\/IMG_0637-676x901.jpg 676w, https:\/\/blogit.utu.fi\/oikeudellinentietotaito\/wp-content\/uploads\/sites\/134\/2018\/02\/IMG_0637.jpg 1200w\" sizes=\"auto, (max-width: 203px) 100vw, 203px\" \/><\/p>\n<p>Tuomas Jussila toimii projektissa v\u00e4it\u00f6skirjatutkijana. H\u00e4n tutkii projektissa kahden paikkakunnan \u2013 Ilmajoen ja Urjalan \u2013 oikeudellista tietotaitoa ja oikeudellisten osaajien verkostoja. H\u00e4n on tutkinut aikaisemmin mm. 1860-luvun n\u00e4lk\u00e4vuosia.<\/p>\n<p>&nbsp;<\/p>\n<p>T\u00e4rkeimm\u00e4t julkaisut:<\/p>\n<p>Artikkeleita<\/p>\n<p>Jussila, Tuomas &amp; Rantanen, Lari. 2018. N\u00e4l\u00e4ll\u00e4 on aina historiansa. Teoksessa N\u00e4lk\u00e4vuodet 1867-1868. Helsinki: SKS, s. 7-32.<\/p>\n<p>Jussila, Tuomas. 2018. \u201dSaarij\u00e4rwen Paawosta ei n\u00e4y wiwahdustakaan\u201d \u2013 N\u00e4lk\u00e4vuodet ja kirjallisuus. Teoksessa N\u00e4lk\u00e4vuodet 1867-1868. Helsinki: SKS, s. 239-272.<\/p>\n<p>Toimitetut monografiat<\/p>\n<p>Jussila, Tuomas &amp; Rantanen, Lari (toim.). 2018. N\u00e4lk\u00e4vuodet 1867-1868. Helsinki: SKS.<\/p>\n","protected":false},"excerpt":{"rendered":"<p>Tuomas Jussila toimii projektissa v\u00e4it\u00f6skirjatutkijana. H\u00e4n tutkii projektissa kahden paikkakunnan \u2013 Ilmajoen ja Urjalan \u2013 oikeudellista tietotaitoa ja oikeudellisten osaajien verkostoja. H\u00e4n on tutkinut aikaisemmin mm. 1860-luvun n\u00e4lk\u00e4vuosia. &nbsp; T\u00e4rkeimm\u00e4t julkaisut: Artikkeleita Jussila, Tuomas &amp; Rantanen, Lari. 2018. N\u00e4l\u00e4ll\u00e4 on aina historiansa. Teoksessa N\u00e4lk\u00e4vuodet 1867-1868. Helsinki: SKS, s. 7-32. Jussila, Tuomas. 2018. \u201dSaarij\u00e4rwen Paawosta ei [&hellip;]<\/p>\n","protected":false},"author":5114,"featured_media":0,"parent":60,"menu_order":0,"comment_status":"closed","ping_status":"closed","template":"","meta":{"footnotes":""},"class_list":["post-237","page","type-page","status-publish","hentry","post-preview"],"_links":{"self":[{"href":"https:\/\/blogit.utu.fi\/oikeudellinentietotaito\/wp-json\/wp\/v2\/pages\/237","targetHints":{"allow":["GET"]}}],"collection":[{"href":"https:\/\/blogit.utu.fi\/oikeudellinentietotaito\/wp-json\/wp\/v2\/pages"}],"about":[{"href":"https:\/\/blogit.utu.fi\/oikeudellinentietotaito\/wp-json\/wp\/v2\/types\/page"}],"author":[{"embeddable":true,"href":"https:\/\/blogit.utu.fi\/oikeudellinentietotaito\/wp-json\/wp\/v2\/users\/5114"}],"replies":[{"embeddable":true,"href":"https:\/\/blogit.utu.fi\/oikeudellinentietotaito\/wp-json\/wp\/v2\/comments?post=237"}],"version-history":[{"count":3,"href":"https:\/\/blogit.utu.fi\/oikeudellinentietotaito\/wp-json\/wp\/v2\/pages\/237\/revisions"}],"predecessor-version":[{"id":746,"href":"https:\/\/blogit.utu.fi\/oikeudellinentietotaito\/wp-json\/wp\/v2\/pages\/237\/revisions\/746"}],"up":[{"embeddable":true,"href":"https:\/\/blogit.utu.fi\/oikeudellinentietotaito\/wp-json\/wp\/v2\/pages\/60"}],"wp:attachment":[{"href":"https:\/\/blogit.utu.fi\/oikeudellinentietotaito\/wp-json\/wp\/v2\/media?parent=237"}],"curies":[{"name":"wp","href":"https:\/\/api.w.org\/{rel}","templated":true}]}}