{"id":327,"date":"2018-02-14T19:36:55","date_gmt":"2018-02-14T19:36:55","guid":{"rendered":"https:\/\/blogit.utu.fi\/oikeudellinentietotaito\/?page_id=327"},"modified":"2019-05-06T12:26:59","modified_gmt":"2019-05-06T12:26:59","slug":"tulevat-tapahtumat","status":"publish","type":"page","link":"https:\/\/blogit.utu.fi\/oikeudellinentietotaito\/tulevat-tapahtumat\/","title":{"rendered":"Tulevat tapahtumat"},"content":{"rendered":"<p>Ei tulevia tapahtumia t\u00e4ll\u00e4 hetkell\u00e4.<\/p>\n","protected":false},"excerpt":{"rendered":"<p>Ei tulevia tapahtumia t\u00e4ll\u00e4 hetkell\u00e4.<\/p>\n","protected":false},"author":5114,"featured_media":0,"parent":0,"menu_order":0,"comment_status":"closed","ping_status":"closed","template":"","meta":{"footnotes":""},"class_list":["post-327","page","type-page","status-publish","hentry","post-preview"],"_links":{"self":[{"href":"https:\/\/blogit.utu.fi\/oikeudellinentietotaito\/wp-json\/wp\/v2\/pages\/327","targetHints":{"allow":["GET"]}}],"collection":[{"href":"https:\/\/blogit.utu.fi\/oikeudellinentietotaito\/wp-json\/wp\/v2\/pages"}],"about":[{"href":"https:\/\/blogit.utu.fi\/oikeudellinentietotaito\/wp-json\/wp\/v2\/types\/page"}],"author":[{"embeddable":true,"href":"https:\/\/blogit.utu.fi\/oikeudellinentietotaito\/wp-json\/wp\/v2\/users\/5114"}],"replies":[{"embeddable":true,"href":"https:\/\/blogit.utu.fi\/oikeudellinentietotaito\/wp-json\/wp\/v2\/comments?post=327"}],"version-history":[{"count":13,"href":"https:\/\/blogit.utu.fi\/oikeudellinentietotaito\/wp-json\/wp\/v2\/pages\/327\/revisions"}],"predecessor-version":[{"id":1130,"href":"https:\/\/blogit.utu.fi\/oikeudellinentietotaito\/wp-json\/wp\/v2\/pages\/327\/revisions\/1130"}],"wp:attachment":[{"href":"https:\/\/blogit.utu.fi\/oikeudellinentietotaito\/wp-json\/wp\/v2\/media?parent=327"}],"curies":[{"name":"wp","href":"https:\/\/api.w.org\/{rel}","templated":true}]}}