{"id":361,"date":"2018-02-15T05:13:07","date_gmt":"2018-02-15T05:13:07","guid":{"rendered":"https:\/\/blogit.utu.fi\/oikeudellinentietotaito\/?page_id=361"},"modified":"2018-02-15T07:59:29","modified_gmt":"2018-02-15T07:59:29","slug":"korpiola-en","status":"publish","type":"page","link":"https:\/\/blogit.utu.fi\/oikeudellinentietotaito\/korpiola-en\/","title":{"rendered":"Mia Korpiola"},"content":{"rendered":"<p><img loading=\"lazy\" decoding=\"async\" class=\"alignnone wp-image-429\" src=\"https:\/\/blogit.utu.fi\/oikeudellinentietotaito\/wp-content\/uploads\/sites\/134\/2018\/02\/Korpiola-Mia-19-225x300.jpg\" alt=\"\" width=\"201\" height=\"268\" srcset=\"https:\/\/blogit.utu.fi\/oikeudellinentietotaito\/wp-content\/uploads\/sites\/134\/2018\/02\/Korpiola-Mia-19-225x300.jpg 225w, https:\/\/blogit.utu.fi\/oikeudellinentietotaito\/wp-content\/uploads\/sites\/134\/2018\/02\/Korpiola-Mia-19-768x1024.jpg 768w, https:\/\/blogit.utu.fi\/oikeudellinentietotaito\/wp-content\/uploads\/sites\/134\/2018\/02\/Korpiola-Mia-19-676x901.jpg 676w, https:\/\/blogit.utu.fi\/oikeudellinentietotaito\/wp-content\/uploads\/sites\/134\/2018\/02\/Korpiola-Mia-19.jpg 1159w\" sizes=\"auto, (max-width: 201px) 100vw, 201px\" \/><\/p>\n<p>Mia Korpiola is Professor of Legal History at the University of Turku. She also leads the Kone Foundation funded project <a href=\"https:\/\/www.utu.fi\/fi\/yksikot\/law\/tiedekunta\/henkilosto\/Sivut\/Speeding-towards-the-Future.aspx\" target=\"_blank\" rel=\"noopener\">\u201cSpeeding towards the Future: New Vehicles, Modernization and the Law in Finland, 1830-1950\u201d<\/a>. Her research deals with Finnish and Swedish legal history from the thirteenth to the twenty-first century from a comparative perspective. She has published on various topics ranging from the legal profession to family law, and from appellate courts to legal iconography.<\/p>\n<p>Her most important publications related to the topic of this research project are: <a href=\"http:\/\/www.cliothemis.com\/On-the-Reception-of-the-Jus\" target=\"_blank\" rel=\"noopener\">\u201cOn the Reception of the Ius Commune and Foreign Law in Sweden, ca. 1550-1615\u201d<\/a>,\u00a0<em>Clio@Th\u00e9mis <\/em>2: Histoires des cultures juridiques. Circulations, connexions et espaces transnationaux du droit. (first published 2009). She has also published \u201cAttempting to Advocate: Women Entering the Legal Profession in Finland, 1885-1915,\u201d <em>New Perspectives on European Women&#8217;s Legal History<\/em>, eds. Sara L. Kimble and Marion R\u00f6wekamp, pp. 292-318. (Studies in Gender and History, Routledge, New York, 2017) and \u201cAgnes Lundell: Suomen ensimm\u00e4inen oikeustutkinnon suorittanut nainen uusien l\u00e4hteiden valossa\u201d [Agnes Lundell: The First Finnish Woman with a Law Degree in the Light of New Sources], <a href=\"https:\/\/helda.helsinki.fi\/handle\/10138\/189718\" target=\"_blank\" rel=\"noopener\"><em>Rohkea kyn\u00e4: <\/em><em>Syntym\u00e4p\u00e4iv\u00e4kirja Maria L\u00e4hteenm\u00e4elle 9.6.2017<\/em><\/a>, eds. Oona Ilmolahti and Sinikka Selin, pp. 37-55. (Ty\u00f6v\u00e4en historian ja perinteen tutkimuksen seura, Helsinki, 2017).<\/p>\n<p>For her other publications, see: <a href=\"https:\/\/www.utu.fi\/en\/units\/law\/faculty\/people\/Pages\/korpiola_mia.aspx\">https:\/\/www.utu.fi\/en\/units\/law\/faculty\/people\/Pages\/korpiola_mia.aspx<\/a><\/p>\n<p>In this project, Mia Korpiola is going to write some articles on the topic of the project and a monograph <em>Legal Literacy in Finland ca. 1800-1920<\/em>. This monograph analyses legal literacy from the last years of Swedish rule until the Finnish independence building on all the findings of the project. This period allows observations of possible changes in legal literacy relating to the growth of the civic society due to nationalism and national identity-building, increasing role of Finnish as a legal language and stratification of the Finnish countryside, urbanization and professionalization. At the same time, legal literacy as human capital and intangible knowledge asset provided a way for social mobility in the community. The book will analyze the whole spectrum of legal literacy.<\/p>\n","protected":false},"excerpt":{"rendered":"<p>Mia Korpiola is Professor of Legal History at the University of Turku. She also leads the Kone Foundation funded project \u201cSpeeding towards the Future: New Vehicles, Modernization and the Law in Finland, 1830-1950\u201d. Her research deals with Finnish and Swedish legal history from the thirteenth to the twenty-first century from a comparative perspective. She has [&hellip;]<\/p>\n","protected":false},"author":5114,"featured_media":0,"parent":0,"menu_order":0,"comment_status":"closed","ping_status":"closed","template":"","meta":{"footnotes":""},"class_list":["post-361","page","type-page","status-publish","hentry","post-preview"],"_links":{"self":[{"href":"https:\/\/blogit.utu.fi\/oikeudellinentietotaito\/wp-json\/wp\/v2\/pages\/361","targetHints":{"allow":["GET"]}}],"collection":[{"href":"https:\/\/blogit.utu.fi\/oikeudellinentietotaito\/wp-json\/wp\/v2\/pages"}],"about":[{"href":"https:\/\/blogit.utu.fi\/oikeudellinentietotaito\/wp-json\/wp\/v2\/types\/page"}],"author":[{"embeddable":true,"href":"https:\/\/blogit.utu.fi\/oikeudellinentietotaito\/wp-json\/wp\/v2\/users\/5114"}],"replies":[{"embeddable":true,"href":"https:\/\/blogit.utu.fi\/oikeudellinentietotaito\/wp-json\/wp\/v2\/comments?post=361"}],"version-history":[{"count":5,"href":"https:\/\/blogit.utu.fi\/oikeudellinentietotaito\/wp-json\/wp\/v2\/pages\/361\/revisions"}],"predecessor-version":[{"id":463,"href":"https:\/\/blogit.utu.fi\/oikeudellinentietotaito\/wp-json\/wp\/v2\/pages\/361\/revisions\/463"}],"wp:attachment":[{"href":"https:\/\/blogit.utu.fi\/oikeudellinentietotaito\/wp-json\/wp\/v2\/media?parent=361"}],"curies":[{"name":"wp","href":"https:\/\/api.w.org\/{rel}","templated":true}]}}