{"id":402,"date":"2018-02-15T05:29:26","date_gmt":"2018-02-15T05:29:26","guid":{"rendered":"https:\/\/blogit.utu.fi\/oikeudellinentietotaito\/?page_id=402"},"modified":"2018-11-29T17:43:52","modified_gmt":"2018-11-29T17:43:52","slug":"jussila-en","status":"publish","type":"page","link":"https:\/\/blogit.utu.fi\/oikeudellinentietotaito\/jussila-en\/","title":{"rendered":"Tuomas Jussila"},"content":{"rendered":"<p><img loading=\"lazy\" decoding=\"async\" class=\"alignnone wp-image-427\" src=\"https:\/\/blogit.utu.fi\/oikeudellinentietotaito\/wp-content\/uploads\/sites\/134\/2018\/02\/IMG_0637-225x300.jpg\" alt=\"\" width=\"203\" height=\"271\" srcset=\"https:\/\/blogit.utu.fi\/oikeudellinentietotaito\/wp-content\/uploads\/sites\/134\/2018\/02\/IMG_0637-225x300.jpg 225w, https:\/\/blogit.utu.fi\/oikeudellinentietotaito\/wp-content\/uploads\/sites\/134\/2018\/02\/IMG_0637-768x1024.jpg 768w, https:\/\/blogit.utu.fi\/oikeudellinentietotaito\/wp-content\/uploads\/sites\/134\/2018\/02\/IMG_0637-676x901.jpg 676w, https:\/\/blogit.utu.fi\/oikeudellinentietotaito\/wp-content\/uploads\/sites\/134\/2018\/02\/IMG_0637.jpg 1200w\" sizes=\"auto, (max-width: 203px) 100vw, 203px\" \/><\/p>\n<p>Tuomas Jussila works in the project as a doctoral student. He researches the legal literacy and the networks of legal literates in two rural localities, Ilmajoki and Urjala. He has written earlier e.g. on the great famine of the 1860s.<\/p>\n<p>&nbsp;<\/p>\n<p>Most important publications:<\/p>\n<p>Articles:<\/p>\n<p>Jussila, Tuomas &amp; Rantanen, Lari. 2018. &#8221;N\u00e4l\u00e4ll\u00e4 on aina historiansa&#8221;. In N\u00e4lk\u00e4vuodet 1867-1868. Helsinki: SKS, p. 7-32.<\/p>\n<p>Jussila, Tuomas. 2018. \u201dSaarij\u00e4rwen Paawosta ei n\u00e4y wiwahdustakaan\u201d \u2013 N\u00e4lk\u00e4vuodet ja kirjallisuus. In N\u00e4lk\u00e4vuodet 1867-1868. Helsinki: SKS, p. 239-272.<\/p>\n<p>Edited books:<\/p>\n<p>Jussila, Tuomas &amp; Rantanen, Lari (eds.). 2018. N\u00e4lk\u00e4vuodet 1867-1868. Helsinki: SKS.<\/p>\n","protected":false},"excerpt":{"rendered":"<p>Tuomas Jussila works in the project as a doctoral student. He researches the legal literacy and the networks of legal literates in two rural localities, Ilmajoki and Urjala. He has written earlier e.g. on the great famine of the 1860s. &nbsp; Most important publications: Articles: Jussila, Tuomas &amp; Rantanen, Lari. 2018. &#8221;N\u00e4l\u00e4ll\u00e4 on aina historiansa&#8221;. [&hellip;]<\/p>\n","protected":false},"author":5114,"featured_media":0,"parent":0,"menu_order":0,"comment_status":"closed","ping_status":"closed","template":"","meta":{"footnotes":""},"class_list":["post-402","page","type-page","status-publish","hentry","post-preview"],"_links":{"self":[{"href":"https:\/\/blogit.utu.fi\/oikeudellinentietotaito\/wp-json\/wp\/v2\/pages\/402","targetHints":{"allow":["GET"]}}],"collection":[{"href":"https:\/\/blogit.utu.fi\/oikeudellinentietotaito\/wp-json\/wp\/v2\/pages"}],"about":[{"href":"https:\/\/blogit.utu.fi\/oikeudellinentietotaito\/wp-json\/wp\/v2\/types\/page"}],"author":[{"embeddable":true,"href":"https:\/\/blogit.utu.fi\/oikeudellinentietotaito\/wp-json\/wp\/v2\/users\/5114"}],"replies":[{"embeddable":true,"href":"https:\/\/blogit.utu.fi\/oikeudellinentietotaito\/wp-json\/wp\/v2\/comments?post=402"}],"version-history":[{"count":5,"href":"https:\/\/blogit.utu.fi\/oikeudellinentietotaito\/wp-json\/wp\/v2\/pages\/402\/revisions"}],"predecessor-version":[{"id":743,"href":"https:\/\/blogit.utu.fi\/oikeudellinentietotaito\/wp-json\/wp\/v2\/pages\/402\/revisions\/743"}],"wp:attachment":[{"href":"https:\/\/blogit.utu.fi\/oikeudellinentietotaito\/wp-json\/wp\/v2\/media?parent=402"}],"curies":[{"name":"wp","href":"https:\/\/api.w.org\/{rel}","templated":true}]}}