{"id":58,"date":"2017-12-30T19:44:07","date_gmt":"2017-12-30T19:44:07","guid":{"rendered":"https:\/\/blogit.utu.fi\/oikeudellinentietotaito\/?page_id=58"},"modified":"2018-02-16T12:47:30","modified_gmt":"2018-02-16T12:47:30","slug":"projekti","status":"publish","type":"page","link":"https:\/\/blogit.utu.fi\/oikeudellinentietotaito\/","title":{"rendered":"Projekti"},"content":{"rendered":"<h3><strong>Oikeudellinen tieto ja taito Suomessa n. 1750-1920:\u00a0Tapaustutkimus kansan oikeudellisesta osaamisesta esimodernissa Euroopassa<\/strong><\/h3>\n<div id=\"attachment_470\" style=\"width: 416px\" class=\"wp-caption alignright\"><img loading=\"lazy\" decoding=\"async\" aria-describedby=\"caption-attachment-470\" class=\"wp-image-470 \" src=\"https:\/\/blogit.utu.fi\/oikeudellinentietotaito\/wp-content\/uploads\/sites\/134\/2018\/02\/IMG_9408.jpg\" alt=\"\" width=\"406\" height=\"328\" srcset=\"https:\/\/blogit.utu.fi\/oikeudellinentietotaito\/wp-content\/uploads\/sites\/134\/2018\/02\/IMG_9408.jpg 3665w, https:\/\/blogit.utu.fi\/oikeudellinentietotaito\/wp-content\/uploads\/sites\/134\/2018\/02\/IMG_9408-300x243.jpg 300w, https:\/\/blogit.utu.fi\/oikeudellinentietotaito\/wp-content\/uploads\/sites\/134\/2018\/02\/IMG_9408-768x621.jpg 768w, https:\/\/blogit.utu.fi\/oikeudellinentietotaito\/wp-content\/uploads\/sites\/134\/2018\/02\/IMG_9408-1024x828.jpg 1024w, https:\/\/blogit.utu.fi\/oikeudellinentietotaito\/wp-content\/uploads\/sites\/134\/2018\/02\/IMG_9408-676x547.jpg 676w\" sizes=\"auto, (max-width: 406px) 100vw, 406px\" \/><p id=\"caption-attachment-470\" class=\"wp-caption-text\">Kiertokouluopettaja Jacob Ahlsmanin k\u00e4sikirjoitus (Kansalliskirjasto).<\/p><\/div>\n<p>T\u00e4m\u00e4 pioneerihanke tutkii oikeudellista tietotaitoa (<em>legal literacy<\/em>),\u00a0joka t\u00e4ss\u00e4 on m\u00e4\u00e4ritelty oikeudelliseksi ja prosessuaaliseksi tiedoksi ja taidoksi, kansan (miesten, naisten ja lasten) parissa Suomessa pitk\u00e4n 1800-luvun aikana.<\/p>\n<p>Projektin p\u00e4\u00e4tutkimuskysymykset ovat:<\/p>\n<p>1) Keit\u00e4 olivat Suomen maaseutu- ja kaupunkiyhteis\u00f6jen maallikot, joilla oli oikeudellista tietotaitoa?<\/p>\n<p>2) Millaista oikeudellista tietoa ja taitoa heill\u00e4 oli ja kuinka paljon?<\/p>\n<p>3) Miten he olivat saaneet oikeudellista tietotaitoa? Millaisia oikeudellisia kirjoja heill\u00e4 oli k\u00e4yt\u00f6ss\u00e4\u00e4n?<\/p>\n<p>4) Millaisen aseman n\u00e4m\u00e4 oikeudellista tietotaitoa omaavat henkil\u00f6t saivat yhteis\u00f6iss\u00e4\u00e4n? Miten oikeudellinen tietotaito vaikutti heid\u00e4n sosiaaliseen liikkuvuuteensa ja henkil\u00f6kohtaiseen talouteensa? Loiko se j\u00e4nnitteit\u00e4?<\/p>\n<p>5) Millaisia muutoksia ajanjakson aikana tapahtui ja miksi? Miten ne liittyv\u00e4t yhteiskunnallisiin muutoksiin?<\/p>\n<p>Projekti tutkii ja analysoi tavallisia ihmisi\u00e4, joilla oli eri tasoista k\u00e4yt\u00e4nn\u00f6llist\u00e4 oikeudellista tietoa ja osaamista. N\u00e4m\u00e4 henkil\u00f6t toimivat v\u00e4litt\u00e4jin\u00e4 ja tulkkeina virallistahoihin n\u00e4hden ihmisten arkiel\u00e4m\u00e4n oikeudellisissa kysymyksiss\u00e4 ja ongelmissa.<\/p>\n<p>Tutkimus keskittyy ennen kaikkea maaseutuun, mutta kaupunkeja ja tiettyj\u00e4 erityisryhmi\u00e4 kuten k\u00e4til\u00f6it\u00e4 tarkastellaan my\u00f6s hankkeessa. Tutkimuskausi on noin 1750-1920, Ruotsin vallan loppuajoista Suomen itsen\u00e4istymiseen.<\/p>\n<p>&nbsp;<\/p>\n<p><span style=\"text-decoration: underline\">Projektin johtaja<\/span><br \/>\nProf. Mia Korpiola<br \/>\nmia.korpiola[at]utu.fi<\/p>\n<p><span style=\"text-decoration: underline\">Projektin rahoittaa<\/span><br \/>\n<img loading=\"lazy\" decoding=\"async\" class=\"alignnone wp-image-436\" src=\"https:\/\/blogit.utu.fi\/oikeudellinentietotaito\/wp-content\/uploads\/sites\/134\/2018\/02\/akatemia-300x152.jpg\" alt=\"\" width=\"233\" height=\"118\" srcset=\"https:\/\/blogit.utu.fi\/oikeudellinentietotaito\/wp-content\/uploads\/sites\/134\/2018\/02\/akatemia-300x152.jpg 300w, https:\/\/blogit.utu.fi\/oikeudellinentietotaito\/wp-content\/uploads\/sites\/134\/2018\/02\/akatemia-768x389.jpg 768w, https:\/\/blogit.utu.fi\/oikeudellinentietotaito\/wp-content\/uploads\/sites\/134\/2018\/02\/akatemia-1024x519.jpg 1024w, https:\/\/blogit.utu.fi\/oikeudellinentietotaito\/wp-content\/uploads\/sites\/134\/2018\/02\/akatemia-676x342.jpg 676w, https:\/\/blogit.utu.fi\/oikeudellinentietotaito\/wp-content\/uploads\/sites\/134\/2018\/02\/akatemia.jpg 1384w\" sizes=\"auto, (max-width: 233px) 100vw, 233px\" \/><\/p>\n<p>&nbsp;<\/p>\n<p>&nbsp;<\/p>\n<div id=\"attachment_190\" style=\"width: 716px\" class=\"wp-caption alignnone\"><img loading=\"lazy\" decoding=\"async\" aria-describedby=\"caption-attachment-190\" class=\" wp-image-190\" src=\"https:\/\/blogit.utu.fi\/oikeudellinentietotaito\/wp-content\/uploads\/sites\/134\/2018\/01\/IMG_9407-300x242.jpg\" alt=\"\" width=\"706\" height=\"570\" srcset=\"https:\/\/blogit.utu.fi\/oikeudellinentietotaito\/wp-content\/uploads\/sites\/134\/2018\/01\/IMG_9407-300x242.jpg 300w, https:\/\/blogit.utu.fi\/oikeudellinentietotaito\/wp-content\/uploads\/sites\/134\/2018\/01\/IMG_9407-768x620.jpg 768w, https:\/\/blogit.utu.fi\/oikeudellinentietotaito\/wp-content\/uploads\/sites\/134\/2018\/01\/IMG_9407-1024x827.jpg 1024w, https:\/\/blogit.utu.fi\/oikeudellinentietotaito\/wp-content\/uploads\/sites\/134\/2018\/01\/IMG_9407-676x546.jpg 676w\" sizes=\"auto, (max-width: 706px) 100vw, 706px\" \/><p id=\"caption-attachment-190\" class=\"wp-caption-text\">Jacob Ahlsman, Arimetica Eli R\u00e4kningi Kirja. Kirjoitettu 1828. Kansalliskirjasto, k\u00e4sikirjoitusosasto. Aa45. Kuvannut Leo Kuismin.<\/p><\/div>\n<p>&nbsp;<\/p>\n","protected":false},"excerpt":{"rendered":"<p>Oikeudellinen tieto ja taito Suomessa n. 1750-1920:\u00a0Tapaustutkimus kansan oikeudellisesta osaamisesta esimodernissa Euroopassa T\u00e4m\u00e4 pioneerihanke tutkii oikeudellista tietotaitoa (legal literacy),\u00a0joka t\u00e4ss\u00e4 on m\u00e4\u00e4ritelty oikeudelliseksi ja prosessuaaliseksi tiedoksi ja taidoksi, kansan (miesten, naisten ja lasten) parissa Suomessa pitk\u00e4n 1800-luvun aikana. Projektin p\u00e4\u00e4tutkimuskysymykset ovat: 1) Keit\u00e4 olivat Suomen maaseutu- ja kaupunkiyhteis\u00f6jen maallikot, joilla oli oikeudellista tietotaitoa? 2) Millaista [&hellip;]<\/p>\n","protected":false},"author":5114,"featured_media":0,"parent":0,"menu_order":0,"comment_status":"closed","ping_status":"closed","template":"","meta":{"footnotes":""},"class_list":["post-58","page","type-page","status-publish","hentry","post-preview"],"_links":{"self":[{"href":"https:\/\/blogit.utu.fi\/oikeudellinentietotaito\/wp-json\/wp\/v2\/pages\/58","targetHints":{"allow":["GET"]}}],"collection":[{"href":"https:\/\/blogit.utu.fi\/oikeudellinentietotaito\/wp-json\/wp\/v2\/pages"}],"about":[{"href":"https:\/\/blogit.utu.fi\/oikeudellinentietotaito\/wp-json\/wp\/v2\/types\/page"}],"author":[{"embeddable":true,"href":"https:\/\/blogit.utu.fi\/oikeudellinentietotaito\/wp-json\/wp\/v2\/users\/5114"}],"replies":[{"embeddable":true,"href":"https:\/\/blogit.utu.fi\/oikeudellinentietotaito\/wp-json\/wp\/v2\/comments?post=58"}],"version-history":[{"count":15,"href":"https:\/\/blogit.utu.fi\/oikeudellinentietotaito\/wp-json\/wp\/v2\/pages\/58\/revisions"}],"predecessor-version":[{"id":487,"href":"https:\/\/blogit.utu.fi\/oikeudellinentietotaito\/wp-json\/wp\/v2\/pages\/58\/revisions\/487"}],"wp:attachment":[{"href":"https:\/\/blogit.utu.fi\/oikeudellinentietotaito\/wp-json\/wp\/v2\/media?parent=58"}],"curies":[{"name":"wp","href":"https:\/\/api.w.org\/{rel}","templated":true}]}}