{"id":908,"date":"2019-01-30T18:07:15","date_gmt":"2019-01-30T18:07:15","guid":{"rendered":"https:\/\/blogit.utu.fi\/oikeudellinentietotaito\/?page_id=908"},"modified":"2019-01-30T18:37:40","modified_gmt":"2019-01-30T18:37:40","slug":"1800-luvun-tutkimuksen-paivat-2019","status":"publish","type":"page","link":"https:\/\/blogit.utu.fi\/oikeudellinentietotaito\/menneet-tapahtumat\/1800-luvun-tutkimuksen-paivat-2019\/","title":{"rendered":"1800-luvun tutkimuksen p\u00e4iv\u00e4t 2019"},"content":{"rendered":"<p>Tieto liikkeess\u00e4: Tiedon ja taitojen kierto pitk\u00e4ll\u00e4 1800-luvulla \u2013 Knowledge on the Move: The Circulation of Knowledge and Skills during the Long 19th Century<\/p>\n<p>Oulun yliopisto 24.-24.1.2019<\/p>\n<p>Paneelikeskustelu: Suomalaisten oikeudellinen tietotaito pitk\u00e4ll\u00e4 1800-luvulla\u00a0 (HUM301)<\/p>\n<ul>\n<li><strong>Mia Korpiola<\/strong><\/li>\n<li><strong>Marianne Vasara-Aaltonen<\/strong><\/li>\n<li><strong>Tuomas Jussila<\/strong><\/li>\n<li><strong>Anna Kuismin<\/strong><\/li>\n<\/ul>\n<p><a href=\"https:\/\/www.finlit.fi\/sites\/default\/files\/mediafiles\/paneeli_abstrakti_0.pdf\" target=\"_blank\" rel=\"noopener\">Abstrakti<\/a><\/p>\n<p><img loading=\"lazy\" decoding=\"async\" class=\"size-medium wp-image-932 alignleft\" src=\"https:\/\/blogit.utu.fi\/oikeudellinentietotaito\/wp-content\/uploads\/sites\/134\/2019\/01\/20190125_140620-199x300.jpg\" alt=\"\" width=\"199\" height=\"300\" srcset=\"https:\/\/blogit.utu.fi\/oikeudellinentietotaito\/wp-content\/uploads\/sites\/134\/2019\/01\/20190125_140620-199x300.jpg 199w, https:\/\/blogit.utu.fi\/oikeudellinentietotaito\/wp-content\/uploads\/sites\/134\/2019\/01\/20190125_140620-768x1160.jpg 768w, https:\/\/blogit.utu.fi\/oikeudellinentietotaito\/wp-content\/uploads\/sites\/134\/2019\/01\/20190125_140620-678x1024.jpg 678w, https:\/\/blogit.utu.fi\/oikeudellinentietotaito\/wp-content\/uploads\/sites\/134\/2019\/01\/20190125_140620-676x1021.jpg 676w\" sizes=\"auto, (max-width: 199px) 100vw, 199px\" \/><\/p>\n","protected":false},"excerpt":{"rendered":"<p>Tieto liikkeess\u00e4: Tiedon ja taitojen kierto pitk\u00e4ll\u00e4 1800-luvulla \u2013 Knowledge on the Move: The Circulation of Knowledge and Skills during the Long 19th Century Oulun yliopisto 24.-24.1.2019 Paneelikeskustelu: Suomalaisten oikeudellinen tietotaito pitk\u00e4ll\u00e4 1800-luvulla\u00a0 (HUM301) Mia Korpiola Marianne Vasara-Aaltonen Tuomas Jussila Anna Kuismin Abstrakti<\/p>\n","protected":false},"author":5114,"featured_media":0,"parent":332,"menu_order":0,"comment_status":"closed","ping_status":"closed","template":"","meta":{"footnotes":""},"class_list":["post-908","page","type-page","status-publish","hentry","post-preview"],"_links":{"self":[{"href":"https:\/\/blogit.utu.fi\/oikeudellinentietotaito\/wp-json\/wp\/v2\/pages\/908","targetHints":{"allow":["GET"]}}],"collection":[{"href":"https:\/\/blogit.utu.fi\/oikeudellinentietotaito\/wp-json\/wp\/v2\/pages"}],"about":[{"href":"https:\/\/blogit.utu.fi\/oikeudellinentietotaito\/wp-json\/wp\/v2\/types\/page"}],"author":[{"embeddable":true,"href":"https:\/\/blogit.utu.fi\/oikeudellinentietotaito\/wp-json\/wp\/v2\/users\/5114"}],"replies":[{"embeddable":true,"href":"https:\/\/blogit.utu.fi\/oikeudellinentietotaito\/wp-json\/wp\/v2\/comments?post=908"}],"version-history":[{"count":2,"href":"https:\/\/blogit.utu.fi\/oikeudellinentietotaito\/wp-json\/wp\/v2\/pages\/908\/revisions"}],"predecessor-version":[{"id":941,"href":"https:\/\/blogit.utu.fi\/oikeudellinentietotaito\/wp-json\/wp\/v2\/pages\/908\/revisions\/941"}],"up":[{"embeddable":true,"href":"https:\/\/blogit.utu.fi\/oikeudellinentietotaito\/wp-json\/wp\/v2\/pages\/332"}],"wp:attachment":[{"href":"https:\/\/blogit.utu.fi\/oikeudellinentietotaito\/wp-json\/wp\/v2\/media?parent=908"}],"curies":[{"name":"wp","href":"https:\/\/api.w.org\/{rel}","templated":true}]}}