{"id":950,"date":"2019-01-30T19:12:44","date_gmt":"2019-01-30T19:12:44","guid":{"rendered":"https:\/\/blogit.utu.fi\/oikeudellinentietotaito\/?page_id=950"},"modified":"2019-01-30T19:12:44","modified_gmt":"2019-01-30T19:12:44","slug":"10th-annual-conference-for-the-finnish-network-for-19th-century-studies","status":"publish","type":"page","link":"https:\/\/blogit.utu.fi\/oikeudellinentietotaito\/in-english\/past-events\/10th-annual-conference-for-the-finnish-network-for-19th-century-studies\/","title":{"rendered":"10th Annual Conference for the Finnish Network for 19th-Century Studies"},"content":{"rendered":"<p>1800-luku ja tulevaisuus \u2013 19th-Century Studies and Visions of the Future<br \/>\nHelsinki, Suomalaisen Kirjallisuuden Seura 25.-27.1.2018<\/p>\n<p>&nbsp;<\/p>\n<p>Naiset, kirjoitaminen ja oikeudellinen tietotaito 1800-luvun Suomessa [Women, writing and legal literacy in 19th-century Finland]<br \/>\n(chair: Anna Kuismin) (SKS, juhlasali)<\/p>\n<p>Riina Turunen: Todellista h\u00e4t\u00e4\u00e4 vai retoriikkaa? Maksukyvyt\u00f6myyden kuvaukset porvarileskien<br \/>\nkonkurssihakemuksissa autonomian alkukaudella<\/p>\n<p>Kirsi Vainio-Korhonen: Tarkastusnaiset ja keisarin armo 1800-luvun alkupuolen Suomessa<\/p>\n<p>Mia Korpiola: Naiset oikeudellisina kirjureina 1800-luvun Suomessa &#8211; n\u00e4kym\u00e4t\u00f6m\u00e4st\u00e4 n\u00e4kyv\u00e4ksi ty\u00f6ksi<\/p>\n","protected":false},"excerpt":{"rendered":"<p>1800-luku ja tulevaisuus \u2013 19th-Century Studies and Visions of the Future Helsinki, Suomalaisen Kirjallisuuden Seura 25.-27.1.2018 &nbsp; Naiset, kirjoitaminen ja oikeudellinen tietotaito 1800-luvun Suomessa [Women, writing and legal literacy in 19th-century Finland] (chair: Anna Kuismin) (SKS, juhlasali) Riina Turunen: Todellista h\u00e4t\u00e4\u00e4 vai retoriikkaa? Maksukyvyt\u00f6myyden kuvaukset porvarileskien konkurssihakemuksissa autonomian alkukaudella Kirsi Vainio-Korhonen: Tarkastusnaiset ja keisarin armo [&hellip;]<\/p>\n","protected":false},"author":5114,"featured_media":0,"parent":860,"menu_order":0,"comment_status":"closed","ping_status":"closed","template":"","meta":{"footnotes":""},"class_list":["post-950","page","type-page","status-publish","hentry","post-preview"],"_links":{"self":[{"href":"https:\/\/blogit.utu.fi\/oikeudellinentietotaito\/wp-json\/wp\/v2\/pages\/950","targetHints":{"allow":["GET"]}}],"collection":[{"href":"https:\/\/blogit.utu.fi\/oikeudellinentietotaito\/wp-json\/wp\/v2\/pages"}],"about":[{"href":"https:\/\/blogit.utu.fi\/oikeudellinentietotaito\/wp-json\/wp\/v2\/types\/page"}],"author":[{"embeddable":true,"href":"https:\/\/blogit.utu.fi\/oikeudellinentietotaito\/wp-json\/wp\/v2\/users\/5114"}],"replies":[{"embeddable":true,"href":"https:\/\/blogit.utu.fi\/oikeudellinentietotaito\/wp-json\/wp\/v2\/comments?post=950"}],"version-history":[{"count":1,"href":"https:\/\/blogit.utu.fi\/oikeudellinentietotaito\/wp-json\/wp\/v2\/pages\/950\/revisions"}],"predecessor-version":[{"id":953,"href":"https:\/\/blogit.utu.fi\/oikeudellinentietotaito\/wp-json\/wp\/v2\/pages\/950\/revisions\/953"}],"up":[{"embeddable":true,"href":"https:\/\/blogit.utu.fi\/oikeudellinentietotaito\/wp-json\/wp\/v2\/pages\/860"}],"wp:attachment":[{"href":"https:\/\/blogit.utu.fi\/oikeudellinentietotaito\/wp-json\/wp\/v2\/media?parent=950"}],"curies":[{"name":"wp","href":"https:\/\/api.w.org\/{rel}","templated":true}]}}