{"id":971,"date":"2019-01-30T19:27:07","date_gmt":"2019-01-30T19:27:07","guid":{"rendered":"https:\/\/blogit.utu.fi\/oikeudellinentietotaito\/?page_id=971"},"modified":"2019-01-30T19:27:07","modified_gmt":"2019-01-30T19:27:07","slug":"4th-historical-network-research-2017-conference","status":"publish","type":"page","link":"https:\/\/blogit.utu.fi\/oikeudellinentietotaito\/in-english\/past-events\/4th-historical-network-research-2017-conference\/","title":{"rendered":"4th Historical Network Research 2017 conference"},"content":{"rendered":"<p>University of Turku 19.-21.10.2017<\/p>\n<p>Oikeudellinen tieto-taito (legal literacy) Suomessa 1650-1950: talonpoikaisto ja naiset [Legal literacy in Finland 1650-1950: peasants and women]<\/p>\n<p>Chair: prof. Kirsi Vainio-Korhonen<\/p>\n<p>Mia Korpiola: Lakiasiantoimistojen sihteerit ja oikeudellinen osaaminen: AA \u00c5ke Roschier-Holmbergin ja sihteeri Inga Sundgrenin kirjeenvaihto 1939-1944<br \/>\nAnna Kuismin: Oikeudellinen tieto-taito ja sosiaalinen nousu 1800-luvun talonpoikaisyhteis\u00f6ss\u00e4<br \/>\nKirsi Vainio-Korhonen: K\u00e4til\u00f6t todistajina 1700-luvun suomalaisissa oikeusistuimissa<\/p>\n<p>&nbsp;<\/p>\n<p>Oikeudellinen tieto-taito (legal literacy) Suomessa 1650-1950: kauppa ja talous [Legal literacy in Finland 1650-1950: commerce and economy]<\/p>\n<p>Chair: prof. Mia Korpiola<\/p>\n<p>Petteri Impola: Itseoppineet oikeudenk\u00e4yntivaltuutetut ja heihin turvautuminen<br \/>\nsuomalaisissa kaupungeissa 1600-luvulla<br \/>\nRiina Turunen: Konkurssiin ajautuneiden toiminta ja selviytyminen maallikkoina 1800-luvun<br \/>\nkonkurssioikeudenk\u00e4ynneiss\u00e4<br \/>\nJussi Sallila: Liikemiesten oikeudellinen tietotaito ja yhti\u00f6sopimusk\u00e4yt\u00e4nt\u00f6 1890-luvulla<\/p>\n","protected":false},"excerpt":{"rendered":"<p>University of Turku 19.-21.10.2017 Oikeudellinen tieto-taito (legal literacy) Suomessa 1650-1950: talonpoikaisto ja naiset [Legal literacy in Finland 1650-1950: peasants and women] Chair: prof. Kirsi Vainio-Korhonen Mia Korpiola: Lakiasiantoimistojen sihteerit ja oikeudellinen osaaminen: AA \u00c5ke Roschier-Holmbergin ja sihteeri Inga Sundgrenin kirjeenvaihto 1939-1944 Anna Kuismin: Oikeudellinen tieto-taito ja sosiaalinen nousu 1800-luvun talonpoikaisyhteis\u00f6ss\u00e4 Kirsi Vainio-Korhonen: K\u00e4til\u00f6t todistajina 1700-luvun [&hellip;]<\/p>\n","protected":false},"author":5114,"featured_media":0,"parent":860,"menu_order":0,"comment_status":"closed","ping_status":"closed","template":"","meta":{"footnotes":""},"class_list":["post-971","page","type-page","status-publish","hentry","post-preview"],"_links":{"self":[{"href":"https:\/\/blogit.utu.fi\/oikeudellinentietotaito\/wp-json\/wp\/v2\/pages\/971","targetHints":{"allow":["GET"]}}],"collection":[{"href":"https:\/\/blogit.utu.fi\/oikeudellinentietotaito\/wp-json\/wp\/v2\/pages"}],"about":[{"href":"https:\/\/blogit.utu.fi\/oikeudellinentietotaito\/wp-json\/wp\/v2\/types\/page"}],"author":[{"embeddable":true,"href":"https:\/\/blogit.utu.fi\/oikeudellinentietotaito\/wp-json\/wp\/v2\/users\/5114"}],"replies":[{"embeddable":true,"href":"https:\/\/blogit.utu.fi\/oikeudellinentietotaito\/wp-json\/wp\/v2\/comments?post=971"}],"version-history":[{"count":1,"href":"https:\/\/blogit.utu.fi\/oikeudellinentietotaito\/wp-json\/wp\/v2\/pages\/971\/revisions"}],"predecessor-version":[{"id":974,"href":"https:\/\/blogit.utu.fi\/oikeudellinentietotaito\/wp-json\/wp\/v2\/pages\/971\/revisions\/974"}],"up":[{"embeddable":true,"href":"https:\/\/blogit.utu.fi\/oikeudellinentietotaito\/wp-json\/wp\/v2\/pages\/860"}],"wp:attachment":[{"href":"https:\/\/blogit.utu.fi\/oikeudellinentietotaito\/wp-json\/wp\/v2\/media?parent=971"}],"curies":[{"name":"wp","href":"https:\/\/api.w.org\/{rel}","templated":true}]}}