{"id":36,"date":"2017-08-22T09:28:28","date_gmt":"2017-08-22T09:28:28","guid":{"rendered":"https:\/\/blogit.utu.fi\/oppiminentulevaisuudessa\/?page_id=36"},"modified":"2017-08-22T09:28:28","modified_gmt":"2017-08-22T09:28:28","slug":"kulkuyhteydet-2","status":"publish","type":"page","link":"https:\/\/blogit.utu.fi\/oppiminentulevaisuudessa\/kulkuyhteydet-2\/","title":{"rendered":"Kulkuyhteydet"},"content":{"rendered":"<p>Seminaari j\u00e4rjestet\u00e4\u00e4n ICT-Cityss\u00e4, Joukahaisenkatu 3 &#8211; 5 (Alpha-auditorio).<\/p>\n<ul>\n<li><a href=\"https:\/\/www.google.fi\/maps\/place\/Joukahaisenkatu+3,+20520+Turku\/@60.4495928,22.292662,17z\/data=%213m1%214b1%214m5%213m4%211s0x468c76e7f13bfc91:0xafb60854e9043fd2%218m2%213d60.4495928%214d22.2948507\">ICT-City<\/a><\/li>\n<li><a href=\"http:\/\/www.foli.fi\/fi\">Turun seudun joukkoliikenne<\/a><\/li>\n<\/ul>\n<p><strong>Junayhteydet<\/strong><\/p>\n<ul>\n<li><a href=\"http:\/\/www.vr.fi\/fi\/\">VR juna-aikataulut ja matkahaku<\/a><\/li>\n<\/ul>\n<p>Helsingin suunnasta tulevien kannattaa j\u00e4\u00e4d\u00e4 junasta Kupittaan asemalla ja molemmat rakennukset ovat silloin k\u00e4velymatkan p\u00e4\u00e4ss\u00e4. Turun p\u00e4\u00e4rautatieasema sijaitsee keskustan tuntumassa. P\u00e4\u00e4rautatieaseman vastakkaisella puolella Ratapihankadulla on paikallisliikenteen bussipys\u00e4kki, josta p\u00e4\u00e4see suoraan Lemmink\u00e4isenkadulle mm. busseilla nro 32 ja 42.<\/p>\n<p><strong>Bussiyhteydet<\/strong><\/p>\n<ul>\n<li><a href=\"http:\/\/www.expressbus.fi\/etusivu\">ExpressBus<\/a><\/li>\n<li><a href=\"http:\/\/www.matkahuolto.fi\/fi\/index.html\">Matkahuolto.fi<\/a><\/li>\n<\/ul>\n<p>Helsingin suunnasta Turkuun tulevien kannattaa nousta bussista Uudenmaankadulla Uudenmaantullin pys\u00e4kill\u00e4, josta on n. 0,8 km matkaa It\u00e4ist\u00e4 Pitk\u00e4katua pitkin Biocityyn ja ICT-Cityyn.<\/p>\n<p>H\u00e4meenlinnasta p\u00e4in saapuvien kannattaa j\u00e4\u00e4d\u00e4 bussista H\u00e4meenkadulla Yliopiston pys\u00e4kill\u00e4, josta on n. 0,8 km matkaa Turun ammattikorkeakoulun Lemmink\u00e4isenkatu 30 toimipisteeseen Lemmink\u00e4isenkatua pitkin.<\/p>\n<ul>\n<li><a href=\"https:\/\/blogit.utu.fi\/tulevaisuudenoppiminen\/wp-admin\/www.foli.fi\">Turun kaupungin paikallisliikenteen linjat ja aikataulut<\/a><\/li>\n<\/ul>\n<p>Turun linja-autoasemalta p\u00e4\u00e4see Lemmink\u00e4isenkadulle mm. linja-autoilla busseilla nro 60 ja 600, jotka kulkevat kauppatorin kautta. My\u00f6s 32 A, 32 ja 42 j\u00e4tt\u00e4v\u00e4t k\u00e4velymatkan p\u00e4\u00e4h\u00e4n seminaaripaikasta.<\/p>\n<p><strong>Lentoyhteydet<\/strong><\/p>\n<ul>\n<li><a href=\"http:\/\/www.finavia.fi\/fi\/\">Finavia.fi<\/a> \/ Turku<\/li>\n<\/ul>\n<p>Turun lentoasemalta p\u00e4\u00e4see kauppatorille paikallisbussilla nro 1.<\/p>\n<p>Helsinki-Vantaan lentokent\u00e4lt\u00e4 p\u00e4\u00e4see suoraan Turkuun saakka lentokentt\u00e4bussilla.<\/p>\n<p><a href=\"https:\/\/www.visitturku.fi\/\"><\/a><\/p>\n","protected":false},"excerpt":{"rendered":"<p>Seminaari j\u00e4rjestet\u00e4\u00e4n ICT-Cityss\u00e4, Joukahaisenkatu 3 &#8211; 5 (Alpha-auditorio). ICT-City Turun seudun joukkoliikenne Junayhteydet VR juna-aikataulut ja matkahaku Helsingin suunnasta tulevien kannattaa j\u00e4\u00e4d\u00e4 junasta Kupittaan asemalla ja molemmat rakennukset ovat silloin k\u00e4velymatkan p\u00e4\u00e4ss\u00e4. Turun p\u00e4\u00e4rautatieasema sijaitsee keskustan tuntumassa. P\u00e4\u00e4rautatieaseman vastakkaisella puolella Ratapihankadulla on paikallisliikenteen bussipys\u00e4kki, josta p\u00e4\u00e4see suoraan Lemmink\u00e4isenkadulle mm. busseilla nro 32 ja 42. Bussiyhteydet [&hellip;]<\/p>\n","protected":false},"author":24,"featured_media":0,"parent":0,"menu_order":3,"comment_status":"closed","ping_status":"closed","template":"","meta":{"footnotes":""},"class_list":["post-36","page","type-page","status-publish","hentry","post-preview"],"_links":{"self":[{"href":"https:\/\/blogit.utu.fi\/oppiminentulevaisuudessa\/wp-json\/wp\/v2\/pages\/36","targetHints":{"allow":["GET"]}}],"collection":[{"href":"https:\/\/blogit.utu.fi\/oppiminentulevaisuudessa\/wp-json\/wp\/v2\/pages"}],"about":[{"href":"https:\/\/blogit.utu.fi\/oppiminentulevaisuudessa\/wp-json\/wp\/v2\/types\/page"}],"author":[{"embeddable":true,"href":"https:\/\/blogit.utu.fi\/oppiminentulevaisuudessa\/wp-json\/wp\/v2\/users\/24"}],"replies":[{"embeddable":true,"href":"https:\/\/blogit.utu.fi\/oppiminentulevaisuudessa\/wp-json\/wp\/v2\/comments?post=36"}],"version-history":[{"count":2,"href":"https:\/\/blogit.utu.fi\/oppiminentulevaisuudessa\/wp-json\/wp\/v2\/pages\/36\/revisions"}],"predecessor-version":[{"id":125,"href":"https:\/\/blogit.utu.fi\/oppiminentulevaisuudessa\/wp-json\/wp\/v2\/pages\/36\/revisions\/125"}],"wp:attachment":[{"href":"https:\/\/blogit.utu.fi\/oppiminentulevaisuudessa\/wp-json\/wp\/v2\/media?parent=36"}],"curies":[{"name":"wp","href":"https:\/\/api.w.org\/{rel}","templated":true}]}}