{"id":42,"date":"2017-06-13T07:55:11","date_gmt":"2017-06-13T07:55:11","guid":{"rendered":"https:\/\/blogit.utu.fi\/oppiminentulevaisuudessa\/?page_id=42"},"modified":"2017-10-04T07:03:06","modified_gmt":"2017-10-04T07:03:06","slug":"ilmoittautuminen","status":"publish","type":"page","link":"https:\/\/blogit.utu.fi\/oppiminentulevaisuudessa\/ilmoittautuminen\/","title":{"rendered":"Ilmoittautuminen"},"content":{"rendered":"<p>Ilmoittautuminen seminaariin on p\u00e4\u00e4ttynyt. Mukaan on ilmoittautunut yli 100 osallistujaa mm. korkeakouluista, yrityksist\u00e4, ammattiliitoista ja yksityishenkil\u00f6in\u00e4. Mik\u00e4li kuulet seminaarista vasta nyt voit tiedustella peruutuspaikkoja (satu.hakanurmi(at)utu.fi).<\/p>\n<p>Seminaariin osallistuminen on maksutonta, mutta osallistujat\u00a0 palauttavat p\u00e4iv\u00e4n aikana <a href=\"https:\/\/blogit.utu.fi\/tulevaisuudenoppiminen\/wp-content\/uploads\/sites\/111\/2017\/06\/muokattu_AVOT_SYKSY_2015_-ESR_-sallistujan_seurantatietolomake_.pdf\">ESR-hankkeiden osallistujakohtaisen seurantalomakkeen<\/a> ja vastaavat ty\u00f6el\u00e4m\u00e4l\u00e4ht\u00f6ist\u00e4 avointa korkeakouluopetusta koskevaan kyselyyn.<\/p>\n<p>&nbsp;<\/p>\n","protected":false},"excerpt":{"rendered":"<p>Ilmoittautuminen seminaariin on p\u00e4\u00e4ttynyt. Mukaan on ilmoittautunut yli 100 osallistujaa mm. korkeakouluista, yrityksist\u00e4, ammattiliitoista ja yksityishenkil\u00f6in\u00e4. Mik\u00e4li kuulet seminaarista vasta nyt voit tiedustella peruutuspaikkoja (satu.hakanurmi(at)utu.fi). Seminaariin osallistuminen on maksutonta, mutta osallistujat\u00a0 palauttavat p\u00e4iv\u00e4n aikana ESR-hankkeiden osallistujakohtaisen seurantalomakkeen ja vastaavat ty\u00f6el\u00e4m\u00e4l\u00e4ht\u00f6ist\u00e4 avointa korkeakouluopetusta koskevaan kyselyyn. &nbsp;<\/p>\n","protected":false},"author":24,"featured_media":0,"parent":0,"menu_order":0,"comment_status":"closed","ping_status":"closed","template":"","meta":{"footnotes":""},"class_list":["post-42","page","type-page","status-publish","hentry","post-preview"],"_links":{"self":[{"href":"https:\/\/blogit.utu.fi\/oppiminentulevaisuudessa\/wp-json\/wp\/v2\/pages\/42","targetHints":{"allow":["GET"]}}],"collection":[{"href":"https:\/\/blogit.utu.fi\/oppiminentulevaisuudessa\/wp-json\/wp\/v2\/pages"}],"about":[{"href":"https:\/\/blogit.utu.fi\/oppiminentulevaisuudessa\/wp-json\/wp\/v2\/types\/page"}],"author":[{"embeddable":true,"href":"https:\/\/blogit.utu.fi\/oppiminentulevaisuudessa\/wp-json\/wp\/v2\/users\/24"}],"replies":[{"embeddable":true,"href":"https:\/\/blogit.utu.fi\/oppiminentulevaisuudessa\/wp-json\/wp\/v2\/comments?post=42"}],"version-history":[{"count":5,"href":"https:\/\/blogit.utu.fi\/oppiminentulevaisuudessa\/wp-json\/wp\/v2\/pages\/42\/revisions"}],"predecessor-version":[{"id":224,"href":"https:\/\/blogit.utu.fi\/oppiminentulevaisuudessa\/wp-json\/wp\/v2\/pages\/42\/revisions\/224"}],"wp:attachment":[{"href":"https:\/\/blogit.utu.fi\/oppiminentulevaisuudessa\/wp-json\/wp\/v2\/media?parent=42"}],"curies":[{"name":"wp","href":"https:\/\/api.w.org\/{rel}","templated":true}]}}