{"id":66,"date":"2017-06-13T08:25:05","date_gmt":"2017-06-13T08:25:05","guid":{"rendered":"https:\/\/blogit.utu.fi\/oppiminentulevaisuudessa\/?page_id=66"},"modified":"2017-10-24T09:23:31","modified_gmt":"2017-10-24T09:23:31","slug":"ohjelma","status":"publish","type":"page","link":"https:\/\/blogit.utu.fi\/oppiminentulevaisuudessa\/ohjelma\/","title":{"rendered":"Ohjelma"},"content":{"rendered":"<p><i>9:00 \u2013 9:30 Tervetulokahvit<\/i><\/p>\n<p><b>9:30 \u2013 11:30 Oppiminen tulevaisuudessa<br \/>\n<\/b><\/p>\n<p>9.30-10.00 Tulevaisuuden aikuiskoulutus ja digiteologia. Erkki Sutinen, Tulevaisuuden teknologioiden laitos\/Turun yliopisto<\/p>\n<p>10.00-10.20\u00a0 Miten henkil\u00f6st\u00f6\u00e4 kehitet\u00e4\u00e4n Euroopan parhaassa ty\u00f6paikassa? Saana Rossi, Vincit<\/p>\n<p>10.20-10.50 Ty\u00f6ntekij\u00f6iden osaamistarpeet ja niiden kehitt\u00e4minen.\u00a0Laura Palmunen, Valmet Automotive<\/p>\n<p>10.50-11.10 Takaisin ty\u00f6el\u00e4m\u00e4\u00e4n valmentajan avulla. Mari Sundstr\u00f6m, Arffman Consulting Oy<\/p>\n<p>11.10-11.30 Aamup\u00e4iv\u00e4n yhteenveto ja suunnan tarkennus<\/p>\n<p><em>11.30-12.30 Lounas<\/em><\/p>\n<p><b>12:30-14:00 Korkeakoulujen ja yritysten yhteisty\u00f6<\/b><\/p>\n<p>Kolme kertomusta korkeakouluyhteisty\u00f6st\u00e4 ja oppimisesta.<br \/>\nPuhujina <a href=\"https:\/\/blogit.utu.fi\/oppiminentulevaisuudessa\/wp-content\/uploads\/sites\/112\/2017\/10\/Tuomisto_TY_Oppiminen_tulevaisuudessa_10102017.pdf\" target=\"_blank\" rel=\"noopener\">Antti Tuomisto<\/a>, Turun Yliopisto, <a href=\"https:\/\/blogit.utu.fi\/oppiminentulevaisuudessa\/wp-content\/uploads\/sites\/112\/2017\/10\/Ylinen-esitys.pdf\" target=\"_blank\" rel=\"noopener\">Jari Ylinen<\/a>, Kehityspolut Oy ja <a href=\"https:\/\/blogit.utu.fi\/oppiminentulevaisuudessa\/wp-content\/uploads\/sites\/112\/2017\/10\/ENTIS-esitys.pdf\" target=\"_blank\" rel=\"noopener\">Antti Nuutinen<\/a>\/Entomophagy Solutions Oy (Entis)<\/p>\n<p>14:00-14:30 Kahvitauko<\/p>\n<p><b>14:30-16:00 Yritys- ja ty\u00f6el\u00e4m\u00e4n muutokset<\/b><\/p>\n<p>14.30-15.00 Positiivinen ja negatiivinen rakennemuutos \u2013 kommentteja, havaintoja, l\u00f6yd\u00f6ksi\u00e4? Juha Pusila,\u00a0 ELY-keskus<\/p>\n<p>15.00-15.30\u00a0\u00a0<a href=\"https:\/\/blogit.utu.fi\/oppiminentulevaisuudessa\/wp-content\/uploads\/sites\/112\/2017\/10\/Hannele-Sepp\u00e4l\u00e4.pdf\" target=\"_blank\" rel=\"noopener\">Korkeakoulujen yhteiskunnallinen vuorovaikutus ja laatu.\u00a0 <\/a>Hannele Sepp\u00e4l\u00e4, KARVI<\/p>\n<p>15.30-16.00\u00a0 Turun ammattikorkeakoulun puheenvuoro. Vararehtori Juhani Soini, Turun ammattikorkeakoulu<\/p>\n<p>&nbsp;<\/p>\n<p>Ohjelmaan voidaan tehd\u00e4 viel\u00e4 muutoksia.<\/p>\n","protected":false},"excerpt":{"rendered":"<p>9:00 \u2013 9:30 Tervetulokahvit 9:30 \u2013 11:30 Oppiminen tulevaisuudessa 9.30-10.00 Tulevaisuuden aikuiskoulutus ja digiteologia. Erkki Sutinen, Tulevaisuuden teknologioiden laitos\/Turun yliopisto 10.00-10.20\u00a0 Miten henkil\u00f6st\u00f6\u00e4 kehitet\u00e4\u00e4n Euroopan parhaassa ty\u00f6paikassa? Saana Rossi, Vincit 10.20-10.50 Ty\u00f6ntekij\u00f6iden osaamistarpeet ja niiden kehitt\u00e4minen.\u00a0Laura Palmunen, Valmet Automotive 10.50-11.10 Takaisin ty\u00f6el\u00e4m\u00e4\u00e4n valmentajan avulla. Mari Sundstr\u00f6m, Arffman Consulting Oy 11.10-11.30 Aamup\u00e4iv\u00e4n yhteenveto ja suunnan tarkennus [&hellip;]<\/p>\n","protected":false},"author":24,"featured_media":0,"parent":0,"menu_order":0,"comment_status":"closed","ping_status":"closed","template":"","meta":{"footnotes":""},"class_list":["post-66","page","type-page","status-publish","hentry","post-preview"],"_links":{"self":[{"href":"https:\/\/blogit.utu.fi\/oppiminentulevaisuudessa\/wp-json\/wp\/v2\/pages\/66","targetHints":{"allow":["GET"]}}],"collection":[{"href":"https:\/\/blogit.utu.fi\/oppiminentulevaisuudessa\/wp-json\/wp\/v2\/pages"}],"about":[{"href":"https:\/\/blogit.utu.fi\/oppiminentulevaisuudessa\/wp-json\/wp\/v2\/types\/page"}],"author":[{"embeddable":true,"href":"https:\/\/blogit.utu.fi\/oppiminentulevaisuudessa\/wp-json\/wp\/v2\/users\/24"}],"replies":[{"embeddable":true,"href":"https:\/\/blogit.utu.fi\/oppiminentulevaisuudessa\/wp-json\/wp\/v2\/comments?post=66"}],"version-history":[{"count":17,"href":"https:\/\/blogit.utu.fi\/oppiminentulevaisuudessa\/wp-json\/wp\/v2\/pages\/66\/revisions"}],"predecessor-version":[{"id":259,"href":"https:\/\/blogit.utu.fi\/oppiminentulevaisuudessa\/wp-json\/wp\/v2\/pages\/66\/revisions\/259"}],"wp:attachment":[{"href":"https:\/\/blogit.utu.fi\/oppiminentulevaisuudessa\/wp-json\/wp\/v2\/media?parent=66"}],"curies":[{"name":"wp","href":"https:\/\/api.w.org\/{rel}","templated":true}]}}