{"id":21,"date":"2021-06-01T14:16:32","date_gmt":"2021-06-01T14:16:32","guid":{"rendered":"https:\/\/blogit.utu.fi\/paimionparantolatutkimushanke\/?page_id=21"},"modified":"2021-06-02T05:35:14","modified_gmt":"2021-06-02T05:35:14","slug":"tietoja-hankkeesta","status":"publish","type":"page","link":"https:\/\/blogit.utu.fi\/paimionparantolatutkimushanke\/tietoja-hankkeesta\/","title":{"rendered":"Tietoja hankkeesta"},"content":{"rendered":"\n<p>Paimion parantola her\u00e4tti jo valmistuessaan vuonna 1933 suurta kiinnostusta ymp\u00e4ri maailmaa ja henkil\u00f6kunnan ja potilaiden oli alusta pit\u00e4en totuttava siihen, ett\u00e4 parantolassa vieraili Aallon arkkitehtuurin ihailijoita. Terveydenhoito-henkil\u00f6kunnan ohella parantolassa ty\u00f6skenteli suuri joukko muuta henkil\u00f6st\u00e4, muun muassa keitti\u00f6- ja kunnossapitohenkil\u00f6kuntaa. Hoitojaksot olivat pitki\u00e4 ja potilaat viettiv\u00e4t parantolassa kuukausia, jopa vuosia, mik\u00e4 ei voinut olla vaikuttamatta potilaiden ja heid\u00e4n l\u00e4heistens\u00e4 el\u00e4m\u00e4\u00e4n. Pitkien hoitojaksojen vuoksi parantoloissa syntyi my\u00f6s omanlaistaan kulttuuritoimintaa, parantola-kulttuuria. Potilailla oli oma yhdistys, joka j\u00e4rjesti juhlia ja muuta vapaa-ajan toimintaa sek\u00e4 julkaisi potilaslehte\u00e4, <em>Pasuunaa<\/em>. Vaikka parantola oli eristetty laitos, se vaikutti my\u00f6s paikkakunnalla.<\/p>\n\n\n\n<p>Folkloristiikan, etnologian ja museologian yhteinen tutkimushanke keskittyy parantolan arkeen: Millaista oli olla hoidossa maailmankuulussa parantolassa? Ent\u00e4 millaista siell\u00e4 oli ty\u00f6skennell\u00e4? \u00a0Mill\u00e4 tavoin parantola vaikutti paikkakunnan el\u00e4m\u00e4\u00e4n? Parantolan arjen lis\u00e4ksi hankkeessa keskityt\u00e4\u00e4n parantolaan merkitt\u00e4v\u00e4n\u00e4 kulttuuriperint\u00f6- ja matkailukohteena.<\/p>\n\n\n\n<p>Monitieteisess\u00e4 hankkeessa n\u00e4it\u00e4 kysymyksi\u00e4 tarkastellaan opinn\u00e4ytteiss\u00e4 ja muissa tutkimuksissa. &nbsp;Otamme mielell\u00e4mme vastaan hankkeen teemoihin liittyvi\u00e4 aineistoja (kuten valokuvia, p\u00e4iv\u00e4kirjoja, kirjeit\u00e4). Aineistot voidaan joko lahjoittaa tai antaa digikopioitavaksi hankkeelle. Jos sinulla on omia muistoja parantolasta, voimme tulla haastattelemaan sinua tai voit kirjoittaa meille.<\/p>\n\n\n\n<p>Kaikki hankkeen aikana tuotettu aineisto arkistoidaan Turun yliopiston historian, kulttuurin ja taiteiden tutkimuksen arkistoon, jossa se on k\u00e4yt\u00f6ss\u00e4 tutkimusta ja opetusta varten. Lis\u00e4tietoja: <a href=\"https:\/\/www.utu.fi\/fi\/yliopisto\/humanistinen-tiedekunta\/hkt-arkisto\" target=\"_blank\" rel=\"noreferrer noopener\">https:\/\/www.utu.fi\/fi\/yliopisto\/humanistinen-tiedekunta\/hkt-arkisto<\/a><\/p>\n","protected":false},"excerpt":{"rendered":"<p>Paimion parantola her\u00e4tti jo valmistuessaan vuonna 1933 suurta kiinnostusta ymp\u00e4ri maailmaa ja henkil\u00f6kunnan ja potilaiden oli alusta pit\u00e4en totuttava siihen, ett\u00e4 parantolassa vieraili Aallon arkkitehtuurin ihailijoita. Terveydenhoito-henkil\u00f6kunnan ohella parantolassa ty\u00f6skenteli suuri joukko muuta henkil\u00f6st\u00e4, muun muassa keitti\u00f6- ja kunnossapitohenkil\u00f6kuntaa. Hoitojaksot olivat pitki\u00e4 ja potilaat viettiv\u00e4t parantolassa kuukausia, jopa vuosia, mik\u00e4 ei voinut olla vaikuttamatta potilaiden [&hellip;]<\/p>\n","protected":false},"author":2948,"featured_media":0,"parent":0,"menu_order":0,"comment_status":"closed","ping_status":"closed","template":"","meta":{"footnotes":""},"class_list":["post-21","page","type-page","status-publish","hentry","post-preview"],"_links":{"self":[{"href":"https:\/\/blogit.utu.fi\/paimionparantolatutkimushanke\/wp-json\/wp\/v2\/pages\/21","targetHints":{"allow":["GET"]}}],"collection":[{"href":"https:\/\/blogit.utu.fi\/paimionparantolatutkimushanke\/wp-json\/wp\/v2\/pages"}],"about":[{"href":"https:\/\/blogit.utu.fi\/paimionparantolatutkimushanke\/wp-json\/wp\/v2\/types\/page"}],"author":[{"embeddable":true,"href":"https:\/\/blogit.utu.fi\/paimionparantolatutkimushanke\/wp-json\/wp\/v2\/users\/2948"}],"replies":[{"embeddable":true,"href":"https:\/\/blogit.utu.fi\/paimionparantolatutkimushanke\/wp-json\/wp\/v2\/comments?post=21"}],"version-history":[{"count":4,"href":"https:\/\/blogit.utu.fi\/paimionparantolatutkimushanke\/wp-json\/wp\/v2\/pages\/21\/revisions"}],"predecessor-version":[{"id":186,"href":"https:\/\/blogit.utu.fi\/paimionparantolatutkimushanke\/wp-json\/wp\/v2\/pages\/21\/revisions\/186"}],"wp:attachment":[{"href":"https:\/\/blogit.utu.fi\/paimionparantolatutkimushanke\/wp-json\/wp\/v2\/media?parent=21"}],"curies":[{"name":"wp","href":"https:\/\/api.w.org\/{rel}","templated":true}]}}