{"id":27,"date":"2021-06-01T14:16:57","date_gmt":"2021-06-01T14:16:57","guid":{"rendered":"https:\/\/blogit.utu.fi\/paimionparantolatutkimushanke\/?page_id=27"},"modified":"2024-01-19T07:18:52","modified_gmt":"2024-01-19T07:18:52","slug":"yhteystiedot","status":"publish","type":"page","link":"https:\/\/blogit.utu.fi\/paimionparantolatutkimushanke\/yhteystiedot\/","title":{"rendered":"Yhteystiedot"},"content":{"rendered":"\n<p><br>Turun yliopisto:<\/p>\n\n\n\n<ul class=\"wp-block-list\" style=\"font-size:20px\">\n<li>Folkloristiikan professori <strong>Anne Heimo<\/strong>, anheimo[at]utu.fi \/ 050 328 7968<\/li>\n\n\n\n<li>Museologian yliopistonlehtori, FT <strong>Maija M\u00e4ki<\/strong>, maija.j.maki[at]utu.fi \/ 050 379 7471<br><\/li>\n<\/ul>\n\n\n\n<p>Yhteisty\u00f6ss\u00e4 \u00c5bo Akademi:<\/p>\n\n\n\n<ul class=\"wp-block-list\" style=\"font-size:20px\">\n<li>Kulttuurianalyysin (etnologian) yliopistonlehtori, FT <strong>Sanna Lillbro\u00e4nda-Annala<\/strong>, sanna.lillbroanda-annala[at]utu.fi \/ 046 921 5865<\/li>\n<\/ul>\n\n\n\n<p><\/p>\n","protected":false},"excerpt":{"rendered":"<p>Turun yliopisto: Yhteisty\u00f6ss\u00e4 \u00c5bo Akademi:<\/p>\n","protected":false},"author":2948,"featured_media":12,"parent":0,"menu_order":-1,"comment_status":"closed","ping_status":"closed","template":"","meta":{"footnotes":""},"class_list":["post-27","page","type-page","status-publish","has-post-thumbnail","hentry","post-preview"],"_links":{"self":[{"href":"https:\/\/blogit.utu.fi\/paimionparantolatutkimushanke\/wp-json\/wp\/v2\/pages\/27","targetHints":{"allow":["GET"]}}],"collection":[{"href":"https:\/\/blogit.utu.fi\/paimionparantolatutkimushanke\/wp-json\/wp\/v2\/pages"}],"about":[{"href":"https:\/\/blogit.utu.fi\/paimionparantolatutkimushanke\/wp-json\/wp\/v2\/types\/page"}],"author":[{"embeddable":true,"href":"https:\/\/blogit.utu.fi\/paimionparantolatutkimushanke\/wp-json\/wp\/v2\/users\/2948"}],"replies":[{"embeddable":true,"href":"https:\/\/blogit.utu.fi\/paimionparantolatutkimushanke\/wp-json\/wp\/v2\/comments?post=27"}],"version-history":[{"count":7,"href":"https:\/\/blogit.utu.fi\/paimionparantolatutkimushanke\/wp-json\/wp\/v2\/pages\/27\/revisions"}],"predecessor-version":[{"id":282,"href":"https:\/\/blogit.utu.fi\/paimionparantolatutkimushanke\/wp-json\/wp\/v2\/pages\/27\/revisions\/282"}],"wp:featuredmedia":[{"embeddable":true,"href":"https:\/\/blogit.utu.fi\/paimionparantolatutkimushanke\/wp-json\/wp\/v2\/media\/12"}],"wp:attachment":[{"href":"https:\/\/blogit.utu.fi\/paimionparantolatutkimushanke\/wp-json\/wp\/v2\/media?parent=27"}],"curies":[{"name":"wp","href":"https:\/\/api.w.org\/{rel}","templated":true}]}}