{"id":39,"date":"2021-06-01T14:17:18","date_gmt":"2021-06-01T14:17:18","guid":{"rendered":"https:\/\/blogit.utu.fi\/paimionparantolatutkimushanke\/?page_id=39"},"modified":"2025-08-06T07:07:47","modified_gmt":"2025-08-06T07:07:47","slug":"tiedonlahteita","status":"publish","type":"page","link":"https:\/\/blogit.utu.fi\/paimionparantolatutkimushanke\/tiedonlahteita\/","title":{"rendered":"Tiedonl\u00e4hteit\u00e4"},"content":{"rendered":"\n<p><\/p>\n\n\n\n<h2 class=\"wp-block-heading\">Tapahtumia<\/h2>\n\n\n\n<ul class=\"wp-block-list\">\n<li>Excursion to Paimio Sanatorium Nordic Ethnology and Folkloristics conference (NEFK), Turku 14.6.2025.<\/li>\n\n\n\n<li>&#8221;Pemar sanatorium \u2013 stor byggnad med m\u00e5nga sm\u00e5 ber\u00e4ttelser.&#8221;  Paper given by Sanna Lillbro\u00e4nda-Annala, Maija M\u00e4ki, Terhi Kokko, P\u00e4ivi Leinonen &amp; Anne Heimo at panel Nordiska sanatorier som mikrov\u00e4rldar. Kulturanalytiska, kulturhistoriska och folkloristiska perspektiv, Nordic Ethnology and Folkloristics conference (NEFK), Turku 11.6.2025.<\/li>\n\n\n\n<li>\u201c<a href=\"https:\/\/blogit.utu.fi\/paimionparantolatutkimushanke\/in-english\/\" target=\"_blank\" rel=\"noreferrer noopener\">Paimo Sanatorium: Social, historical and cultural perspectives<\/a>\u201d. Paper given by Maija M\u00e4ki at research seminar of the Centre for Culture and Health, School of History, Culture and Arts Studies, University of Turku 10.12.2024.<\/li>\n\n\n\n<li>Online workshop with Swedish colleagues working with sanatoria 21.8.2025.<\/li>\n\n\n\n<li>Koko p\u00e4iv\u00e4n ekskursio Paimion parantolaan Nordic Voices -hankkeen seminaarissa Oral Histories, Life Stories and Analysing Significance in Museums 7.10.2023<\/li>\n\n\n\n<li>&#8221;Ikkunoita parantolael\u00e4m\u00e4\u00e4n. Parantolan arkea ja potilaiden toimijuutta tutkimassa.&#8221; Terhi Kokon ja Maija M\u00e4en Parantola 90 -luento Paimion opiston luentosarjassa 2.10.2023.<\/li>\n\n\n\n<li>&#8221;<a href=\"https:\/\/museologianseminaari.webnode.fi\/maki-kokko-ruotsala\/\">Sensitiivisen kulttuuriperinn\u00f6n \u00e4\u00e4rell\u00e4 &#8211; digiaikakauden haasteita parantola-aineiston parissa&#8221; Terhi Kokko, Maija M\u00e4ki &amp; Helena Ruotsala. Seminaariesitelm\u00e4 Jyv\u00e4skyl\u00e4n yliopiston museologian seminaarissa<\/a> 20.4.2023<\/li>\n\n\n\n<li>&#8221;<a href=\"https:\/\/blogit.utu.fi\/nordicvoices\/autum-2022\/\">To Display or Not to Display? Personal Memories from Paimio Sanatorium.&#8221; Anne Heimo, Maija M\u00e4ki &amp; Helena Ruotsala.<\/a> Paper at Nordic Voices-workshop 23.11.2022 Roskilde University.<\/li>\n\n\n\n<li>&#8221;<a href=\"https:\/\/www.turunmatkailuakatemia.fi\/toiminta\/seminaarit\/\">Sensitiivinen kulttuuriperint\u00f6 digiaikakaudella &#8211; Havaintoja parantola-aineistojen \u00e4\u00e4relt\u00e4.&#8221; Terhi Kokon esitelm\u00e4 Turun Matkailuakatemian seminaarissa Pirullinen ja palkitseva digivieraanvaraisuus.<\/a> 31.10.2022<\/li>\n\n\n\n<li>&#8221;<a href=\"https:\/\/ethnofolk.org\/programme#11032\">Re-creation, Re-usage and Restoring of Difficult and Dark Heritage Sites,&#8221; Tuomas Hovi, Maija M\u00e4ki &amp; Helena Ruotsala. Paneeli NEFK-konferenssissa. Paneelissa Terhi Kokon esitelm\u00e4 &#8221;Heritagization of Difficult Memories &#8211; Photographs as Illuminatiors of Everyday Life in a Tuberculosis Sanatorium&#8221;. <\/a>15.6.2022<\/li>\n\n\n\n<li>&#8221;Parantolamuistot talteen&#8221;. &#8221;Terhi Kokon ja Maija M\u00e4en esitelm\u00e4. Paimio-Seuran tapahtuma Paimiossa 12.5.2022<\/li>\n\n\n\n<li><a href=\"https:\/\/www.utu.fi\/fi\/ajankohtaista\/mediatiedote\/webinaari-paimion-parantolan-arkeen-pureutuvasta-uudesta\">&#8221;Hoitolaitoksesta kulttuuriperint\u00f6kohteeksi: kulttuurisia n\u00e4k\u00f6kulmia Paimion parantolaan&#8221; aloituswebinaari<\/a> 24.5.2021<\/li>\n<\/ul>\n\n\n\n<p><\/p>\n\n\n\n<ul class=\"wp-block-list\">\n<li>Koko hankkeen ajan tehd\u00e4\u00e4n haastatteluja. Hankkeessa on pidetty my\u00f6s muistelutilaisuuksia ja saatu tutkimuksen k\u00e4ytt\u00f6\u00f6n erilaisia muistitietoaineistoja.<\/li>\n<\/ul>\n\n\n\n<h2 class=\"wp-block-heading\"><strong>Hankkeen julkaisuja<\/strong><\/h2>\n\n\n\n<p><\/p>\n\n\n\n<ul class=\"wp-block-list\">\n<li>Havula, Pipsa 2021: <em>\u201dJokanen oli masentunu ku tuli sinne. Ku aatteli, et nyt t\u00e4\u00e4 el\u00e4m\u00e4 oli t\u00e4ss\u00e4.\u201d : Muistitietotutkimus Paimion parantolan potilaiden kokemuksista 1940\u20131960-luvuilta. <\/em>Folkloristiikan pro gradu -tutkielma. Turku: Turun yliopisto. <a href=\"http:\/\/urn.fi\/URN:NBN:fi-fe2021052731861\" data-type=\"URL\" data-id=\"http:\/\/urn.fi\/URN:NBN:fi-fe2021052731861\">http:\/\/urn.fi\/URN:NBN:fi-fe2021052731861<\/a><\/li>\n\n\n\n<li>Heimo, Anne 2022: <em>To Display or not to Display? Personal Memories from Paimio Sanatorium.<\/em> Ethnologia Fennica 49(1), 91\u201395. <a href=\"https:\/\/doi.org\/10.23991\/ef.v49i1.121477\" target=\"_blank\" rel=\"noreferrer noopener\">https:\/\/doi.org\/10.23991\/ef.v49i1.121477<\/a><\/li>\n\n\n\n<li>Hovi, Tuomas, M\u00e4ki, Maija &amp; Sonck-Rautio Kirsi 2022: <em>Ethnologia Fennica Vol. 49 No. 1: Heritage and Personal Memories<\/em>. <a href=\"https:\/\/doi.org\/10.23991\/ef.v49i1.121988\" target=\"_blank\" rel=\"noreferrer noopener\">https:\/\/doi.org\/10.23991\/ef.v49i1.121988<\/a><\/li>\n\n\n\n<li>Kokko, Terhi 2024: \u201dEi mit\u00e4\u00e4n y\u00f6paidassa laahustelua\u201d : Potilaiden toimijuus tuberkuloosiparantolassa 1930-1950-luvulla. Etnologian pro gradu -tutkielma. Turku: Turun yliopisto. <a href=\"https:\/\/urn.fi\/URN:NBN:fi-fe202501133545\">https:\/\/urn.fi\/URN:NBN:fi-fe202501133545<\/a><\/li>\n\n\n\n<li>M\u00e4ki, Maija &amp; Ruotsala, Helena 2024: Local Activism and Agency in Heritagisation Processes &#8211; The Case of Forests at the Paimio Sanatorium, Finland.<em> <\/em>In: T. Matila &amp; T. \u00c4ik\u00e4s (eds.), <em>Connecting with Ambivalent Heritage: Creative Uses of Postindustrial Spaces<\/em>. Bloomsbury Academic Press, 61-86. <a href=\"10.5040\/9781350426771.ch-003\">doi:10.5040\/9781350426771.ch-003<\/a><\/li>\n<\/ul>\n\n\n\n<h2 class=\"wp-block-heading\"><strong>Muita julkaisuja<\/strong><\/h2>\n\n\n\n<ul class=\"wp-block-list\">\n<li>Hakosalo, Heini 2024: The Walled-in Illness: The Twentieth-Century Finnish Tuberculosis Sanatorium as Lived Space. In: Annola, J., Lindberg, H., Markkola, P. (eds.), <em>Lived Institutions as History of Experience. Palgrave Studies in the History of Experience. <\/em>Palgrave Macmillan, Cham., 213-238. <a href=\"https:\/\/doi.org\/10.1007\/978-3-031-38956-6_9\">https:\/\/doi.org\/10.1007\/978-3-031-38956-6_9<\/a><\/li>\n\n\n\n<li>Hakosalo, Heini 2021: The Ill(s) of the Nation: The Experience of Tuberculosis in Finland from the 1920s to the 1970s. In: Ville Kivim\u00e4ki, Sami Suodenjoki &amp; Tanja Vahtikari: <em>Lived Nation as the History of Experiences and Emotions in Finland, 1800-2000<\/em>. London: Palgrave Macmillan, Cham. <a href=\"https:\/\/doi.org\/10.1007\/978-3-030-69882-9\" target=\"_blank\" rel=\"noreferrer noopener\">https:\/\/doi.org\/10.1007\/978-3-030-69882-9 <\/a><\/li>\n\n\n\n<li>Hakosalo, Heini 2020: The woodland cure Tuberculosis sanatorium patients\u2019 perceptions of the healing power of nature. Teoksessa: Esa Ruuskanen &amp; Heini Hakosalo eds. <em>Pursuit of Healthy Environments\u202f: Historical Cases on the Environment-Health Nexus<\/em>. London &amp; New York: Routledge.<\/li>\n\n\n\n<li>Hakosalo, Heini 2016. Tubipommi ja Rautlasi: Emotionaalisia esineit\u00e4 1900-luvun alkupuolen suomalaisissa tuberkuloosiparantoloissa. <em>Historiallinen Aikakauskirja<\/em> 114:2: 165-176.<\/li>\n\n\n\n<li>Heikinheimo, Marianna 2016: <em>Architecture and technology : Alvar Aalto&#8217;s Paimio Sanatorium<\/em>. (V\u00e4it\u00f6skirja) Arkkitehtuurin laitos. Espoo: Aalto yliopisto. Open access: <a href=\"https:\/\/aaltodoc.aalto.fi\/handle\/123456789\/19607\" target=\"_blank\" rel=\"noreferrer noopener\">https:\/\/aaltodoc.aalto.fi\/handle\/123456789\/19607<\/a><\/li>\n\n\n\n<li>Kantola, Alpo, Viivi Willman, ja Jere Markkanen 2021: <em>Rupesin T\u00e4ss\u00e4 Kirjottamaa: Alpo Kantolan Kirjeet Kotiin Paimion Parantolasta 1955-1959<\/em>. Kotka: Viivi Willman.<\/li>\n\n\n\n<li>Kavalto, Aatu 2024: <em>Modernit parantoladiskurssit : tuberkuloosipotilaiden hoito ja seuranta Paimion parantolan vuosikertomuksissa 1933\u20131939<\/em>. Yleisen historian pro gradu -tutkielma. Jyv\u00e4skyl\u00e4n yliopisto. Open access: <a href=\"https:\/\/jyx.jyu.fi\/handle\/123456789\/96159\">JYX &#8211; Modernit parantoladiskurssit : tuberkuloosipotilaiden hoito ja seuranta Paimion parantolan vuosikertomuksissa 1933\u20131939 (jyu.fi)<\/a><\/li>\n\n\n\n<li>Nenola, Aili 1986: <em>Parantolael\u00e4m\u00e4\u00e4: Tuberkuloosipotilaat muistelevat<\/em>. Helsinki: Keuhkovammaliitto.<\/li>\n<\/ul>\n\n\n\n<h2 class=\"wp-block-heading\"><strong>Linkkej\u00e4<\/strong><\/h2>\n\n\n\n<ul class=\"wp-block-list\">\n<li><a rel=\"noreferrer noopener\" href=\"https:\/\/www.alvaraalto.fi\/arkkitehtuuri\/paimion-parantola\/#\" data-type=\"URL\" data-id=\"https:\/\/www.alvaraalto.fi\/arkkitehtuuri\/paimion-parantola\/#\" target=\"_blank\">Alvar Aalto -s\u00e4\u00e4ti\u00f6, Paimion parantola<\/a><\/li>\n\n\n\n<li><a rel=\"noreferrer noopener\" href=\"http:\/\/www.paimiosanatorium.fi\/fi\/\" data-type=\"URL\" data-id=\"http:\/\/www.paimiosanatorium.fi\/fi\/\" target=\"_blank\">Marianna Heikinheimon Paimion parantolaa koskevan v\u00e4it\u00f6stutkimuksen  sivusto 2014 (p\u00e4ivitetty 2018)<\/a><\/li>\n\n\n\n<li><a rel=\"noreferrer noopener\" href=\"http:\/\/www.rky.fi\/read\/asp\/r_kohde_det.aspx?KOHDE_ID=1795\" data-type=\"URL\" data-id=\"http:\/\/www.rky.fi\/read\/asp\/r_kohde_det.aspx?KOHDE_ID=1795\" target=\"_blank\">Museovirasto, Paimion parantola<\/a><\/li>\n\n\n\n<li><a rel=\"noreferrer noopener\" href=\"https:\/\/paimiosanatorium.com\/\" data-type=\"URL\" data-id=\"https:\/\/paimiosanatorium.com\/\" target=\"_blank\">Paimio sanatorium \/ Paimion parantola s\u00e4\u00e4ti\u00f6 <\/a><\/li>\n\n\n\n<li><a href=\"https:\/\/visitpaimio.fi\/nae-ja-koe\/paimion-parantola\/\" data-type=\"URL\" data-id=\"http:\/\/www.paimio.fi\/palvelut\/matkailu\/nahtavyydet\/paimion_parantola\" target=\"_blank\" rel=\"noreferrer noopener\">Paimion kaupunki \/ Visit Paimio, Paimion parantola<\/a><\/li>\n\n\n\n<li><a href=\"https:\/\/www.paimio.fi\/kulttuuri-ja-vapaa-aika\/liikunta-ja-ulkoilu\/ulkoliikunta\/ulkoilureitit\/parantolan-polku\/\">Paimion kaupunki, Parantolan polku<\/a><\/li>\n<\/ul>\n\n\n\n<p><\/p>\n","protected":false},"excerpt":{"rendered":"<p>Tapahtumia Hankkeen julkaisuja Muita julkaisuja Linkkej\u00e4<\/p>\n","protected":false},"author":2948,"featured_media":0,"parent":0,"menu_order":0,"comment_status":"closed","ping_status":"closed","template":"","meta":{"footnotes":""},"class_list":["post-39","page","type-page","status-publish","hentry","post-preview"],"_links":{"self":[{"href":"https:\/\/blogit.utu.fi\/paimionparantolatutkimushanke\/wp-json\/wp\/v2\/pages\/39","targetHints":{"allow":["GET"]}}],"collection":[{"href":"https:\/\/blogit.utu.fi\/paimionparantolatutkimushanke\/wp-json\/wp\/v2\/pages"}],"about":[{"href":"https:\/\/blogit.utu.fi\/paimionparantolatutkimushanke\/wp-json\/wp\/v2\/types\/page"}],"author":[{"embeddable":true,"href":"https:\/\/blogit.utu.fi\/paimionparantolatutkimushanke\/wp-json\/wp\/v2\/users\/2948"}],"replies":[{"embeddable":true,"href":"https:\/\/blogit.utu.fi\/paimionparantolatutkimushanke\/wp-json\/wp\/v2\/comments?post=39"}],"version-history":[{"count":29,"href":"https:\/\/blogit.utu.fi\/paimionparantolatutkimushanke\/wp-json\/wp\/v2\/pages\/39\/revisions"}],"predecessor-version":[{"id":329,"href":"https:\/\/blogit.utu.fi\/paimionparantolatutkimushanke\/wp-json\/wp\/v2\/pages\/39\/revisions\/329"}],"wp:attachment":[{"href":"https:\/\/blogit.utu.fi\/paimionparantolatutkimushanke\/wp-json\/wp\/v2\/media?parent=39"}],"curies":[{"name":"wp","href":"https:\/\/api.w.org\/{rel}","templated":true}]}}