{"id":22,"date":"2022-11-08T15:58:09","date_gmt":"2022-11-08T13:58:09","guid":{"rendered":"https:\/\/blogit.utu.fi\/parantavashamanismi\/?page_id=22"},"modified":"2024-09-02T11:14:19","modified_gmt":"2024-09-02T08:14:19","slug":"tutkimuksesta","status":"publish","type":"page","link":"https:\/\/blogit.utu.fi\/parantavashamanismi\/tutkimuksesta\/","title":{"rendered":"Tutkimuksesta"},"content":{"rendered":"\n<p>Teen Turun yliopiston uskontotieteeseen PARANTAVA SHAMANISMI-ty\u00f6nimell\u00e4 kulkevaa v\u00e4it\u00f6skirjaa shamanistisesta parantamisesta nykyajan Suomessa. <\/p>\n\n\n\n<p>Pyrin tutkimuksellani tuottamaan perustietoa aihepiirist\u00e4 sek\u00e4 osallistumaan yhteiskunnalliseen keskusteluun vaihtoehtoisista ja t\u00e4ydent\u00e4vist\u00e4 hoitomuodoista. <\/p>\n\n\n\n<p><\/p>\n\n\n\n<p>Tutkimuksessani yhdistelen autoetnografiaa ja etnografiaa eli tutkimusaineistonani toimii my\u00f6s oma kokemukseni shamanististen hoitojen k\u00e4ytt\u00e4j\u00e4n\u00e4 ja shamanismin harjoittajana. Ajattelen t\u00e4m\u00e4n olevan hyv\u00e4 l\u00e4ht\u00f6kohta my\u00f6s muiden kokemusten herkk\u00e4\u00e4n ja eettiseen tulkitsemiseen.<\/p>\n\n\n\n<p><\/p>\n","protected":false},"excerpt":{"rendered":"<p>Teen Turun yliopiston uskontotieteeseen PARANTAVA SHAMANISMI-ty\u00f6nimell\u00e4 kulkevaa v\u00e4it\u00f6skirjaa shamanistisesta parantamisesta nykyajan Suomessa. Pyrin tutkimuksellani tuottamaan perustietoa aihepiirist\u00e4 sek\u00e4 osallistumaan yhteiskunnalliseen keskusteluun vaihtoehtoisista ja t\u00e4ydent\u00e4vist\u00e4 hoitomuodoista. Tutkimuksessani yhdistelen autoetnografiaa ja etnografiaa eli tutkimusaineistonani toimii my\u00f6s oma kokemukseni shamanististen hoitojen k\u00e4ytt\u00e4j\u00e4n\u00e4 ja &hellip; <a href=\"https:\/\/blogit.utu.fi\/parantavashamanismi\/tutkimuksesta\/\">Lue loppuun <span class=\"meta-nav\">&rarr;<\/span><\/a><\/p>\n","protected":false},"author":42216,"featured_media":0,"parent":0,"menu_order":0,"comment_status":"closed","ping_status":"closed","template":"","meta":{"footnotes":""},"class_list":["post-22","page","type-page","status-publish","hentry"],"_links":{"self":[{"href":"https:\/\/blogit.utu.fi\/parantavashamanismi\/wp-json\/wp\/v2\/pages\/22","targetHints":{"allow":["GET"]}}],"collection":[{"href":"https:\/\/blogit.utu.fi\/parantavashamanismi\/wp-json\/wp\/v2\/pages"}],"about":[{"href":"https:\/\/blogit.utu.fi\/parantavashamanismi\/wp-json\/wp\/v2\/types\/page"}],"author":[{"embeddable":true,"href":"https:\/\/blogit.utu.fi\/parantavashamanismi\/wp-json\/wp\/v2\/users\/42216"}],"replies":[{"embeddable":true,"href":"https:\/\/blogit.utu.fi\/parantavashamanismi\/wp-json\/wp\/v2\/comments?post=22"}],"version-history":[{"count":19,"href":"https:\/\/blogit.utu.fi\/parantavashamanismi\/wp-json\/wp\/v2\/pages\/22\/revisions"}],"predecessor-version":[{"id":215,"href":"https:\/\/blogit.utu.fi\/parantavashamanismi\/wp-json\/wp\/v2\/pages\/22\/revisions\/215"}],"wp:attachment":[{"href":"https:\/\/blogit.utu.fi\/parantavashamanismi\/wp-json\/wp\/v2\/media?parent=22"}],"curies":[{"name":"wp","href":"https:\/\/api.w.org\/{rel}","templated":true}]}}