{"id":46,"date":"2022-11-08T16:20:03","date_gmt":"2022-11-08T14:20:03","guid":{"rendered":"https:\/\/blogit.utu.fi\/parantavashamanismi\/?page_id=46"},"modified":"2022-11-09T19:27:53","modified_gmt":"2022-11-09T17:27:53","slug":"yhteystiedot","status":"publish","type":"page","link":"https:\/\/blogit.utu.fi\/parantavashamanismi\/yhteystiedot\/","title":{"rendered":"Yhteystiedot"},"content":{"rendered":"\n<p>Olen uskontotieteen v\u00e4it\u00f6skirjatutkija Hanne Mets\u00e4hinen Turun yliopistosta.<\/p>\n\n\n\n<p>Jos sinulla on kysytt\u00e4v\u00e4\u00e4 tutkielmaani liittyen, voit olla yhteydess\u00e4 minuun esimerkiksi laittamalla s\u00e4hk\u00f6postia osoitteeseen:<\/p>\n\n\n\n<p>hanne.p.metsahinen@utu.fi<\/p>\n\n\n\n<figure class=\"wp-block-image size-full is-resized\"><img loading=\"lazy\" decoding=\"async\" src=\"https:\/\/blogit.utu.fi\/parantavashamanismi\/wp-content\/uploads\/sites\/678\/2022\/11\/IMG_8378-rotated.jpg\" alt=\"\" class=\"wp-image-52\" width=\"233\" height=\"311\" srcset=\"https:\/\/blogit.utu.fi\/parantavashamanismi\/wp-content\/uploads\/sites\/678\/2022\/11\/IMG_8378-rotated.jpg 480w, https:\/\/blogit.utu.fi\/parantavashamanismi\/wp-content\/uploads\/sites\/678\/2022\/11\/IMG_8378-225x300.jpg 225w\" sizes=\"auto, (max-width: 233px) 100vw, 233px\" \/><\/figure>\n","protected":false},"excerpt":{"rendered":"<p>Olen uskontotieteen v\u00e4it\u00f6skirjatutkija Hanne Mets\u00e4hinen Turun yliopistosta. Jos sinulla on kysytt\u00e4v\u00e4\u00e4 tutkielmaani liittyen, voit olla yhteydess\u00e4 minuun esimerkiksi laittamalla s\u00e4hk\u00f6postia osoitteeseen: hanne.p.metsahinen@utu.fi<\/p>\n","protected":false},"author":42216,"featured_media":0,"parent":0,"menu_order":0,"comment_status":"closed","ping_status":"closed","template":"","meta":{"footnotes":""},"class_list":["post-46","page","type-page","status-publish","hentry"],"_links":{"self":[{"href":"https:\/\/blogit.utu.fi\/parantavashamanismi\/wp-json\/wp\/v2\/pages\/46","targetHints":{"allow":["GET"]}}],"collection":[{"href":"https:\/\/blogit.utu.fi\/parantavashamanismi\/wp-json\/wp\/v2\/pages"}],"about":[{"href":"https:\/\/blogit.utu.fi\/parantavashamanismi\/wp-json\/wp\/v2\/types\/page"}],"author":[{"embeddable":true,"href":"https:\/\/blogit.utu.fi\/parantavashamanismi\/wp-json\/wp\/v2\/users\/42216"}],"replies":[{"embeddable":true,"href":"https:\/\/blogit.utu.fi\/parantavashamanismi\/wp-json\/wp\/v2\/comments?post=46"}],"version-history":[{"count":3,"href":"https:\/\/blogit.utu.fi\/parantavashamanismi\/wp-json\/wp\/v2\/pages\/46\/revisions"}],"predecessor-version":[{"id":59,"href":"https:\/\/blogit.utu.fi\/parantavashamanismi\/wp-json\/wp\/v2\/pages\/46\/revisions\/59"}],"wp:attachment":[{"href":"https:\/\/blogit.utu.fi\/parantavashamanismi\/wp-json\/wp\/v2\/media?parent=46"}],"curies":[{"name":"wp","href":"https:\/\/api.w.org\/{rel}","templated":true}]}}