{"id":143,"date":"2019-11-15T14:54:05","date_gmt":"2019-11-15T14:54:05","guid":{"rendered":"https:\/\/blogit.utu.fi\/patt38\/?page_id=143"},"modified":"2022-01-17T15:18:31","modified_gmt":"2022-01-17T13:18:31","slug":"tervetuloa-38-pupils-attitudes-toward-technology-konferenssiin-jota-isannoi-turun-yliopisto","status":"publish","type":"page","link":"https:\/\/blogit.utu.fi\/patt38\/","title":{"rendered":""},"content":{"rendered":"<h3 style=\"text-align: center\"><strong>PATT38: Raumalta 27. \u2013 30. huhtikuuta 2021<\/strong><\/h3>\n<pre style=\"text-align: center\"><em>**PATT38 Pupils\u2019 Attitudes Toward Technology -konferenssi Raumalta**<\/em>\r\n\r\n<em>**Teknologia k\u00e4siss\u00e4mme. Kekseli\u00e4s pedagogiikka ja kunnianhimoinen opettajankoulutus.**\r\n<\/em><\/pre>\n<hr \/>\n<p>&nbsp;<\/p>\n<p style=\"text-align: center\">Kiitos osallistumisesta 38. Pupils\u2019 Attitudes Toward Technology -konferenssiin jota is\u00e4nn\u00f6i <a href=\"https:\/\/www.utu.fi\/fi\">Turun yliopisto<\/a>!<\/p>\n<p style=\"text-align: center\">PATT kokoaa yhteen teknologiakasvatuksen parissa toimivia tutkijoita, tekij\u00f6it\u00e4 ja kasvattajia. Se on alansa merkitt\u00e4vimpi\u00e4 tapahtumia. PATT38-konferenssin ohjelmassa oli sek\u00e4 <a href=\"https:\/\/www.utu.fi\/fi\">Turun yliopiston<\/a> tarjoamaa paikallista ohjelmaa, ajankohtaisia puheenvuoroja ja esityksi\u00e4 tuoreimmista tutkimustuloksista. Koronatilanteen takia konferenssi j\u00e4rjestettiin kokonaan et\u00e4n\u00e4 <a href=\"https:\/\/zoom.us\/\">Zoomin<\/a> v\u00e4lityksell\u00e4.<\/p>\n<p style=\"text-align: center\">Tulevaisuusorientoituneen konferenssin organisoi <a href=\"https:\/\/www.utu.fi\/fi\">Turun yliopiston<\/a> <a href=\"https:\/\/www.utu.fi\/fi\/yliopisto\/kasvatustieteiden-tiedekunta\/opettajankoulutuslaitos\">opettajankoulutuslaitoksen<\/a> <a href=\"https:\/\/www.utu.fi\/fi\/yliopisto\/rauman-kampus\">Rauman kampus<\/a>. Konferenssi tarjosi tieteellisi\u00e4 esityksi\u00e4 ja kontakteja PATT-yhteis\u00f6n asiantuntijoiden ja kansainv\u00e4listen kollegoiden joukosta.<\/p>\n<p style=\"text-align: center\">Tieteellisen ohjelman lis\u00e4ksi oli mahdollista p\u00e4\u00e4st\u00e4 tutustumaan opettajankoulutuksen ja <a href=\"https:\/\/sites.utu.fi\/rnk\/\">Rauman normaalikoulun<\/a> k\u00e4sity\u00f6n oppimisymp\u00e4rist\u00f6iss\u00e4 tapahtuvaan ty\u00f6skentelyyn sek\u00e4 erityisesti <a href=\"https:\/\/www.kasityokasvatus.utu.fi\/\">k\u00e4sity\u00f6kasvatuksen<\/a> opettajaopiskelijoihin ja opettajankouluttajiin. <a href=\"https:\/\/www.kasityokasvatus.utu.fi\/tutkimus\/tutkimusalueet-ja-julkaisut-research-themes-and-articles\/\">T\u00e4\u00e4ll\u00e4<\/a> voit tutustua k\u00e4sity\u00f6kasvatuksen tieteenalalla tehtyihin tutkimuksiin.<\/p>\n<p style=\"text-align: center\">Konferenssin teema &#8220;Teknologia k\u00e4siss\u00e4mme. Kekseli\u00e4s pedagogiikka ja kunnianhimoinen opettajankoulutus.&#8221; korostaa n\u00e4kemyst\u00e4 ihmisen kognition pohjautumisesta perimmilt\u00e4\u00e4n ruumiilliseen kokemukseen. Teknologiakasvatuksessa t\u00e4m\u00e4 tarkoittaa fyysisten esineiden, kokemusten ja toimintojen merkityksen tunnustamista teknologian luomisessa ja soveltamisessa. Korkeatasoisen teknologiakasvatuksen edellytys on kunnianhimoinen opettajankoulutus.<\/p>\n<p style=\"text-align: center\">Oli todella hienoa saada sinut mukaan PATT38-konferenssiin!<\/p>\n<p style=\"text-align: center\"><a href=\"https:\/\/www.utu.fi\/fi\/ajankohtaista\/mediatiedote\/teknologiakasvatuksen-konferenssi-kokoaa-tutkijat-tekijat-ja-kasvattajat\">Mediatiedote<\/a><\/p>\n<p>&nbsp;<\/p>\n<hr \/>\n<p style=\"text-align: center\"><strong>PATT-YHTEIS\u00d6 \u2013 Teknologiakasvatuksen asiantuntijat ymp\u00e4ri maailman<\/strong><\/p>\n<p style=\"text-align: center\"><a href=\"https:\/\/www.iteea.org\/Activities\/Conference\/PATT.aspx#tabs\">Pupils\u2019 Attitude Toward Technology<\/a> eli tuttavallisemmin PATT on kansainv\u00e4linen Alankomaista koordinoitu tieteellinen yhteis\u00f6, jonka teht\u00e4v\u00e4n\u00e4 on edist\u00e4\u00e4 teknologian tutkimusta. Yhteis\u00f6n vuosittainen t\u00e4rkein tapaaminen on PATT-konferenssi, joka ker\u00e4\u00e4 yhteen teknologiakasvatuksen tutkijat, tekij\u00e4t ja opettajat ymp\u00e4ri maailman. PATT-konferenssin ja toiminnan taustayhteis\u00f6n\u00e4 toimii<a href=\"https:\/\/www.iteea.org\/\"> ITEEA International Technology and Engineering Educators Association<\/a> \u2013j\u00e4rjest\u00f6, joka edustaa 35000 teknologiaopetuksen parissa toimivaa henkil\u00f6\u00e4 ymp\u00e4ri maailman. ITEEA:n tavoitteena on ammatillisena j\u00e4rjest\u00f6n\u00e4 edist\u00e4\u00e4 teknologista lukutaitoa tukemalla teknologian opetusta ja kehitt\u00e4m\u00e4ll\u00e4 alan osaajien ammattitaitoa. <a href=\"https:\/\/www.mun.ca\/meet\/events\/patt39\/\">PATT39<\/a>-konferenssi j\u00e4rjestet\u00e4\u00e4n Newfoundlandissa, Kanadassa, vuonna 2022. Aiempia PATT-konferensseja: <a href=\"https:\/\/www.um.edu.mt\/events\/patt2019\">PATT37<\/a>-konferenssi Maltalla 2019 ja <a href=\"http:\/\/terg.ie\/index.php\/patt36-conference\/\">PATT36<\/a>-konferenssi Athlonessa, Irlannissa, 2018.<\/p>\n<p style=\"text-align: center\"><strong>PATT38-KONFERENSSI \u2013 Ensimm\u00e4ist\u00e4 kertaa Suomessa is\u00e4nn\u00f6ity PATT-konferenssi<\/strong><\/p>\n<p style=\"text-align: center\">Vuoden 2021 PATT-konferenssi, joka oli j\u00e4rjestyksess\u00e4\u00e4n yhteis\u00f6n 38. kokoontuminen, j\u00e4rjestettiin <a href=\"https:\/\/www.utu.fi\/fi\">Turun yliopiston<\/a> <a href=\"https:\/\/www.utu.fi\/fi\/yliopisto\/rauman-kampus\">Rauman kampukselta<\/a> \u2013 konferenssi toteutettiin kokonaisuudessaan et\u00e4yhteydell\u00e4. PATT38-konferenssi kokosi yhteen noin 200 alan kansainv\u00e4list\u00e4 ammattilaista, is\u00e4nn\u00f6iv\u00e4n yliopiston v\u00e4ke\u00e4 ja suomalaisia opettajia. Konferenssin p\u00e4\u00e4kielen\u00e4 toimi englanti: osallistujia oli yhteens\u00e4 19 maasta ja 45 yliopistosta. Konferenssin sis\u00e4lt\u00f6 koostui is\u00e4nn\u00f6iv\u00e4n yliopiston paikallisesta ohjelmasta, ajankohtaisista puheenvuoroista ja vertaisarvioiduista konferenssiartikkeleista alan tuoreimpaa tutkimusta. \u00a0Konferenssissa esitelt\u00e4v\u00e4ss\u00e4 tutkimuksessa perehdyttiin muun muassa k\u00e4sity\u00f6- ja teknologiakasvatuksen merkitykseen, muotoiluun ja teknologiaan opetuksessa sek\u00e4 arviointiin teknologia- ja muotoilukasvatuksessa. Konferenssissa p\u00e4\u00e4stiin kuulemaan oppimisprojekteista ja tapaustutkimuksista, oppimisymp\u00e4rist\u00f6ist\u00e4 toiminnan mahdollistajina sek\u00e4 <a href=\"https:\/\/www.kasityokasvatus.utu.fi\/\">k\u00e4sity\u00f6kasvatuksen<\/a> opettajankoulutuksesta.<\/p>\n<p style=\"text-align: center\"><strong>Teknologia k\u00e4siss\u00e4mme \u2013 Kekseli\u00e4s pedagogiikka &amp; kunnianhimoinen opettajankoulutus<\/strong><\/p>\n<p style=\"text-align: center\">PATT38-konferenssin teemana oli Teknologia k\u00e4siss\u00e4mme \u2013 kekseli\u00e4s pedagogiikka ja kunnianhimoinen opettajankoulutus. T\u00e4m\u00e4 korostaa n\u00e4kemyst\u00e4 ihmisen kognition pohjautumisesta perimmilt\u00e4\u00e4n keholliseen kokemukseen. Teknologiakasvatuksessa t\u00e4m\u00e4 tarkoittaa fyysisten esineiden, kokemusten ja toimintojen merkityksen tunnustamista teknologian luomisessa ja soveltamisessa. Korkeatasoisen teknologiakasvatuksen edellytys on kunniahimoinen opettajankoulutus. Konferenssivieraat p\u00e4\u00e4siv\u00e4t tutustumaan suomalaiseen kouluj\u00e4rjestelm\u00e4\u00e4n, opettajankoulutukseen ja <a href=\"https:\/\/www.kasityokasvatus.utu.fi\/\">k\u00e4sity\u00f6kasvatukseen<\/a>, opetusrobotiikan k\u00e4ytt\u00f6\u00f6n oppimisymp\u00e4rist\u00f6n\u00e4 sek\u00e4 <a href=\"https:\/\/www.utu.fi\/fi\/yliopisto\/rauman-kampus\">Rauman kampuksen<\/a> opetustiloihin <a href=\"https:\/\/sites.utu.fi\/rnk\/\">Rauman normaalikoulussa<\/a> ja Teknikalla.<\/p>\n<p style=\"text-align: center\"><strong>OL NIINGON GOTONAS! Toimikunnat &amp; yhteisty\u00f6kumppanit<\/strong><\/p>\n<p style=\"text-align: center\">PATT38-konferenssin johtajana toimi k\u00e4sity\u00f6kasvatuksen professori <a href=\"https:\/\/blogit.utu.fi\/patt38\/wp-content\/uploads\/sites\/458\/2021\/04\/Jarjestely_esittely_Eila.jpg\">Eila Lindfors<\/a> Turun yliopiston Rauman kampukselta. Konferenssin k\u00e4yt\u00e4nn\u00f6nj\u00e4rjestelyist\u00e4 vastasi j\u00e4rjestelytoimikunta, jossa on mukana <a href=\"https:\/\/www.kasityokasvatus.utu.fi\/\">k\u00e4sity\u00f6kasvatuksen<\/a> tieteenalan henkil\u00f6kuntaa ja opiskelijoita <a href=\"https:\/\/www.utu.fi\/fi\/yliopisto\/rauman-kampus\">Rauman kampukselta<\/a>. Konferenssin tieteellinen toimikunta vastasi konferenssin tieteellisen ohjelman sis\u00e4ll\u00f6st\u00e4 sek\u00e4 sen kautta julkaistavista vertaisarvioiduista artikkeleista. Tapahtuman muina yhteisty\u00f6kumppaneina toimivat muiden muassa <a href=\"https:\/\/www.tsv.fi\/fi\">Tieteellisten seurain valtuuskunta<\/a>, <a href=\"https:\/\/www.rauma.fi\/\">Rauman kaupunki<\/a> ja <a href=\"https:\/\/www.riihimaki.fi\/\">Riihim\u00e4en kaupunki<\/a>.<\/p>\n<p><a href=\"https:\/\/www.utu.fi\/fi\"><img decoding=\"async\" class=\"alignnone wp-image-4455 lazyload\" data-src=\"https:\/\/blogit.utu.fi\/patt38\/wp-content\/uploads\/sites\/458\/2021\/04\/UTU_logo_RGB_EN-300x111.jpg\" alt=\"\" width=\"161\" height=\"59\" data-srcset=\"https:\/\/blogit.utu.fi\/patt38\/wp-content\/uploads\/sites\/458\/2021\/04\/UTU_logo_RGB_EN-300x111.jpg 300w, https:\/\/blogit.utu.fi\/patt38\/wp-content\/uploads\/sites\/458\/2021\/04\/UTU_logo_RGB_EN-1024x380.jpg 1024w, https:\/\/blogit.utu.fi\/patt38\/wp-content\/uploads\/sites\/458\/2021\/04\/UTU_logo_RGB_EN-768x285.jpg 768w, https:\/\/blogit.utu.fi\/patt38\/wp-content\/uploads\/sites\/458\/2021\/04\/UTU_logo_RGB_EN-700x260.jpg 700w, https:\/\/blogit.utu.fi\/patt38\/wp-content\/uploads\/sites\/458\/2021\/04\/UTU_logo_RGB_EN-410x152.jpg 410w, https:\/\/blogit.utu.fi\/patt38\/wp-content\/uploads\/sites\/458\/2021\/04\/UTU_logo_RGB_EN-100x37.jpg 100w, https:\/\/blogit.utu.fi\/patt38\/wp-content\/uploads\/sites\/458\/2021\/04\/UTU_logo_RGB_EN-275x102.jpg 275w, https:\/\/blogit.utu.fi\/patt38\/wp-content\/uploads\/sites\/458\/2021\/04\/UTU_logo_RGB_EN.jpg 1348w\" data-sizes=\"(max-width: 161px) 100vw, 161px\" src=\"data:image\/svg+xml;base64,PHN2ZyB3aWR0aD0iMSIgaGVpZ2h0PSIxIiB4bWxucz0iaHR0cDovL3d3dy53My5vcmcvMjAwMC9zdmciPjwvc3ZnPg==\" style=\"--smush-placeholder-width: 161px; --smush-placeholder-aspect-ratio: 161\/59;\" \/><\/a><a href=\"https:\/\/www.tsv.fi\/fi\"><img decoding=\"async\" class=\"wp-image-4458 alignnone lazyload\" data-src=\"https:\/\/blogit.utu.fi\/patt38\/wp-content\/uploads\/sites\/458\/2021\/04\/logo1-300x118.png\" alt=\"\" width=\"169\" height=\"66\" data-srcset=\"https:\/\/blogit.utu.fi\/patt38\/wp-content\/uploads\/sites\/458\/2021\/04\/logo1-300x118.png 300w, https:\/\/blogit.utu.fi\/patt38\/wp-content\/uploads\/sites\/458\/2021\/04\/logo1-1024x404.png 1024w, https:\/\/blogit.utu.fi\/patt38\/wp-content\/uploads\/sites\/458\/2021\/04\/logo1-768x303.png 768w, https:\/\/blogit.utu.fi\/patt38\/wp-content\/uploads\/sites\/458\/2021\/04\/logo1-1536x607.png 1536w, https:\/\/blogit.utu.fi\/patt38\/wp-content\/uploads\/sites\/458\/2021\/04\/logo1-700x276.png 700w, https:\/\/blogit.utu.fi\/patt38\/wp-content\/uploads\/sites\/458\/2021\/04\/logo1-410x162.png 410w, https:\/\/blogit.utu.fi\/patt38\/wp-content\/uploads\/sites\/458\/2021\/04\/logo1-100x39.png 100w, https:\/\/blogit.utu.fi\/patt38\/wp-content\/uploads\/sites\/458\/2021\/04\/logo1-275x109.png 275w, https:\/\/blogit.utu.fi\/patt38\/wp-content\/uploads\/sites\/458\/2021\/04\/logo1.png 2036w\" data-sizes=\"(max-width: 169px) 100vw, 169px\" src=\"data:image\/svg+xml;base64,PHN2ZyB3aWR0aD0iMSIgaGVpZ2h0PSIxIiB4bWxucz0iaHR0cDovL3d3dy53My5vcmcvMjAwMC9zdmciPjwvc3ZnPg==\" style=\"--smush-placeholder-width: 169px; --smush-placeholder-aspect-ratio: 169\/66;\" \/><\/a><a href=\"https:\/\/sites.utu.fi\/rnk\/\"><img decoding=\"async\" class=\"alignnone wp-image-4479 lazyload\" data-src=\"https:\/\/blogit.utu.fi\/patt38\/wp-content\/uploads\/sites\/458\/2021\/04\/logo-2019-et57-e1575880118620.png\" alt=\"\" width=\"89\" height=\"93\" data-srcset=\"https:\/\/blogit.utu.fi\/patt38\/wp-content\/uploads\/sites\/458\/2021\/04\/logo-2019-et57-e1575880118620.png 140w, https:\/\/blogit.utu.fi\/patt38\/wp-content\/uploads\/sites\/458\/2021\/04\/logo-2019-et57-e1575880118620-100x105.png 100w\" data-sizes=\"(max-width: 89px) 100vw, 89px\" src=\"data:image\/svg+xml;base64,PHN2ZyB3aWR0aD0iMSIgaGVpZ2h0PSIxIiB4bWxucz0iaHR0cDovL3d3dy53My5vcmcvMjAwMC9zdmciPjwvc3ZnPg==\" style=\"--smush-placeholder-width: 89px; --smush-placeholder-aspect-ratio: 89\/93;\" \/><\/a>\u00a0 \u00a0<a href=\"https:\/\/www.riihimaki.fi\/\"><img decoding=\"async\" class=\"wp-image-4461 alignnone lazyload\" data-src=\"https:\/\/blogit.utu.fi\/patt38\/wp-content\/uploads\/sites\/458\/2021\/04\/logo2-300x127.png\" alt=\"\" width=\"141\" height=\"59\" data-srcset=\"https:\/\/blogit.utu.fi\/patt38\/wp-content\/uploads\/sites\/458\/2021\/04\/logo2-300x127.png 300w, https:\/\/blogit.utu.fi\/patt38\/wp-content\/uploads\/sites\/458\/2021\/04\/logo2-410x174.png 410w, https:\/\/blogit.utu.fi\/patt38\/wp-content\/uploads\/sites\/458\/2021\/04\/logo2-100x42.png 100w, https:\/\/blogit.utu.fi\/patt38\/wp-content\/uploads\/sites\/458\/2021\/04\/logo2-275x117.png 275w, https:\/\/blogit.utu.fi\/patt38\/wp-content\/uploads\/sites\/458\/2021\/04\/logo2.png 570w\" data-sizes=\"(max-width: 141px) 100vw, 141px\" src=\"data:image\/svg+xml;base64,PHN2ZyB3aWR0aD0iMSIgaGVpZ2h0PSIxIiB4bWxucz0iaHR0cDovL3d3dy53My5vcmcvMjAwMC9zdmciPjwvc3ZnPg==\" style=\"--smush-placeholder-width: 141px; --smush-placeholder-aspect-ratio: 141\/59;\" \/><\/a> <a href=\"https:\/\/www.rauma.fi\/\"><img decoding=\"async\" class=\"wp-image-4464 alignnone lazyload\" data-src=\"https:\/\/blogit.utu.fi\/patt38\/wp-content\/uploads\/sites\/458\/2021\/04\/Rauma_logo_RGB_0114-768x256-1-300x100.jpg\" alt=\"\" width=\"150\" height=\"50\" data-srcset=\"https:\/\/blogit.utu.fi\/patt38\/wp-content\/uploads\/sites\/458\/2021\/04\/Rauma_logo_RGB_0114-768x256-1-300x100.jpg 300w, https:\/\/blogit.utu.fi\/patt38\/wp-content\/uploads\/sites\/458\/2021\/04\/Rauma_logo_RGB_0114-768x256-1-700x233.jpg 700w, https:\/\/blogit.utu.fi\/patt38\/wp-content\/uploads\/sites\/458\/2021\/04\/Rauma_logo_RGB_0114-768x256-1-410x137.jpg 410w, https:\/\/blogit.utu.fi\/patt38\/wp-content\/uploads\/sites\/458\/2021\/04\/Rauma_logo_RGB_0114-768x256-1-100x33.jpg 100w, https:\/\/blogit.utu.fi\/patt38\/wp-content\/uploads\/sites\/458\/2021\/04\/Rauma_logo_RGB_0114-768x256-1-275x92.jpg 275w, https:\/\/blogit.utu.fi\/patt38\/wp-content\/uploads\/sites\/458\/2021\/04\/Rauma_logo_RGB_0114-768x256-1.jpg 768w\" data-sizes=\"(max-width: 150px) 100vw, 150px\" src=\"data:image\/svg+xml;base64,PHN2ZyB3aWR0aD0iMSIgaGVpZ2h0PSIxIiB4bWxucz0iaHR0cDovL3d3dy53My5vcmcvMjAwMC9zdmciPjwvc3ZnPg==\" style=\"--smush-placeholder-width: 150px; --smush-placeholder-aspect-ratio: 150\/50;\" \/><\/a><\/p>\n<p>&nbsp;<\/p>\nFollow:      <a class=\"synved-social-button synved-social-button-follow synved-social-size-48 synved-social-resolution-single synved-social-provider-facebook nolightbox\" data-provider=\"facebook\" target=\"_blank\" rel=\"nofollow\" title=\"Follow PATT38 on Facebook\" href=\"https:\/\/www.facebook.com\/pg\/Patt38-107842510819866\/posts\/\" style=\"font-size: 0px;width:48px;height:48px;margin:0;margin-bottom:10px;margin-right:10px\"><img decoding=\"async\" alt=\"Facebook\" title=\"Follow PATT38 on Facebook\" class=\"synved-share-image synved-social-image synved-social-image-follow lazyload\" width=\"48\" height=\"48\" style=\"--smush-placeholder-width: 48px; --smush-placeholder-aspect-ratio: 48\/48;display: inline;width:48px;height:48px;margin: 0;padding: 0;border: none;box-shadow: none\" data-src=\"https:\/\/blogit.utu.fi\/patt38\/wp-content\/plugins\/social-media-feather\/synved-social\/image\/social\/regular\/96x96\/facebook.png\" src=\"data:image\/svg+xml;base64,PHN2ZyB3aWR0aD0iMSIgaGVpZ2h0PSIxIiB4bWxucz0iaHR0cDovL3d3dy53My5vcmcvMjAwMC9zdmciPjwvc3ZnPg==\" \/><\/a><a class=\"synved-social-button synved-social-button-follow synved-social-size-48 synved-social-resolution-single synved-social-provider-twitter nolightbox\" data-provider=\"twitter\" target=\"_blank\" rel=\"nofollow\" title=\"Follow PATT38 on Twitter\" href=\"https:\/\/twitter.com\/PATT381\" style=\"font-size: 0px;width:48px;height:48px;margin:0;margin-bottom:10px;margin-right:10px\"><img decoding=\"async\" alt=\"twitter\" title=\"Follow PATT38 on Twitter\" class=\"synved-share-image synved-social-image synved-social-image-follow lazyload\" width=\"48\" height=\"48\" style=\"--smush-placeholder-width: 48px; --smush-placeholder-aspect-ratio: 48\/48;display: inline;width:48px;height:48px;margin: 0;padding: 0;border: none;box-shadow: none\" data-src=\"https:\/\/blogit.utu.fi\/patt38\/wp-content\/plugins\/social-media-feather\/synved-social\/image\/social\/regular\/96x96\/twitter.png\" src=\"data:image\/svg+xml;base64,PHN2ZyB3aWR0aD0iMSIgaGVpZ2h0PSIxIiB4bWxucz0iaHR0cDovL3d3dy53My5vcmcvMjAwMC9zdmciPjwvc3ZnPg==\" \/><\/a><a class=\"synved-social-button synved-social-button-follow synved-social-size-48 synved-social-resolution-single synved-social-provider-instagram nolightbox\" data-provider=\"instagram\" target=\"_blank\" rel=\"nofollow\" title=\"Follow PATT38 on Instagram\" href=\"https:\/\/www.instagram.com\/patt38conference\/\" style=\"font-size: 0px;width:48px;height:48px;margin:0;margin-bottom:10px\"><img decoding=\"async\" alt=\"instagram\" title=\"Follow PATT38 on Instagram\" class=\"synved-share-image synved-social-image synved-social-image-follow lazyload\" width=\"48\" height=\"48\" style=\"--smush-placeholder-width: 48px; --smush-placeholder-aspect-ratio: 48\/48;display: inline;width:48px;height:48px;margin: 0;padding: 0;border: none;box-shadow: none\" data-src=\"https:\/\/blogit.utu.fi\/patt38\/wp-content\/plugins\/social-media-feather\/synved-social\/image\/social\/regular\/96x96\/instagram.png\" src=\"data:image\/svg+xml;base64,PHN2ZyB3aWR0aD0iMSIgaGVpZ2h0PSIxIiB4bWxucz0iaHR0cDovL3d3dy53My5vcmcvMjAwMC9zdmciPjwvc3ZnPg==\" \/><\/a>","protected":false},"excerpt":{"rendered":"<p>PATT38: Raumalta 27. \u2013 30. huhtikuuta 2021 **PATT38 Pupils\u2019 Attitudes Toward Technology -konferenssi Raumalta** **Teknologia k\u00e4siss\u00e4mme. Kekseli\u00e4s pedagogiikka ja kunnianhimoinen opettajankoulutus.** &nbsp; Kiitos osallistumisesta 38. Pupils\u2019 Attitudes Toward Technology -konferenssiin jota is\u00e4nn\u00f6i Turun yliopisto! PATT kokoaa yhteen teknologiakasvatuksen parissa toimivia tutkijoita, tekij\u00f6it\u00e4 ja kasvattajia. Se on alansa merkitt\u00e4vimpi\u00e4 tapahtumia. PATT38-konferenssin ohjelmassa oli sek\u00e4 Turun yliopiston [&hellip;]<\/p>\n","protected":false},"author":20343,"featured_media":0,"parent":0,"menu_order":11,"comment_status":"closed","ping_status":"closed","template":"","meta":{"_acf_changed":false,"footnotes":""},"class_list":["post-143","page","type-page","status-publish","hentry"],"acf":[],"_links":{"self":[{"href":"https:\/\/blogit.utu.fi\/patt38\/wp-json\/wp\/v2\/pages\/143","targetHints":{"allow":["GET"]}}],"collection":[{"href":"https:\/\/blogit.utu.fi\/patt38\/wp-json\/wp\/v2\/pages"}],"about":[{"href":"https:\/\/blogit.utu.fi\/patt38\/wp-json\/wp\/v2\/types\/page"}],"author":[{"embeddable":true,"href":"https:\/\/blogit.utu.fi\/patt38\/wp-json\/wp\/v2\/users\/20343"}],"replies":[{"embeddable":true,"href":"https:\/\/blogit.utu.fi\/patt38\/wp-json\/wp\/v2\/comments?post=143"}],"version-history":[{"count":77,"href":"https:\/\/blogit.utu.fi\/patt38\/wp-json\/wp\/v2\/pages\/143\/revisions"}],"predecessor-version":[{"id":5489,"href":"https:\/\/blogit.utu.fi\/patt38\/wp-json\/wp\/v2\/pages\/143\/revisions\/5489"}],"wp:attachment":[{"href":"https:\/\/blogit.utu.fi\/patt38\/wp-json\/wp\/v2\/media?parent=143"}],"curies":[{"name":"wp","href":"https:\/\/api.w.org\/{rel}","templated":true}]}}