{"id":1638,"date":"2020-10-10T20:21:49","date_gmt":"2020-10-10T18:21:49","guid":{"rendered":"https:\/\/blogit.utu.fi\/patt38\/?page_id=1638"},"modified":"2021-05-08T16:40:32","modified_gmt":"2021-05-08T14:40:32","slug":"ohjelma","status":"publish","type":"page","link":"https:\/\/blogit.utu.fi\/patt38\/ohjelma\/","title":{"rendered":"OHJELMA"},"content":{"rendered":"<p>&nbsp;<\/p>\n<p><strong>Rinnakkaisistuntojen tiedot ja muiden ohjelmanumeroiden tarkemmat sis\u00e4ll\u00f6t l\u00f6yd\u00e4t <a href=\"https:\/\/blogit.utu.fi\/patt38\/en\/programme\/\">englanninkieliselt\u00e4 Ohjelma-sivulta<\/a>.<br \/>\n<\/strong>Konferenssi pidettiin kokonaisuudessaan <a href=\"https:\/\/zoom.us\/\">Zoomin<\/a> v\u00e4lityksell\u00e4.<\/p>\n<p>&nbsp;<\/p>\n<p><strong>OHJELMA ON AJASSA UTC+03:00 (SUOMEN KES\u00c4AIKA) (<a href=\"https:\/\/seafile.utu.fi\/f\/40f46cddc20e49dca809\/?dl=1\">Lataa<\/a> ohjelma .ics tiedostona kalenteriisi. (ENG))<\/strong><\/p>\n<table style=\"width: 79.5858%\" width=\"699\">\n<tbody>\n<tr>\n<td style=\"width: 19.3817%\" width=\"140\"><strong>PATT38 OHJELMA<\/strong><\/td>\n<td style=\"width: 19.9247%\" width=\"140\"><strong>Tiistai 27. huhtikuuta<\/strong><\/td>\n<td style=\"width: 21.7197%\" width=\"140\"><strong>Keskiviikko 28. huhtikuuta<\/strong><\/td>\n<td style=\"width: 20.112%\" width=\"140\"><strong>Torstai 29. huhtikuuta<\/strong><\/td>\n<td style=\"width: 80.6765%\" width=\"140\">\u00a0<strong>Perjantai\u00a0 30. huhtikuuta<\/strong><\/td>\n<\/tr>\n<tr>\n<td style=\"width: 19.3817%\" rowspan=\"2\" width=\"140\"><strong>klo 13:00 \u00ad<br \/>\n\u2013 14:00<br \/>\n(UTC+03:00)<\/strong><\/td>\n<td style=\"width: 19.9247%\" rowspan=\"2\" width=\"140\"><strong>Konferenssi-info<\/strong><\/td>\n<td style=\"width: 21.7197%\" rowspan=\"3\" width=\"140\"><strong>Luento<br \/>\n+ kysymyksi\u00e4 ja keskustelua:<br \/>\n<\/strong>Johdanto suomalaiseen koulutusj\u00e4rjestelm\u00e4\u00e4n, opettajankoulutukseen ja k\u00e4sity\u00f6nopetukseen<br \/>\n(klo 13:00 \u2013 14:30)<\/td>\n<td style=\"width: 20.112%\" width=\"140\"><strong>Esittelyss\u00e4 Rauman normaalikoulu<br \/>\n+ kysymyksi\u00e4 ja keskustelua<br \/>\n<\/strong>(klo 13:00 \u2013 13:50)<\/td>\n<td style=\"width: 80.6765%\" rowspan=\"6\" width=\"140\"><strong>Tutkimus- ja kehitt\u00e4misprojektien esittely<br \/>\n<\/strong>(klo 13:00 \u2013 15:00)<\/td>\n<\/tr>\n<tr>\n<td style=\"width: 20.112%\" width=\"140\"><strong>Tauko<br \/>\n<\/strong>(klo 13:50 \u2013 14:00)<\/td>\n<\/tr>\n<tr>\n<td style=\"width: 19.3817%\" rowspan=\"5\" width=\"140\"><strong>klo 14:00<br \/>\n\u00ad\u2013 16:00<br \/>\n(UTC+03:00)<\/strong><\/td>\n<td style=\"width: 19.9247%\" rowspan=\"5\" width=\"140\"><strong>Konferenssin avaaminen<\/strong><\/td>\n<td style=\"width: 20.112%\" rowspan=\"2\" width=\"140\"><strong>Esittelyss\u00e4 k\u00e4sity\u00f6nopettajan koulutus<br \/>\n+ kysymyksi\u00e4 ja keskustelua<br \/>\n<\/strong>(klo 14:00 \u2013 15:00)<\/td>\n<\/tr>\n<tr>\n<td style=\"width: 21.7197%\" width=\"140\"><strong>Verryttelytuokio 1<br \/>\n<\/strong>(klo 14:30 \u2013 14:45)<\/td>\n<\/tr>\n<tr>\n<td style=\"width: 21.7197%\" rowspan=\"3\" width=\"140\"><strong>Robotiikan opetus esitt\u00e4ytyy<br \/>\n<\/strong>(klo 14:45 \u2013 16:00)<\/td>\n<td style=\"width: 20.112%\" width=\"140\"><strong>Verryttelytuokio 2<br \/>\n<\/strong>(klo 15:00 \u2013 15:15)<\/td>\n<\/tr>\n<tr>\n<td style=\"width: 20.112%\" rowspan=\"2\" width=\"140\"><strong>Esittelyss\u00e4 PATT38 konferenssin julkaisujen teemanumerot<br \/>\n<\/strong>(klo 15:15 \u2013 16:00)<\/td>\n<\/tr>\n<tr>\n<td style=\"width: 80.6765%\" width=\"140\"><strong>Konferenssin p\u00e4\u00e4tt\u00e4minen<br \/>\n<\/strong>(klo 15:00 \u2013 16:00)<\/td>\n<\/tr>\n<tr>\n<td style=\"width: 19.3817%\" width=\"140\"><strong>klo 16:00 \u00ad<br \/>\n\u2013 17:00<br \/>\n(UTC+03:00)<\/strong><\/td>\n<td style=\"width: 19.9247%\" width=\"140\"><strong>Lounastauko<\/strong><\/td>\n<td style=\"width: 21.7197%\" width=\"140\"><strong>Lounastauko<\/strong><\/td>\n<td style=\"width: 20.112%\" width=\"140\"><strong>Lounastauko<\/strong><\/td>\n<td style=\"width: 80.6765%\" width=\"140\"><strong>Lounastauko<\/strong><\/td>\n<\/tr>\n<tr>\n<td style=\"width: 19.3817%\" width=\"140\"><strong>klo 17:00 \u00ad<br \/>\n\u2013 18:30<br \/>\n(UTC+03:00)<\/strong><\/td>\n<td style=\"width: 19.9247%\" width=\"140\"><strong>Rinnakkaisistunnot<\/strong><br \/>\nS1, S2, S3<\/td>\n<td style=\"width: 21.7197%\" width=\"140\"><strong>Rinnakkaisistunnot<br \/>\n<\/strong>S7, S8, S9<\/td>\n<td style=\"width: 20.112%\" width=\"140\"><strong>Rinnakkaisistunnot<br \/>\n<\/strong>S13, S14, S15<\/td>\n<td style=\"width: 80.6765%\" width=\"140\"><strong>Ty\u00f6paja design-oppimisen tekemisest\u00e4 n\u00e4kyv\u00e4ksi<\/strong><strong><br \/>\n<\/strong>Formatiivinen arviointi k\u00e4sity\u00f6kasvatuksessa<\/td>\n<\/tr>\n<tr>\n<td style=\"width: 19.3817%\" width=\"140\"><strong>klo 18:30<br \/>\n\u00ad\u2013 19:00<br \/>\n(UTC+03:00)<\/strong><\/td>\n<td style=\"width: 19.9247%\" width=\"140\"><strong>Tauko virvokkeille ja musiikille<\/strong><\/td>\n<td style=\"width: 21.7197%\" width=\"140\"><strong>Tauko virvokkeille ja musiikille<\/strong><\/td>\n<td style=\"width: 20.112%\" width=\"140\"><strong>Tauko virvokkeille ja musiikille<\/strong><\/td>\n<td style=\"width: 80.6765%\" rowspan=\"2\" width=\"140\"><\/td>\n<\/tr>\n<tr>\n<td style=\"width: 19.3817%\" width=\"140\"><strong>klo 19:00 \u00ad<br \/>\n\u2013 21:00<br \/>\n(UTC+03:00)<\/strong><\/td>\n<td style=\"width: 19.9247%\" width=\"140\"><strong>Rinnakkaisistunnot<br \/>\n<\/strong>S4, S5, S6<\/td>\n<td style=\"width: 21.7197%\" width=\"140\"><strong>Rinnakkaisistunnot<br \/>\n<\/strong>S10, S11, S12<\/td>\n<td style=\"width: 20.112%\" width=\"140\"><strong>Rinnakkaisistunnot<br \/>\n<\/strong>S16, S17<\/td>\n<\/tr>\n<\/tbody>\n<\/table>\n<p>&nbsp;<\/p>\n<p>Taukoja lyhyill\u00e4 ja kevyill\u00e4 verryttelytuokioilla h\u00f6ystettyn\u00e4 tarjottiin tukemaan osallistujien hyvinvointia. N\u00e4it\u00e4 taukoja varten saimme Rauman normaalikoulun liikunnanopettajilta kaksi erinomaista treenivideota. Videot esitettiin kahdella verryttelytuokiotauolla ja ne ottivat huomioon erilaiset liikkujat, jotta harjoitteista olisi hy\u00f6ty\u00e4 mahdollisimman monelle.<\/p>\n<p>Kahvihuoneet Zoomissa ja Wonderissa tarjosivat tilaisuuden keskustelulle niin vanhojen kuin uusien kollegoiden kanssa. <strong>Wonderissa voit my\u00f6s k\u00e4yd\u00e4 keskustelua muiden konferenssivieraiden kanssa my\u00f6s konferenssin j\u00e4lkeen. Linkki Wonderiin l\u00f6ytyy Konferenssioppaasta ja Linktreest\u00e4 sensitiivisten linkkien alta (salasana l\u00e4hetetty rekister\u00f6ityneille s\u00e4hk\u00f6postilla).<\/strong> Wonderissa keskusteluryhm\u00e4t muodostuvat orgaanisesti virtuaalisessa tilassa.<\/p>\n<p>Musiikinopetuksesta suomalaisissa kouluissa ja sen historiasta kertovaa videota esitettiin jollakin tauoilla sille varatussa breakout roomissa. T\u00e4m\u00e4n videon, otsikolla <em>History of Music in Finnish school system,<\/em> tuotti Semppu Ensemble ry, joka on Turun yliopiston Rauman kampuksen opiskelijoiden musiikkiin keskittyv\u00e4 harrastej\u00e4rjest\u00f6.<\/p>\n<p>&nbsp;<\/p>\nFollow:      <a class=\"synved-social-button synved-social-button-follow synved-social-size-48 synved-social-resolution-single synved-social-provider-facebook nolightbox\" data-provider=\"facebook\" target=\"_blank\" rel=\"nofollow\" title=\"Follow PATT38 on Facebook\" href=\"https:\/\/www.facebook.com\/pg\/Patt38-107842510819866\/posts\/\" style=\"font-size: 0px;width:48px;height:48px;margin:0;margin-bottom:10px;margin-right:10px\"><img decoding=\"async\" alt=\"Facebook\" title=\"Follow PATT38 on Facebook\" class=\"synved-share-image synved-social-image synved-social-image-follow lazyload\" width=\"48\" height=\"48\" style=\"--smush-placeholder-width: 48px; --smush-placeholder-aspect-ratio: 48\/48;display: inline;width:48px;height:48px;margin: 0;padding: 0;border: none;box-shadow: none\" data-src=\"https:\/\/blogit.utu.fi\/patt38\/wp-content\/plugins\/social-media-feather\/synved-social\/image\/social\/regular\/96x96\/facebook.png\" src=\"data:image\/svg+xml;base64,PHN2ZyB3aWR0aD0iMSIgaGVpZ2h0PSIxIiB4bWxucz0iaHR0cDovL3d3dy53My5vcmcvMjAwMC9zdmciPjwvc3ZnPg==\" \/><\/a><a class=\"synved-social-button synved-social-button-follow synved-social-size-48 synved-social-resolution-single synved-social-provider-twitter nolightbox\" data-provider=\"twitter\" target=\"_blank\" rel=\"nofollow\" title=\"Follow PATT38 on Twitter\" href=\"https:\/\/twitter.com\/PATT381\" style=\"font-size: 0px;width:48px;height:48px;margin:0;margin-bottom:10px;margin-right:10px\"><img decoding=\"async\" alt=\"twitter\" title=\"Follow PATT38 on Twitter\" class=\"synved-share-image synved-social-image synved-social-image-follow lazyload\" width=\"48\" height=\"48\" style=\"--smush-placeholder-width: 48px; --smush-placeholder-aspect-ratio: 48\/48;display: inline;width:48px;height:48px;margin: 0;padding: 0;border: none;box-shadow: none\" data-src=\"https:\/\/blogit.utu.fi\/patt38\/wp-content\/plugins\/social-media-feather\/synved-social\/image\/social\/regular\/96x96\/twitter.png\" src=\"data:image\/svg+xml;base64,PHN2ZyB3aWR0aD0iMSIgaGVpZ2h0PSIxIiB4bWxucz0iaHR0cDovL3d3dy53My5vcmcvMjAwMC9zdmciPjwvc3ZnPg==\" \/><\/a><a class=\"synved-social-button synved-social-button-follow synved-social-size-48 synved-social-resolution-single synved-social-provider-instagram nolightbox\" data-provider=\"instagram\" target=\"_blank\" rel=\"nofollow\" title=\"Follow PATT38 on Instagram\" href=\"https:\/\/www.instagram.com\/patt38conference\/\" style=\"font-size: 0px;width:48px;height:48px;margin:0;margin-bottom:10px\"><img decoding=\"async\" alt=\"instagram\" title=\"Follow PATT38 on Instagram\" class=\"synved-share-image synved-social-image synved-social-image-follow lazyload\" width=\"48\" height=\"48\" style=\"--smush-placeholder-width: 48px; --smush-placeholder-aspect-ratio: 48\/48;display: inline;width:48px;height:48px;margin: 0;padding: 0;border: none;box-shadow: none\" data-src=\"https:\/\/blogit.utu.fi\/patt38\/wp-content\/plugins\/social-media-feather\/synved-social\/image\/social\/regular\/96x96\/instagram.png\" src=\"data:image\/svg+xml;base64,PHN2ZyB3aWR0aD0iMSIgaGVpZ2h0PSIxIiB4bWxucz0iaHR0cDovL3d3dy53My5vcmcvMjAwMC9zdmciPjwvc3ZnPg==\" \/><\/a>","protected":false},"excerpt":{"rendered":"<p>&nbsp; Rinnakkaisistuntojen tiedot ja muiden ohjelmanumeroiden tarkemmat sis\u00e4ll\u00f6t l\u00f6yd\u00e4t englanninkieliselt\u00e4 Ohjelma-sivulta. Konferenssi pidettiin kokonaisuudessaan Zoomin v\u00e4lityksell\u00e4. &nbsp; OHJELMA ON AJASSA UTC+03:00 (SUOMEN KES\u00c4AIKA) (Lataa ohjelma .ics tiedostona kalenteriisi. (ENG)) PATT38 OHJELMA Tiistai 27. huhtikuuta Keskiviikko 28. huhtikuuta Torstai 29. huhtikuuta \u00a0Perjantai\u00a0 30. huhtikuuta klo 13:00 \u00ad \u2013 14:00 (UTC+03:00) Konferenssi-info Luento + kysymyksi\u00e4 ja keskustelua: [&hellip;]<\/p>\n","protected":false},"author":20754,"featured_media":0,"parent":0,"menu_order":2,"comment_status":"closed","ping_status":"closed","template":"","meta":{"_acf_changed":false,"footnotes":""},"class_list":["post-1638","page","type-page","status-publish","hentry"],"acf":[],"_links":{"self":[{"href":"https:\/\/blogit.utu.fi\/patt38\/wp-json\/wp\/v2\/pages\/1638","targetHints":{"allow":["GET"]}}],"collection":[{"href":"https:\/\/blogit.utu.fi\/patt38\/wp-json\/wp\/v2\/pages"}],"about":[{"href":"https:\/\/blogit.utu.fi\/patt38\/wp-json\/wp\/v2\/types\/page"}],"author":[{"embeddable":true,"href":"https:\/\/blogit.utu.fi\/patt38\/wp-json\/wp\/v2\/users\/20754"}],"replies":[{"embeddable":true,"href":"https:\/\/blogit.utu.fi\/patt38\/wp-json\/wp\/v2\/comments?post=1638"}],"version-history":[{"count":79,"href":"https:\/\/blogit.utu.fi\/patt38\/wp-json\/wp\/v2\/pages\/1638\/revisions"}],"predecessor-version":[{"id":5319,"href":"https:\/\/blogit.utu.fi\/patt38\/wp-json\/wp\/v2\/pages\/1638\/revisions\/5319"}],"wp:attachment":[{"href":"https:\/\/blogit.utu.fi\/patt38\/wp-json\/wp\/v2\/media?parent=1638"}],"curies":[{"name":"wp","href":"https:\/\/api.w.org\/{rel}","templated":true}]}}