{"id":191,"date":"2019-11-15T14:56:41","date_gmt":"2019-11-15T14:56:41","guid":{"rendered":"https:\/\/blogit.utu.fi\/patt38\/?page_id=191"},"modified":"2021-05-03T23:48:50","modified_gmt":"2021-05-03T21:48:50","slug":"ilmoittautuminen","status":"publish","type":"page","link":"https:\/\/blogit.utu.fi\/patt38\/ilmoittautuminen\/","title":{"rendered":"ILMOITTAUTUMINEN"},"content":{"rendered":"<p>&nbsp;<\/p>\n<h3>Ilmoittautuminen konferenssiin on p\u00e4\u00e4ttynyt.<\/h3>\n<p>&nbsp;<\/p>\n<p><span style=\"color: #999999\"><del>Ilmoittautuminen 300 euroa (220 euroa tohtorikoulutettaville)<\/del><\/span><\/p>\n<p><span style=\"color: #999999\"><del>Suomalaiset opettajat 120\u20ac\/p\u00e4iv\u00e4<\/del><\/span><\/p>\n<p><span style=\"color: #999999\"><del>Turun yliopiston opiskelijoiden ja henkil\u00f6kunnan erillisilmoittautuminen<\/del><\/span><\/p>\n<p>&nbsp;<\/p>\nFollow:      <a class=\"synved-social-button synved-social-button-follow synved-social-size-48 synved-social-resolution-single synved-social-provider-facebook nolightbox\" data-provider=\"facebook\" target=\"_blank\" rel=\"nofollow\" title=\"Follow PATT38 on Facebook\" href=\"https:\/\/www.facebook.com\/pg\/Patt38-107842510819866\/posts\/\" style=\"font-size: 0px;width:48px;height:48px;margin:0;margin-bottom:10px;margin-right:10px\"><img decoding=\"async\" alt=\"Facebook\" title=\"Follow PATT38 on Facebook\" class=\"synved-share-image synved-social-image synved-social-image-follow lazyload\" width=\"48\" height=\"48\" style=\"--smush-placeholder-width: 48px; --smush-placeholder-aspect-ratio: 48\/48;display: inline;width:48px;height:48px;margin: 0;padding: 0;border: none;box-shadow: none\" data-src=\"https:\/\/blogit.utu.fi\/patt38\/wp-content\/plugins\/social-media-feather\/synved-social\/image\/social\/regular\/96x96\/facebook.png\" src=\"data:image\/svg+xml;base64,PHN2ZyB3aWR0aD0iMSIgaGVpZ2h0PSIxIiB4bWxucz0iaHR0cDovL3d3dy53My5vcmcvMjAwMC9zdmciPjwvc3ZnPg==\" \/><\/a><a class=\"synved-social-button synved-social-button-follow synved-social-size-48 synved-social-resolution-single synved-social-provider-twitter nolightbox\" data-provider=\"twitter\" target=\"_blank\" rel=\"nofollow\" title=\"Follow PATT38 on Twitter\" href=\"https:\/\/twitter.com\/PATT381\" style=\"font-size: 0px;width:48px;height:48px;margin:0;margin-bottom:10px;margin-right:10px\"><img decoding=\"async\" alt=\"twitter\" title=\"Follow PATT38 on Twitter\" class=\"synved-share-image synved-social-image synved-social-image-follow lazyload\" width=\"48\" height=\"48\" style=\"--smush-placeholder-width: 48px; --smush-placeholder-aspect-ratio: 48\/48;display: inline;width:48px;height:48px;margin: 0;padding: 0;border: none;box-shadow: none\" data-src=\"https:\/\/blogit.utu.fi\/patt38\/wp-content\/plugins\/social-media-feather\/synved-social\/image\/social\/regular\/96x96\/twitter.png\" src=\"data:image\/svg+xml;base64,PHN2ZyB3aWR0aD0iMSIgaGVpZ2h0PSIxIiB4bWxucz0iaHR0cDovL3d3dy53My5vcmcvMjAwMC9zdmciPjwvc3ZnPg==\" \/><\/a><a class=\"synved-social-button synved-social-button-follow synved-social-size-48 synved-social-resolution-single synved-social-provider-instagram nolightbox\" data-provider=\"instagram\" target=\"_blank\" rel=\"nofollow\" title=\"Follow PATT38 on Instagram\" href=\"https:\/\/www.instagram.com\/patt38conference\/\" style=\"font-size: 0px;width:48px;height:48px;margin:0;margin-bottom:10px\"><img decoding=\"async\" alt=\"instagram\" title=\"Follow PATT38 on Instagram\" class=\"synved-share-image synved-social-image synved-social-image-follow lazyload\" width=\"48\" height=\"48\" style=\"--smush-placeholder-width: 48px; --smush-placeholder-aspect-ratio: 48\/48;display: inline;width:48px;height:48px;margin: 0;padding: 0;border: none;box-shadow: none\" data-src=\"https:\/\/blogit.utu.fi\/patt38\/wp-content\/plugins\/social-media-feather\/synved-social\/image\/social\/regular\/96x96\/instagram.png\" src=\"data:image\/svg+xml;base64,PHN2ZyB3aWR0aD0iMSIgaGVpZ2h0PSIxIiB4bWxucz0iaHR0cDovL3d3dy53My5vcmcvMjAwMC9zdmciPjwvc3ZnPg==\" \/><\/a>","protected":false},"excerpt":{"rendered":"<p>&nbsp; Ilmoittautuminen konferenssiin on p\u00e4\u00e4ttynyt. &nbsp; Ilmoittautuminen 300 euroa (220 euroa tohtorikoulutettaville) Suomalaiset opettajat 120\u20ac\/p\u00e4iv\u00e4 Turun yliopiston opiskelijoiden ja henkil\u00f6kunnan erillisilmoittautuminen &nbsp; Follow:<\/p>\n","protected":false},"author":11237,"featured_media":0,"parent":0,"menu_order":15,"comment_status":"closed","ping_status":"closed","template":"","meta":{"_acf_changed":false,"footnotes":""},"class_list":["post-191","page","type-page","status-publish","hentry"],"acf":[],"_links":{"self":[{"href":"https:\/\/blogit.utu.fi\/patt38\/wp-json\/wp\/v2\/pages\/191","targetHints":{"allow":["GET"]}}],"collection":[{"href":"https:\/\/blogit.utu.fi\/patt38\/wp-json\/wp\/v2\/pages"}],"about":[{"href":"https:\/\/blogit.utu.fi\/patt38\/wp-json\/wp\/v2\/types\/page"}],"author":[{"embeddable":true,"href":"https:\/\/blogit.utu.fi\/patt38\/wp-json\/wp\/v2\/users\/11237"}],"replies":[{"embeddable":true,"href":"https:\/\/blogit.utu.fi\/patt38\/wp-json\/wp\/v2\/comments?post=191"}],"version-history":[{"count":60,"href":"https:\/\/blogit.utu.fi\/patt38\/wp-json\/wp\/v2\/pages\/191\/revisions"}],"predecessor-version":[{"id":4956,"href":"https:\/\/blogit.utu.fi\/patt38\/wp-json\/wp\/v2\/pages\/191\/revisions\/4956"}],"wp:attachment":[{"href":"https:\/\/blogit.utu.fi\/patt38\/wp-json\/wp\/v2\/media?parent=191"}],"curies":[{"name":"wp","href":"https:\/\/api.w.org\/{rel}","templated":true}]}}