{"id":1956,"date":"2020-12-13T16:41:02","date_gmt":"2020-12-13T14:41:02","guid":{"rendered":"https:\/\/blogit.utu.fi\/patt38\/?page_id=1956"},"modified":"2021-05-08T13:55:33","modified_gmt":"2021-05-08T11:55:33","slug":"konferenssituotteet","status":"publish","type":"page","link":"https:\/\/blogit.utu.fi\/patt38\/konferenssituotteet\/","title":{"rendered":"KONFERENSSITUOTTEET"},"content":{"rendered":"<p>&nbsp;<\/p>\n<p>Konferenssin osallistujista osa sai kolme osallistumismaksuun sis\u00e4ltyv\u00e4\u00e4 konferenssituotetta: PATTlight-muistiinpanoj\u00e4rjestelm\u00e4n, konferenssikassin ja nimikyltin. Nimikyltin saivat lis\u00e4ksi kaikki konferenssin osallistujat. Kaikki tuotteet ovat k\u00e4sity\u00f6n aineenopettajaopiskelijoiden Pedagoginen innovaatioprosessi k\u00e4sity\u00f6n opetuksessa -kurssilla suunnittelemia ja k\u00e4sity\u00f6n\u00e4 toteuttamia. Tuotteet l\u00e4hettiin vastaanottajilleen ilman lis\u00e4kuluja.<\/p>\n<p><img decoding=\"async\" data-src=\"https:\/\/blogit.utu.fi\/patt38\/wp-content\/uploads\/sites\/458\/2021\/03\/Unpackitall.gif\" src=\"data:image\/svg+xml;base64,PHN2ZyB3aWR0aD0iMSIgaGVpZ2h0PSIxIiB4bWxucz0iaHR0cDovL3d3dy53My5vcmcvMjAwMC9zdmciPjwvc3ZnPg==\" class=\"lazyload\" style=\"--smush-placeholder-width: 800px; --smush-placeholder-aspect-ratio: 800\/450;\" \/><\/p>\n<p><b>Jaa tunnelmasi konferenssituotteista sosiaalisessa mediassa! <\/b>Tee julkaisu <a href=\"https:\/\/www.facebook.com\/pg\/Patt38-107842510819866\/posts\/\">Facebookissa<\/a>, <a href=\"https:\/\/www.instagram.com\/patt38conference\/\">Instagramissa<\/a> tai <a href=\"https:\/\/twitter.com\/PATT381\">Twitteriss\u00e4<\/a> ja k\u00e4yt\u00e4 hashtagej\u00e4 <span style=\"color: #8b5dcb\"><b>#patt38unboxing <\/b><\/span>ja\u00a0<span style=\"color: #8b5dcb\"><b>#patt38conference<\/b><\/span>, jotta muutkin n\u00e4kev\u00e4t! Jaa my\u00f6s mielipiteesi tuotteista. Mit\u00e4 pid\u00e4t niist\u00e4?<\/p>\n<p>&nbsp;<\/p>\n<hr \/>\n<p>&nbsp;<\/p>\n<h3>PATTlight-muistiinpanoj\u00e4rjestelm\u00e4<\/h3>\n<iframe  id=\"_ytid_98864\"  width=\"1170\" height=\"658\"  data-origwidth=\"1170\" data-origheight=\"658\" src=\"https:\/\/www.youtube.com\/embed\/CUKeQb_GL5Q?enablejsapi=1&autoplay=0&cc_load_policy=0&cc_lang_pref=&iv_load_policy=1&loop=0&rel=1&fs=1&playsinline=0&autohide=2&theme=dark&color=red&controls=1&disablekb=0&\" class=\"__youtube_prefs__  no-lazyload\" title=\"YouTube player\"  allow=\"fullscreen; accelerometer; autoplay; clipboard-write; encrypted-media; gyroscope; picture-in-picture; web-share\" referrerpolicy=\"strict-origin-when-cross-origin\" allowfullscreen data-no-lazy=\"1\" data-skipgform_ajax_framebjll=\"\"><\/iframe>\n<p>&nbsp;<\/p>\n<p>PATTlight-ryhm\u00e4n (Jesse Jeskanen, Emma Kupiainen, Jenni Laaksonen ja Martti Lukka) monipuolinen muistiinpanoj\u00e4rjestelm\u00e4. PATT38:n ja Turun yliopiston logoilla varustetussa j\u00e4rjestelm\u00e4ss\u00e4 on paikkansa muistilehti\u00f6lle, konferenssin ohjelmalle, k\u00e4yntikorteille ja kyn\u00e4lle. Kyn\u00e4, tarralappuja ja puhdistusliina sis\u00e4ltyv\u00e4t\u00a0osallistujien saamaan tuotteeseen.<\/p>\n<p>&nbsp;<\/p>\n<hr \/>\n<p>&nbsp;<\/p>\n<h3>Konferenssikassi<\/h3>\n<p><img decoding=\"async\" class=\"alignnone size-full wp-image-2148 lazyload\" data-src=\"https:\/\/blogit.utu.fi\/patt38\/wp-content\/uploads\/sites\/458\/2020\/12\/Konferenssikassiposteri-1.png\" alt=\"\" width=\"1621\" height=\"912\" data-srcset=\"https:\/\/blogit.utu.fi\/patt38\/wp-content\/uploads\/sites\/458\/2020\/12\/Konferenssikassiposteri-1.png 1621w, https:\/\/blogit.utu.fi\/patt38\/wp-content\/uploads\/sites\/458\/2020\/12\/Konferenssikassiposteri-1-300x169.png 300w, https:\/\/blogit.utu.fi\/patt38\/wp-content\/uploads\/sites\/458\/2020\/12\/Konferenssikassiposteri-1-1024x576.png 1024w, https:\/\/blogit.utu.fi\/patt38\/wp-content\/uploads\/sites\/458\/2020\/12\/Konferenssikassiposteri-1-768x432.png 768w, https:\/\/blogit.utu.fi\/patt38\/wp-content\/uploads\/sites\/458\/2020\/12\/Konferenssikassiposteri-1-1536x864.png 1536w, https:\/\/blogit.utu.fi\/patt38\/wp-content\/uploads\/sites\/458\/2020\/12\/Konferenssikassiposteri-1-700x394.png 700w, https:\/\/blogit.utu.fi\/patt38\/wp-content\/uploads\/sites\/458\/2020\/12\/Konferenssikassiposteri-1-410x231.png 410w, https:\/\/blogit.utu.fi\/patt38\/wp-content\/uploads\/sites\/458\/2020\/12\/Konferenssikassiposteri-1-100x56.png 100w, https:\/\/blogit.utu.fi\/patt38\/wp-content\/uploads\/sites\/458\/2020\/12\/Konferenssikassiposteri-1-275x155.png 275w\" data-sizes=\"(max-width: 1621px) 100vw, 1621px\" src=\"data:image\/svg+xml;base64,PHN2ZyB3aWR0aD0iMSIgaGVpZ2h0PSIxIiB4bWxucz0iaHR0cDovL3d3dy53My5vcmcvMjAwMC9zdmciPjwvc3ZnPg==\" style=\"--smush-placeholder-width: 1621px; --smush-placeholder-aspect-ratio: 1621\/912;\" \/><\/p>\n<p>Eveliina Haltian, Mari Hamppulan, Manuel Mustaj\u00e4rven, Mira Rautiolan ja Veera Santahuhdan toteuttamat konferenssikassit ovat sek\u00e4 tyylikk\u00e4it\u00e4 ett\u00e4 k\u00e4yt\u00e4nn\u00f6llisi\u00e4. Hihna on mittanauha niin senttimetri- ja tuuma-asteikolla. PATTlight-muistiinpanoj\u00e4rjestelm\u00e4n lis\u00e4ksi kassiin mahtuu muita pieni\u00e4 esineit\u00e4, kuten lompakko ja puhelin.<\/p>\n<p>&nbsp;<\/p>\n<hr \/>\n<p>&nbsp;<\/p>\n<h3>Nimikyltti<\/h3>\n<p><img decoding=\"async\" class=\"alignnone wp-image-3633 lazyload\" data-src=\"https:\/\/blogit.utu.fi\/patt38\/wp-content\/uploads\/sites\/458\/2021\/03\/Patt38_name_badge-e1616696849343-300x179.jpeg\" alt=\"\" width=\"744\" height=\"444\" data-srcset=\"https:\/\/blogit.utu.fi\/patt38\/wp-content\/uploads\/sites\/458\/2021\/03\/Patt38_name_badge-e1616696849343-300x179.jpeg 300w, https:\/\/blogit.utu.fi\/patt38\/wp-content\/uploads\/sites\/458\/2021\/03\/Patt38_name_badge-e1616696849343-1024x612.jpeg 1024w, https:\/\/blogit.utu.fi\/patt38\/wp-content\/uploads\/sites\/458\/2021\/03\/Patt38_name_badge-e1616696849343-768x459.jpeg 768w, https:\/\/blogit.utu.fi\/patt38\/wp-content\/uploads\/sites\/458\/2021\/03\/Patt38_name_badge-e1616696849343-700x418.jpeg 700w, https:\/\/blogit.utu.fi\/patt38\/wp-content\/uploads\/sites\/458\/2021\/03\/Patt38_name_badge-e1616696849343-410x245.jpeg 410w, https:\/\/blogit.utu.fi\/patt38\/wp-content\/uploads\/sites\/458\/2021\/03\/Patt38_name_badge-e1616696849343-100x60.jpeg 100w, https:\/\/blogit.utu.fi\/patt38\/wp-content\/uploads\/sites\/458\/2021\/03\/Patt38_name_badge-e1616696849343-275x164.jpeg 275w, https:\/\/blogit.utu.fi\/patt38\/wp-content\/uploads\/sites\/458\/2021\/03\/Patt38_name_badge-e1616696849343.jpeg 1452w\" data-sizes=\"(max-width: 744px) 100vw, 744px\" src=\"data:image\/svg+xml;base64,PHN2ZyB3aWR0aD0iMSIgaGVpZ2h0PSIxIiB4bWxucz0iaHR0cDovL3d3dy53My5vcmcvMjAwMC9zdmciPjwvc3ZnPg==\" style=\"--smush-placeholder-width: 744px; --smush-placeholder-aspect-ratio: 744\/444;\" \/><\/p>\n<p>PATT38-nimikyltit on valmistettu laserleikkurilla suomalaisesta 3 mm koivuvanerista. Nimikyltin muotoilu on saanut vaikutteita <a href=\"https:\/\/www.raumalace.fi\/\">pitsist\u00e4<\/a>, joka on merkitt\u00e4v\u00e4 tekij\u00e4 Rauman kulttuuri-identiteetiss\u00e4. Nimikyltti toimitetaan kiinnitysklipsill\u00e4 ja osallistujan omaa nime\u00e4 kantavalla kaiverruksella varustettuna.<\/p>\n<p>&nbsp;<\/p>\n<hr \/>\n<p>&nbsp;<\/p>\n<p><img decoding=\"async\" class=\"alignnone wp-image-3606 lazyload\" data-src=\"https:\/\/blogit.utu.fi\/patt38\/wp-content\/uploads\/sites\/458\/2021\/03\/notebooks-252x300.jpg\" alt=\"\" width=\"180\" height=\"215\" data-srcset=\"https:\/\/blogit.utu.fi\/patt38\/wp-content\/uploads\/sites\/458\/2021\/03\/notebooks-252x300.jpg 252w, https:\/\/blogit.utu.fi\/patt38\/wp-content\/uploads\/sites\/458\/2021\/03\/notebooks-100x119.jpg 100w, https:\/\/blogit.utu.fi\/patt38\/wp-content\/uploads\/sites\/458\/2021\/03\/notebooks-275x327.jpg 275w, https:\/\/blogit.utu.fi\/patt38\/wp-content\/uploads\/sites\/458\/2021\/03\/notebooks.jpg 384w\" data-sizes=\"(max-width: 180px) 100vw, 180px\" src=\"data:image\/svg+xml;base64,PHN2ZyB3aWR0aD0iMSIgaGVpZ2h0PSIxIiB4bWxucz0iaHR0cDovL3d3dy53My5vcmcvMjAwMC9zdmciPjwvc3ZnPg==\" style=\"--smush-placeholder-width: 180px; --smush-placeholder-aspect-ratio: 180\/215;\" \/> <img decoding=\"async\" class=\"alignnone wp-image-3609 lazyload\" data-src=\"https:\/\/blogit.utu.fi\/patt38\/wp-content\/uploads\/sites\/458\/2021\/03\/straps.jpg\" alt=\"\" width=\"180\" height=\"214\" data-srcset=\"https:\/\/blogit.utu.fi\/patt38\/wp-content\/uploads\/sites\/458\/2021\/03\/straps.jpg 246w, https:\/\/blogit.utu.fi\/patt38\/wp-content\/uploads\/sites\/458\/2021\/03\/straps-100x119.jpg 100w\" data-sizes=\"(max-width: 180px) 100vw, 180px\" src=\"data:image\/svg+xml;base64,PHN2ZyB3aWR0aD0iMSIgaGVpZ2h0PSIxIiB4bWxucz0iaHR0cDovL3d3dy53My5vcmcvMjAwMC9zdmciPjwvc3ZnPg==\" style=\"--smush-placeholder-width: 180px; --smush-placeholder-aspect-ratio: 180\/214;\" \/> <img decoding=\"async\" class=\"alignnone wp-image-3603 lazyload\" data-src=\"https:\/\/blogit.utu.fi\/patt38\/wp-content\/uploads\/sites\/458\/2021\/03\/lasering.jpg\" alt=\"\" width=\"180\" height=\"215\" data-srcset=\"https:\/\/blogit.utu.fi\/patt38\/wp-content\/uploads\/sites\/458\/2021\/03\/lasering.jpg 245w, https:\/\/blogit.utu.fi\/patt38\/wp-content\/uploads\/sites\/458\/2021\/03\/lasering-100x119.jpg 100w\" data-sizes=\"(max-width: 180px) 100vw, 180px\" src=\"data:image\/svg+xml;base64,PHN2ZyB3aWR0aD0iMSIgaGVpZ2h0PSIxIiB4bWxucz0iaHR0cDovL3d3dy53My5vcmcvMjAwMC9zdmciPjwvc3ZnPg==\" style=\"--smush-placeholder-width: 180px; --smush-placeholder-aspect-ratio: 180\/215;\" \/> <img decoding=\"async\" class=\"alignnone wp-image-3600 lazyload\" data-src=\"https:\/\/blogit.utu.fi\/patt38\/wp-content\/uploads\/sites\/458\/2021\/03\/kit.jpg\" alt=\"\" width=\"180\" height=\"215\" data-srcset=\"https:\/\/blogit.utu.fi\/patt38\/wp-content\/uploads\/sites\/458\/2021\/03\/kit.jpg 245w, https:\/\/blogit.utu.fi\/patt38\/wp-content\/uploads\/sites\/458\/2021\/03\/kit-100x119.jpg 100w\" data-sizes=\"(max-width: 180px) 100vw, 180px\" src=\"data:image\/svg+xml;base64,PHN2ZyB3aWR0aD0iMSIgaGVpZ2h0PSIxIiB4bWxucz0iaHR0cDovL3d3dy53My5vcmcvMjAwMC9zdmciPjwvc3ZnPg==\" style=\"--smush-placeholder-width: 180px; --smush-placeholder-aspect-ratio: 180\/215;\" \/><\/p>\n<p>&nbsp;<\/p>\nFollow:      <a class=\"synved-social-button synved-social-button-follow synved-social-size-48 synved-social-resolution-single synved-social-provider-facebook nolightbox\" data-provider=\"facebook\" target=\"_blank\" rel=\"nofollow\" title=\"Follow PATT38 on Facebook\" href=\"https:\/\/www.facebook.com\/pg\/Patt38-107842510819866\/posts\/\" style=\"font-size: 0px;width:48px;height:48px;margin:0;margin-bottom:10px;margin-right:10px\"><img decoding=\"async\" alt=\"Facebook\" title=\"Follow PATT38 on Facebook\" class=\"synved-share-image synved-social-image synved-social-image-follow lazyload\" width=\"48\" height=\"48\" style=\"--smush-placeholder-width: 48px; --smush-placeholder-aspect-ratio: 48\/48;display: inline;width:48px;height:48px;margin: 0;padding: 0;border: none;box-shadow: none\" data-src=\"https:\/\/blogit.utu.fi\/patt38\/wp-content\/plugins\/social-media-feather\/synved-social\/image\/social\/regular\/96x96\/facebook.png\" src=\"data:image\/svg+xml;base64,PHN2ZyB3aWR0aD0iMSIgaGVpZ2h0PSIxIiB4bWxucz0iaHR0cDovL3d3dy53My5vcmcvMjAwMC9zdmciPjwvc3ZnPg==\" \/><\/a><a class=\"synved-social-button synved-social-button-follow synved-social-size-48 synved-social-resolution-single synved-social-provider-twitter nolightbox\" data-provider=\"twitter\" target=\"_blank\" rel=\"nofollow\" title=\"Follow PATT38 on Twitter\" href=\"https:\/\/twitter.com\/PATT381\" style=\"font-size: 0px;width:48px;height:48px;margin:0;margin-bottom:10px;margin-right:10px\"><img decoding=\"async\" alt=\"twitter\" title=\"Follow PATT38 on Twitter\" class=\"synved-share-image synved-social-image synved-social-image-follow lazyload\" width=\"48\" height=\"48\" style=\"--smush-placeholder-width: 48px; --smush-placeholder-aspect-ratio: 48\/48;display: inline;width:48px;height:48px;margin: 0;padding: 0;border: none;box-shadow: none\" data-src=\"https:\/\/blogit.utu.fi\/patt38\/wp-content\/plugins\/social-media-feather\/synved-social\/image\/social\/regular\/96x96\/twitter.png\" src=\"data:image\/svg+xml;base64,PHN2ZyB3aWR0aD0iMSIgaGVpZ2h0PSIxIiB4bWxucz0iaHR0cDovL3d3dy53My5vcmcvMjAwMC9zdmciPjwvc3ZnPg==\" \/><\/a><a class=\"synved-social-button synved-social-button-follow synved-social-size-48 synved-social-resolution-single synved-social-provider-instagram nolightbox\" data-provider=\"instagram\" target=\"_blank\" rel=\"nofollow\" title=\"Follow PATT38 on Instagram\" href=\"https:\/\/www.instagram.com\/patt38conference\/\" style=\"font-size: 0px;width:48px;height:48px;margin:0;margin-bottom:10px\"><img decoding=\"async\" alt=\"instagram\" title=\"Follow PATT38 on Instagram\" class=\"synved-share-image synved-social-image synved-social-image-follow lazyload\" width=\"48\" height=\"48\" style=\"--smush-placeholder-width: 48px; --smush-placeholder-aspect-ratio: 48\/48;display: inline;width:48px;height:48px;margin: 0;padding: 0;border: none;box-shadow: none\" data-src=\"https:\/\/blogit.utu.fi\/patt38\/wp-content\/plugins\/social-media-feather\/synved-social\/image\/social\/regular\/96x96\/instagram.png\" src=\"data:image\/svg+xml;base64,PHN2ZyB3aWR0aD0iMSIgaGVpZ2h0PSIxIiB4bWxucz0iaHR0cDovL3d3dy53My5vcmcvMjAwMC9zdmciPjwvc3ZnPg==\" \/><\/a>","protected":false},"excerpt":{"rendered":"<p>&nbsp; Konferenssin osallistujista osa sai kolme osallistumismaksuun sis\u00e4ltyv\u00e4\u00e4 konferenssituotetta: PATTlight-muistiinpanoj\u00e4rjestelm\u00e4n, konferenssikassin ja nimikyltin. Nimikyltin saivat lis\u00e4ksi kaikki konferenssin osallistujat. Kaikki tuotteet ovat k\u00e4sity\u00f6n aineenopettajaopiskelijoiden Pedagoginen innovaatioprosessi k\u00e4sity\u00f6n opetuksessa -kurssilla suunnittelemia ja k\u00e4sity\u00f6n\u00e4 toteuttamia. Tuotteet l\u00e4hettiin vastaanottajilleen ilman lis\u00e4kuluja. Jaa tunnelmasi konferenssituotteista sosiaalisessa mediassa! Tee julkaisu Facebookissa, Instagramissa tai Twitteriss\u00e4 ja k\u00e4yt\u00e4 hashtagej\u00e4 #patt38unboxing ja\u00a0#patt38conference, jotta [&hellip;]<\/p>\n","protected":false},"author":20754,"featured_media":0,"parent":0,"menu_order":0,"comment_status":"closed","ping_status":"closed","template":"","meta":{"_acf_changed":false,"footnotes":""},"class_list":["post-1956","page","type-page","status-publish","hentry"],"acf":[],"_links":{"self":[{"href":"https:\/\/blogit.utu.fi\/patt38\/wp-json\/wp\/v2\/pages\/1956","targetHints":{"allow":["GET"]}}],"collection":[{"href":"https:\/\/blogit.utu.fi\/patt38\/wp-json\/wp\/v2\/pages"}],"about":[{"href":"https:\/\/blogit.utu.fi\/patt38\/wp-json\/wp\/v2\/types\/page"}],"author":[{"embeddable":true,"href":"https:\/\/blogit.utu.fi\/patt38\/wp-json\/wp\/v2\/users\/20754"}],"replies":[{"embeddable":true,"href":"https:\/\/blogit.utu.fi\/patt38\/wp-json\/wp\/v2\/comments?post=1956"}],"version-history":[{"count":28,"href":"https:\/\/blogit.utu.fi\/patt38\/wp-json\/wp\/v2\/pages\/1956\/revisions"}],"predecessor-version":[{"id":5220,"href":"https:\/\/blogit.utu.fi\/patt38\/wp-json\/wp\/v2\/pages\/1956\/revisions\/5220"}],"wp:attachment":[{"href":"https:\/\/blogit.utu.fi\/patt38\/wp-json\/wp\/v2\/media?parent=1956"}],"curies":[{"name":"wp","href":"https:\/\/api.w.org\/{rel}","templated":true}]}}