{"id":242,"date":"2019-11-15T15:00:25","date_gmt":"2019-11-15T15:00:25","guid":{"rendered":"https:\/\/blogit.utu.fi\/patt38\/?page_id=242"},"modified":"2021-05-04T21:12:39","modified_gmt":"2021-05-04T19:12:39","slug":"kontaktit","status":"publish","type":"page","link":"https:\/\/blogit.utu.fi\/patt38\/kontaktit\/","title":{"rendered":"YHTEYSTIEDOT"},"content":{"rendered":"<p>&nbsp;<\/p>\n<h3>Yhteystiedot:<\/h3>\n<p style=\"text-align: left\">Konferenssiin liittyviss\u00e4 kysymyksiss\u00e4 ota yhteytt\u00e4\u00a0<a href=\"mailto:patt38@utu.fi\">patt38@utu.fi<\/a>.<\/p>\n<p>Alta l\u00f6yd\u00e4t my\u00f6s yhteydenottolomakkeen (ENG).<\/p>\n<p>&nbsp;<\/p>\n<hr \/>\n<h3>Yhteydenottolomake:<\/h3>\n\n<div class=\"wpcf7 no-js\" id=\"wpcf7-f134-o1\" lang=\"en-GB\" dir=\"ltr\" data-wpcf7-id=\"134\">\n<div class=\"screen-reader-response\"><p role=\"status\" aria-live=\"polite\" aria-atomic=\"true\"><\/p> <ul><\/ul><\/div>\n<form action=\"\/patt38\/wp-json\/wp\/v2\/pages\/242#wpcf7-f134-o1\" method=\"post\" class=\"wpcf7-form init\" aria-label=\"Contact form\" novalidate=\"novalidate\" data-status=\"init\">\n<fieldset class=\"hidden-fields-container\"><input type=\"hidden\" name=\"_wpcf7\" value=\"134\" \/><input type=\"hidden\" name=\"_wpcf7_version\" value=\"6.1.5\" \/><input type=\"hidden\" name=\"_wpcf7_locale\" value=\"en_GB\" \/><input type=\"hidden\" name=\"_wpcf7_unit_tag\" value=\"wpcf7-f134-o1\" \/><input type=\"hidden\" name=\"_wpcf7_container_post\" value=\"0\" \/><input type=\"hidden\" name=\"_wpcf7_posted_data_hash\" value=\"\" \/>\n<\/fieldset>\n<p><label> Your Name (required)<br \/>\n<span class=\"wpcf7-form-control-wrap\" data-name=\"your-name\"><input size=\"40\" maxlength=\"400\" class=\"wpcf7-form-control wpcf7-text wpcf7-validates-as-required\" aria-required=\"true\" aria-invalid=\"false\" value=\"\" type=\"text\" name=\"your-name\" \/><\/span> <\/label>\n<\/p>\n<p><label> Your Email (required)<br \/>\n<span class=\"wpcf7-form-control-wrap\" data-name=\"your-email\"><input size=\"40\" maxlength=\"400\" class=\"wpcf7-form-control wpcf7-email wpcf7-validates-as-required wpcf7-text wpcf7-validates-as-email\" aria-required=\"true\" aria-invalid=\"false\" value=\"\" type=\"email\" name=\"your-email\" \/><\/span> <\/label>\n<\/p>\n<p><label> Subject<br \/>\n<span class=\"wpcf7-form-control-wrap\" data-name=\"your-subject\"><input size=\"40\" maxlength=\"400\" class=\"wpcf7-form-control wpcf7-text\" aria-invalid=\"false\" value=\"\" type=\"text\" name=\"your-subject\" \/><\/span> <\/label>\n<\/p>\n<p><label> Your Message<br \/>\n<span class=\"wpcf7-form-control-wrap\" data-name=\"your-message\"><textarea cols=\"40\" rows=\"10\" maxlength=\"2000\" class=\"wpcf7-form-control wpcf7-textarea\" aria-invalid=\"false\" name=\"your-message\"><\/textarea><\/span> <\/label>\n<\/p>\n<p><input class=\"wpcf7-form-control wpcf7-submit has-spinner\" type=\"submit\" value=\"Send\" \/>\n<\/p><div class=\"wpcf7-response-output\" aria-hidden=\"true\"><\/div>\n<\/form>\n<\/div>\n\n<p>&nbsp;<\/p>\n<p>&nbsp;<\/p>\nFollow:      <a class=\"synved-social-button synved-social-button-follow synved-social-size-48 synved-social-resolution-single synved-social-provider-facebook nolightbox\" data-provider=\"facebook\" target=\"_blank\" rel=\"nofollow\" title=\"Follow PATT38 on Facebook\" href=\"https:\/\/www.facebook.com\/pg\/Patt38-107842510819866\/posts\/\" style=\"font-size: 0px;width:48px;height:48px;margin:0;margin-bottom:10px;margin-right:10px\"><img decoding=\"async\" alt=\"Facebook\" title=\"Follow PATT38 on Facebook\" class=\"synved-share-image synved-social-image synved-social-image-follow lazyload\" width=\"48\" height=\"48\" style=\"--smush-placeholder-width: 48px; --smush-placeholder-aspect-ratio: 48\/48;display: inline;width:48px;height:48px;margin: 0;padding: 0;border: none;box-shadow: none\" data-src=\"https:\/\/blogit.utu.fi\/patt38\/wp-content\/plugins\/social-media-feather\/synved-social\/image\/social\/regular\/96x96\/facebook.png\" src=\"data:image\/svg+xml;base64,PHN2ZyB3aWR0aD0iMSIgaGVpZ2h0PSIxIiB4bWxucz0iaHR0cDovL3d3dy53My5vcmcvMjAwMC9zdmciPjwvc3ZnPg==\" \/><\/a><a class=\"synved-social-button synved-social-button-follow synved-social-size-48 synved-social-resolution-single synved-social-provider-twitter nolightbox\" data-provider=\"twitter\" target=\"_blank\" rel=\"nofollow\" title=\"Follow PATT38 on Twitter\" href=\"https:\/\/twitter.com\/PATT381\" style=\"font-size: 0px;width:48px;height:48px;margin:0;margin-bottom:10px;margin-right:10px\"><img decoding=\"async\" alt=\"twitter\" title=\"Follow PATT38 on Twitter\" class=\"synved-share-image synved-social-image synved-social-image-follow lazyload\" width=\"48\" height=\"48\" style=\"--smush-placeholder-width: 48px; --smush-placeholder-aspect-ratio: 48\/48;display: inline;width:48px;height:48px;margin: 0;padding: 0;border: none;box-shadow: none\" data-src=\"https:\/\/blogit.utu.fi\/patt38\/wp-content\/plugins\/social-media-feather\/synved-social\/image\/social\/regular\/96x96\/twitter.png\" src=\"data:image\/svg+xml;base64,PHN2ZyB3aWR0aD0iMSIgaGVpZ2h0PSIxIiB4bWxucz0iaHR0cDovL3d3dy53My5vcmcvMjAwMC9zdmciPjwvc3ZnPg==\" \/><\/a><a class=\"synved-social-button synved-social-button-follow synved-social-size-48 synved-social-resolution-single synved-social-provider-instagram nolightbox\" data-provider=\"instagram\" target=\"_blank\" rel=\"nofollow\" title=\"Follow PATT38 on Instagram\" href=\"https:\/\/www.instagram.com\/patt38conference\/\" style=\"font-size: 0px;width:48px;height:48px;margin:0;margin-bottom:10px\"><img decoding=\"async\" alt=\"instagram\" title=\"Follow PATT38 on Instagram\" class=\"synved-share-image synved-social-image synved-social-image-follow lazyload\" width=\"48\" height=\"48\" style=\"--smush-placeholder-width: 48px; --smush-placeholder-aspect-ratio: 48\/48;display: inline;width:48px;height:48px;margin: 0;padding: 0;border: none;box-shadow: none\" data-src=\"https:\/\/blogit.utu.fi\/patt38\/wp-content\/plugins\/social-media-feather\/synved-social\/image\/social\/regular\/96x96\/instagram.png\" src=\"data:image\/svg+xml;base64,PHN2ZyB3aWR0aD0iMSIgaGVpZ2h0PSIxIiB4bWxucz0iaHR0cDovL3d3dy53My5vcmcvMjAwMC9zdmciPjwvc3ZnPg==\" \/><\/a>","protected":false},"excerpt":{"rendered":"<p>&nbsp; Yhteystiedot: Konferenssiin liittyviss\u00e4 kysymyksiss\u00e4 ota yhteytt\u00e4\u00a0patt38@utu.fi. Alta l\u00f6yd\u00e4t my\u00f6s yhteydenottolomakkeen (ENG). &nbsp; Yhteydenottolomake: &nbsp; &nbsp; Follow:<\/p>\n","protected":false},"author":11237,"featured_media":0,"parent":0,"menu_order":19,"comment_status":"closed","ping_status":"closed","template":"","meta":{"_acf_changed":false,"footnotes":""},"class_list":["post-242","page","type-page","status-publish","hentry"],"acf":[],"_links":{"self":[{"href":"https:\/\/blogit.utu.fi\/patt38\/wp-json\/wp\/v2\/pages\/242","targetHints":{"allow":["GET"]}}],"collection":[{"href":"https:\/\/blogit.utu.fi\/patt38\/wp-json\/wp\/v2\/pages"}],"about":[{"href":"https:\/\/blogit.utu.fi\/patt38\/wp-json\/wp\/v2\/types\/page"}],"author":[{"embeddable":true,"href":"https:\/\/blogit.utu.fi\/patt38\/wp-json\/wp\/v2\/users\/11237"}],"replies":[{"embeddable":true,"href":"https:\/\/blogit.utu.fi\/patt38\/wp-json\/wp\/v2\/comments?post=242"}],"version-history":[{"count":13,"href":"https:\/\/blogit.utu.fi\/patt38\/wp-json\/wp\/v2\/pages\/242\/revisions"}],"predecessor-version":[{"id":5067,"href":"https:\/\/blogit.utu.fi\/patt38\/wp-json\/wp\/v2\/pages\/242\/revisions\/5067"}],"wp:attachment":[{"href":"https:\/\/blogit.utu.fi\/patt38\/wp-json\/wp\/v2\/media?parent=242"}],"curies":[{"name":"wp","href":"https:\/\/api.w.org\/{rel}","templated":true}]}}