{"id":254,"date":"2019-11-15T15:01:07","date_gmt":"2019-11-15T15:01:07","guid":{"rendered":"https:\/\/blogit.utu.fi\/patt38\/?page_id=254"},"modified":"2022-01-17T15:21:44","modified_gmt":"2022-01-17T13:21:44","slug":"uutiset","status":"publish","type":"page","link":"https:\/\/blogit.utu.fi\/patt38\/uutiset\/","title":{"rendered":"UUTISET"},"content":{"rendered":"<p>&nbsp;<\/p>\n<p><span style=\"color: #000000\">(01.11.2021) Artikkelien vastaanotto <a href=\"https:\/\/blogit.utu.fi\/patt38\/wp-content\/uploads\/sites\/458\/2021\/05\/PATT-Special-issues.pdf\">PATT38 erikoisnumeroita<\/a> varten p\u00e4\u00e4ttyi.<\/span><\/p>\n<p>(08.05.2021) Konferenssitallenteet eiv\u00e4t ole en\u00e4\u00e4 saatavilla.<\/p>\n<p>(04.05.2021) <a href=\"https:\/\/www.mun.ca\/meet\/events\/patt39\/\">PATT39<\/a>-konferenssi pidet\u00e4\u00e4n Kanadassa 2022.<\/p>\n<p>(04.05.2021) Kiitos viel\u00e4 osallistumisestasi PATT38-konferenssiin!<\/p>\n<p>(29.4.2021) Artikkelien vastaanotosta <a href=\"https:\/\/blogit.utu.fi\/patt38\/wp-content\/uploads\/sites\/458\/2021\/05\/PATT-Special-issues.pdf\">PATT38 erikoisnumeroita<\/a> varten on ilmoitettu.<\/p>\n<p>(26.4.2021) <a href=\"https:\/\/blogit.utu.fi\/patt38\/konferenssiopas\/\">Konferenssiopas<\/a> on julkaistu.<\/p>\n<p>(26.4.2021) Konferenssijulkaisuille on luotu oma <a href=\"https:\/\/blogit.utu.fi\/patt38\/julkaisut\/\">sivunsa<\/a>.<\/p>\n<p>(15.4.2021) Konferenssin ohjelma on nyt ladattavissa .ics tiedostona kalenteriin lis\u00e4tt\u00e4v\u00e4ksi (<a href=\"https:\/\/seafile.utu.fi\/f\/40f46cddc20e49dca809\/?dl=1\">Lataa<\/a>, ENG).<\/p>\n<p>&nbsp;<\/p>\n<p style=\"text-align: left\"><strong>T\u00e4rkeit\u00e4 p\u00e4iv\u00e4m\u00e4\u00e4ri\u00e4 <\/strong>(p\u00e4ivitetty 17.01.2022)<strong>:<\/strong><\/p>\n<ul>\n<li><span style=\"color: #999999\">Artikkelien vastaanotto PATT38 erikoisnumeroita varten p\u00e4\u00e4ttyi 1. marraskuuta 2021.<\/span><\/li>\n<li><span style=\"color: #999999\">Julkaisujen vastaanotto p\u00e4\u00e4ttyi 30. marraskuuta 2020.<\/span><\/li>\n<li><span style=\"color: #999999\">Ilmoittautuminen konferenssiin alkoi 18. tammikuuta 2021.<br \/>\n<\/span><\/li>\n<li><span style=\"color: #999999\">Abstraktien vastaanotto p\u00e4\u00e4ttyi viimeisen kerran 30. maaliskuuta 2021.<\/span><\/li>\n<li><span style=\"color: #999999\">Artikkelien tuli olla l\u00e4hetetty TECHNEen julkaisua varten ennen 31. maaliskuuta 2021.<\/span><\/li>\n<li><span style=\"color: #999999\">Tutkimus- ja kehitt\u00e4misprojektien esittelij\u00e4ksi ilmoittautuminen p\u00e4\u00e4ttyi\u00a0 15. huhtikuuta 2021.<\/span><\/li>\n<li><span style=\"color: #999999\">PATT38-kenraaliharjoitus pidettiin 20. huhtikuuta 2021.<\/span><\/li>\n<li><span style=\"color: #999999\">PATT38-konferenssi pidettiin 27. \u2013 30. huhtikuuta 2021.<\/span><\/li>\n<li><span style=\"color: #999999\">Konferenssitallenteet eiv\u00e4t ole en\u00e4\u00e4 saatavilla alkaen 8. toukokuuta 2021.<\/span><\/li>\n<\/ul>\n<p>&nbsp;<\/p>\nFollow:      <a class=\"synved-social-button synved-social-button-follow synved-social-size-48 synved-social-resolution-single synved-social-provider-facebook nolightbox\" data-provider=\"facebook\" target=\"_blank\" rel=\"nofollow\" title=\"Follow PATT38 on Facebook\" href=\"https:\/\/www.facebook.com\/pg\/Patt38-107842510819866\/posts\/\" style=\"font-size: 0px;width:48px;height:48px;margin:0;margin-bottom:10px;margin-right:10px\"><img decoding=\"async\" alt=\"Facebook\" title=\"Follow PATT38 on Facebook\" class=\"synved-share-image synved-social-image synved-social-image-follow lazyload\" width=\"48\" height=\"48\" style=\"--smush-placeholder-width: 48px; --smush-placeholder-aspect-ratio: 48\/48;display: inline;width:48px;height:48px;margin: 0;padding: 0;border: none;box-shadow: none\" data-src=\"https:\/\/blogit.utu.fi\/patt38\/wp-content\/plugins\/social-media-feather\/synved-social\/image\/social\/regular\/96x96\/facebook.png\" src=\"data:image\/svg+xml;base64,PHN2ZyB3aWR0aD0iMSIgaGVpZ2h0PSIxIiB4bWxucz0iaHR0cDovL3d3dy53My5vcmcvMjAwMC9zdmciPjwvc3ZnPg==\" \/><\/a><a class=\"synved-social-button synved-social-button-follow synved-social-size-48 synved-social-resolution-single synved-social-provider-twitter nolightbox\" data-provider=\"twitter\" target=\"_blank\" rel=\"nofollow\" title=\"Follow PATT38 on Twitter\" href=\"https:\/\/twitter.com\/PATT381\" style=\"font-size: 0px;width:48px;height:48px;margin:0;margin-bottom:10px;margin-right:10px\"><img decoding=\"async\" alt=\"twitter\" title=\"Follow PATT38 on Twitter\" class=\"synved-share-image synved-social-image synved-social-image-follow lazyload\" width=\"48\" height=\"48\" style=\"--smush-placeholder-width: 48px; --smush-placeholder-aspect-ratio: 48\/48;display: inline;width:48px;height:48px;margin: 0;padding: 0;border: none;box-shadow: none\" data-src=\"https:\/\/blogit.utu.fi\/patt38\/wp-content\/plugins\/social-media-feather\/synved-social\/image\/social\/regular\/96x96\/twitter.png\" src=\"data:image\/svg+xml;base64,PHN2ZyB3aWR0aD0iMSIgaGVpZ2h0PSIxIiB4bWxucz0iaHR0cDovL3d3dy53My5vcmcvMjAwMC9zdmciPjwvc3ZnPg==\" \/><\/a><a class=\"synved-social-button synved-social-button-follow synved-social-size-48 synved-social-resolution-single synved-social-provider-instagram nolightbox\" data-provider=\"instagram\" target=\"_blank\" rel=\"nofollow\" title=\"Follow PATT38 on Instagram\" href=\"https:\/\/www.instagram.com\/patt38conference\/\" style=\"font-size: 0px;width:48px;height:48px;margin:0;margin-bottom:10px\"><img decoding=\"async\" alt=\"instagram\" title=\"Follow PATT38 on Instagram\" class=\"synved-share-image synved-social-image synved-social-image-follow lazyload\" width=\"48\" height=\"48\" style=\"--smush-placeholder-width: 48px; --smush-placeholder-aspect-ratio: 48\/48;display: inline;width:48px;height:48px;margin: 0;padding: 0;border: none;box-shadow: none\" data-src=\"https:\/\/blogit.utu.fi\/patt38\/wp-content\/plugins\/social-media-feather\/synved-social\/image\/social\/regular\/96x96\/instagram.png\" src=\"data:image\/svg+xml;base64,PHN2ZyB3aWR0aD0iMSIgaGVpZ2h0PSIxIiB4bWxucz0iaHR0cDovL3d3dy53My5vcmcvMjAwMC9zdmciPjwvc3ZnPg==\" \/><\/a>","protected":false},"excerpt":{"rendered":"<p>&nbsp; (01.11.2021) Artikkelien vastaanotto PATT38 erikoisnumeroita varten p\u00e4\u00e4ttyi. (08.05.2021) Konferenssitallenteet eiv\u00e4t ole en\u00e4\u00e4 saatavilla. (04.05.2021) PATT39-konferenssi pidet\u00e4\u00e4n Kanadassa 2022. (04.05.2021) Kiitos viel\u00e4 osallistumisestasi PATT38-konferenssiin! (29.4.2021) Artikkelien vastaanotosta PATT38 erikoisnumeroita varten on ilmoitettu. (26.4.2021) Konferenssiopas on julkaistu. (26.4.2021) Konferenssijulkaisuille on luotu oma sivunsa. (15.4.2021) Konferenssin ohjelma on nyt ladattavissa .ics tiedostona kalenteriin lis\u00e4tt\u00e4v\u00e4ksi (Lataa, ENG). &nbsp; [&hellip;]<\/p>\n","protected":false},"author":11237,"featured_media":0,"parent":0,"menu_order":20,"comment_status":"closed","ping_status":"closed","template":"","meta":{"_acf_changed":false,"footnotes":""},"class_list":["post-254","page","type-page","status-publish","hentry"],"acf":[],"_links":{"self":[{"href":"https:\/\/blogit.utu.fi\/patt38\/wp-json\/wp\/v2\/pages\/254","targetHints":{"allow":["GET"]}}],"collection":[{"href":"https:\/\/blogit.utu.fi\/patt38\/wp-json\/wp\/v2\/pages"}],"about":[{"href":"https:\/\/blogit.utu.fi\/patt38\/wp-json\/wp\/v2\/types\/page"}],"author":[{"embeddable":true,"href":"https:\/\/blogit.utu.fi\/patt38\/wp-json\/wp\/v2\/users\/11237"}],"replies":[{"embeddable":true,"href":"https:\/\/blogit.utu.fi\/patt38\/wp-json\/wp\/v2\/comments?post=254"}],"version-history":[{"count":89,"href":"https:\/\/blogit.utu.fi\/patt38\/wp-json\/wp\/v2\/pages\/254\/revisions"}],"predecessor-version":[{"id":5493,"href":"https:\/\/blogit.utu.fi\/patt38\/wp-json\/wp\/v2\/pages\/254\/revisions\/5493"}],"wp:attachment":[{"href":"https:\/\/blogit.utu.fi\/patt38\/wp-json\/wp\/v2\/media?parent=254"}],"curies":[{"name":"wp","href":"https:\/\/api.w.org\/{rel}","templated":true}]}}