{"id":3825,"date":"2021-04-01T20:35:25","date_gmt":"2021-04-01T18:35:25","guid":{"rendered":"https:\/\/blogit.utu.fi\/patt38\/?page_id=3825"},"modified":"2021-05-08T18:05:02","modified_gmt":"2021-05-08T16:05:02","slug":"zoom-virtuaalitaustat","status":"publish","type":"page","link":"https:\/\/blogit.utu.fi\/patt38\/zoom-virtuaalitaustat\/","title":{"rendered":"ZOOM VIRTUAALITAUSTAT"},"content":{"rendered":"<p>&nbsp;<\/p>\n<p><span class=\"TextRun BCX0 SCXP57517401\" lang=\"FI-FI\" xml:lang=\"FI-FI\" data-scheme-color=\"@8B5DCB,,\" data-usefontface=\"true\" data-contrast=\"none\"><span class=\"SpellingError BCX0 SCXP57517401\">T\u00e4\u00e4lt\u00e4 voit ladata viralliset PATT38 virtuaalitaustat!<\/span><\/span><\/p>\n<p>Virtuaalitausta on Zoomin ominaisuus, joka mahdollistaa kuvan tai videon k\u00e4yt\u00f6n taustanasi. PATT38-konferenssin virallisilla virtuaalitaustoilla voit esimerkiksi hengailla Rauman Seminaarin puutarhan omenapuiden \u00e4\u00e4rell\u00e4 tai rentoutua k\u00e4sity\u00f6kasvatuksen opiskelijoiden rakentamassa per\u00e4k\u00e4rrysaunassa. Valinta on sinun! Virtuaalitaustat toimivat parhaiten green screenin tai tasaisen vaalean taustan kanssa (kontrasti). Zoom asettaa joitakin laitevaatimuksia virtuaalitaustojen k\u00e4yt\u00f6lle, joten tarkastathan laitteesi yhteensopivuuden virtuaalitaustojen kanssa etuk\u00e4teen. Katso <a href=\"https:\/\/support.zoom.us\/hc\/en-us\/articles\/210707503-Virtual-background\">t\u00e4\u00e4lt\u00e4<\/a> lis\u00e4\u00e4 ohjeita virtuaalitaustan k\u00e4ytt\u00f6\u00f6n (ENG).<\/p>\n<p>Konferenssitunnelman luomiseksi suosittelemme k\u00e4ytt\u00e4m\u00e4\u00e4n virallisia PATT38 virtuaalitaustoja konferenssiohjelman aikana. Vaihtele niiden v\u00e4lill\u00e4 mielesi mukaan!<\/p>\n<p>Voit ladata taustat alta klikkaamalla niit\u00e4 hiiren oikealla n\u00e4pp\u00e4imell\u00e4.<\/p>\n<p>&nbsp;<\/p>\n<p>&nbsp;<\/p>\n<p><img decoding=\"async\" class=\"alignnone size-full wp-image-3879 lazyload\" data-src=\"https:\/\/blogit.utu.fi\/patt38\/wp-content\/uploads\/sites\/458\/2021\/04\/PATT38_Background1-scaled.jpg\" alt=\"\" width=\"2560\" height=\"1440\" data-srcset=\"https:\/\/blogit.utu.fi\/patt38\/wp-content\/uploads\/sites\/458\/2021\/04\/PATT38_Background1-scaled.jpg 2560w, https:\/\/blogit.utu.fi\/patt38\/wp-content\/uploads\/sites\/458\/2021\/04\/PATT38_Background1-300x169.jpg 300w, https:\/\/blogit.utu.fi\/patt38\/wp-content\/uploads\/sites\/458\/2021\/04\/PATT38_Background1-1024x576.jpg 1024w, https:\/\/blogit.utu.fi\/patt38\/wp-content\/uploads\/sites\/458\/2021\/04\/PATT38_Background1-768x432.jpg 768w, https:\/\/blogit.utu.fi\/patt38\/wp-content\/uploads\/sites\/458\/2021\/04\/PATT38_Background1-1536x864.jpg 1536w, https:\/\/blogit.utu.fi\/patt38\/wp-content\/uploads\/sites\/458\/2021\/04\/PATT38_Background1-2048x1152.jpg 2048w, https:\/\/blogit.utu.fi\/patt38\/wp-content\/uploads\/sites\/458\/2021\/04\/PATT38_Background1-700x394.jpg 700w, https:\/\/blogit.utu.fi\/patt38\/wp-content\/uploads\/sites\/458\/2021\/04\/PATT38_Background1-410x231.jpg 410w, https:\/\/blogit.utu.fi\/patt38\/wp-content\/uploads\/sites\/458\/2021\/04\/PATT38_Background1-100x56.jpg 100w, https:\/\/blogit.utu.fi\/patt38\/wp-content\/uploads\/sites\/458\/2021\/04\/PATT38_Background1-275x155.jpg 275w\" data-sizes=\"(max-width: 2560px) 100vw, 2560px\" src=\"data:image\/svg+xml;base64,PHN2ZyB3aWR0aD0iMSIgaGVpZ2h0PSIxIiB4bWxucz0iaHR0cDovL3d3dy53My5vcmcvMjAwMC9zdmciPjwvc3ZnPg==\" style=\"--smush-placeholder-width: 2560px; --smush-placeholder-aspect-ratio: 2560\/1440;\" \/><\/p>\n<p>&nbsp;<\/p>\n<p>&nbsp;<\/p>\n<p><img decoding=\"async\" class=\"alignnone size-full wp-image-3882 lazyload\" data-src=\"https:\/\/blogit.utu.fi\/patt38\/wp-content\/uploads\/sites\/458\/2021\/04\/PATT38_Background2-scaled.jpg\" alt=\"\" width=\"2560\" height=\"1440\" data-srcset=\"https:\/\/blogit.utu.fi\/patt38\/wp-content\/uploads\/sites\/458\/2021\/04\/PATT38_Background2-scaled.jpg 2560w, https:\/\/blogit.utu.fi\/patt38\/wp-content\/uploads\/sites\/458\/2021\/04\/PATT38_Background2-300x169.jpg 300w, https:\/\/blogit.utu.fi\/patt38\/wp-content\/uploads\/sites\/458\/2021\/04\/PATT38_Background2-1024x576.jpg 1024w, https:\/\/blogit.utu.fi\/patt38\/wp-content\/uploads\/sites\/458\/2021\/04\/PATT38_Background2-768x432.jpg 768w, https:\/\/blogit.utu.fi\/patt38\/wp-content\/uploads\/sites\/458\/2021\/04\/PATT38_Background2-1536x864.jpg 1536w, https:\/\/blogit.utu.fi\/patt38\/wp-content\/uploads\/sites\/458\/2021\/04\/PATT38_Background2-2048x1152.jpg 2048w, https:\/\/blogit.utu.fi\/patt38\/wp-content\/uploads\/sites\/458\/2021\/04\/PATT38_Background2-700x394.jpg 700w, https:\/\/blogit.utu.fi\/patt38\/wp-content\/uploads\/sites\/458\/2021\/04\/PATT38_Background2-410x231.jpg 410w, https:\/\/blogit.utu.fi\/patt38\/wp-content\/uploads\/sites\/458\/2021\/04\/PATT38_Background2-100x56.jpg 100w, https:\/\/blogit.utu.fi\/patt38\/wp-content\/uploads\/sites\/458\/2021\/04\/PATT38_Background2-275x155.jpg 275w\" data-sizes=\"(max-width: 2560px) 100vw, 2560px\" src=\"data:image\/svg+xml;base64,PHN2ZyB3aWR0aD0iMSIgaGVpZ2h0PSIxIiB4bWxucz0iaHR0cDovL3d3dy53My5vcmcvMjAwMC9zdmciPjwvc3ZnPg==\" style=\"--smush-placeholder-width: 2560px; --smush-placeholder-aspect-ratio: 2560\/1440;\" \/><\/p>\n<p>&nbsp;<\/p>\n<p>&nbsp;<\/p>\n<p><img decoding=\"async\" class=\"alignnone size-full wp-image-3885 lazyload\" data-src=\"https:\/\/blogit.utu.fi\/patt38\/wp-content\/uploads\/sites\/458\/2021\/04\/PATT38_Background3-scaled.jpg\" alt=\"\" width=\"2560\" height=\"1440\" data-srcset=\"https:\/\/blogit.utu.fi\/patt38\/wp-content\/uploads\/sites\/458\/2021\/04\/PATT38_Background3-scaled.jpg 2560w, https:\/\/blogit.utu.fi\/patt38\/wp-content\/uploads\/sites\/458\/2021\/04\/PATT38_Background3-300x169.jpg 300w, https:\/\/blogit.utu.fi\/patt38\/wp-content\/uploads\/sites\/458\/2021\/04\/PATT38_Background3-1024x576.jpg 1024w, https:\/\/blogit.utu.fi\/patt38\/wp-content\/uploads\/sites\/458\/2021\/04\/PATT38_Background3-768x432.jpg 768w, https:\/\/blogit.utu.fi\/patt38\/wp-content\/uploads\/sites\/458\/2021\/04\/PATT38_Background3-1536x864.jpg 1536w, https:\/\/blogit.utu.fi\/patt38\/wp-content\/uploads\/sites\/458\/2021\/04\/PATT38_Background3-2048x1152.jpg 2048w, https:\/\/blogit.utu.fi\/patt38\/wp-content\/uploads\/sites\/458\/2021\/04\/PATT38_Background3-700x394.jpg 700w, https:\/\/blogit.utu.fi\/patt38\/wp-content\/uploads\/sites\/458\/2021\/04\/PATT38_Background3-410x231.jpg 410w, https:\/\/blogit.utu.fi\/patt38\/wp-content\/uploads\/sites\/458\/2021\/04\/PATT38_Background3-100x56.jpg 100w, https:\/\/blogit.utu.fi\/patt38\/wp-content\/uploads\/sites\/458\/2021\/04\/PATT38_Background3-275x155.jpg 275w\" data-sizes=\"(max-width: 2560px) 100vw, 2560px\" src=\"data:image\/svg+xml;base64,PHN2ZyB3aWR0aD0iMSIgaGVpZ2h0PSIxIiB4bWxucz0iaHR0cDovL3d3dy53My5vcmcvMjAwMC9zdmciPjwvc3ZnPg==\" style=\"--smush-placeholder-width: 2560px; --smush-placeholder-aspect-ratio: 2560\/1440;\" \/><\/p>\n<p>&nbsp;<\/p>\n<p>&nbsp;<\/p>\n<p><img decoding=\"async\" class=\"alignnone size-full wp-image-3888 lazyload\" data-src=\"https:\/\/blogit.utu.fi\/patt38\/wp-content\/uploads\/sites\/458\/2021\/04\/PATT38_Background4-scaled.jpg\" alt=\"\" width=\"2560\" height=\"1440\" data-srcset=\"https:\/\/blogit.utu.fi\/patt38\/wp-content\/uploads\/sites\/458\/2021\/04\/PATT38_Background4-scaled.jpg 2560w, https:\/\/blogit.utu.fi\/patt38\/wp-content\/uploads\/sites\/458\/2021\/04\/PATT38_Background4-300x169.jpg 300w, https:\/\/blogit.utu.fi\/patt38\/wp-content\/uploads\/sites\/458\/2021\/04\/PATT38_Background4-1024x576.jpg 1024w, https:\/\/blogit.utu.fi\/patt38\/wp-content\/uploads\/sites\/458\/2021\/04\/PATT38_Background4-768x432.jpg 768w, https:\/\/blogit.utu.fi\/patt38\/wp-content\/uploads\/sites\/458\/2021\/04\/PATT38_Background4-1536x864.jpg 1536w, https:\/\/blogit.utu.fi\/patt38\/wp-content\/uploads\/sites\/458\/2021\/04\/PATT38_Background4-2048x1152.jpg 2048w, https:\/\/blogit.utu.fi\/patt38\/wp-content\/uploads\/sites\/458\/2021\/04\/PATT38_Background4-700x394.jpg 700w, https:\/\/blogit.utu.fi\/patt38\/wp-content\/uploads\/sites\/458\/2021\/04\/PATT38_Background4-410x231.jpg 410w, https:\/\/blogit.utu.fi\/patt38\/wp-content\/uploads\/sites\/458\/2021\/04\/PATT38_Background4-100x56.jpg 100w, https:\/\/blogit.utu.fi\/patt38\/wp-content\/uploads\/sites\/458\/2021\/04\/PATT38_Background4-275x155.jpg 275w\" data-sizes=\"(max-width: 2560px) 100vw, 2560px\" src=\"data:image\/svg+xml;base64,PHN2ZyB3aWR0aD0iMSIgaGVpZ2h0PSIxIiB4bWxucz0iaHR0cDovL3d3dy53My5vcmcvMjAwMC9zdmciPjwvc3ZnPg==\" style=\"--smush-placeholder-width: 2560px; --smush-placeholder-aspect-ratio: 2560\/1440;\" \/><\/p>\n<p>&nbsp;<\/p>\n<p>&nbsp;<\/p>\nFollow:      <a class=\"synved-social-button synved-social-button-follow synved-social-size-48 synved-social-resolution-single synved-social-provider-facebook nolightbox\" data-provider=\"facebook\" target=\"_blank\" rel=\"nofollow\" title=\"Follow PATT38 on Facebook\" href=\"https:\/\/www.facebook.com\/pg\/Patt38-107842510819866\/posts\/\" style=\"font-size: 0px;width:48px;height:48px;margin:0;margin-bottom:10px;margin-right:10px\"><img decoding=\"async\" alt=\"Facebook\" title=\"Follow PATT38 on Facebook\" class=\"synved-share-image synved-social-image synved-social-image-follow lazyload\" width=\"48\" height=\"48\" style=\"--smush-placeholder-width: 48px; --smush-placeholder-aspect-ratio: 48\/48;display: inline;width:48px;height:48px;margin: 0;padding: 0;border: none;box-shadow: none\" data-src=\"https:\/\/blogit.utu.fi\/patt38\/wp-content\/plugins\/social-media-feather\/synved-social\/image\/social\/regular\/96x96\/facebook.png\" src=\"data:image\/svg+xml;base64,PHN2ZyB3aWR0aD0iMSIgaGVpZ2h0PSIxIiB4bWxucz0iaHR0cDovL3d3dy53My5vcmcvMjAwMC9zdmciPjwvc3ZnPg==\" \/><\/a><a class=\"synved-social-button synved-social-button-follow synved-social-size-48 synved-social-resolution-single synved-social-provider-twitter nolightbox\" data-provider=\"twitter\" target=\"_blank\" rel=\"nofollow\" title=\"Follow PATT38 on Twitter\" href=\"https:\/\/twitter.com\/PATT381\" style=\"font-size: 0px;width:48px;height:48px;margin:0;margin-bottom:10px;margin-right:10px\"><img decoding=\"async\" alt=\"twitter\" title=\"Follow PATT38 on Twitter\" class=\"synved-share-image synved-social-image synved-social-image-follow lazyload\" width=\"48\" height=\"48\" style=\"--smush-placeholder-width: 48px; --smush-placeholder-aspect-ratio: 48\/48;display: inline;width:48px;height:48px;margin: 0;padding: 0;border: none;box-shadow: none\" data-src=\"https:\/\/blogit.utu.fi\/patt38\/wp-content\/plugins\/social-media-feather\/synved-social\/image\/social\/regular\/96x96\/twitter.png\" src=\"data:image\/svg+xml;base64,PHN2ZyB3aWR0aD0iMSIgaGVpZ2h0PSIxIiB4bWxucz0iaHR0cDovL3d3dy53My5vcmcvMjAwMC9zdmciPjwvc3ZnPg==\" \/><\/a><a class=\"synved-social-button synved-social-button-follow synved-social-size-48 synved-social-resolution-single synved-social-provider-instagram nolightbox\" data-provider=\"instagram\" target=\"_blank\" rel=\"nofollow\" title=\"Follow PATT38 on Instagram\" href=\"https:\/\/www.instagram.com\/patt38conference\/\" style=\"font-size: 0px;width:48px;height:48px;margin:0;margin-bottom:10px\"><img decoding=\"async\" alt=\"instagram\" title=\"Follow PATT38 on Instagram\" class=\"synved-share-image synved-social-image synved-social-image-follow lazyload\" width=\"48\" height=\"48\" style=\"--smush-placeholder-width: 48px; --smush-placeholder-aspect-ratio: 48\/48;display: inline;width:48px;height:48px;margin: 0;padding: 0;border: none;box-shadow: none\" data-src=\"https:\/\/blogit.utu.fi\/patt38\/wp-content\/plugins\/social-media-feather\/synved-social\/image\/social\/regular\/96x96\/instagram.png\" src=\"data:image\/svg+xml;base64,PHN2ZyB3aWR0aD0iMSIgaGVpZ2h0PSIxIiB4bWxucz0iaHR0cDovL3d3dy53My5vcmcvMjAwMC9zdmciPjwvc3ZnPg==\" \/><\/a>","protected":false},"excerpt":{"rendered":"<p>&nbsp; T\u00e4\u00e4lt\u00e4 voit ladata viralliset PATT38 virtuaalitaustat! Virtuaalitausta on Zoomin ominaisuus, joka mahdollistaa kuvan tai videon k\u00e4yt\u00f6n taustanasi. PATT38-konferenssin virallisilla virtuaalitaustoilla voit esimerkiksi hengailla Rauman Seminaarin puutarhan omenapuiden \u00e4\u00e4rell\u00e4 tai rentoutua k\u00e4sity\u00f6kasvatuksen opiskelijoiden rakentamassa per\u00e4k\u00e4rrysaunassa. Valinta on sinun! Virtuaalitaustat toimivat parhaiten green screenin tai tasaisen vaalean taustan kanssa (kontrasti). Zoom asettaa joitakin laitevaatimuksia virtuaalitaustojen k\u00e4yt\u00f6lle, [&hellip;]<\/p>\n","protected":false},"author":20754,"featured_media":0,"parent":0,"menu_order":0,"comment_status":"closed","ping_status":"closed","template":"","meta":{"_acf_changed":false,"footnotes":""},"class_list":["post-3825","page","type-page","status-publish","hentry"],"acf":[],"_links":{"self":[{"href":"https:\/\/blogit.utu.fi\/patt38\/wp-json\/wp\/v2\/pages\/3825","targetHints":{"allow":["GET"]}}],"collection":[{"href":"https:\/\/blogit.utu.fi\/patt38\/wp-json\/wp\/v2\/pages"}],"about":[{"href":"https:\/\/blogit.utu.fi\/patt38\/wp-json\/wp\/v2\/types\/page"}],"author":[{"embeddable":true,"href":"https:\/\/blogit.utu.fi\/patt38\/wp-json\/wp\/v2\/users\/20754"}],"replies":[{"embeddable":true,"href":"https:\/\/blogit.utu.fi\/patt38\/wp-json\/wp\/v2\/comments?post=3825"}],"version-history":[{"count":4,"href":"https:\/\/blogit.utu.fi\/patt38\/wp-json\/wp\/v2\/pages\/3825\/revisions"}],"predecessor-version":[{"id":5289,"href":"https:\/\/blogit.utu.fi\/patt38\/wp-json\/wp\/v2\/pages\/3825\/revisions\/5289"}],"wp:attachment":[{"href":"https:\/\/blogit.utu.fi\/patt38\/wp-json\/wp\/v2\/media?parent=3825"}],"curies":[{"name":"wp","href":"https:\/\/api.w.org\/{rel}","templated":true}]}}