{"id":4260,"date":"2021-05-08T15:50:34","date_gmt":"2021-05-08T13:50:34","guid":{"rendered":"https:\/\/blogit.utu.fi\/patt38\/?page_id=4260"},"modified":"2021-05-08T15:51:34","modified_gmt":"2021-05-08T13:51:34","slug":"facebook-kehys","status":"publish","type":"page","link":"https:\/\/blogit.utu.fi\/patt38\/konferenssiopas\/facebook-kehys\/","title":{"rendered":"FACEBOOK KEHYS"},"content":{"rendered":"<p>&nbsp;<\/p>\n<p><span class=\"TextRun SCXP189386018 BCX0\" lang=\"FI-FI\" xml:lang=\"FI-FI\" data-scheme-color=\"@8B5DCB,,\" data-usefontface=\"true\" data-contrast=\"none\"><span class=\"SpellingError SCXP189386018 BCX0\">Jaa PATT38-konferenssihenke\u00e4 kavereillesi!<\/span><\/span><span class=\"LineBreakBlob BlobObject SCXP189386018 BCX0\"><span class=\"SCXP189386018 BCX0\">\u200b<\/span><\/span><\/p>\n<p><span class=\"TextRun SCXP189386018 BCX0\" lang=\"FI-FI\" xml:lang=\"FI-FI\" data-usefontface=\"true\" data-contrast=\"none\"><span class=\"SpellingError SCXP189386018 BCX0\">Voit ottaa k\u00e4ytt\u00f6\u00f6n konferenssin viralliset Facebook kehykset kirjautumalla Facebook k\u00e4ytt\u00e4j\u00e4llesi<\/span><\/span><span class=\"TextRun SCXP189386018 BCX0\" lang=\"FI-FI\" xml:lang=\"FI-FI\" data-usefontface=\"true\" data-contrast=\"none\"><span class=\"NormalTextRun SCXP189386018 BCX0\"> ja hakemalla PATT38 kehyst\u00e4 frame menusta.<\/span><\/span><span class=\"TextRun SCXP189386018 BCX0\" lang=\"FI-FI\" xml:lang=\"FI-FI\" data-usefontface=\"true\" data-contrast=\"none\"><span class=\"NormalTextRun SCXP189386018 BCX0\"> K\u00e4yt\u00e4 <\/span><\/span><span class=\"TextRun SCXP189386018 BCX0\" lang=\"FI-FI\" xml:lang=\"FI-FI\" data-usefontface=\"true\" data-contrast=\"none\"><span class=\"NormalTextRun SCXP189386018 BCX0\">\u201dPATT38\u201d avainsanaa l\u00f6yt\u00e4\u00e4ksesi kehyksen. Katso <a href=\"https:\/\/www.facebook.com\/help\/115229555800383\">t\u00e4\u00e4lt\u00e4<\/a> tarkemmat ohjeet Facebook kehyksen k\u00e4yt\u00f6st\u00e4.<\/span><\/span><\/p>\n<p>&nbsp;<\/p>\n<p><a class=\"CID7c130d4c-cef3-4cad-8b27-91382996c00c\" data-sessionid=\"956ab301-21c1-aca8-e48d-ab063a6819de\" data-shapeids=\"23,24,26\" data-slideid=\"\">\u00a0 \u00a0 <\/a><img decoding=\"async\" class=\"alignnone wp-image-4269 lazyload\" data-src=\"https:\/\/blogit.utu.fi\/patt38\/wp-content\/uploads\/sites\/458\/2021\/04\/Picture3.jpg\" alt=\"\" width=\"198\" height=\"200\" data-srcset=\"https:\/\/blogit.utu.fi\/patt38\/wp-content\/uploads\/sites\/458\/2021\/04\/Picture3.jpg 140w, https:\/\/blogit.utu.fi\/patt38\/wp-content\/uploads\/sites\/458\/2021\/04\/Picture3-100x101.jpg 100w\" data-sizes=\"(max-width: 198px) 100vw, 198px\" src=\"data:image\/svg+xml;base64,PHN2ZyB3aWR0aD0iMSIgaGVpZ2h0PSIxIiB4bWxucz0iaHR0cDovL3d3dy53My5vcmcvMjAwMC9zdmciPjwvc3ZnPg==\" style=\"--smush-placeholder-width: 198px; --smush-placeholder-aspect-ratio: 198\/200;\" \/>\u00a0 \u00a0 \u00a0 \u00a0 \u00a0 <img decoding=\"async\" class=\"alignnone wp-image-4266 lazyload\" data-src=\"https:\/\/blogit.utu.fi\/patt38\/wp-content\/uploads\/sites\/458\/2021\/04\/Picture2.jpg\" alt=\"\" width=\"200\" height=\"200\" data-srcset=\"https:\/\/blogit.utu.fi\/patt38\/wp-content\/uploads\/sites\/458\/2021\/04\/Picture2.jpg 189w, https:\/\/blogit.utu.fi\/patt38\/wp-content\/uploads\/sites\/458\/2021\/04\/Picture2-150x150.jpg 150w, https:\/\/blogit.utu.fi\/patt38\/wp-content\/uploads\/sites\/458\/2021\/04\/Picture2-100x100.jpg 100w\" data-sizes=\"(max-width: 200px) 100vw, 200px\" src=\"data:image\/svg+xml;base64,PHN2ZyB3aWR0aD0iMSIgaGVpZ2h0PSIxIiB4bWxucz0iaHR0cDovL3d3dy53My5vcmcvMjAwMC9zdmciPjwvc3ZnPg==\" style=\"--smush-placeholder-width: 200px; --smush-placeholder-aspect-ratio: 200\/200;\" \/>\u00a0 \u00a0 \u00a0 \u00a0 \u00a0 <img decoding=\"async\" class=\"alignnone wp-image-4263 lazyload\" data-src=\"https:\/\/blogit.utu.fi\/patt38\/wp-content\/uploads\/sites\/458\/2021\/04\/Picture1.jpg\" alt=\"\" width=\"200\" height=\"200\" data-srcset=\"https:\/\/blogit.utu.fi\/patt38\/wp-content\/uploads\/sites\/458\/2021\/04\/Picture1.jpg 189w, https:\/\/blogit.utu.fi\/patt38\/wp-content\/uploads\/sites\/458\/2021\/04\/Picture1-150x150.jpg 150w, https:\/\/blogit.utu.fi\/patt38\/wp-content\/uploads\/sites\/458\/2021\/04\/Picture1-100x100.jpg 100w\" data-sizes=\"(max-width: 200px) 100vw, 200px\" src=\"data:image\/svg+xml;base64,PHN2ZyB3aWR0aD0iMSIgaGVpZ2h0PSIxIiB4bWxucz0iaHR0cDovL3d3dy53My5vcmcvMjAwMC9zdmciPjwvc3ZnPg==\" style=\"--smush-placeholder-width: 200px; --smush-placeholder-aspect-ratio: 200\/200;\" \/><\/p>\n<p>&nbsp;<\/p>\n<p>Muista k\u00e4ytt\u00e4\u00e4 hashtagia <span style=\"color: #8b5dcb\"><b>#patt38conference<\/b><\/span>!<\/p>\n<p>&nbsp;<\/p>\nFollow:      <a class=\"synved-social-button synved-social-button-follow synved-social-size-48 synved-social-resolution-single synved-social-provider-facebook nolightbox\" data-provider=\"facebook\" target=\"_blank\" rel=\"nofollow\" title=\"Follow PATT38 on Facebook\" href=\"https:\/\/www.facebook.com\/pg\/Patt38-107842510819866\/posts\/\" style=\"font-size: 0px;width:48px;height:48px;margin:0;margin-bottom:10px;margin-right:10px\"><img decoding=\"async\" alt=\"Facebook\" title=\"Follow PATT38 on Facebook\" class=\"synved-share-image synved-social-image synved-social-image-follow lazyload\" width=\"48\" height=\"48\" style=\"--smush-placeholder-width: 48px; --smush-placeholder-aspect-ratio: 48\/48;display: inline;width:48px;height:48px;margin: 0;padding: 0;border: none;box-shadow: none\" data-src=\"https:\/\/blogit.utu.fi\/patt38\/wp-content\/plugins\/social-media-feather\/synved-social\/image\/social\/regular\/96x96\/facebook.png\" src=\"data:image\/svg+xml;base64,PHN2ZyB3aWR0aD0iMSIgaGVpZ2h0PSIxIiB4bWxucz0iaHR0cDovL3d3dy53My5vcmcvMjAwMC9zdmciPjwvc3ZnPg==\" \/><\/a><a class=\"synved-social-button synved-social-button-follow synved-social-size-48 synved-social-resolution-single synved-social-provider-twitter nolightbox\" data-provider=\"twitter\" target=\"_blank\" rel=\"nofollow\" title=\"Follow PATT38 on Twitter\" href=\"https:\/\/twitter.com\/PATT381\" style=\"font-size: 0px;width:48px;height:48px;margin:0;margin-bottom:10px;margin-right:10px\"><img decoding=\"async\" alt=\"twitter\" title=\"Follow PATT38 on Twitter\" class=\"synved-share-image synved-social-image synved-social-image-follow lazyload\" width=\"48\" height=\"48\" style=\"--smush-placeholder-width: 48px; --smush-placeholder-aspect-ratio: 48\/48;display: inline;width:48px;height:48px;margin: 0;padding: 0;border: none;box-shadow: none\" data-src=\"https:\/\/blogit.utu.fi\/patt38\/wp-content\/plugins\/social-media-feather\/synved-social\/image\/social\/regular\/96x96\/twitter.png\" src=\"data:image\/svg+xml;base64,PHN2ZyB3aWR0aD0iMSIgaGVpZ2h0PSIxIiB4bWxucz0iaHR0cDovL3d3dy53My5vcmcvMjAwMC9zdmciPjwvc3ZnPg==\" \/><\/a><a class=\"synved-social-button synved-social-button-follow synved-social-size-48 synved-social-resolution-single synved-social-provider-instagram nolightbox\" data-provider=\"instagram\" target=\"_blank\" rel=\"nofollow\" title=\"Follow PATT38 on Instagram\" href=\"https:\/\/www.instagram.com\/patt38conference\/\" style=\"font-size: 0px;width:48px;height:48px;margin:0;margin-bottom:10px\"><img decoding=\"async\" alt=\"instagram\" title=\"Follow PATT38 on Instagram\" class=\"synved-share-image synved-social-image synved-social-image-follow lazyload\" width=\"48\" height=\"48\" style=\"--smush-placeholder-width: 48px; --smush-placeholder-aspect-ratio: 48\/48;display: inline;width:48px;height:48px;margin: 0;padding: 0;border: none;box-shadow: none\" data-src=\"https:\/\/blogit.utu.fi\/patt38\/wp-content\/plugins\/social-media-feather\/synved-social\/image\/social\/regular\/96x96\/instagram.png\" src=\"data:image\/svg+xml;base64,PHN2ZyB3aWR0aD0iMSIgaGVpZ2h0PSIxIiB4bWxucz0iaHR0cDovL3d3dy53My5vcmcvMjAwMC9zdmciPjwvc3ZnPg==\" \/><\/a>","protected":false},"excerpt":{"rendered":"<p>&nbsp; Jaa PATT38-konferenssihenke\u00e4 kavereillesi!\u200b Voit ottaa k\u00e4ytt\u00f6\u00f6n konferenssin viralliset Facebook kehykset kirjautumalla Facebook k\u00e4ytt\u00e4j\u00e4llesi ja hakemalla PATT38 kehyst\u00e4 frame menusta. K\u00e4yt\u00e4 \u201dPATT38\u201d avainsanaa l\u00f6yt\u00e4\u00e4ksesi kehyksen. Katso t\u00e4\u00e4lt\u00e4 tarkemmat ohjeet Facebook kehyksen k\u00e4yt\u00f6st\u00e4. &nbsp; \u00a0 \u00a0 \u00a0 \u00a0 \u00a0 \u00a0 \u00a0 \u00a0 \u00a0 \u00a0 \u00a0 \u00a0 &nbsp; Muista k\u00e4ytt\u00e4\u00e4 hashtagia #patt38conference! &nbsp; Follow:<\/p>\n","protected":false},"author":20754,"featured_media":0,"parent":3921,"menu_order":0,"comment_status":"closed","ping_status":"closed","template":"","meta":{"_acf_changed":false,"footnotes":""},"class_list":["post-4260","page","type-page","status-publish","hentry"],"acf":[],"_links":{"self":[{"href":"https:\/\/blogit.utu.fi\/patt38\/wp-json\/wp\/v2\/pages\/4260","targetHints":{"allow":["GET"]}}],"collection":[{"href":"https:\/\/blogit.utu.fi\/patt38\/wp-json\/wp\/v2\/pages"}],"about":[{"href":"https:\/\/blogit.utu.fi\/patt38\/wp-json\/wp\/v2\/types\/page"}],"author":[{"embeddable":true,"href":"https:\/\/blogit.utu.fi\/patt38\/wp-json\/wp\/v2\/users\/20754"}],"replies":[{"embeddable":true,"href":"https:\/\/blogit.utu.fi\/patt38\/wp-json\/wp\/v2\/comments?post=4260"}],"version-history":[{"count":7,"href":"https:\/\/blogit.utu.fi\/patt38\/wp-json\/wp\/v2\/pages\/4260\/revisions"}],"predecessor-version":[{"id":5304,"href":"https:\/\/blogit.utu.fi\/patt38\/wp-json\/wp\/v2\/pages\/4260\/revisions\/5304"}],"up":[{"embeddable":true,"href":"https:\/\/blogit.utu.fi\/patt38\/wp-json\/wp\/v2\/pages\/3921"}],"wp:attachment":[{"href":"https:\/\/blogit.utu.fi\/patt38\/wp-json\/wp\/v2\/media?parent=4260"}],"curies":[{"name":"wp","href":"https:\/\/api.w.org\/{rel}","templated":true}]}}