{"id":167,"date":"2019-01-23T19:13:52","date_gmt":"2019-01-23T19:13:52","guid":{"rendered":"https:\/\/blogit.utu.fi\/plurideutsch\/?page_id=167"},"modified":"2020-01-27T08:07:09","modified_gmt":"2020-01-27T08:07:09","slug":"om-projektet","status":"publish","type":"page","link":"https:\/\/blogit.utu.fi\/plurideutsch\/sv\/om-projektet\/","title":{"rendered":"Om projektet"},"content":{"rendered":"<p><span style=\"color: #000000\">Pluri\u25e6Deutsch \u00e4r ett projekt utarbetad av l\u00e4rare i tyska vid finska universitet med m\u00e5let att fr\u00e4mja utvecklingen av flerspr\u00e5kiga kurser.<\/span><\/p>\n<p><span style=\"color: #000000\">I Finland \u00e4r tyska ett viktigt spr\u00e5k efter engelska och det andra nationella spr\u00e5ket, svenska. Tyska \u00e4r oftast det tredje eller fj\u00e4rde spr\u00e5ket f\u00f6r v\u00e5ra studenter och det anv\u00e4nds ofta b\u00e5de i vardagen och arbetslivet i flerspr\u00e5kiga situationer, det vill s\u00e4ga tillsammans med engelska och svenska. P\u00e5 grund av detta vore det f\u00f6rnuftigt att undervisningen i tyska \u00e4r flerspr\u00e5kig och att man d\u00e4rmed ompr\u00f6var modellen av enspr\u00e5kigt orienterad spr\u00e5kundervisning.<\/span><\/p>\n<p>Projektet g\u00e5r: September 2018 till 2020<\/p>\n<p>St\u00f6d: DAAD Bonn och Emil \u00d6hmann stiftelse Helsingfors<\/p>\n","protected":false},"excerpt":{"rendered":"<p>Pluri\u25e6Deutsch \u00e4r ett projekt utarbetad av l\u00e4rare i tyska vid finska universitet med m\u00e5let att fr\u00e4mja utvecklingen av flerspr\u00e5kiga kurser. I Finland \u00e4r tyska ett viktigt spr\u00e5k efter engelska och det andra nationella spr\u00e5ket, svenska. Tyska \u00e4r oftast det tredje eller fj\u00e4rde spr\u00e5ket f\u00f6r v\u00e5ra studenter och det anv\u00e4nds ofta b\u00e5de i vardagen och arbetslivet [&hellip;]<\/p>\n","protected":false},"author":1527,"featured_media":0,"parent":0,"menu_order":0,"comment_status":"closed","ping_status":"open","template":"","meta":{"footnotes":""},"class_list":["post-167","page","type-page","status-publish","hentry"],"_links":{"self":[{"href":"https:\/\/blogit.utu.fi\/plurideutsch\/wp-json\/wp\/v2\/pages\/167","targetHints":{"allow":["GET"]}}],"collection":[{"href":"https:\/\/blogit.utu.fi\/plurideutsch\/wp-json\/wp\/v2\/pages"}],"about":[{"href":"https:\/\/blogit.utu.fi\/plurideutsch\/wp-json\/wp\/v2\/types\/page"}],"author":[{"embeddable":true,"href":"https:\/\/blogit.utu.fi\/plurideutsch\/wp-json\/wp\/v2\/users\/1527"}],"replies":[{"embeddable":true,"href":"https:\/\/blogit.utu.fi\/plurideutsch\/wp-json\/wp\/v2\/comments?post=167"}],"version-history":[{"count":5,"href":"https:\/\/blogit.utu.fi\/plurideutsch\/wp-json\/wp\/v2\/pages\/167\/revisions"}],"predecessor-version":[{"id":315,"href":"https:\/\/blogit.utu.fi\/plurideutsch\/wp-json\/wp\/v2\/pages\/167\/revisions\/315"}],"wp:attachment":[{"href":"https:\/\/blogit.utu.fi\/plurideutsch\/wp-json\/wp\/v2\/media?parent=167"}],"curies":[{"name":"wp","href":"https:\/\/api.w.org\/{rel}","templated":true}]}}