{"id":284,"date":"2019-10-30T09:17:55","date_gmt":"2019-10-30T09:17:55","guid":{"rendered":"https:\/\/blogit.utu.fi\/plurideutsch\/?page_id=284"},"modified":"2023-06-23T06:32:56","modified_gmt":"2023-06-23T06:32:56","slug":"dissemination","status":"publish","type":"page","link":"https:\/\/blogit.utu.fi\/plurideutsch\/dissemination\/","title":{"rendered":"Dissemination"},"content":{"rendered":"\n<h2 class=\"wp-block-heading\">Tagungen und Konferenzen:<\/h2>\n\n\n\n<ul class=\"wp-block-list\">\n<li>12.\u201313.4.2019 <strong>DaF-Tag Helsinki<\/strong>, Hanken<\/li>\n\n\n\n<li>6.\u20137.6.2019 <a href=\"https:\/\/www.helsinki.fi\/fi\/konferenssit\/kielikeskuspaivat-2019\"><strong>Kielikeskusp\u00e4iv\u00e4t Helsinki<\/strong>: Aalto | Hanken<\/a><\/li>\n\n\n\n<li>5.\u20138.12.2019 <strong>Germanistische Begegnungstagung des DAAD<\/strong>, Riga<\/li>\n\n\n\n<li>6.\u20137.2.2020  <strong><a rel=\"noreferrer noopener\" aria-label=\"XXXX. internationales VAKKI-Sy (\u00f6ffnet in neuem Tab)\" href=\"https:\/\/www.univaasa.fi\/en\/sites\/vakki\/symposia\/symposiumi_2020\/\" target=\"_blank\">XXXX. internationales VAKKI-Symposium<\/a><\/strong>, Vaasa<\/li>\n\n\n\n<li>9.\u201312.9.2020 <a rel=\"noreferrer noopener\" href=\"http:\/\/cercles2020.cjv.muni.cz\/\" target=\"_blank\"><strong>XVI CercleS international conference<\/strong><\/a>, Brno<\/li>\n\n\n\n<li><s>26.7.-2.8.2020<\/s> 26.\u201331.7.2021  <strong>XIV. Kongress der Internationalen Vereinigung f\u00fcr Germanistik (IVG)<\/strong>, Palermo<\/li>\n\n\n\n<li>5.\u20137.5.2022 <strong><a rel=\"noreferrer noopener\" href=\"https:\/\/finnischegermanistentagung2022.wordpress.com\/\" target=\"_blank\">Internationale \u201cFinnische Germanistentagung 2022\u201d<\/a><\/strong>, Universit\u00e4t Oulu<\/li>\n\n\n\n<li>8.\u201310.6.2022 <a rel=\"noreferrer noopener\" href=\"https:\/\/vigdis.hi.is\/en\/events\/xii-nordisch-baltisches-germanistentreffen-2022\/\" target=\"_blank\"><strong>XII. Nordisch-Baltisches Germanistentreffen<\/strong><\/a>, Universit\u00e4t Island, Reykjavik<\/li>\n\n\n\n<li>15.\u201320.8.2022 <strong><a rel=\"noreferrer noopener\" href=\"https:\/\/www.idt-2022.at\/site\/home\" target=\"_blank\">idt Wien 2022: XVII. Internationale Tagung der Deutschlehrerinnen und Deutschlehrer<\/a><\/strong>, Sektion <a rel=\"noreferrer noopener\" href=\"https:\/\/www.idt-2022.at\/site\/programm\/fachprogramm\/sektiona8\" target=\"_blank\">&#8222;A.8 Plurilinguales und translinguales Handeln&#8220;<\/a><\/li>\n<\/ul>\n\n\n\n<h2 class=\"wp-block-heading\">Publikationen:<\/h2>\n\n\n<p><strong>Pluri\u25e6Deutsch \u2013 plurilinguale Kurse mit Deutsch<\/strong><br>Handreichungen f\u00fcr die Kursentwicklung in der Germanistik und an Sprachenzentren<br><em>Anta Kursi\u0161a, Joachim Schlabach (Hrsg. | toim. | utg. | eds.)<\/em><br>Helsinki: Universit\u00e4t Helsinki, 2020; 198 Seiten<br>ISBN: 978-951-51-5003-5&nbsp; | DOI: <a href=\"https:\/\/doi.org\/10.31885\/9789515150097\" target=\"_blank\" rel=\"noreferrer noopener\">https:\/\/doi.org\/10.31885\/9789515150097&nbsp; <\/a><br><a href=\"http:\/\/hdl.handle.net\/10138\/318304\" target=\"_blank\" rel=\"noreferrer noopener\">http:\/\/hdl.handle.net\/10138\/318304<\/a><\/p>\n\n\n<p><strong>Rezension von Kathrin Wild <\/strong>(Europa-Universit\u00e4t Flensburg) in <br><a href=\"https:\/\/dafdigital.de\/ce\/anta-kursisa-joachim-schlabach-hg-pluri-deutsch-plurilinguale-kurse-mit-deutsch-handreichungen-fuer-die-kursentwicklung-in-der-germanistik-und-an-sprachenzentren-universitaet-helsinki-helsinki-2020\/detail.html\" target=\"_blank\" rel=\"noreferrer noopener\">Deutsch als Fremdsprache 2\/2023, 119\u2013122<\/a>:<br>&#8222;Insgesamt bietet das Buch eine F\u00fclle an gut durchdachten Anregungen f\u00fcr Lehrkr\u00e4fte &#8230;&#8220;, &#8222;Dieses Buch f\u00fcllt eine bedeutende L\u00fccke &#8230;&#8220;, &#8222;Das inspirierede Werk empfiehlt sich aufgrund des gro\u00dfend Angebots an praktisch umsetzbaren Unterrichtseinheiten insbesondere f\u00fcr die Aus- und Weiterbildung von Fremdsprachenlehrkr\u00e4ften &#8230;&#8220;.<\/p>\n\n\n\n<p><\/p>\n\n\n\n<p><strong>Inhalt:<\/strong><\/p>\n\n\n\n<p>1 Einleitung<\/p>\n\n\n<p><strong>2<\/strong> <em>Anta Kursi\u0161a, Joachim Schlabach<\/em>: <br>Zur Gestaltung von plurilingualen Kursen: Theoretische und didaktische Grundlagen<br><a href=\"http:\/\/doi.org\/10.31885\/9789515150097.2\" target=\"_blank\" rel=\"noreferrer noopener\">doi.org\/10.31885\/9789515150097.2<\/a><\/p>\n<p><strong>3<\/strong> <em>Almut Meyer<\/em>: <br>Rechtsdeutsch plurilingual: Mehrsprachige Lerneinheiten zur Rechtssprache im Anf\u00e4ngerbereich<br><a href=\"http:\/\/doi.org\/10.31885\/9789515150097.3\" target=\"_blank\" rel=\"noreferrer noopener\">doi.org\/10.31885\/9789515150097.3&nbsp;<\/a><\/p>\n\n\n<p><strong>4<\/strong> <em>Claudia Rehwagen<\/em>: <br>Technisches Deutsch plurilingual<br><a rel=\"noreferrer noopener\" href=\"http:\/\/doi.org\/10.31885\/9789515150097.4\" target=\"_blank\">doi.org\/10.31885\/9789515150097.4<\/a> <span><a style=\"vertical-align: text-bottom\" href=\"\"><\/a><\/span><\/p>\n\n\n<p><strong>5<\/strong> <em>Joachim Schlabach<\/em>: <br>MONI1 Plurilinguale Gesch\u00e4ftskommunikation | <em>Monikielinen yritysviestint\u00e4<\/em><br><a href=\"http:\/\/doi.org\/10.31885\/9789515150097.5\" target=\"_blank\" rel=\"noreferrer noopener\">doi.org\/10.31885\/9789515150097.5&nbsp;<\/a><\/p>\n<p><strong>6<\/strong> <em>Sabine Grasz<\/em>: <br>Mehrsprachigkeit und DaF-Unterricht<br><a href=\"http:\/\/doi.org\/10.31885\/9789515150097.6\" target=\"_blank\" rel=\"noreferrer noopener\">doi.org\/10.31885\/9789515150097.6&nbsp;<\/a><\/p>\n<p><strong>7<\/strong> <em>Anta Kursi\u0161a<\/em>: <br>Interkulturelle Kompetenz und plurilinguale Kommunikation<br><a href=\"http:\/\/doi.org\/10.31885\/9789515150097.7\" target=\"_blank\" rel=\"noreferrer noopener\">doi.org\/10.31885\/9789515150097.7&nbsp;<\/a><\/p>\n\n\n<p>8 Glossar<\/p>\n\n\n\n<h2 class=\"wp-block-heading\"><\/h2>\n\n\n\n<p><\/p>\n","protected":false},"excerpt":{"rendered":"<p>Tagungen und Konferenzen: Publikationen: Pluri\u25e6Deutsch \u2013 plurilinguale Kurse mit DeutschHandreichungen f\u00fcr die Kursentwicklung in der Germanistik und an SprachenzentrenAnta Kursi\u0161a, Joachim Schlabach (Hrsg. | toim. | utg. | eds.)Helsinki: Universit\u00e4t Helsinki, 2020; 198 SeitenISBN: 978-951-51-5003-5&nbsp; | DOI: https:\/\/doi.org\/10.31885\/9789515150097&nbsp; http:\/\/hdl.handle.net\/10138\/318304 Rezension von Kathrin Wild (Europa-Universit\u00e4t Flensburg) in Deutsch als Fremdsprache 2\/2023, 119\u2013122:&#8222;Insgesamt bietet das Buch eine [&hellip;]<\/p>\n","protected":false},"author":1527,"featured_media":345,"parent":0,"menu_order":0,"comment_status":"closed","ping_status":"closed","template":"","meta":{"footnotes":""},"class_list":["post-284","page","type-page","status-publish","has-post-thumbnail","hentry"],"_links":{"self":[{"href":"https:\/\/blogit.utu.fi\/plurideutsch\/wp-json\/wp\/v2\/pages\/284","targetHints":{"allow":["GET"]}}],"collection":[{"href":"https:\/\/blogit.utu.fi\/plurideutsch\/wp-json\/wp\/v2\/pages"}],"about":[{"href":"https:\/\/blogit.utu.fi\/plurideutsch\/wp-json\/wp\/v2\/types\/page"}],"author":[{"embeddable":true,"href":"https:\/\/blogit.utu.fi\/plurideutsch\/wp-json\/wp\/v2\/users\/1527"}],"replies":[{"embeddable":true,"href":"https:\/\/blogit.utu.fi\/plurideutsch\/wp-json\/wp\/v2\/comments?post=284"}],"version-history":[{"count":14,"href":"https:\/\/blogit.utu.fi\/plurideutsch\/wp-json\/wp\/v2\/pages\/284\/revisions"}],"predecessor-version":[{"id":365,"href":"https:\/\/blogit.utu.fi\/plurideutsch\/wp-json\/wp\/v2\/pages\/284\/revisions\/365"}],"wp:featuredmedia":[{"embeddable":true,"href":"https:\/\/blogit.utu.fi\/plurideutsch\/wp-json\/wp\/v2\/media\/345"}],"wp:attachment":[{"href":"https:\/\/blogit.utu.fi\/plurideutsch\/wp-json\/wp\/v2\/media?parent=284"}],"curies":[{"name":"wp","href":"https:\/\/api.w.org\/{rel}","templated":true}]}}