{"id":5,"date":"2019-01-22T18:44:49","date_gmt":"2019-01-22T18:44:49","guid":{"rendered":"https:\/\/blogit.utu.fi\/plurideutsch\/?page_id=2"},"modified":"2020-01-27T08:05:20","modified_gmt":"2020-01-27T08:05:20","slug":"sample-page","status":"publish","type":"page","link":"https:\/\/blogit.utu.fi\/plurideutsch\/","title":{"rendered":"\u00dcber das Projekt"},"content":{"rendered":"<p>Pluri\u25e6Deutsch ist ein Projekt von Deutschlehrenden an finnischen Universit\u00e4ten mit dem Ziel, die Entwicklung von plurilingualen Kursen zu f\u00f6rdern.<\/p>\n<p>In Finnland ist Deutsch nach Englisch und der zweiten Landessprache Schwedisch eine wichtige Sprache. F\u00fcr unsere Studierenden ist Deutsch in der Regel die dritte oder vierte Sprache. Es ist also sinnvoll, das Lehren und Lernen von Deutsch mehrsprachig auszurichten. Zudem wird Deutsch im Alltag und Beruf h\u00e4ufig in mehrsprachigen Situationen, also zusammen mit etwa Englisch und Schwedisch, genutzt. Auch deshalb bietet es sich an, gerade Deutsch plurilingual zu unterrichten, also das Modell des monolingual ausgerichteten Sprachunterrichts zu \u00fcberdenken.<\/p>\n<p>Projektlaufzeit: September 2018 bis&nbsp; 2020<br \/>\nF\u00f6rderung: DAAD Bonn und Emil \u00d6hmann Stiftung Helsinki<\/p>\n","protected":false},"excerpt":{"rendered":"<p>Pluri\u25e6Deutsch ist ein Projekt von Deutschlehrenden an finnischen Universit\u00e4ten mit dem Ziel, die Entwicklung von plurilingualen Kursen zu f\u00f6rdern. In Finnland ist Deutsch nach Englisch und der zweiten Landessprache Schwedisch eine wichtige Sprache. F\u00fcr unsere Studierenden ist Deutsch in der Regel die dritte oder vierte Sprache. Es ist also sinnvoll, das Lehren und Lernen von [&hellip;]<\/p>\n","protected":false},"author":1527,"featured_media":0,"parent":0,"menu_order":0,"comment_status":"closed","ping_status":"open","template":"","meta":{"footnotes":""},"class_list":["post-5","page","type-page","status-publish","hentry"],"_links":{"self":[{"href":"https:\/\/blogit.utu.fi\/plurideutsch\/wp-json\/wp\/v2\/pages\/5","targetHints":{"allow":["GET"]}}],"collection":[{"href":"https:\/\/blogit.utu.fi\/plurideutsch\/wp-json\/wp\/v2\/pages"}],"about":[{"href":"https:\/\/blogit.utu.fi\/plurideutsch\/wp-json\/wp\/v2\/types\/page"}],"author":[{"embeddable":true,"href":"https:\/\/blogit.utu.fi\/plurideutsch\/wp-json\/wp\/v2\/users\/1527"}],"replies":[{"embeddable":true,"href":"https:\/\/blogit.utu.fi\/plurideutsch\/wp-json\/wp\/v2\/comments?post=5"}],"version-history":[{"count":8,"href":"https:\/\/blogit.utu.fi\/plurideutsch\/wp-json\/wp\/v2\/pages\/5\/revisions"}],"predecessor-version":[{"id":306,"href":"https:\/\/blogit.utu.fi\/plurideutsch\/wp-json\/wp\/v2\/pages\/5\/revisions\/306"}],"wp:attachment":[{"href":"https:\/\/blogit.utu.fi\/plurideutsch\/wp-json\/wp\/v2\/media?parent=5"}],"curies":[{"name":"wp","href":"https:\/\/api.w.org\/{rel}","templated":true}]}}