{"id":537,"date":"2020-03-28T14:04:07","date_gmt":"2020-03-28T14:04:07","guid":{"rendered":"https:\/\/blogit.utu.fi\/poikkeustila\/?page_id=537"},"modified":"2020-04-17T07:52:08","modified_gmt":"2020-04-17T04:52:08","slug":"blogi-arkisto","status":"publish","type":"page","link":"https:\/\/blogit.utu.fi\/poikkeustila\/blogi-arkisto\/","title":{"rendered":"Blogi-arkisto"},"content":{"rendered":"\n<p>T\u00e4lt\u00e4 sivulta l\u00f6yd\u00e4t kaikki blogit julkaisukuukausittain:<\/p>\n\n\n<ul class=\"wp-block-archives-list wp-block-archives\">\t<li><a href='https:\/\/blogit.utu.fi\/poikkeustila\/2021\/06\/'>kes\u00e4kuu 2021<\/a><\/li>\n\t<li><a href='https:\/\/blogit.utu.fi\/poikkeustila\/2021\/04\/'>huhtikuu 2021<\/a><\/li>\n\t<li><a href='https:\/\/blogit.utu.fi\/poikkeustila\/2021\/03\/'>maaliskuu 2021<\/a><\/li>\n\t<li><a href='https:\/\/blogit.utu.fi\/poikkeustila\/2021\/02\/'>helmikuu 2021<\/a><\/li>\n\t<li><a href='https:\/\/blogit.utu.fi\/poikkeustila\/2021\/01\/'>tammikuu 2021<\/a><\/li>\n\t<li><a href='https:\/\/blogit.utu.fi\/poikkeustila\/2020\/12\/'>joulukuu 2020<\/a><\/li>\n\t<li><a href='https:\/\/blogit.utu.fi\/poikkeustila\/2020\/11\/'>marraskuu 2020<\/a><\/li>\n\t<li><a href='https:\/\/blogit.utu.fi\/poikkeustila\/2020\/10\/'>lokakuu 2020<\/a><\/li>\n\t<li><a href='https:\/\/blogit.utu.fi\/poikkeustila\/2020\/09\/'>syyskuu 2020<\/a><\/li>\n\t<li><a href='https:\/\/blogit.utu.fi\/poikkeustila\/2020\/08\/'>elokuu 2020<\/a><\/li>\n\t<li><a href='https:\/\/blogit.utu.fi\/poikkeustila\/2020\/06\/'>kes\u00e4kuu 2020<\/a><\/li>\n\t<li><a href='https:\/\/blogit.utu.fi\/poikkeustila\/2020\/05\/'>toukokuu 2020<\/a><\/li>\n\t<li><a href='https:\/\/blogit.utu.fi\/poikkeustila\/2020\/04\/'>huhtikuu 2020<\/a><\/li>\n\t<li><a href='https:\/\/blogit.utu.fi\/poikkeustila\/2020\/03\/'>maaliskuu 2020<\/a><\/li>\n<\/ul>","protected":false},"excerpt":{"rendered":"<p>T\u00e4lt\u00e4 sivulta l\u00f6yd\u00e4t kaikki blogit julkaisukuukausittain:<\/p>\n","protected":false},"author":4910,"featured_media":552,"parent":0,"menu_order":3,"comment_status":"closed","ping_status":"closed","template":"","meta":{"footnotes":""},"class_list":["post-537","page","type-page","status-publish","has-post-thumbnail","hentry"],"_links":{"self":[{"href":"https:\/\/blogit.utu.fi\/poikkeustila\/wp-json\/wp\/v2\/pages\/537","targetHints":{"allow":["GET"]}}],"collection":[{"href":"https:\/\/blogit.utu.fi\/poikkeustila\/wp-json\/wp\/v2\/pages"}],"about":[{"href":"https:\/\/blogit.utu.fi\/poikkeustila\/wp-json\/wp\/v2\/types\/page"}],"author":[{"embeddable":true,"href":"https:\/\/blogit.utu.fi\/poikkeustila\/wp-json\/wp\/v2\/users\/4910"}],"replies":[{"embeddable":true,"href":"https:\/\/blogit.utu.fi\/poikkeustila\/wp-json\/wp\/v2\/comments?post=537"}],"version-history":[{"count":6,"href":"https:\/\/blogit.utu.fi\/poikkeustila\/wp-json\/wp\/v2\/pages\/537\/revisions"}],"predecessor-version":[{"id":1359,"href":"https:\/\/blogit.utu.fi\/poikkeustila\/wp-json\/wp\/v2\/pages\/537\/revisions\/1359"}],"wp:featuredmedia":[{"embeddable":true,"href":"https:\/\/blogit.utu.fi\/poikkeustila\/wp-json\/wp\/v2\/media\/552"}],"wp:attachment":[{"href":"https:\/\/blogit.utu.fi\/poikkeustila\/wp-json\/wp\/v2\/media?parent=537"}],"curies":[{"name":"wp","href":"https:\/\/api.w.org\/{rel}","templated":true}]}}