{"id":6,"date":"2020-03-24T16:01:53","date_gmt":"2020-03-24T16:01:53","guid":{"rendered":"https:\/\/blogit.utu.fi\/poikkeustila\/?page_id=2"},"modified":"2020-03-30T15:37:45","modified_gmt":"2020-03-30T15:37:45","slug":"about","status":"publish","type":"page","link":"https:\/\/blogit.utu.fi\/poikkeustila\/about\/","title":{"rendered":"Meist\u00e4 ja t\u00e4st\u00e4 blogista"},"content":{"rendered":"\n<p>T\u00e4m\u00e4n blogisarjan toteuttaa Turun Kauppakorkeakoulun CCR-yksik\u00f6n tutkijat. CCR:ss\u00e4 &#8211; Centre for Collaborative Research &#8211;  tutkimme liiketoiminnan ja talouden eri asteisia muutoksia ja murroksia (business and economic transformations) sek\u00e4 edist\u00e4mme tutkimus- ja innovaatioyhteisty\u00f6t\u00e4 yliopiston ja yritysten v\u00e4lill\u00e4.<\/p>\n\n\n\n<blockquote class=\"wp-block-quote is-layout-flow wp-block-quote-is-layout-flow\"><p><a rel=\"noreferrer noopener\" aria-label=\"Lue meist\u00e4 lis\u00e4\u00e4 (opens in a new tab)\" href=\"https:\/\/www.utu.fi\/fi\/yliopisto\/turun-kauppakorkeakoulu\/ccr\" target=\"_blank\">Lue lis\u00e4\u00e4 meist\u00e4<\/a><\/p><\/blockquote>\n\n\n\n<p>T\u00e4ll\u00e4 blogisarjalla haluamme nostaa esille sit\u00e4, miten Suomessa ja koko maailmassa vallitsevat poikkeusolot n\u00e4kyv\u00e4t suomalaisten PK-yritysten toiminnassa. Keskitymme sarjassa ainoastaan yritysten v\u00e4lisill\u00e4 markkinoilla toimiviin yrityksiin &#8211; joukossa ei ole yht\u00e4\u00e4n kuluttajaliiketoiminnan yrityst\u00e4.<\/p>\n\n\n\n<p>Seuraamme blogisarjassamme kahdeksan suomalaisen pk-yrityksen arkea koronavirusepidemian keskell\u00e4. Aloituspiste seurannalle on kalenteriviikko 12 (16.-22.3), jolloin koronaviruksen levi\u00e4minen Suomessa voimistui ja epidemian hillitsemiseksi m\u00e4\u00e4r\u00e4tyt julkiset toimenpiteet ja rajoitukset astuivat Suomessa voimaan.<\/p>\n\n\n\n<blockquote class=\"wp-block-quote is-layout-flow wp-block-quote-is-layout-flow\"><p>Haastattelemme kerran viikossa seurattavien PK-yritysten johdon ja ker\u00e4\u00e4mme tietoa koronavirusepidemian vaikutuksista yritykseen, sen henkil\u00f6st\u00f6\u00f6n, asiakkaisiin ja tilanteen hallintaan.  <\/p><\/blockquote>\n\n\n\n<p>Viikottaisessa haastattelussa tarkastellaan viimeisen viikon tapahtumia ja poikkeustilan vaikutuksia. Haastattelujen avulla rakennetaan tilannekuva yritysten toiminnasta viikko kerrallaan ja seurataan tilanteen kehittymist\u00e4 sek\u00e4 liiketoiminnan, henkil\u00f6st\u00f6n ett\u00e4 johtamisen n\u00e4k\u00f6kulmista. <\/p>\n\n\n\n<p>Seurattavat kahdeksan yrityst\u00e4 ovat kaikki pieni\u00e4 tai keskisuuria suomalaisia yrityksi\u00e4. Henkil\u00f6st\u00f6n m\u00e4\u00e4r\u00e4 vaihtelee kahdesta hengest\u00e4 reiluun viiteenkymmeneen ja liikevaihto 0,2 miljoonasta eurosta noin kymmeneen miljoonaan euroon.  Yritykset on valittu mukaan seurantaan t\u00e4ysin satunnaisesti erilaisilta aloilta, eik\u00e4 niit\u00e4 yhdist\u00e4 l\u00e4ht\u00f6kohtaisesti mitk\u00e4\u00e4n erityiset ominaisuudet, piirteet tai toimintatavat lukuunottamatta sit\u00e4, ett\u00e4 ne kaikki toimivat b-to-b-markkinoilla.<\/p>\n\n\n\n<p>Olemme identifioineet yritykset blogissa seuraavasti: Yritys A on puu- ja metallituotteita valmista pieni yritys, yritys B on teknisen tukkukaupan mikroyritys, yritys C on teknisi\u00e4 palveluita tarjoava pieni yritys, yritys D on ohjelmistoalan mikroyritys, yritys E on ohjelmistoalan keskisuuri yritys,  yritys F on mainostoimistoalan mikroyritys, yritys G on logistiikka-alan keskisuuri yritys ja yritys H on pieni infra- ja kiinteist\u00f6huoltoyritys.<\/p>\n\n\n\n<blockquote class=\"wp-block-quote is-layout-flow wp-block-quote-is-layout-flow\"><p><a href=\"https:\/\/blogit.utu.fi\/poikkeustila\/paivakirja\">Seuraa yrityskohtaisia tilannep\u00e4ivityksi\u00e4 t\u00e4\u00e4lt\u00e4<\/a><\/p><\/blockquote>\n\n\n\n<p>Sarjan kirjoittajista Taina Eriksson toimii CCR-yksik\u00f6ss\u00e4 tutkimusp\u00e4\u00e4llikk\u00f6n\u00e4, Antti Saurama CCR-yksik\u00f6n johtajana ja kauppakorkeakoulun tutkimusyhteisty\u00f6st\u00e4 vastaavana johtajana ja Thomas Westerholm Laboratory of Business Disruption Research -tutkimuslaboratorion johtajana.<\/p>\n\n\n\n<blockquote class=\"wp-block-quote is-layout-flow wp-block-quote-is-layout-flow\"><p>Ota yhteytt\u00e4: <a href=\"mailto:ccr@utu.fi\">ccr@utu.fi<\/a><\/p><\/blockquote>\n\n\n\n<p><\/p>\n","protected":false},"excerpt":{"rendered":"<p>T\u00e4m\u00e4n blogisarjan toteuttaa Turun Kauppakorkeakoulun CCR-yksik\u00f6n tutkijat. CCR:ss\u00e4 &#8211; Centre for Collaborative Research &#8211; tutkimme liiketoiminnan ja talouden eri asteisia muutoksia ja murroksia (business and economic transformations) sek\u00e4 edist\u00e4mme tutkimus- ja innovaatioyhteisty\u00f6t\u00e4 yliopiston ja yritysten v\u00e4lill\u00e4. Lue lis\u00e4\u00e4 meist\u00e4 T\u00e4ll\u00e4 blogisarjalla haluamme nostaa esille sit\u00e4, miten Suomessa ja koko maailmassa vallitsevat poikkeusolot n\u00e4kyv\u00e4t suomalaisten PK-yritysten&#8230; <\/p>\n<div class=\"link-more\"><a href=\"https:\/\/blogit.utu.fi\/poikkeustila\/about\/\">Read More<\/a><\/div>\n","protected":false},"author":4910,"featured_media":195,"parent":0,"menu_order":1,"comment_status":"closed","ping_status":"open","template":"","meta":{"footnotes":""},"class_list":["post-6","page","type-page","status-publish","has-post-thumbnail","hentry"],"_links":{"self":[{"href":"https:\/\/blogit.utu.fi\/poikkeustila\/wp-json\/wp\/v2\/pages\/6","targetHints":{"allow":["GET"]}}],"collection":[{"href":"https:\/\/blogit.utu.fi\/poikkeustila\/wp-json\/wp\/v2\/pages"}],"about":[{"href":"https:\/\/blogit.utu.fi\/poikkeustila\/wp-json\/wp\/v2\/types\/page"}],"author":[{"embeddable":true,"href":"https:\/\/blogit.utu.fi\/poikkeustila\/wp-json\/wp\/v2\/users\/4910"}],"replies":[{"embeddable":true,"href":"https:\/\/blogit.utu.fi\/poikkeustila\/wp-json\/wp\/v2\/comments?post=6"}],"version-history":[{"count":29,"href":"https:\/\/blogit.utu.fi\/poikkeustila\/wp-json\/wp\/v2\/pages\/6\/revisions"}],"predecessor-version":[{"id":1080,"href":"https:\/\/blogit.utu.fi\/poikkeustila\/wp-json\/wp\/v2\/pages\/6\/revisions\/1080"}],"wp:featuredmedia":[{"embeddable":true,"href":"https:\/\/blogit.utu.fi\/poikkeustila\/wp-json\/wp\/v2\/media\/195"}],"wp:attachment":[{"href":"https:\/\/blogit.utu.fi\/poikkeustila\/wp-json\/wp\/v2\/media?parent=6"}],"curies":[{"name":"wp","href":"https:\/\/api.w.org\/{rel}","templated":true}]}}