{"id":690,"date":"2020-03-30T14:12:08","date_gmt":"2020-03-30T14:12:08","guid":{"rendered":"https:\/\/blogit.utu.fi\/poikkeustila\/?page_id=690"},"modified":"2020-06-24T09:24:14","modified_gmt":"2020-06-24T06:24:14","slug":"yritys-f","status":"publish","type":"page","link":"https:\/\/blogit.utu.fi\/poikkeustila\/paivakirja\/yritys-f\/","title":{"rendered":"F &#8211; Mainos ja viestint\u00e4"},"content":{"rendered":"\n<p class=\"has-background has-text-align-center has-very-light-gray-background-color\">Yritys F on mainos- ja viestint\u00e4alan mikroyritys<\/p>\n\n\n\n<p><\/p>\n\n\n\n<h2 class=\"wp-block-heading\">P\u00e4iv\u00e4kirja<\/h2>\n\n\n\n<hr class=\"wp-block-separator\" \/>\n\n\n\n<h4 class=\"wp-block-heading\">Viikko\u00a014 (15-21.6): Ik\u00e4\u00e4n kuin korona\u00a0ois\u00a0unohtunut\u00a0<\/h4>\n\n\n\n<p>Yrityksell\u00e4 on j\u00e4lleen vilkas viikko takanaan. Uusia toimeksiantoja on edelleen tullut runsaasti, etenkin akuutteja, pieni\u00e4 tilauksia. Esimerkiksi ravintoloitsijat ovat tarvinneet uutta materiaalia nyt kun heid\u00e4nkin bisneksens\u00e4 vilkastuu kovaa vauhtia. Elokuun lanseeraus on my\u00f6s ty\u00f6llist\u00e4nyt paljon. Yrityksen asiakkaat toimivat jo l\u00e4hes&nbsp;normaalioloissa.&nbsp;&nbsp;<\/p>\n\n\n\n<p><em><strong>\u201dTuntuu ik\u00e4\u00e4n kuin koko korona&nbsp;ois&nbsp;unohtunut\u2026\u201d&nbsp;<\/strong><\/em><\/p>\n\n\n\n<p>Yrityksess\u00e4&nbsp;toimitaan&nbsp;kuitenkin edelleen p\u00e4\u00e4osin&nbsp;et\u00e4n\u00e4. Ainostaan kuvauskeikkojen suunnittelu tai toteutus on vaatinut paikallaoloa. Asiakkaatkaan eiv\u00e4t pyyd\u00e4 l\u00e4hitapaamisia, vaan asioita hoidetaan todenn\u00e4k\u00f6isesti viel\u00e4 tovin&nbsp;et\u00e4n\u00e4. Yhteydenotto on kuitenkin koko ajan vilkastunut kes\u00e4\u00e4n tultaessa.&nbsp;<\/p>\n\n\n\n<p>Edess\u00e4 on siis tiiviit viikot ennen kuin p\u00e4\u00e4st\u00e4\u00e4n lomalle.&nbsp;&nbsp;<\/p>\n\n\n\n<hr class=\"wp-block-separator\" \/>\n\n\n\n<h4 class=\"wp-block-heading\">Viikko 13 (8-14.6):&nbsp;Helpottunut olo&nbsp;<\/h4>\n\n\n\n<p>Yrityksess\u00e4 F on&nbsp;vietetty kiireist\u00e4, ty\u00f6nt\u00e4ytteist\u00e4 viikkoa. &#8221;<em>Mutta nautimme<\/em>&#8221;, toteavat osakkaat kuin yhdest\u00e4 suusta.&nbsp;Uusia toimeksiantoja ja mielenkiintoista teht\u00e4v\u00e4\u00e4 riitt\u00e4\u00e4.&nbsp;Iso lanseeraus elokuussa tiet\u00e4\u00e4&nbsp;paljon valmisteluty\u00f6t\u00e4, ja yrityksen hein\u00e4kuun laskutusennuste n\u00e4ytt\u00e4\u00e4 poikkeuksellisen hyv\u00e4lt\u00e4. Lomailla aiotaan kyll\u00e4, vaikka t\u00f6it\u00e4 olisi tarjolla&nbsp;enemm\u00e4nkin. Liike-el\u00e4m\u00e4 on selv\u00e4sti&nbsp;vilkastunut&nbsp;viimeisten viikkojen aikana.&nbsp;<\/p>\n\n\n\n<p>&#8221;<em><strong>Tuntuu silt\u00e4, ett\u00e4 kaikki ovat&nbsp;nyt aika&nbsp;helpottuneita.&nbsp;Moni&nbsp;oli varautunut&nbsp;pahempaan taloudelliseen tilanteeseen, mutta nyt n\u00e4ytt\u00e4\u00e4 paljon positiivisemmalta kuin uskaltaisi odottaa.<\/strong><\/em>&#8221;&nbsp;<\/p>\n\n\n\n<p>Usko tulevaan on yrityksess\u00e4&nbsp;vahva.&nbsp;Vaikka&nbsp;syksy on edelleenkin ep\u00e4varmuuksia t\u00e4ynn\u00e4, yrityksess\u00e4&nbsp;uskotaan vahvasti,&nbsp;ett\u00e4 seuraavistakin&nbsp;kriiseist\u00e4 selvit\u00e4\u00e4n.&nbsp;&nbsp;<\/p>\n\n\n\n<hr class=\"wp-block-separator\" \/>\n\n\n\n<h4 class=\"wp-block-heading\">Viikko 12 (1-7.6): Kes\u00e4inen, aurinkoinen fiilis&nbsp;<\/h4>\n\n\n\n<p>Yritys F:n viikkoa voisi&nbsp;kutsua&nbsp;aurinkoiseksi. Ei pelk\u00e4st\u00e4\u00e4n s\u00e4\u00e4tilan vuoksi, vaan my\u00f6s bisneksen ja mielialan kannalta. Positiiviset uutiset yhteiskunnan avautumisesta ja liike-el\u00e4m\u00e4n&nbsp;vilkastumisesta&nbsp;kannattelevat yrityksen n\u00e4kemyksi\u00e4 ja suunnitelmia oman toiminnan kehitt\u00e4miseksi. Yrityksen omaa markkinointi- ja viestint\u00e4aineistoa on p\u00e4ivitetty ja viritetty, hiljaiseloa kriisin aikana viett\u00e4neet prospektit her\u00e4telty, ja tarjouspyynt\u00f6jen m\u00e4\u00e4r\u00e4 on kasvamaan p\u00e4in.&nbsp;&nbsp;<\/p>\n\n\n\n<p>Yrityksess\u00e4 valmistellaan my\u00f6s loppukes\u00e4n isoa kampanja-lanseerausta, mik\u00e4 tiet\u00e4\u00e4 t\u00f6it\u00e4 l\u00e4pi kes\u00e4n. Lomaa aiotaan kyll\u00e4kin pit\u00e4\u00e4. Toimeksiantoja olisi tarjolla&nbsp;enemm\u00e4nkin, mutta yrityksess\u00e4 on p\u00e4\u00e4tetty ettei nykyist\u00e4 kapasiteettia tulla lis\u00e4\u00e4m\u00e4\u00e4n.&nbsp;<\/p>\n\n\n\n<hr class=\"wp-block-separator\" \/>\n\n\n\n<h4 class=\"wp-block-heading\">Viikko 11 (25-31.5): Ty\u00f6nt\u00e4ytteinen viikko&nbsp;<\/h4>\n\n\n\n<p>Yrityksess\u00e4 F viikkoa vedet\u00e4\u00e4n yhteen varsin puuhakkaana. Tekemist\u00e4 on riitt\u00e4nyt, ja uusia toimeksiantoja on saatu. Vaikkakin t\u00e4st\u00e4 vuodesta ei en\u00e4\u00e4 ennusteta kasvuvuotta, n\u00e4ytt\u00e4isi tulos koronasta&nbsp;huolimatta kehittyv\u00e4n&nbsp;v\u00e4hint\u00e4\u00e4nkin&nbsp;tyydytt\u00e4v\u00e4\u00e4n suuntaan.&nbsp;<\/p>\n\n\n\n<p>Yrityksen osakkaat toimivat edelleen et\u00e4n\u00e4. Et\u00e4toiminta on sujunut varsin hyvin ja kaikki tarvittava on saatu hoidettua.&nbsp;&nbsp;<\/p>\n\n\n\n<p><strong><em>&#8221;<\/em><\/strong><strong><em>Ollaan opittu tekem\u00e4\u00e4n luovaa ty\u00f6t\u00e4 nyt paremmin netin yli kuin aikaisemmin. Alussa oli vaikeaa, mutta nyt ollaan&nbsp;<\/em><\/strong><strong><em>kreattu<\/em><\/strong><strong><em>&nbsp;varsin luovissa sessioissa<\/em><\/strong><strong><em>.&#8221;<\/em><\/strong><strong><em>&nbsp;<\/em><\/strong>&nbsp;<\/p>\n\n\n\n<p>On kuitenkin huomattu, ett\u00e4 et\u00e4toimintaan pit\u00e4\u00e4 varata enemm\u00e4n aikaa, ja palaverien pit\u00e4\u00e4 olla hyvin valmisteltu. Yrityksess\u00e4 valmistaudutaan my\u00f6s siihen, ett\u00e4 iso osa toiminnasta toteutetaan et\u00e4n\u00e4 viel\u00e4 tovin. Silti toimistotilista aiotaan pit\u00e4\u00e4 kiinni. Toimivat, riitt\u00e4v\u00e4n edustavat tilat ovat my\u00f6s t\u00e4rke\u00e4 osa imagon rakentamisessa.&nbsp;&nbsp;<\/p>\n\n\n\n<p>Kun juttelemme koronakriisin t\u00e4h\u00e4nastisista kokemuksista, nousee kuitenkin juuri&nbsp;et\u00e4n\u00e4 toimiminen suurimpana haasteena esille. Etenkin uusien kontaktien luomisessa ja uusien asiakkaiden vaikuttamisessa. Oman osaamisen&nbsp;esille nostaminen&nbsp;ja ideointi k\u00e4rsiv\u00e4t et\u00e4yhteyksiss\u00e4. Paikan p\u00e4\u00e4ll\u00e4 p\u00e4\u00e4sisi my\u00f6s tutustumaan paremmin asiakkaan toimintaan, mik\u00e4 useasti edist\u00e4\u00e4 ideointia ja asiakasongelmien&nbsp;tunnistmista.&nbsp;<\/p>\n\n\n\n<hr class=\"wp-block-separator\" \/>\n\n\n\n<h4 class=\"wp-block-heading\">Viiko 10 (18-24.5): Positiivinen vire jatkuu<\/h4>\n\n\n\n<p>Yrityksess\u00e4 F positiivinen yleisvire on jatkunut. Viikko on ollut ty\u00f6nt\u00e4ytteinen ja asiakkaat ovat yh\u00e4 enemm\u00e4n aktivoineet pidemm\u00e4n aikav\u00e4lin suunnitelmiaan.&nbsp; Kes\u00e4kuun viranomaisrajoitteiden purku on my\u00f6s ty\u00f6llist\u00e4nyt yrityst\u00e4 esimerkiksi ravintoloiden uusiessaan ruokalistojaan.&nbsp;<\/p>\n\n\n\n<p>Yrityksen osakkaat toimivat edelleen p\u00e4\u00e4osin et\u00e4n\u00e4. Muutamissa kuvauslokaatiossa on k\u00e4yty paikan p\u00e4\u00e4ll\u00e4, ja ollaan valmiit tapaamaan asiakkaita, jos n\u00e4in ehdotetaan. Mutta muutoin jatketaan et\u00e4ty\u00f6skentely\u00e4 yli kes\u00e4n.&nbsp;<\/p>\n\n\n\n<p>Syksyn tilanteesta kysytt\u00e4ess\u00e4 yrityksess\u00e4 uskotaan, ett\u00e4 silloin edelleen toimitaan erilaisten varotoimenpiteiden alaisuudessa. Ihmisi\u00e4 tavataan nykyist\u00e4 enemm\u00e4n, mutta hallituissa olosuhteissa. Et\u00e4ty\u00f6skentely on yrityksen mielest\u00e4 edelleen tavallista.<\/p>\n\n\n\n<p><strong><em>Toisaalta t\u00e4h\u00e4n et\u00e4juttuun ollaan totuttu jo paremmin &nbsp;<\/em><\/strong><\/p>\n\n\n\n<hr class=\"wp-block-separator\" \/>\n\n\n\n<h4 class=\"wp-block-heading\">Viikko 9 (11-17.5): Koronan pys\u00e4ytt\u00e4mi\u00e4 hankkeita k\u00e4ynnistetty&nbsp;uudestaan&nbsp;<\/h4>\n\n\n\n<p>Yrityksess\u00e4 F on ihan hyv\u00e4 viikko takana. T\u00f6it\u00e4 on riitt\u00e4nyt ja asiakkaat haluavat yh\u00e4 enemm\u00e4n suunnitella kampanjoita ja projekteja syksylle ja ensi talvelle. Yrityksess\u00e4 on my\u00f6s uudelleen k\u00e4ynnistetty hankkeita, jotka j\u00e4iv\u00e4t Koronakriisin jalkoihin&nbsp;holdiin. Talous on edelleen kunnossa, ja yritt\u00e4j\u00e4t pohtivat olevansa aika hyv\u00e4ss\u00e4 tilassa, jos joudutaan sopeutumaan mahdollisen uuden tartunta-aallon takia.&nbsp;<\/p>\n\n\n\n<p><strong><em>&#8221;<\/em><\/strong><strong><em>Pystyt\u00e4\u00e4n kyll\u00e4 sopeutumaan uusiin tilanteisiin nopeasti jos tilanne sen vaatii<\/em><\/strong><strong><em>&#8221;<\/em><\/strong>&nbsp;<\/p>\n\n\n\n<p>Ty\u00f6t\u00e4 tehd\u00e4\u00e4n edelleen&nbsp;et\u00e4oloissa.&nbsp;P\u00e4\u00e4t\u00f6st\u00e4 toimistolle siirtymisest\u00e4 ei olla viel\u00e4 tehty. Ainakin toukokuun osalta pysyt\u00e4\u00e4n et\u00e4n\u00e4, mutta&nbsp;kes\u00e4kuulle on mahdollisesti tulossa asiakastapaamisia. Riippuen asiakkaan tahtotilasta, tietenkin.&nbsp;<\/p>\n\n\n\n<p><strong><em>&#8221;<\/em><\/strong><strong><em>Pit\u00e4\u00e4 herk\u00e4ll\u00e4 korvalla kuunnella miten asiakkaiden tilanne muuttuu ja kehittyy<\/em><\/strong><strong><em>&#8221;<\/em><\/strong>&nbsp;<\/p>\n\n\n\n<hr class=\"wp-block-separator\" \/>\n\n\n\n<h4 class=\"wp-block-heading\">Viikko 8 (4-10.5): Rohkaisevia signaaleja<\/h4>\n\n\n\n<p>Seurantaviikko toi yritykselle useita positiivisia signaaleja. Esimerkiksi on usean asiakkaan kanssa saatu avattua keskustelut syksyn ja jopa ensi vuoden kampanjoista ja projekteista.&nbsp;<\/p>\n\n\n\n<p><strong><em>&#8221;Nyt uskalletaan ajatella selv\u00e4sti pidemm\u00e4lle&#8221;&nbsp;<\/em><\/strong><\/p>\n\n\n\n<p>Hallituksen p\u00e4\u00e4t\u00f6s rajausten purusta on selv\u00e4sti antanut pontta suunnitteluun ja uskoa tilanteen asteittaisesta normalisoitumisesta. Yrityksen edustajat totesivat, ett\u00e4 etenkin kuluttajabisneksess\u00e4 olevien asiakkaiden n\u00e4kemykset ovat nyt positiivisempia. Rakennusalan asiakkailla menee my\u00f6s edelleen hyvin, mutta onkohan niin ett\u00e4 t\u00e4m\u00e4 ala reagoi hitaammin kriisiin, yritysedustajat pohtivat. Niin tai n\u00e4in, kulunut viikko on selv\u00e4sti energisoinut yritt\u00e4ji\u00e4.&nbsp;<\/p>\n\n\n\n<p>Lis\u00e4ksi ELY-keskuksen my\u00f6nteinen tukip\u00e4\u00e4t\u00f6s on saatu. Tukea k\u00e4ytet\u00e4\u00e4n kehitykseen ja&nbsp; kehitysalihankintaan, mik\u00e4 mahdollistaa yrityksen valmistautumista koronan j\u00e4lkeiseen vaiheeseen. Yrityksess\u00e4 on my\u00f6s avattu jonkun aikaa kiinni ollutta uusasiakashankinnan prospektilistaa. Yrityksess\u00e4 n\u00e4hd\u00e4\u00e4n, ett\u00e4 ajankohta voisi nyt olla suotuisa uusille asiakasehdotuksille. Etenkin tullaan keskittym\u00e4\u00e4n&#8230;&nbsp;<\/p>\n\n\n\n<p><strong><em>&#8221;&#8230;koronan my\u00f6t\u00e4 digiloikkaa tehneille firmoille. Voisivat nyt tarvita uudistusta my\u00f6s viestinn\u00e4ss\u00e4\u00e4n ja kotisivuillaan&#8221;&nbsp;<\/em><\/strong><\/p>\n\n\n\n<hr class=\"wp-block-separator\" \/>\n\n\n\n<h4 class=\"wp-block-heading\">Viikko 7 (27.4-3.5): Alkaa erist\u00e4ytyminen jo kypsytt\u00e4m\u00e4\u00e4n<\/h4>\n\n\n\n<p>Viikko 7 ei sin\u00e4ns\u00e4 tuonut mit\u00e4\u00e4n uutta yrityksen tilanteeseen. T\u00f6it\u00e4 riitt\u00e4\u00e4 ja uusia asiakastoimeksiantoja on saatu. Vasta avattu verkkokauppa toimii, joskin on todettava,&nbsp;ettei kaupank\u00e4ynti ole viel\u00e4 toivotulla tasolla. Lis\u00e4panostuksia verkkokaupan kehitt\u00e4miseksi toteutetaan kuitenkin vasta kun ELY-keskuksen kehitystuesta on saatu p\u00e4\u00e4t\u00f6s.&nbsp;&nbsp;<\/p>\n\n\n\n<p>Asiakkailta tulee edelleen&nbsp;mukavasti&nbsp;yhteydenottoja.&nbsp;Tarjotut ty\u00f6t ovat kuitenkin&nbsp;yleens\u00e4&nbsp;varsin&nbsp;pienet. Harva&nbsp;asiakas&nbsp;suunnittelee isompia&nbsp;kampanjoita&nbsp;t\u00e4ll\u00e4 hetkell\u00e4.&nbsp;Yrityksess\u00e4 F on kuitenkin p\u00e4\u00e4tetty, ett\u00e4 tilanteen mukaan&nbsp;toimitaan.&nbsp;Asiakasta&nbsp;on palveltava&nbsp;sujuvasti ja tehokkaasti, vaikkakin keikka olisikin pieni.&nbsp;&nbsp;<\/p>\n\n\n\n<p>Poikkeustilanteen my\u00f6t\u00e4 yrityksen edustajat ovat yh\u00e4 vahvemmin havainneet, ettei luovan ty\u00f6n vaatimia \u00e4rsykkeit\u00e4 saada samalla tavalla et\u00e4moodissa. Yrityksess\u00e4 on totuttu&nbsp;ker\u00e4\u00e4m\u00e4\u00e4n havaintoja ja ideoita kent\u00e4lt\u00e4, asiakkaan luota tai asiakkaan&nbsp;asiakkaan&nbsp;ymp\u00e4rist\u00f6ist\u00e4. Nyt kun&nbsp;t\u00e4m\u00e4&nbsp;ei&nbsp;ole&nbsp;mahdollista, uusien ideoiden&nbsp;synnytt\u00e4minen&nbsp;onkin&nbsp;ollut&nbsp;oletettua vaikeampaa.&nbsp;Erist\u00e4ytymistilanne alkaakin&nbsp;jo&nbsp;\u00e4rsytt\u00e4m\u00e4\u00e4n&nbsp;yritt\u00e4ji\u00e4.&nbsp;Yhteiskunnan avautumista kaivataan.&nbsp;<\/p>\n\n\n\n<p>Pohtiessaan tulevaisuuden n\u00e4kymi\u00e4, yrityksen edustajat&nbsp;toteavat uskovansa&nbsp;omaan&nbsp;tekemiseen edelleen vahvasti, vaikkakin tulevaisuutta on eritt\u00e4in vaikea arvioida.&nbsp;Edelleen uskotaan, ett\u00e4 p\u00e4\u00e4st\u00e4\u00e4n liikevaihdollisesti samalle tasolle kuin viime vuonna, mutta pienen yrityksen on jatkuvasti oltava aktiivisesti esill\u00e4, jotta huomattaisiin.&nbsp;<\/p>\n\n\n\n<p><strong><em>\u201dJos t\u00e4llainen poikkeustila jatkuu pitk\u00e4\u00e4n, niin pit\u00e4\u00e4 mietti\u00e4&nbsp;uudestaan&nbsp;miten ja miss\u00e4\u201d&nbsp;<\/em><\/strong><\/p>\n\n\n\n<hr class=\"wp-block-separator\" \/>\n\n\n\n<h4 class=\"wp-block-heading\">Viikko 6 (20-26.4): Oppimatka uuteen alkanut<\/h4>\n\n\n\n<p>Lupaavan alkuvuoden j\u00e4lkeen koronakriisi on hidastanut yrityksen kasvuvauhtia. Ollaan onnellisia jos kuluvana tilikautena p\u00e4\u00e4st\u00e4\u00e4n samaan liikevaihtoon kuin edellisen\u00e4. Ja siit\u00e4 aiotaan pit\u00e4\u00e4 kiinni.&nbsp;<\/p>\n\n\n\n<p><strong><em>&#8221;Ollaan p\u00e4\u00e4tetty, ett\u00e4 p\u00e4rj\u00e4\u00e4mme ja haluamme pit\u00e4\u00e4 tavoitteesta kiinni&#8221;&nbsp;<\/em><\/strong><\/p>\n\n\n\n<p>Paljon riippuu kuitenkin l\u00e4hiviikkojen tulevista p\u00e4\u00e4t\u00f6ksist\u00e4 koskien viranomaisrajoitteita, ja kuinka nopeasti kuluttajabisneksiss\u00e4 p\u00e4\u00e4st\u00e4\u00e4n palautumaan normaaliin. Tai edes l\u00e4helle normaalia. Laaja taloudellinen romahdus vaikuttaisi luonnollisesti my\u00f6s yritys F:\u00e4\u00e4n, joten yrityksess\u00e4 toivotaan ett\u00e4 muutoksia nykytilaan tulisi suht nopeasti. Kuitenkin ymm\u00e4rt\u00e4en, ett\u00e4 vaakakupissa on taloudellisten seikkojen lis\u00e4ksi terveydellisi\u00e4. &nbsp;<\/p>\n\n\n\n<p>Asiakkailta on kuitenkin edelleen tullut mukavasti toimeksiantoja, vaikkakin niiden koko on normaalia pienempi. Yrityksess\u00e4 on asennoiduttu siihen, ett\u00e4 otetaan vastaan kaikki pienetkin keikat, koska l\u00e4hitulevaisuuden tilanteesta ei voida olla varmoja. &nbsp;<\/p>\n\n\n\n<p>Yrityksen vasta avattu verkkokauppa on my\u00f6s pit\u00e4nyt yritt\u00e4ji\u00e4 kiireellisin\u00e4. On kuitenkin todettava, ett\u00e4 verkkokaupan avaus on vasta alkua. Oppimatka uuteen on vasta alkanut. &nbsp;<\/p>\n\n\n\n<hr class=\"wp-block-separator\" \/>\n\n\n\n<h4 class=\"wp-block-heading\">Viikko 5 (13-19.4): Taisteluv\u00e4symyst\u00e4 ilmassa, mutta tsempataan!<\/h4>\n\n\n\n<p>Yrityksess\u00e4 F seurantaviikko 5 on edelleen ollut kiireinen. Uusia asiakastoimeksiantoja on saatu mukavasti; t\u00e4ll\u00e4kin viikolla uusi asiakkuus saatu samasta syyst\u00e4 kuten edellisell\u00e4 viikolla. Isot markkinointitoimistot eiv\u00e4t reagoineet asiakkaan toistuviin yhteydenottoihin. Puskaradio toimiikin yrityksen parhaana markkinointikanavana.&nbsp;<\/p>\n\n\n\n<p><strong><em>&#8221;Pyrimme siksi pit\u00e4m\u00e4\u00e4n kiinni olemassa olevista asiakkaista palvelemalla heit\u00e4 todella hyvin sek\u00e4 ripe\u00e4sti&#8221;&nbsp;<\/em><\/strong><\/p>\n\n\n\n<p>Lis\u00e4ksi oma verkkokauppa on lanseerattu ja testattu eri kohderyhmien kanssa. Vaikkakin yrityksess\u00e4 tiedostetaan, ett\u00e4 poikkeustila tulee pitk\u00e4ss\u00e4 juoksussa tavalla tai toisella vaikuttamaan hehinkin, tulevaisuuteen asennoidutaan edelleen varsin positiivisesti. Sulkutilaan aletaan kuitenkin olemaan varsin v\u00e4syneit\u00e4, kuten monessa muussakin yrityksess\u00e4. Tietynlaista taisteluv\u00e4symyst\u00e4 on ilmassa \u2013 etenkin nyt kun on havahduttu siihen, ettei voi en\u00e4\u00e4 haaveilla nopeista muutoksista parempaan. Mutta firman osakkaat toteavat kuin yhteen \u00e4\u00e4neen, ett\u00e4 tsempataan ja pusketaan eteenp\u00e4in.&nbsp;<\/p>\n\n\n\n<p><strong><em>&#8221;Huumorilla p\u00e4rj\u00e4\u00e4 pitk\u00e4lle. Sit kun nauru loppuu onkin vakavampi paikka&#8221;&nbsp;<\/em><\/strong><\/p>\n\n\n\n<hr class=\"wp-block-separator\" \/>\n\n\n\n<h4 class=\"wp-block-heading\">Viikko 4 (6-12.4): <strong>Digiviestinn\u00e4n ytimess\u00e4<\/strong>&nbsp;<\/h4>\n\n\n\n<p>Mainos- ja viestint\u00e4toimistolla on kiireinen viikko takanaan. Uusi asiakkuus on osaltaan pit\u00e4nyt toimiston v\u00e4en kiireisen\u00e4. Asiakas soitti alkuviikolla ja harmitteli,&nbsp;etteiv\u00e4t isot mainostoimistot olleet reagoineet heid\u00e4n&nbsp;yhteydenottopyynt\u00f6ihins\u00e4. Mahdollisuuteen tartuttiin; asiakkaan kanssa p\u00e4\u00e4stiin nopeasti yhteisymm\u00e4rrykseen ja toimeen ryhdyttiin heti.&nbsp;&nbsp;<\/p>\n\n\n\n<p><em><strong>&#8221;Nopean<\/strong><\/em><strong><em> toimituksen ansiota p\u00e4\u00e4simme jo juttelemaan lis\u00e4hommista&#8221;<\/em>&nbsp;<\/strong><\/p>\n\n\n\n<p>Lis\u00e4ksi yrityksess\u00e4 valmistaudutaan oman verkkokaupan k\u00e4ytt\u00f6\u00f6nottoon. Verkkokaupan toivotaan t\u00e4ytt\u00e4v\u00e4n&nbsp;(ainakin)&nbsp;sen mahdollisen lovin, joka&nbsp;haasteellinen&nbsp;tilanne&nbsp;uusasiakashankinnassa&nbsp;tulee luomaan.&nbsp;<\/p>\n\n\n\n<p>Muutoin yrityksen tilanne on aika normaali. Ollaan pysytty tervein\u00e4 ja ty\u00f6t rullaavat hyvin. Digituotantoa suorittavilla yhteisty\u00f6kumppaneilla vaikuttaa my\u00f6s olevan hyv\u00e4 tilanne.&nbsp;Esimerkiksi verkkokauppoja avataan t\u00e4ll\u00e4 hetkell\u00e4 todella paljon. Moni kivijalkamyym\u00e4l\u00e4 on laajentanut digitaalista l\u00e4sn\u00e4oloaan pelk\u00e4st\u00e4 yritys- ja tuote-esittelyst\u00e4 digikauppaan. Yritys F on my\u00f6s tarjonnut&nbsp;yhteisty\u00f6kumppeneilleen, kuten asiakkailleenkin, kotisivu- ja someviestinn\u00e4n p\u00e4ivityksi\u00e4.&nbsp;&nbsp;<\/p>\n\n\n\n<p><strong><em>&#8221;Oikean&nbsp;digipresenssin&nbsp;t\u00e4rkeys korostuu n\u00e4in\u00e4 aikoina&#8221;<\/em>&nbsp;<\/strong><\/p>\n\n\n\n<hr class=\"wp-block-separator\" \/>\n\n\n\n<h4 class=\"wp-block-heading\">Viikko 3 (30.3-5.4): Toimintaa laajennetaan<\/h4>\n\n\n\n<p>Vaikkakin tilanne aiheuttaa ep\u00e4varmuutta ja erilaisia pelon tunteita, on mainos- ja viestint\u00e4toimiston porukan fiilis positiivinen ja into tehd\u00e4 t\u00f6it\u00e4 ja kehitt\u00e4\u00e4 uutta korkealla. Yritys onkin kehitt\u00e4m\u00e4ss\u00e4 uutta palvelua, joka perustuu verkkokaupparatkaisuun. Yritys on my\u00f6s hakenut ELY-keskukselta kriisitukea t\u00e4m\u00e4n projektin toteuttamiseksi.&nbsp;<\/p>\n\n\n\n<p>Ty\u00f6tilanne on ollut hyv\u00e4. K\u00e4ynniss\u00e4 oleviin toimeksiantoihin ei ole juurikaan tullut muutoksia. Lis\u00e4ksi koronatilanteesta johtuvia akuutteja toimeksiantoja on edelleen saatu. Uusasiakashankinta on kuitenkin eritt\u00e4in haasteellista n\u00e4in et\u00e4moodissa. Siksi uusi verkkokauppa tulee olemaan t\u00e4rke\u00e4ss\u00e4 roolissa jatkuvuuden kannalta. Yrityksen asiakas- ja toimittajapiirist\u00e4 ei ole kukaan viel\u00e4 heitt\u00e4nyt pyyhett\u00e4 keh\u00e4\u00e4n, vaikkakin useimmat ovat joutuneet sopeuttamaan toimintaansa eri tavoin. Maksuliikenne on my\u00f6s toistaiseksi toiminut normaalisti.&nbsp;&nbsp;<\/p>\n\n\n\n<p>Yrityksen terveystilanne on edelleen hyv\u00e4. Vakava sairastuminen olisikin varsin katastrofaalista n\u00e4in pienelle yritykselle. Tartuntariskien minimoimisen lis\u00e4ksi henkiseen hyvinvointiin ja palautumiseen on panostettu. Sosiaalista kanssak\u00e4ymist\u00e4 toimistolla ja asiakkailla kaivataan my\u00f6s.&nbsp;<\/p>\n\n\n\n<p><strong><em>\u201dPuhelin on soinut todella paljon. Huomaa ett\u00e4 ihmiset haluavat jutella, eik\u00e4 pelk\u00e4st\u00e4\u00e4n ty\u00f6asioista. Haetaan selv\u00e4sti vertaishenke\u00e4\u201d<\/em><\/strong>&nbsp;<\/p>\n\n\n\n<hr class=\"wp-block-separator\" \/>\n\n\n\n<h4 class=\"wp-block-heading\">Viikko 2 (23-29.3.): T\u00e4st\u00e4kin pit\u00e4\u00e4 oppia<\/h4>\n\n\n\n<p>Et\u00e4duuni jatkuu. My\u00f6s kaikki verkostot, jossa firma vaikuttaa siirtyiv\u00e4t viimeist\u00e4\u00e4n seurantaviikolla et\u00e4moodiin. Terveystilanne on hyv\u00e4 ja porukalla on hyv\u00e4 draivi p\u00e4\u00e4ll\u00e4. T\u00f6it\u00e4 riitt\u00e4\u00e4 ja uusia ideoita syntyy. Positiivista on, ett\u00e4 yritt\u00e4jien v\u00e4linen yhteishenki ja auttamisen tahtotila on kasvamassa. Pyrit\u00e4\u00e4n kaikin keinoin auttamaan h\u00e4d\u00e4ss\u00e4 olevia. &nbsp;<\/p>\n\n\n\n<p><strong><em>\u201dT\u00e4\u00e4 on ihan positiivista t\u00e4n kurjuuden keskell\u00e4. Toivottavasti opimme t\u00e4st\u00e4 jotain sit kun tuumme erist\u00e4ytymisest\u00e4 ulos&#8221;&nbsp; &nbsp;<\/em><\/strong><\/p>\n\n\n\n<p>Huoli yrityksen kumppaneista onkin aiheellinen. Joidenkin painotalojen tilauskanta on tippunut jopa 70%:lla, mik\u00e4 on johtanut mm. lomautuksiin. Digituottajilla on edelleen t\u00f6it\u00e4, mutta kuinka pitk\u00e4ksi aikaa on aika ep\u00e4selv\u00e4\u00e4. Koronatilanteesta johtuen asikkailta on kuitenkin lis\u00e4\u00e4ntyvin m\u00e4\u00e4rin tullut <em>ad-hoc<\/em> pyynt\u00f6j\u00e4 erilaisista toimeksiannoista, esimerkiksi animaatioita ja uutta viestint\u00e4\u00e4 someen. N\u00e4m\u00e4 keikat ovat kuitenkin pienehk\u00f6j\u00e4, tulevat lyhyell\u00e4 varoituksella ja vaativat nopeata reagointia. T\u00e4st\u00e4 johtuen ollaan pohdittu sis\u00e4ist\u00e4 ty\u00f6njakoa, jotta varmistetaan nopea toimintakyky.&nbsp;<\/p>\n\n\n\n<p>Terveystilanne on edelleen hyv\u00e4, mutta huomataan ett\u00e4 kotity\u00f6skentelyn ergonomiaan pit\u00e4\u00e4 panostaa enemm\u00e4n. Lasten koulunk\u00e4ynti kotoa asettaa my\u00f6s uusia haasteita. Ty\u00f6p\u00e4ivist\u00e4 tulee katkonaisia ja pitki\u00e4. Pit\u00e4\u00e4 oppia asettamaan raameja ty\u00f6skentelylle, jotta olisi aikaa my\u00f6s perheelle ja palautumiselle.&nbsp;<\/p>\n\n\n\n<p><strong><em>\u201dTulemme kyll\u00e4 arvostamaan toimisto-olosuhteita ihan uudella tavalla sit kun p\u00e4\u00e4st\u00e4\u00e4n normaaliin\u201d&nbsp;<\/em><\/strong><\/p>\n\n\n\n<hr class=\"wp-block-separator\" \/>\n\n\n\n<h4 class=\"wp-block-heading\">Viikko 1 (16-22.3): Kriisiviestinn\u00e4n tukena<\/h4>\n\n\n\n<p>Vaikka yrityksess\u00e4 tiedostetaan, ett\u00e4 vallitseva tilanne luo paljon ep\u00e4varmuutta, on ilmapiiri edelleen hyv\u00e4 ja rauhallinen. Ty\u00f6tilanne on edelleen hyv\u00e4, vaikkakin joitakin kampanjoita on siirretty eteenp\u00e4in. Lis\u00e4ksi yritykselle on seurantaviikon aikana tullut useita kiireellisi\u00e4 poikkeustilanteesta johtuvia viestint\u00e4teht\u00e4vi\u00e4. Usean asiakkaan kanssa on my\u00f6s mietitty miten viestint\u00e4\u00e4 poikkeus- ja kriisitilanteissa voisi parantaa ja tehostaa.<\/p>\n\n\n\n<p><strong><em>\u201d&nbsp;Yritimme itse reagoida nopeasti&nbsp;ja kertoa asiakkaillemme&nbsp;miten t\u00e4rke\u00e4 viestint\u00e4 t\u00e4ss\u00e4&nbsp;tilanteessa on\u201d<\/em>&nbsp;<\/strong><\/p>\n\n\n\n<p>Koko firman porukka toimii nyt et\u00e4n\u00e4. Firman toinen osakas oli flunssan takia siirtynyt et\u00e4moodiin jo edelt\u00e4v\u00e4ll\u00e4 viikolla. Et\u00e4ty\u00f6skentely onkin varsin tuttua, mutta asiakaskontakteissa on ollut jonkun verran s\u00e4\u00e4t\u00e4mist\u00e4. Pit\u00e4\u00e4 viel\u00e4 opetella ja kokeilla mit\u00e4 asioita voi sujuvasti toteuttaa netin kautta, ja mit\u00e4 ei. Luovaan yhteisty\u00f6h\u00f6n ja ideointiprosesseihin pit\u00e4\u00e4 viel\u00e4 keksi\u00e4 uusia toimintatapoja. Ep\u00e4varma markkinatilanne tietenkin mietitytt\u00e4\u00e4 ja yritys hakee aktiivisesti asiakkuuksia my\u00f6s uusilta toimialoilta. Esimerkiksi rautakaupat ja puutarhafirmat voisivat olla mielenkiintoisia:<\/p>\n\n\n\n<p><strong><em>\u201dKotona ja m\u00f6keill\u00e4 tullaan varmaan tekem\u00e4\u00e4n paljon remppoja ja&nbsp;kesken j\u00e4\u00e4neit\u00e4 korjauksia&nbsp;t\u00e4m\u00e4n koronakauden aikana\u201d<\/em>&nbsp;<\/strong><\/p>\n\n\n\n<hr class=\"wp-block-separator\" \/>\n","protected":false},"excerpt":{"rendered":"<p>Yritys F on mainos- ja viestint\u00e4alan mikroyritys P\u00e4iv\u00e4kirja Viikko\u00a014 (15-21.6): Ik\u00e4\u00e4n kuin korona\u00a0ois\u00a0unohtunut\u00a0 Yrityksell\u00e4 on j\u00e4lleen vilkas viikko takanaan. Uusia toimeksiantoja on edelleen tullut runsaasti, etenkin akuutteja, pieni\u00e4 tilauksia. Esimerkiksi ravintoloitsijat ovat tarvinneet uutta materiaalia nyt kun heid\u00e4nkin bisneksens\u00e4 vilkastuu kovaa vauhtia. Elokuun lanseeraus on my\u00f6s ty\u00f6llist\u00e4nyt paljon. Yrityksen asiakkaat toimivat jo l\u00e4hes&nbsp;normaalioloissa.&nbsp;&nbsp; \u201dTuntuu ik\u00e4\u00e4n&#8230; <\/p>\n<div class=\"link-more\"><a href=\"https:\/\/blogit.utu.fi\/poikkeustila\/paivakirja\/yritys-f\/\">Read More<\/a><\/div>\n","protected":false},"author":4910,"featured_media":0,"parent":420,"menu_order":0,"comment_status":"closed","ping_status":"closed","template":"","meta":{"footnotes":""},"class_list":["post-690","page","type-page","status-publish","hentry"],"_links":{"self":[{"href":"https:\/\/blogit.utu.fi\/poikkeustila\/wp-json\/wp\/v2\/pages\/690","targetHints":{"allow":["GET"]}}],"collection":[{"href":"https:\/\/blogit.utu.fi\/poikkeustila\/wp-json\/wp\/v2\/pages"}],"about":[{"href":"https:\/\/blogit.utu.fi\/poikkeustila\/wp-json\/wp\/v2\/types\/page"}],"author":[{"embeddable":true,"href":"https:\/\/blogit.utu.fi\/poikkeustila\/wp-json\/wp\/v2\/users\/4910"}],"replies":[{"embeddable":true,"href":"https:\/\/blogit.utu.fi\/poikkeustila\/wp-json\/wp\/v2\/comments?post=690"}],"version-history":[{"count":37,"href":"https:\/\/blogit.utu.fi\/poikkeustila\/wp-json\/wp\/v2\/pages\/690\/revisions"}],"predecessor-version":[{"id":2115,"href":"https:\/\/blogit.utu.fi\/poikkeustila\/wp-json\/wp\/v2\/pages\/690\/revisions\/2115"}],"up":[{"embeddable":true,"href":"https:\/\/blogit.utu.fi\/poikkeustila\/wp-json\/wp\/v2\/pages\/420"}],"wp:attachment":[{"href":"https:\/\/blogit.utu.fi\/poikkeustila\/wp-json\/wp\/v2\/media?parent=690"}],"curies":[{"name":"wp","href":"https:\/\/api.w.org\/{rel}","templated":true}]}}