{"id":120,"date":"2016-06-22T09:34:05","date_gmt":"2016-06-22T09:34:05","guid":{"rendered":"https:\/\/blogit.utu.fi\/poliittisetkuplat\/?page_id=120"},"modified":"2020-04-06T09:58:23","modified_gmt":"2020-04-06T09:58:23","slug":"julkaisut","status":"publish","type":"page","link":"https:\/\/blogit.utu.fi\/poliittisetkuplat\/julkaisut\/","title":{"rendered":"Julkaisut ja esiintymiset"},"content":{"rendered":"<p><strong>Vertaisarvioidut artikkelit:<\/strong><\/p>\n<ol>\n<li>Koiranen, Ilkka &amp; Koivula, Aki &amp; Saarinen, Arttu &amp; Keipi, Teo (2019) Ideological Motives, Digital Divides, and Political Polarization: How Do Political Party Preference and Values Correspond with the Political Use of Social Media?\u00a0<em>Telematics and Informatics (<\/em>Hyv\u00e4ksytty julkaistavaksi)<\/li>\n<li>Saarinen, Arttu &amp; Koivula, Aki &amp; Keipi, Teo (2019) Political trust, political party preference and trust in knowledge-based institutions.\u00a0<em>International Journal of Sociology and Social Policy\u00a0<\/em>(Hyv\u00e4ksytty julkaistavaksi)<\/li>\n<li>Mickelsson, Rauli &amp; Koivula, Aki &amp; Koiranen, Ilkka &amp; Saarinen, Arttu (2019) Kenen joukoissa seisot ja kenen puolesta toimit? Sosialidemokraattien ja vihreiden puoluekokoukset edustavuuden n\u00e4k\u00f6kulmasta.\u00a0<em>Politiikka\u00a0<\/em>(Hyv\u00e4ksytty julkaistavaksi)<\/li>\n<li>Koivula, Aki &amp; Kaakinen, Markus &amp; Oksanen, Atte &amp; R\u00e4s\u00e4nen, Pekka (2019) The Role of Online Political Activity in the Formation of Identity Bubbles. <em>Policy and Internet (julkaistu verkossa: <a href=\"https:\/\/doi.org\/10.1002\/poi3.211\">https:\/\/doi.org\/10.1002\/poi3.211<\/a><\/em><em>)<\/em><\/li>\n<li>Heidar, Knut, Helgi Kristinnsson, Gunnar, Saarinen, Arttu, Koivula, Aki &amp; Keipi, Teo (2019) Who are the party members, and are they representative of the party voters? Kirjassa Nordic Party Members: Linkages in Troubled Times&#8217;. ECPR Press, julkaistaan)<\/li>\n<li>Koivula, Aki &amp; Kukkonen, Iida &amp; Sivonen, Jukka &amp; R\u00e4s\u00e4nen, Pekka (2019). Is there room for ethical consumers in the Finnish political spectrum.\u00a0<em>Journal of Consumer Policy\u00a0<\/em> <a href=\"https:\/\/link.springer.com\/article\/10.1007\/s10603-019-09414-3\"> https:\/\/link.springer.com\/article\/10.1007\/s10603-019-09414-3<\/a><\/li>\n<li>Koivula, Aki &amp; Keipi, Teo &amp; Koiranen, Ilkka &amp; Saarinen, Arttu (2019) Social and ideological representativeness: A comparison of political party members and supporters in Finland. <em>Party politics <\/em>(Julkaistu verkossa) <a href=\"https:\/\/doi.org\/10.1177\/1354068818819243\">https:\/\/doi.org\/10.1177\/1354068818819243<\/a><\/li>\n<li>Koiranen, Ilkka &amp; Koivula, Aki &amp; Saarinen, Arttu (2018) Shared Contexts, Shared Background, Shared Values\u2013 Homophily in Finnish-Parliament Members Social Networks on Twitter \u00a0<em>Telematics and informatics <\/em>\u00a0(Julkaistu verkossa) <a href=\"https:\/\/doi.org\/10.1016\/j.tele.2018.11.009\">https:\/\/doi.org\/10.1016\/j.tele.2018.11.009<\/a><\/li>\n<li>Sivonen, Jukka &amp; Koivula, Aki &amp; Saarinen, Arttu (2018)\u00a0Asiantuntijaluokan uusi jako perussuomalaisten vaalimenestysten taustalla. <em>Politiikka\u00a0<\/em>60(3): 192\u2013207. <a href=\"https:\/\/journal.fi\/politiikka\/article\/view\/76283\"> https:\/\/journal.fi\/politiikka\/article\/view\/76283<\/a><\/li>\n<li>Saarinen, Arttu &amp; Koivula, Aki &amp; Koiranen, Ilkka &amp; Sivonen, Jukka (2018) Kolmijaosta hienojakoisempiin eroihin? Tarkastelussa kuuden suurimman eduskuntapuolueen j\u00e4senist\u00f6jen ammattirakenteet. <em>Yhteiskuntapolitiikka<\/em> 18(2): 135\u2013145.\u00a0<a href=\"http:\/\/www.julkari.fi\/handle\/10024\/136253\">http:\/\/www.julkari.fi\/handle\/10024\/136253<\/a><\/li>\n<li>Saarinen, Arttu (2018) Populistit ja luottamus mediaan. Teoksessa Niemi, Mari K &amp; Houni, Topi (toim.) Media ja populismi. Ty\u00f6kaluja kriittiseen journalismiin. Tampere, Vastapaino, 273\u2013277.<\/li>\n<li>Malinen, S., Koivula, A., Keipi, T., &amp; Koiranen, I. (2018): Exploring Selective Exposure and Selective Avoidance Behavior in Social Media. In Proceedings of the International Conference on Social Media &amp; Society, Copenhagen, Denmark (SMSociety). DOI: <a href=\"https:\/\/doi.org\/10.1145\/3217804.3217943\">10.1145\/3217804.3217943<\/a><\/li>\n<li>Koivula, A., Keipi, T., Koiranen, I., &amp; R\u00e4s\u00e4nen, P. (2018). A middle-aged social Internet with a millennial exodus? Changes in identifications with online communities between 2009 and 2017 in Finland. <em>Lecture notes in computer science.<\/em>\u00a0Springer, Cham.<\/li>\n<li>Saarinen, Arttu &amp; Koivula, Aki &amp; Keipi, Teo (2018) Eri puolueiden kannattajien suhtautuminen suomalaiseen tieteeseen ja tutkimukseen. <em>Tiedepolitiikka<\/em>\u00a02018 (1)<\/li>\n<li>Koivula, Aki &amp; Keipi, Teo &amp; Saarinen, Arttu &amp; R\u00e4s\u00e4nen, Pekka (2018) Risk perceptions across the current political spectrum in Finland: A study of party members. <em>Journal of Risk Research<\/em> (Julkaistu verkossa)\u00a0<a href=\"https:\/\/doi.org\/10.1080\/13669877.2018.1437060\">doi.org\/10.1080\/13669877.2018.1437060<\/a><\/li>\n<li>Koivula, Aki &amp; Saarinen, Arttu &amp; R\u00e4s\u00e4nen, Pekka (2017) Political party preference and social trust in four Nordic countries. <em>Comparative European Politics<\/em> 6(15) 1030-1051.<a href=\"https:\/\/link.springer.com\/article\/10.1057\/s41295-017-0103-0\">\u00a0https:\/\/doi.org\/10.1057\/s41295-017-0103-0<\/a><\/li>\n<li>Koivula, Aki &amp; R\u00e4s\u00e4nen, Pekka &amp; Saarinen, Arttu (2017) Does party identification associate with consumer preferences? Analysing Finnish consumers in 2009 and 2014. <em>International Journal of Consumer Studies<\/em> 5(41) 475-483.\u00a0<a href=\"http:\/\/onlinelibrary.wiley.com\/doi\/10.1111\/ijcs.12355\/full\"><span id=\"header-section-doi\" class=\"article-header__meta-info-label\">DOI: <\/span><span class=\"article-header__meta-info-data\">10.1111\/ijcs.12355<\/span><\/a><\/li>\n<li>Koivula, Aki &amp; R\u00e4s\u00e4nen, Pekka &amp; Saarinen, Arttu (2016): Poliittinen suuntautuminen ja kulutusasenteet. <em>Kulutustutkimus.Nyt<\/em> 10(1): 17\u201335.<\/li>\n<\/ol>\n<p><strong>Muut artikkelit tieteellisiss\u00e4 julkaisuissa:<\/strong><\/p>\n<ol>\n<li>Saarinen, A., Koivunen, A., &amp; Malinen, S. (2018). Puolueiden toimittajaj\u00e4senten sosiaalisen median k\u00e4ytt\u00f6 ja n\u00e4kemykset mediasta.\u00a0<i>Media &amp; Viestint\u00e4<\/i>,\u00a0<i>41<\/i>(1). Noudettu osoitteesta <a href=\"https:\/\/journal.fi\/mediaviestinta\/article\/view\/69916\">https:\/\/journal.fi\/mediaviestinta\/article\/view\/69916<\/a><\/li>\n<li>Sivonen, Jukka &amp; Saarinen, Arttu (2018):\u00a0Puolueiden kannattajien luottamus mediaan.\u00a0<em>Yhteiskuntapolitiikka<\/em> 83 (3),\u00a0287\u2013293. <a href=\"http:\/\/urn.fi\/URN:NBN:fi-fe2018112348908\">http:\/\/urn.fi\/URN:NBN:fi-fe2018112348908<\/a><\/li>\n<li>Keipi, Teo &amp; Koiranen, Ilkka &amp; Koivula, Aki &amp; Saarinen, Arttu (2017): A deeper look at party members \u2013 assessing members\u2019 and supporters\u2019 social structure. <em>Research on Finnish Society<\/em> 10 (2), 166-172<\/li>\n<li>Saarinen, Arttu &amp; Koivula, Aki &amp; Koiranen, Ilkka &amp; Sivonen, Jukka (2017): Highly educated but occupationally differentiated: An analysis of the members of the Green League in Finland. <em>Environmental Politics<\/em>. DOI: 10.1080\/09644016.2018.1415741<\/li>\n<li>Koiranen, Ilkka &amp; Koivula, Aki &amp; Saarinen, Arttu (2017):\u00a0Puoluej\u00e4senet suurennuslasin alla \u2013 tarkastelussa j\u00e4senten sosiaalinen rakenne. <em>Tieteess\u00e4 tapahtuu<\/em> (2:2017)<\/li>\n<li>Koiranen, Ilkka &amp; Saarinen, Arttu &amp; Koivula, Aki (2016): Vihreiden j\u00e4senet ja kannattajat \u2013 tarkastelussa yhteiskunnallinen asema ja suhde muihin puolueisiin. <em>Yhteiskuntapolitiikka<\/em> 81(6)<\/li>\n<\/ol>\n<p><strong>Tieteelliset monografiat ja tutkimusraportit<\/strong><\/p>\n<ol>\n<li>Koivula, Aki. (2019). The choice is yours but it is politically tinged. The social correlates of political party preferences in Finland <a href=\"https:\/\/www.utupub.fi\/handle\/10024\/146931\">https:\/\/www.utupub.fi\/handle\/10024\/146931<\/a><\/li>\n<li>Koiranen, Ilkka &amp; Koivula, Aki &amp; Saarinen, Arttu &amp; R\u00e4s\u00e4nen, Pekka (2017). Puolueiden rakenne ja j\u00e4senist\u00f6n verkostot. Helsinki, Finland: Kunnallisalan kehitt\u00e4miss\u00e4\u00e4ti\u00f6.\u00a0http:\/\/kaks.fi\/uutiset\/turun-yliopiston-tutkijat-osa-puolueista-jasenistoltaan-ikaantyneita\/<\/li>\n<\/ol>\n<p><strong>Muut julkaisut:<\/strong><\/p>\n<ol>\n<li>Saarinen, Arttu ja Kuusela, Anna (2020): Perussuomalaisten mutkikas mediasuhde. Vieraskyn\u00e4. Helsingin Sanomat 17.2.2020.<\/li>\n<li>Saarinen, Arttu (2019): Hallitusohjelma osallistaa, puolueet eiv\u00e4t. Alio, Turun Sanomat 24.5.2019.<\/li>\n<li>Koiranen, Ilkka &amp; Koivula, Aki (2018): Liike Nyt haastaa perinteisen puolueosallistumisen muotoja. Alio, Turun Sanomat 4.5.2018<\/li>\n<li>Malinen, Sanna &amp; Koivula, Aki &amp; Saarinen, Arttu (2017) Sosiaalisessa mediassa kuuluu hyv\u00e4osaisen \u00e4\u00e4ni. Blog writing. The Foundation of Helsingin Sanomat 13.12.2017<\/li>\n<li>Koivula, Aki &amp; Saarinen, Arttu (2017): Vihreiden yleispuolueistuminen jatkuu. Alio, Turun Sanomat 13.6.2017<\/li>\n<li>Saarinen, Arttu &amp; Koiranen, Ilkka &amp; Koivula, Aki (2017) Sosiaalisen median aktiivikeskustelijat tulevat valtavirtapolitiikan ulkopuolelta. Blog writing. The Foundation of Helsingin Sanomat 24.10.2017<\/li>\n<li>Saarinen, Arttu &amp; Koiranen, Ilkka (2017): Perussuomalaisten aate vet\u00e4\u00e4 moneen suuntaan. Vieraskyn\u00e4, Helsingin Sanomat 6.5.2017<\/li>\n<li>Koivula, Aki, Saarinen, Arttu, Koiranen, Ilkka (2016): L\u00e4hes kolmasosa perussuomalaisista luottaa MV-lehteen. Suomen Kuvalehti 21.12.2016: <a href=\"http:\/\/suomenkuvalehti.fi\/jutut\/kotimaa\/lahes-kolmasosa-perussuomalaisista-luottaa-mv-lehteen\/\">http:\/\/suomenkuvalehti.fi\/jutut\/kotimaa\/lahes-kolmasosa-perussuomalaisista-luottaa-mv-lehteen\/<\/a><\/li>\n<li>Koivula, Aki &amp; Koiranen, Ilkka (2016): Kytk\u00f6ksist\u00e4 eturyhmiin tuli puolueille rasite. Vieraskyn\u00e4, Helsingin Sanomat 26.11.2016<\/li>\n<li>Koivula, Aki, Saarinen, Arttu, Koiranen, Ilkka (2016): Yksipuolinen vai tasapuolinen media? Puoluej\u00e4senten mielipiteet mediasta. Kanava 8\/2016<\/li>\n<li>Koivula, Aki &amp; Saarinen, Arttu &amp; Kajava, Olli (2016): Keskiluokan \u00e4\u00e4ni\u00e4 kalastamassa. Kanava 4\/2016, 43-46.<\/li>\n<li>Saarinen, Arttu &amp; Koivula, Aki &amp; Koiranen, Ilkka (2016): Vihreiden j\u00e4senten muodostama kupla. Alio, Turun Sanomat 7.6.2016.<\/li>\n<li>Saarinen, Arttu &amp; R\u00e4s\u00e4nen, Pekka &amp; Koivula, Aki (2015): Puolueiden kannattajat poikkeavat edelleen huomattavasti toisistaan. Alio, Turun Sanomat 27.5.2015.<\/li>\n<li>Koivula, Aki &amp; R\u00e4s\u00e4nen, Pekka &amp; Saarinen, Arttu (2015): Puolueiden kannatus eri v\u00e4est\u00f6ryhmiss\u00e4 ja yhteiskunnallinen vaikutusvalta. Tieteess\u00e4 tapahtuu 5:2015, 28\u201332.<\/li>\n<\/ol>\n<p><strong>Ty\u00f6paperijulkaisut:<\/strong><\/p>\n<ol>\n<li>Saarinen, Arttu, Koiranen, Ilkka, Koivula, Aki, Sivonen, Jukka, Malinen, Sanna (2020).Politisoitunut luottamus ja jakautunut tieto: suomalaisten puolueiden kannattajien n\u00e4kemykset luottamuksesta ja informaatiosta totuudenj\u00e4lkeisess\u00e4 ajassa. Working Papers in Economic Sociology. Turun yliopisto, Turku.<br \/>\n<a href=\"http:\/\/urn.fi\/URN:ISBN:978-951-29-7978-3\">http:\/\/urn.fi\/URN:ISBN:978-951-29-7978-3<\/a><\/li>\n<li>Sivonen, Jukka, Kuusela, Anna, Koivula, Aki, Saarinen, Arttu, Keipi, Teo (2019) Research Report on Finland in the Digital Age Round 2 Panel \u2013survey. Working papers in Economic Sociology. Turun yliopisto, Turku<\/li>\n<li>Sivonen, Jukka, Koivula, Aki, Saarinen, Arttu, Keipi, Teo. (2018) Research report on the Finland in the digital age -survey. Working Papers in Economic Sociology (XI). University of Turku: Turku<\/li>\n<li>Koivula, Aki &amp; Sirppinimi, Ringa &amp; Koiranen, Ilkka &amp; Oksanen, Janna (2017). <a href=\"http:\/\/www.utupub.fi\/handle\/10024\/143938\">Arkiel\u00e4m\u00e4 ja osallistuminen \u2013kyselyn tutkimusseloste ja edustavuustarkastelu.<\/a> Working Papers in Economic Sociology (IX). University of Turku: Turku<\/li>\n<li>Koivula, Aki &amp; Keipi, Teo &amp; Saarinen, Arttu &amp; R\u00e4s\u00e4nen, Pekka (2017). What kind of party cleavages can be found on the basis of societal risk perceptions? A study of Finnish political party members. Working Papers in Economic Sociology (X). University of Turku: Turku<strong>\u00a0<\/strong><\/li>\n<li>Saarinen, Arttu &amp; Koivula, Aki &amp; Koiranen, Ilkka &amp; Sivonen, Jukka (2016) What is the political position of the Greens in Finland? An analysis of the party members. Working Papers in Economic Sociology (VIII). University of Turku: Turku<\/li>\n<li>Saarinen, Arttu &amp; Koivula, Aki &amp; Koiranen, Ilkka &amp; Sivonen, Jukka (2016) Vihre\u00e4n liiton j\u00e4senten yhteiskunnallinen asema ja verkostot sukupuolin\u00e4k\u00f6kulmasta. Working Papers in Economic Sociology (VIII). University of Turku: Turku<\/li>\n<\/ol>\n<p><strong>Esitelm\u00e4t:<\/strong><\/p>\n<ol>\n<li>Saarinen, Arttu (2019) Totuus &#8221;totuudenj\u00e4lkeisess\u00e4 ajassa&#8221;. Yleis\u00f6luento Turun suomalainen yliopistoseuran j\u00e4rjest\u00e4m\u00e4n\u00e4 27.11.2019<\/li>\n<li>Saarinen, Arttu (2019) Politiikan kieli. Haastattelemassa tiedottaja Erja Hyyti\u00e4inen. Turun kirjamessut. 27.9.2019.<\/li>\n<li>Koiranen, Ilkka (2019)\u00a0Political orientation, political values and digital divides &#8211; How does political orientation associate with the political use of social media? Sosiologip\u00e4iv\u00e4t 2019. Turku, 29.3.2019<\/li>\n<li>Saarinen, Arttu (2018) Social and ideological representativeness: a comparison of political party members and supporters in Finland. ECPR-konferenssi. Hampuri, 25.8.2018<\/li>\n<li>Koivula, Aki (2018)\u00a0Social and ideological representativeness: a comparison of political party members and supporters in Finland. MPSA 76th Annual Conference April 5-8, 2018, Chicago<\/li>\n<li>Koiranen, Ilkka\u00a0 (2018) Partisanship, shared values, same background \u2013 Homophily and political polarization in Finnish parliament members\u2019 social networks on Twitter. MPSA 76th Annual Conference April 5-8, 2018, Chicago<\/li>\n<li>Saarinen, Arttu (2018) Pienpuolueet suurennuslasin alla. Politiikan tutkimuksen p\u00e4iv\u00e4t. Turku. 9.3.2018.<\/li>\n<li>Koivula, Aki (2018) Is there room for ethical consumers in the Finnish political spectrum? A comparison of party supporters, 1999\u20132014. Sosiologip\u00e4iv\u00e4t, 15.\u201316.3.2018, Joensuu.<\/li>\n<li>Koiranen, Ilkka &amp; Saarinen, Arttu (2017). How does party identification determine the use and perceptions of social media? A population-level study of Finland. Paper presented in the IPSA conference of Political Science in the Digital Age. Hannover: International Political Science Association.<\/li>\n<li>Koiranen, Ilkka\u00a0 &amp; Saarinen, Arttu (2017) How does Twitter connect politicians with each other? A social network analysis of the Finnish parliament members. Poster presented at the General Online Research, Berlin (2017):<a href=\"https:\/\/www.gor.de\/gor17\/sessions.php\">\u00a0https:\/\/www.gor.de\/gor17\/sessions.php<\/a><\/li>\n<li>Koiranen, Ilkka &amp; Koivula, Aki\u00a0 (2016). How does Twitter connect politicians with each other? A social network analysis of the Finnish parliament members. ECPR General Conference, Prague, Czech Republic. Abstract\u00a0<a href=\"https:\/\/ecpr.eu\/Events\/PaperDetails.aspx?PaperID=30293&amp;EventID=95\">https:\/\/ecpr.eu\/Events\/PaperDetails.aspx?PaperID=30293&amp;EventID=95<\/a><\/li>\n<li>Saarinen, Arttu ja Koivula, Aki\u00a0 (2016). Political Orientation and Consumer Attitudes. 24th World Congress of Political Science, Poznan, Poland. Abstract <a href=\"https:\/\/wc2016.ipsa.org\/my-ipsa\/events\/wc2016\/paper\/political-orientation-and-consumer-attitudes\">https:\/\/wc2016.ipsa.org\/my-ipsa\/events\/wc2016\/paper\/political-orientation-and-consumer-attitudes<\/a><\/li>\n<li>Koivula, Aki\u00a0 (2016). Associations Between Political Orientation and Attitudes Towards Leisure Activities. Third ISA Forum of Sociology, Vienna, Austria. <a href=\"https:\/\/isaconf.confex.com\/isaconf\/forum2016\/webprogram\/Paper77131.html\">Abstract\u00a0<\/a><\/li>\n<li>Koivula, Aki &amp; Saarinen, Arttu (2016). Puolueiden j\u00e4senten ja kannattajien sosiaalisen median verkostot. Paper presented at the Finnish Conference for Media and Communication Research, Helsnki, Finland.<\/li>\n<li>Koivula, Aki &amp; R\u00e4s\u00e4nen, Pekka\u00a0 (2015). Does political orientation associate with consumer attitudes? Paper presented at the 12th Conference of the European Sociological Association, Prague , Czech Republic. Abstract\u00a0 <a href=\"http:\/\/programme.esa12thconference.eu\/presentation\/3108\">http:\/\/programme.esa12thconference.eu\/presentation\/3108<\/a><\/li>\n<\/ol>\n","protected":false},"excerpt":{"rendered":"<p>Vertaisarvioidut artikkelit: Koiranen, Ilkka &amp; Koivula, Aki &amp; Saarinen, Arttu &amp; Keipi, Teo (2019) Ideological Motives, Digital Divides, and Political Polarization: How Do Political Party Preference and Values Correspond with the Political Use of Social Media?\u00a0Telematics and Informatics (Hyv\u00e4ksytty julkaistavaksi) Saarinen, Arttu &amp; Koivula, Aki &amp; Keipi, Teo (2019) Political trust, political party preference and &hellip; <a href=\"https:\/\/blogit.utu.fi\/poliittisetkuplat\/julkaisut\/\" class=\"more-link\">Jatka artikkeliin <span class=\"screen-reader-text\">Julkaisut ja esiintymiset<\/span><\/a><\/p>\n","protected":false},"author":352,"featured_media":0,"parent":0,"menu_order":0,"comment_status":"closed","ping_status":"closed","template":"","meta":{"footnotes":""},"class_list":["post-120","page","type-page","status-publish","hentry"],"_links":{"self":[{"href":"https:\/\/blogit.utu.fi\/poliittisetkuplat\/wp-json\/wp\/v2\/pages\/120","targetHints":{"allow":["GET"]}}],"collection":[{"href":"https:\/\/blogit.utu.fi\/poliittisetkuplat\/wp-json\/wp\/v2\/pages"}],"about":[{"href":"https:\/\/blogit.utu.fi\/poliittisetkuplat\/wp-json\/wp\/v2\/types\/page"}],"author":[{"embeddable":true,"href":"https:\/\/blogit.utu.fi\/poliittisetkuplat\/wp-json\/wp\/v2\/users\/352"}],"replies":[{"embeddable":true,"href":"https:\/\/blogit.utu.fi\/poliittisetkuplat\/wp-json\/wp\/v2\/comments?post=120"}],"version-history":[{"count":72,"href":"https:\/\/blogit.utu.fi\/poliittisetkuplat\/wp-json\/wp\/v2\/pages\/120\/revisions"}],"predecessor-version":[{"id":2013,"href":"https:\/\/blogit.utu.fi\/poliittisetkuplat\/wp-json\/wp\/v2\/pages\/120\/revisions\/2013"}],"wp:attachment":[{"href":"https:\/\/blogit.utu.fi\/poliittisetkuplat\/wp-json\/wp\/v2\/media?parent=120"}],"curies":[{"name":"wp","href":"https:\/\/api.w.org\/{rel}","templated":true}]}}