{"id":135,"date":"2016-06-22T09:36:57","date_gmt":"2016-06-22T09:36:57","guid":{"rendered":"https:\/\/blogit.utu.fi\/poliittisetkuplat\/?page_id=135"},"modified":"2020-03-19T10:30:46","modified_gmt":"2020-03-19T10:30:46","slug":"media-2","status":"publish","type":"page","link":"https:\/\/blogit.utu.fi\/poliittisetkuplat\/media-2\/","title":{"rendered":"Media"},"content":{"rendered":"<p><strong>Televisio:<\/strong><\/p>\n<p>Huomenta Suomi (28.3.2017), keskustelu puolueiden j\u00e4senist\u00e4. Keskustelu alkaa kohdasta 24.30.\u00a0<a href=\"http:\/\/www.katsomo.fi\/#!\/ohjelma\/33001003\/huomenta-suomi\">http:\/\/www.katsomo.fi\/#!\/ohjelma\/33001003\/huomenta-suomi<\/a><\/p>\n<p>MTV:n uutiset (27.3.2017), Puolueiden j\u00e4senist\u00f6t ei juuri nuorru. <a href=\"http:\/\/www.katsomo.fi\/#!\/jakso\/741606\">http:\/\/www.katsomo.fi\/#!\/jakso\/741606<\/a><\/p>\n<p>YLE uutiset (27.3.2017), Uutinen julkaistusta tutkimusraportista. <a href=\"http:\/\/areena.yle.fi\/1-3824493\">http:\/\/areena.yle.fi\/1-3824493<\/a><\/p>\n<p><strong>Radio:<\/strong><\/p>\n<p>Auran Aallot (27.10.2019). Keskustelua kansanvillitsij\u00f6ist\u00e4 ja populismista. Arttu Saarinen keskustelemassa osana Toivo2000-ohjelmaa.<\/p>\n<p>Ylen ykk\u00f6saamu (9.5.2018). Poliittisen toiminnan uudet tavat. Ilkka Koiranen keskustelemassa.\u00a0<a href=\"https:\/\/areena.yle.fi\/1-4392619\">https:\/\/areena.yle.fi\/1-4392619<\/a><\/p>\n<p>Yle puheen politiikkaradio (16.6.2017), keskustelua suomalaisesta populismista. Artun kommentti kohdasta 30.00. <a href=\"https:\/\/areena.yle.fi\/1-4148706\">https:\/\/areena.yle.fi\/1-4148706<\/a><\/p>\n<p>Ylen ykk\u00f6saamu (6.2.2017), keskustelu SDP:n tulevaisuudesta puheenjohtajavalinnan j\u00e4lkeen. Keskustelu alkaa kohdasta 4.50. <a href=\"http:\/\/areena.yle.fi\/1-3880947\">http:\/\/areena.yle.fi\/1-3880947<\/a><\/p>\n<p>Yle puheen politiikkaradio (22.12.2016), aiheena valemedia. Tutkimuksemme lyhyt k\u00e4sittely (emme olleet itse vieraina).<a href=\"http:\/\/areena.yle.fi\/1-3858781\">http:\/\/areena.yle.fi\/1-3858781<\/a><\/p>\n<p><strong>Lehtijutut:<\/strong><\/p>\n<p>Helsingin Sanomat (16.3.2020): Tutkimus: Someaktiivit ehdottomampia. Puolueiden someaktiivit ovat peruskannattajia tiukempia poliittisissa keskusteluissa. <a href=\"https:\/\/www.hs.fi\/paivanlehti\/16032020\/art-2000006440510.html\">https:\/\/www.hs.fi\/paivanlehti\/16032020\/art-2000006440510.html<\/a><\/p>\n<p>Ilta-Sanomat (16.3.2020): \u00c4\u00e4rin\u00e4kemykset korostuvat verkon poliittisissa keskusteluissa. <a href=\"https:\/\/www.is.fi\/ulkomaat\/art-2000006440053.html\">https:\/\/www.is.fi\/ulkomaat\/art-2000006440053.html<\/a><\/p>\n<p>Demokraatti (16.3.2020): Selvitys politiikan some-keskustelusta yll\u00e4tti tutkijat: oikeisto-vasemmisto -jako ei p\u00e4dek\u00e4\u00e4n. <a href=\"https:\/\/demokraatti.fi\/selvitys-politiikan-some-keskustelusta-yllatti-tutkijat-oikeisto-vasemmisto-jako-ei-padekaan\/\">https:\/\/demokraatti.fi\/selvitys-politiikan-some-keskustelusta-yllatti-tutkijat-oikeisto-vasemmisto-jako-ei-padekaan\/<\/a><\/p>\n<p>Maaseudun tulevaisuus (16.3.2020): Sosiaalisessa mediassa korostuvat \u00e4\u00e4rimm\u00e4iset n\u00e4kemykset. <a href=\"https:\/\/www.maaseuduntulevaisuus.fi\/politiikka\/artikkeli-1.1020557\">https:\/\/www.maaseuduntulevaisuus.fi\/politiikka\/artikkeli-1.1020557<\/a><\/p>\n<p>Salon seudun sanomat (15.3.2020): Sosiaalisessa mediassa korostuvat \u00e4\u00e4rimm\u00e4iset n\u00e4kemykset: vasemmistoaktiivit ovat vasemmistolaisempia ja kokoomuslaiset oikeistolaisempia kuin puolueiden peruskannattajat. <a href=\"https:\/\/www.sss.fi\/2020\/03\/sosiaalisessa-mediassa-korostuvat-aarimmaiset-nakemykset-vasemmistoaktiivit-ovat-vasemmistolaisempia-ja-kokoomuslaiset-oikeistolaisempia-kuin-puolueiden-peruskannattajat\/?fbclid=IwAR3j06-L40LVifNQeQBBCTapitO-V_b57_ItMmC5PsUr5eGOBe2fuRnhatk\">https:\/\/www.sss.fi\/2020\/03\/sosiaalisessa-mediassa-korostuvat-aarimmaiset-nakemykset-vasemmistoaktiivit-ovat-vasemmistolaisempia-ja-kokoomuslaiset-oikeistolaisempia-kuin-puolueiden-peruskannattajat\/?fbclid=IwAR3j06-L40LVifNQeQBBCTapitO-V_b57_ItMmC5PsUr5eGOBe2fuRnhatk<\/a><\/p>\n<p class=\"overflow-hidden heading-2 mb-8 px-16 pt-16 pb-8\">Ilta-Sanomat (2.2.2020): Sdp:n johtoon nousi uusi sukupolvi, ja Antti Lindtmanin, 37, mukaan sen tavoittaminen ratkaiseen el\u00e4kel\u00e4ispuolueen kohtalon.<a href=\"https:\/\/www.is.fi\/politiikka\/art-2000006391970.html\">https:\/\/www.is.fi\/politiikka\/art-2000006391970.html<\/a><\/p>\n<p class=\"overflow-hidden heading-2 mb-8 px-16 pt-16 pb-8\">Demokraatti (16.1.2020): Politiikan 2020-luku, vain printtilehdess\u00e4.<\/p>\n<p>Mustread (10.1.2020): Taloustutkimuksen Rahkonen perussuomalaisten kannatuksesta: t\u00e4m\u00e4 on h\u00e4t\u00e4huuto. <a href=\"https:\/\/www.mustread.fi\/artikkelit\/taloustutkimuksen-rahkonen-perussuomalaisten-kannatuksesta-tama-on-hatahuuto\/\">https:\/\/www.mustread.fi\/artikkelit\/taloustutkimuksen-rahkonen-perussuomalaisten-kannatuksesta-tama-on-hatahuuto\/<\/a><\/p>\n<p>Helsingin Sanomat (20.7.2019): <a href=\"https:\/\/www.hs.fi\/politiikka\/art-2000006178989.html\">Parisuhde loppui Halla-ahon vuoksi, liian vihreit\u00e4 sukulaisia ja sis\u00e4llissota aina vain \u2013 N\u00e4in politiikka riitauttaa suomalaisia\u00a0<\/a><\/p>\n<p>Suomenmaa (21.6.2019):\u00a0<a href=\"https:\/\/www.suomenmaa.fi\/uutiset\/vaitostutkija-penkoi-ainutlaatuisen-aineiston-keskustan-jasenkunta-on-toimihenkiloistynyt--silti-viidennes-tyossakayviamaanviljelijoita-6.3.514011.f98e5b9046\">Keskustan j\u00e4senkunta on toimi\u00adhen\u00adki\u00adl\u00f6is\u00adtynyt \u2013 silti viidennes ty\u00f6ss\u00e4k\u00e4yvi\u00e4 maan\u00advil\u00adje\u00adli\u00adj\u00f6it\u00e4<\/a><\/p>\n<p>Suomenmaa (21.6.2019): <a href=\"https:\/\/www.suomenmaa.fi\/uutiset\/vaitos-kokoomuslaiset-torsaavat-perussuomalaiset-luottavat-toisiin-muita-vahemman-6.3.514009.9d5482c81f\">Kokoo\u00admus\u00adlaiset t\u00f6rs\u00e4\u00e4v\u00e4t, perus\u00adsuo\u00adma\u00adlaiset luottavat toisiin muita v\u00e4hemm\u00e4n<\/a><\/p>\n<p>Helsingin Sanomat (11.4.2019): <a href=\"https:\/\/www.hs.fi\/politiikka\/art-2000006067285.html\">V\u00e4it\u00f6s: Luottamus toisiin ihmisiin vaihtelee puoluekannan mukaan<\/a><\/p>\n<p>Aamuset (11.4.2019): <a href=\"https:\/\/www.aamuset.fi\/uutiset\/4543812\/Puoluekanta+on+sosiaalinen+tekija+joka+jasentaa+ihmisten+asenteita+ja+toimintaa\">Puoluekanta on sosiaalinen tekij\u00e4, joka j\u00e4sent\u00e4\u00e4 ihmisten asenteita ja toimintaa<\/a><\/p>\n<p>L\u00e4\u00e4k\u00e4rilehti (29.3.2019): <a href=\"https:\/\/www.laakarilehti.fi\/ajassa\/ajankohtaista\/laakarit-nakyvat-eduskuntavaaleissa\/\">https:\/\/www.laakarilehti.fi\/ajassa\/ajankohtaista\/laakarit-nakyvat-eduskuntavaaleissa\/<\/a><\/p>\n<p>Alusta! (26.2.2019): <a href=\"https:\/\/alusta.uta.fi\/2019\/02\/26\/suomi-on-edelleen-luokkayhteiskunta\/\"> Suomi on edelleen luokkayhteiskunta<\/a><\/p>\n<p>Hufvudstadsbladet (9.2.2019): <a href=\"https:\/\/www.hbl.fi\/artikel\/sannfinlandarnas-nya-karnvaljare-hogutbildade-experter\/\"> Sannfinl\u00e4ndarnas nya k\u00e4rnv\u00e4ljare: h\u00f6gutbildade experter<\/a><\/p>\n<p>Turun Sanomat (1.9.2018): <a href=\"https:\/\/www.ts.fi\/teemat\/tiede\/4060517\/Yhteiskuntaluokkien+hajoaminen+on+sekoittanut+puoluejasenten+ammattirakennetta++hallituspuolueissa+vahvoilla+ovat+yrittajat\">Yhteiskuntaluokkien hajoaminen on sekoittanut puoluej\u00e4senten ammattirakennetta \u2013 hallituspuolueissa vahvoilla ovat yritt\u00e4j\u00e4t<\/a><\/p>\n<p>Vasen Kaista (8.8.2018):\u00a0<a href=\"https:\/\/vasenkaista.fi\/2018\/08\/vasemmistoliitto-kolkuttaa-kaksinumeroisia-kannatuslukemia\/\">Vasemmistoliitto kolkuttaa kaksinumeroisia kannatuslukemia<\/a><\/p>\n<p>Uusi Suomi (4.7.2018):\u00a0<a href=\"https:\/\/www.uusisuomi.fi\/kotimaa\/252895-tutkimus-12-000-puolueiden-jasenta-kertoi-ammattinsa-vihervasemmisto-nayttaa-olevan\">Tutkimus: 12 000 puolueiden j\u00e4sent\u00e4 kertoi ammattinsa \u2013 \u201dVihervasemmisto\u201d n\u00e4ytt\u00e4\u00e4 olevan totta, mutta SDP:st\u00e4 l\u00f6ytyi duunariyll\u00e4tys<\/a><\/p>\n<p>MustRead (25.5.2018): Puolueiden kannattajien luottamuksessa tieteeseen suuret erot &#8211; selitt\u00e4nev\u00e4t koulutusleikkauksia. <a href=\"https:\/\/www.mustread.fi\/artikkelit\/puolueiden-kannattajien-luottamuksessa-tieteeseen-suuret-erot-selittanevat-koulutusleikkauksia\/\">https:\/\/www.mustread.fi\/artikkelit\/puolueiden-kannattajien-luottamuksessa-tieteeseen-suuret-erot-selittanevat-koulutusleikkauksia\/<\/a><\/p>\n<p>Suomen Kuvalehti (9.9.2017):\u00a0<a href=\"https:\/\/suomenkuvalehti.fi\/jutut\/kotimaa\/politiikka\/vihreiden-suosio-nuoret-kannattivat-puoluetta-jo-1990-luvulla-nyt-vihertavat-myos-entiset-nuoret\/?shared=983205-d6df7d09-500#comments\">Vihreiden suosio: Nuoret kannattivat puoluetta jo 1990-luvulla \u2013 Nyt vihert\u00e4v\u00e4t my\u00f6s entiset nuoret<\/a><\/p>\n<p>Helsingin Sanomat (28.8.2017):\u00a0<a href=\"http:\/\/www.hs.fi\/politiikka\/art-2000005342732.html\">Vihre\u00e4t nousi toiseksi suurimmaksi puolueeksi ja sai parin kuukauden aikana 80 000 uutta \u00e4\u00e4nest\u00e4j\u00e4\u00e4 \u2013 Puheen\u00adjohtaja Aalto: \u201dIsoa liikehdint\u00e4\u00e4 tapahtuu\u201d<\/a><\/p>\n<p>Helsingin Sanomat (9.6.2017): <a href=\"http:\/\/www.hs.fi\/politiikka\/art-2000005246097.html\">http:\/\/www.hs.fi\/politiikka\/art-2000005246097.html<\/a><\/p>\n<p>Helsingin Sanomat (6.5.2017): <a href=\"http:\/\/www.hs.fi\/paakirjoitukset\/art-2000005198857.html\">http:\/\/www.hs.fi\/paakirjoitukset\/art-2000005198857.html<\/a><\/p>\n<p>Demokraatti (25.4.2017): <a href=\"https:\/\/demokraatti.fi\/vihreiden-puheenjohtajakisan-konsensus-lumetta-pinnan-alla-kytee-kamppailu-puolueen-suunnasta\/\">https:\/\/demokraatti.fi\/vihreiden-puheenjohtajakisan-konsensus-lumetta-pinnan-alla-kytee-kamppailu-puolueen-suunnasta\/<\/a><\/p>\n<p>Turun Sanomat (1.4.2017): <a href=\"http:\/\/www.ts.fi\/uutiset\/paikalliset\/3455731\/Turkuun+yli+100000+euron+apuraha+Helsingin+Sanomain+Saatiolta\">http:\/\/www.ts.fi\/uutiset\/paikalliset\/3455731\/Turkuun+yli+100000+euron+apuraha+Helsingin+Sanomain+Saatiolta<\/a><\/p>\n<p>Raporttimme &#8221;Puolueiden rakenteet ja j\u00e4senist\u00f6n verkostot&#8221; ker\u00e4si laajaa huomiota 27.3.2017. Esimerkiksi:<\/p>\n<ul>\n<li><a href=\"http:\/\/www.hs.fi\/politiikka\/art-2000005145019.html\">Helsingin Sanomat (27.3.2017)\u00a0<\/a><\/li>\n<li><a href=\"http:\/\/yle.fi\/uutiset\/3-9528779\">Yle (27.3.2017)\u00a0<\/a><\/li>\n<li><a href=\"http:\/\/www.mtv.fi\/uutiset\/kotimaa\/artikkeli\/tutkimuss-puolueiden-jasenet-selvasti-kannattajiaan-vanhempia\/6365672\">MTV (27.3.2017)\u00a0<\/a><\/li>\n<li><a href=\"http:\/\/www.ts.fi\/uutiset\/kotimaa\/3449943\/Turun+yliopiston+tutkimus+Puolueiden+jasenet+aanestajia+vanhempia\">Turun Sanomat (27.3.2017)\u00a0<\/a><\/li>\n<li><a href=\"http:\/\/www.kaleva.fi\/uutiset\/kotimaa\/sdpn-ja-keskustan-jasenet-kaikkein-vanhimpia-vihreat-nuorimpia\/755445\/\">Kaleva (27.3.2017)\u00a0<\/a><\/li>\n<li><a href=\"https:\/\/www.pohjalainen.fi\/uutiset\/kotimaa\/tutkimus-sosiaalidemokraattien-j%C3%A4senet-kaikkein-vanhimpia-vihre%C3%A4t-nuorimpia-1.2250644\">Pohjalainen (27.3,2017)<\/a><\/li>\n<li><a href=\"http:\/\/www.hameensanomat.fi\/uutiset\/uutiset\/325893-sdpn-ja-keskustan-jasenet-kaikkein-vanhimpia-vihreat-nuorimpia\">H\u00e4meen sanomat (27.3.2017)\u00a0<\/a><\/li>\n<li><a href=\"http:\/\/www.ksml.fi\/kotimaa\/SDPn-ja-keskustan-j%C3%A4senet-kaikkein-vanhimpia-vihre%C3%A4t-nuorimpia\/955677\">Keskisuomalainen (27.3.2017)\u00a0<\/a><\/li>\n<li><a href=\"http:\/\/www.sss.fi\/2017\/03\/sdpn-ja-keskustan-jasenet-kaikkein-vanhimpia-vihreat-nuorimpia\/\">Salon seudun sanomat (27.3.2017)\u00a0<\/a><\/li>\n<li><a href=\"http:\/\/www.perhonjokilaakso.fi\/uusimmat\/509473\/sdpn-ja-keskustan-jasenet-kaikkein-vanhimpia-vihreat-nuorimpia\">Perhonjokilaakso (27.3.2017)\u00a0<\/a><\/li>\n<li><a href=\"http:\/\/www.nivala-lehti.fi\/uusimmat\/509473\/sdpn-ja-keskustan-jasenet-kaikkein-vanhimpia-vihreat-nuorimpia\">Nivala-lehti (27.3.2017)\u00a0<\/a><\/li>\n<li><a href=\"http:\/\/turunseutusanomat.fi\/2017\/03\/turun-yliopiston-tutkijat-osa-puolueista-jasenistoltaan-ikaantyneita\/\">Turun seutusanomat (27.3.2017)\u00a0<\/a><\/li>\n<li><a href=\"http:\/\/www.talouselama.fi\/uutiset\/turun-yliopiston-tutkijat-osa-puolueista-jasenistoltaan-ikaantyneita-vanhimmat-tassa-puolueessa-6636201\">Talousel\u00e4m\u00e4 (27.3.2017)\u00a0<\/a><\/li>\n<li><a href=\"http:\/\/kuntalehti.fi\/kuntauutiset\/paatoksenteko\/tutkimus-demareilla-vanhimmat-jasenet\/\">Kuntalehti (27.3.2017)\u00a0<\/a><\/li>\n<li><a href=\"http:\/\/www.ess.fi\/uutiset\/kotimaa\/art2357541\">ESS (27.3.2017)<\/a><\/li>\n<li><a href=\"http:\/\/akaanseutu.fi\/2017\/03\/27\/turun-yliopiston-tutkijat-osa-puolueista-jasenistoltaan-ikaantyneita\/\">Akaan Seutu (27.3.2017)\u00a0<\/a><\/li>\n<li><a href=\"https:\/\/www.ilkka.fi\/uutiset\/kotimaa\/tutkimus-sosiaalidemokraattien-j%C3%A4senet-kaikkein-vanhimpia-vihre%C3%A4t-nuorimpia-1.2250643\">Ilkka (27.3.2017)\u00a0<\/a><\/li>\n<li><a href=\"http:\/\/www.pohjolansanomat.fi\/kotimaa\/puolueiden-jasenet-heijastavat-yha-vanhoja-verkostoja-sdplla-ja-keskustalla-vanhimmat-jasenet-15962272\/\">Pohjolan Sanomat (27.3.2017)\u00a0<\/a><\/li>\n<li><a href=\"http:\/\/www.pietarsaarensanomat.fi\/uusimmat\/509473\/sdpn-ja-keskustan-jasenet-kaikkein-vanhimpia-vihreat-nuorimpia\">Pietarsaaren Sanomat (27.3.2017) <\/a><\/li>\n<li><a href=\"http:\/\/online.vasabladet.fi\/Artikel\/Visa\/137888\">Vasabladet (27.3.2017)\u00a0<\/a><\/li>\n<li><a href=\"https:\/\/demokraatti.fi\/tutkimus-puolueiden-jasenkunnasta-sdpn-jasenet-vanhimpia-vihreiden-nuorimpia\/\">Demokraatti (27.3.2017)\u00a0<\/a><\/li>\n<li><a href=\"http:\/\/www.lapinkansa.fi\/kotimaa\/puolueiden-jasenet-heijastavat-yha-vanhoja-verkostoja-sdplla-ja-keskustalla-vanhimmat-jasenet-15962272\/\">Lapin Kansa (27.3.2017)\u00a0<\/a><\/li>\n<li><a href=\"https:\/\/www.verkkouutiset.fi\/politiikka\/puolueet_ukkoutuu-63387\">Verkkouutiset(27.3.2017)\u00a0<\/a><\/li>\n<li><a href=\"http:\/\/www.suomenmaa.fi\/uutiset\/vanhat-kliseet-pitavat-paikkansa--maanviljelijat-ovat-keskustalaisia-hyvatuloiset-kokoomuslaisia-6.3.219497.58610ef933\">Suomenmaa (27.3.2017)\u00a0<\/a><\/li>\n<li><a href=\"https:\/\/www.kansanuutiset.fi\/artikkeli\/3693397-suurtutkimus-puolueista-vasemmistoliiton-ja-vihreiden-kilpailu-kannattajista-kovenee\">Kansan uutiset (27.3.2017)<\/a><\/li>\n<\/ul>\n<p>Suomen Kuvalehti (22.12.2016): <a href=\"http:\/\/suomenkuvalehti.fi\/jutut\/kotimaa\/lahes-kolmasosa-perussuomalaisista-luottaa-mv-lehteen\/\">http:\/\/suomenkuvalehti.fi\/jutut\/kotimaa\/lahes-kolmasosa-perussuomalaisista-luottaa-mv-lehteen\/<\/a><\/p>\n<p>Turun Sanomat (22.12.2016): <a href=\"http:\/\/www.ts.fi\/uutiset\/kotimaa\/3140945\/Soini+MVlehti+on+osa+hybridivaikuttamista\">http:\/\/www.ts.fi\/uutiset\/kotimaa\/3140945\/Soini+MVlehti+on+osa+hybridivaikuttamista<\/a><\/p>\n<p>Helsingin Sanomat (22.12.2016): <a href=\"http:\/\/www.hs.fi\/politiikka\/art-2000005018242.html\">http:\/\/www.hs.fi\/politiikka\/art-2000005018242.html<\/a><\/p>\n<p>Aamulehti (22.12.2016): <a href=\"http:\/\/www.aamulehti.fi\/kotimaa\/soini-varoittaa-valemedioista-kuten-mv-lehdesta-tavoite-on-saada-ihmiset-taistelemaan-keskenaan-24161490\/\">http:\/\/www.aamulehti.fi\/kotimaa\/soini-varoittaa-valemedioista-kuten-mv-lehdesta-tavoite-on-saada-ihmiset-taistelemaan-keskenaan-24161490\/ <\/a><\/p>\n<p>Kaleva (22.12.2016): <a href=\"http:\/\/www.kaleva.fi\/uutiset\/kotimaa\/soini-varoitti-puoluevakea-mv-lehti-on-osa-hybridivaikuttamista\/746997\/\">http:\/\/www.kaleva.fi\/uutiset\/kotimaa\/soini-varoitti-puoluevakea-mv-lehti-on-osa-hybridivaikuttamista\/746997\/<\/a><\/p>\n<p>Polemiikki (1.12.2016):\u00a0<a href=\"http:\/\/kaks.fi\/punavihrea-kupla-olemassa-muita-totuuksia-puoluejasenten-verkostoista\/\">http:\/\/kaks.fi\/punavihrea-kupla-olemassa-muita-totuuksia-puoluejasenten-verkostoista\/<\/a><\/p>\n<p>Helsingin Sanomat (26.11.2016):\u00a0<a href=\"http:\/\/www.hs.fi\/m\/paakirjoitukset\/a1480053030428\">http:\/\/www.hs.fi\/m\/paakirjoitukset\/a1480053030428<\/a><\/p>\n<p>Uusi Suomi (21.10.2016): <a href=\"https:\/\/www.uusisuomi.fi\/kotimaa\/206636-tutkijat-julkaisivat-kuvan-punavihrea-kupla-olemassa\">https:\/\/www.uusisuomi.fi\/kotimaa\/206636-tutkijat-julkaisivat-kuvan-punavihrea-kupla-olemassa<\/a><\/p>\n<p>Kansan Uutiset (20.10.2016): <a href=\"http:\/\/m.kansanuutiset.fi\/uutiset\/kotimaa\/3617080\/aanestajien-suurhaastattelu-paljasti-punavihrea-kupla-on-totta\">http:\/\/m.kansanuutiset.fi\/uutiset\/kotimaa\/3617080\/aanestajien-suurhaastattelu-paljasti-punavihrea-kupla-on-totta<\/a><\/p>\n<p>Demokraatti (20.10.2016): <a href=\"https:\/\/demokraatti.fi\/tutkimus-vahvistaa-punavihrea-kupla-on-totta\/\">https:\/\/demokraatti.fi\/tutkimus-vahvistaa-punavihrea-kupla-on-totta\/<\/a><\/p>\n<p>Vihre\u00e4 Lanka (15.7.2016): <a href=\"http:\/\/www.vihrealanka.fi\/uutiset-kotimaa\/li-andersson-tai-feministit-eiv%C3%A4t-huolestuta-vihreit%C3%A4\">http:\/\/www.vihrealanka.fi\/uutiset-kotimaa\/li-andersson-tai-feministit-eiv%C3%A4t-huolestuta-vihreit%C3%A4<\/a><\/p>\n<p>Vihre\u00e4 Lanka (20.6.2016): <a href=\"http:\/\/www.vihrealanka.fi\/uutiset-kotimaa\/vihre%C3%A4t-miehet-naisia-vallakkaampia\">Vihre\u00e4t miehet naisia vallakkaampia<\/a><\/p>\n<p>Verkkouutiset (10.6.2016): <a href=\"http:\/\/www.verkkouutiset.fi\/politiikka\/vaalikonevastaukset%20eduskunta-51576\">T\u00e4ss\u00e4k\u00f6 syy vasemmistoliiton alam\u00e4keen? Vaalikoneissa liian \u00e4rh\u00e4k\u00e4t vastaukset<\/a><\/p>\n<p>Turun Sanomat (7.6.2016): <a href=\"http:\/\/www.ts.fi\/mielipiteet\/aliot\/2680509\/Vihrean+liiton+jasenten+muodostama+kupla\">Vihre\u00e4n liiton j\u00e4senten muodostama kupla<\/a><\/p>\n<p>Kansanuutiset (2.5.2016): <a href=\"http:\/\/www.kansanuutiset.fi\/artikkeli\/3539213-puolueiden-kuplat-tutkitaan\">Puolueiden kuplat tutkitaan<\/a><\/p>\n<p>Suomenmaa (22.4.2016): <a href=\"http:\/\/www.suomenmaa.fi\/?app=NeoDirect&amp;com=6\/3\/104994\/3f2591926b\">Keskustan j\u00e4senet mukana verkostokyselyss\u00e4<\/a><\/p>\n<p>H\u00e4meen Sanomat (6.10.2015): <a href=\"http:\/\/www.hameensanomat.fi\/uutiset\/kanta-hame\/295466-persut-vie-duunarit\">Persut vie duunarit<\/a><\/p>\n\n\n<p><\/p>\n","protected":false},"excerpt":{"rendered":"<p>Televisio: Huomenta Suomi (28.3.2017), keskustelu puolueiden j\u00e4senist\u00e4. Keskustelu alkaa kohdasta 24.30.\u00a0http:\/\/www.katsomo.fi\/#!\/ohjelma\/33001003\/huomenta-suomi MTV:n uutiset (27.3.2017), Puolueiden j\u00e4senist\u00f6t ei juuri nuorru. http:\/\/www.katsomo.fi\/#!\/jakso\/741606 YLE uutiset (27.3.2017), Uutinen julkaistusta tutkimusraportista. http:\/\/areena.yle.fi\/1-3824493 Radio: Auran Aallot (27.10.2019). Keskustelua kansanvillitsij\u00f6ist\u00e4 ja populismista. Arttu Saarinen keskustelemassa osana Toivo2000-ohjelmaa. Ylen ykk\u00f6saamu (9.5.2018). Poliittisen toiminnan uudet tavat. Ilkka Koiranen keskustelemassa.\u00a0https:\/\/areena.yle.fi\/1-4392619 Yle puheen politiikkaradio (16.6.2017), keskustelua &hellip; <a href=\"https:\/\/blogit.utu.fi\/poliittisetkuplat\/media-2\/\" class=\"more-link\">Jatka artikkeliin <span class=\"screen-reader-text\">Media<\/span><\/a><\/p>\n","protected":false},"author":352,"featured_media":0,"parent":0,"menu_order":0,"comment_status":"closed","ping_status":"closed","template":"","meta":{"footnotes":""},"class_list":["post-135","page","type-page","status-publish","hentry"],"_links":{"self":[{"href":"https:\/\/blogit.utu.fi\/poliittisetkuplat\/wp-json\/wp\/v2\/pages\/135","targetHints":{"allow":["GET"]}}],"collection":[{"href":"https:\/\/blogit.utu.fi\/poliittisetkuplat\/wp-json\/wp\/v2\/pages"}],"about":[{"href":"https:\/\/blogit.utu.fi\/poliittisetkuplat\/wp-json\/wp\/v2\/types\/page"}],"author":[{"embeddable":true,"href":"https:\/\/blogit.utu.fi\/poliittisetkuplat\/wp-json\/wp\/v2\/users\/352"}],"replies":[{"embeddable":true,"href":"https:\/\/blogit.utu.fi\/poliittisetkuplat\/wp-json\/wp\/v2\/comments?post=135"}],"version-history":[{"count":52,"href":"https:\/\/blogit.utu.fi\/poliittisetkuplat\/wp-json\/wp\/v2\/pages\/135\/revisions"}],"predecessor-version":[{"id":1995,"href":"https:\/\/blogit.utu.fi\/poliittisetkuplat\/wp-json\/wp\/v2\/pages\/135\/revisions\/1995"}],"wp:attachment":[{"href":"https:\/\/blogit.utu.fi\/poliittisetkuplat\/wp-json\/wp\/v2\/media?parent=135"}],"curies":[{"name":"wp","href":"https:\/\/api.w.org\/{rel}","templated":true}]}}