{"id":1376,"date":"2018-11-29T09:14:08","date_gmt":"2018-11-29T09:14:08","guid":{"rendered":"https:\/\/blogit.utu.fi\/poliittisetkuplat\/?page_id=1376"},"modified":"2020-04-06T09:48:03","modified_gmt":"2020-04-06T09:48:03","slug":"opetus","status":"publish","type":"page","link":"https:\/\/blogit.utu.fi\/poliittisetkuplat\/opetus\/","title":{"rendered":"Opetus ja hankkeen j\u00e4rjest\u00e4m\u00e4t seminaarit"},"content":{"rendered":"<p>Poliittiset kuplat hankkeen tuloksia ja aineistoja on k\u00e4ytetty useilla eri Turun yliopiston taloussosiologian ja sosiaalitieteen kursseilla, kuten seuraavilla:<\/p>\n<ul>\n<li>Ilmastonmuutoksen totuudet. Syksy 2019. Kurssilla 120 opiskelijaa.<\/li>\n<li>Totuudenj\u00e4lkeinen aika: tieto, tiede ja kritiikki, kev\u00e4t 2018. Kurssilla sata opiskelijaa. Kurssilla vieraili my\u00f6s lukuisia ulkopuolisia luennoitsijoita kuten Mari Tuokko, Heikki Pursiainen, Perttu H\u00e4kkinen, Marja-Liisa Honkasalo ja Olli Seuri. Kurssi oli ehdolla Turun yliopiston vuoden opintojaksoksi.<\/li>\n<li>Poliittisen osallistumisen muutos, syksy 2018. Kurssi toteutettiin yhdess\u00e4 Politiikan tutkimuksen laitoksen kanssa. Kurssilla 70 opiskelijaa.<\/li>\n<li>Kohti kuntavaaleja, kev\u00e4t 2017. Kurssi toteutettiin yhdess\u00e4 Eduskuntatutkimuksen tutkijoiden Erkka Railon ja Jenni Karim\u00e4en kanssa. Kurssilla 70 opiskelija<\/li>\n<li>Kohti eduskuntavaaleja, kev\u00e4t 2019. Kurssi toteutettiin yhdess\u00e4 Eduskuntatutkimuksen keskuksen ja valtio-opin oppiaineen kanssa. Kurssilla noin 120 opiskelija.<\/li>\n<li>Verkostot -kurssi, toteutettu kolme kertaa vuosien 2016-2018 v\u00e4liss\u00e4. Kurssin suorittanut yhteens\u00e4 170 opiskelijaa.<\/li>\n<li>Kyselytutkimuksen suunnittelu ja toteutus kurssi, 2016-2019. Kurssin suorittanut yhteens\u00e4 60 opiskelijaa<\/li>\n<li>Verkostoanalyysi-kurssi, 2019. 20 opiskelijaa<\/li>\n<\/ul>\n<p><strong>Seminaarit<\/strong><\/p>\n<p>Projektin teemojen ymp\u00e4rill\u00e4 on j\u00e4rjestetty muutamia julkisia puolip\u00e4iv\u00e4seminaareja Turussa ja Helsingiss\u00e4. Seminaarit ovat olleet avoimia kaikille ja ne ovat ker\u00e4nneet laajaa kiinnostusta.<\/p>\n<ul>\n<li>Joulukuussa 2017 Kultva-verkoston seminaari teemalla Populismi ja vaihtoehtoiset poliittiset liikkeeet.<\/li>\n<li>Toukokuussa 2018 Helsingiss\u00e4 j\u00e4rjestimme yhteisty\u00f6ss\u00e4 Svart Oy:n kanssa populaariseminaarin &#8221;Politiikan totuudet, valheet ja muu julkisuus&#8221;. Seminaarissa esiteltiin hankkeen tuloksia sek\u00e4 pidettiin keskustelutilaisuus, johon osallistuivat Arttu Saarinen, Li Andersson, Juho Romakkaniemi ja Eeva Lehtim\u00e4ki.<\/li>\n<li>Tammikuussa 2019 seminaari &#8221;Mik\u00e4 tieto kelpaa politiikkaan?&#8221; Helsingiss\u00e4 Kansallisteatterin lavaklubilla.&nbsp;Seminaarissa Aki Koivula ja Ilkka Koiranen esitteliv\u00e4t hankkeen tuloksia sek\u00e4 pidettiin keskustelutilaisuus, johon osallistuivat Arttu Saarinen, Ville Bl\u00e5fied, Hanna Wass, Olli Seuri ja Riikka Purra.<\/li>\n<li>Syyskuussa seminaari Turun Bar \u00d6:ss\u00e4 teemalla ep\u00e4sovinnainen poliitikko &#8211; median uhri? Ilkka Koiranen esitteli hankkeen tuloksia. Keskustelemassa Arttu Saarinen, Erkka Railo, Riina Lumme, Vy Tram, Jaakko-Ylijuonikas<\/li>\n<\/ul>\n","protected":false},"excerpt":{"rendered":"<p>Poliittiset kuplat hankkeen tuloksia ja aineistoja on k\u00e4ytetty useilla eri Turun yliopiston taloussosiologian ja sosiaalitieteen kursseilla, kuten seuraavilla: Ilmastonmuutoksen totuudet. Syksy 2019. Kurssilla 120 opiskelijaa. Totuudenj\u00e4lkeinen aika: tieto, tiede ja kritiikki, kev\u00e4t 2018. Kurssilla sata opiskelijaa. Kurssilla vieraili my\u00f6s lukuisia ulkopuolisia luennoitsijoita kuten Mari Tuokko, Heikki Pursiainen, Perttu H\u00e4kkinen, Marja-Liisa Honkasalo ja Olli Seuri. Kurssi &hellip; <a href=\"https:\/\/blogit.utu.fi\/poliittisetkuplat\/opetus\/\" class=\"more-link\">Jatka artikkeliin <span class=\"screen-reader-text\">Opetus ja hankkeen j\u00e4rjest\u00e4m\u00e4t seminaarit<\/span><\/a><\/p>\n","protected":false},"author":356,"featured_media":0,"parent":0,"menu_order":0,"comment_status":"closed","ping_status":"closed","template":"","meta":{"footnotes":""},"class_list":["post-1376","page","type-page","status-publish","hentry"],"_links":{"self":[{"href":"https:\/\/blogit.utu.fi\/poliittisetkuplat\/wp-json\/wp\/v2\/pages\/1376","targetHints":{"allow":["GET"]}}],"collection":[{"href":"https:\/\/blogit.utu.fi\/poliittisetkuplat\/wp-json\/wp\/v2\/pages"}],"about":[{"href":"https:\/\/blogit.utu.fi\/poliittisetkuplat\/wp-json\/wp\/v2\/types\/page"}],"author":[{"embeddable":true,"href":"https:\/\/blogit.utu.fi\/poliittisetkuplat\/wp-json\/wp\/v2\/users\/356"}],"replies":[{"embeddable":true,"href":"https:\/\/blogit.utu.fi\/poliittisetkuplat\/wp-json\/wp\/v2\/comments?post=1376"}],"version-history":[{"count":8,"href":"https:\/\/blogit.utu.fi\/poliittisetkuplat\/wp-json\/wp\/v2\/pages\/1376\/revisions"}],"predecessor-version":[{"id":2004,"href":"https:\/\/blogit.utu.fi\/poliittisetkuplat\/wp-json\/wp\/v2\/pages\/1376\/revisions\/2004"}],"wp:attachment":[{"href":"https:\/\/blogit.utu.fi\/poliittisetkuplat\/wp-json\/wp\/v2\/media?parent=1376"}],"curies":[{"name":"wp","href":"https:\/\/api.w.org\/{rel}","templated":true}]}}