{"id":9,"date":"2016-06-10T07:25:49","date_gmt":"2016-06-10T07:25:49","guid":{"rendered":"https:\/\/blogit.utu.fi\/poliittisetkuplat\/?page_id=9"},"modified":"2020-02-24T10:19:44","modified_gmt":"2020-02-24T10:19:44","slug":"mika-poliittiset-kuplat-hanke-on","status":"publish","type":"page","link":"https:\/\/blogit.utu.fi\/poliittisetkuplat\/mika-poliittiset-kuplat-hanke-on\/","title":{"rendered":"Mik\u00e4 poliittiset kuplat -hanke on?"},"content":{"rendered":"<p>Poliittiset kuplat -hanke on taloussosiologian oppiaineen tutkimushanke. Helmikuussa 2016 alkaneen hankkeen ensimm\u00e4isess\u00e4 vaiheessa tutkimme j\u00e4senten ja kannattajien rakenteita ja verkostoja. Rahoittajina olivat\u00a0 Kunnallisalan kehitt\u00e4miss\u00e4\u00e4ti\u00f6, Suomen kulttuurirahasto ja Turun yliopiston tutkijakoulu. Hankkeen toinen osa alkoi syyskuussa 2017 HS-s\u00e4\u00e4ti\u00f6n rahoittamana. Toisessa osassa on tutkittu tarkemmin eri puolueiden kannattajien ja j\u00e4senten mediak\u00e4ytt\u00e4ytymist\u00e4 sek\u00e4 medialuottamusta totuuden j\u00e4lkeisess\u00e4 ajassa. Hanke p\u00e4\u00e4ttyy t\u00e4lt\u00e4 osin hein\u00e4kuussa 2020.<\/p>\n<p>Aineistoina olemme k\u00e4ytt\u00e4neet vuonna 2016 ker\u00e4\u00e4m\u00e4\u00e4mme puoluej\u00e4senaineistoa. Ainutlaatuinen kysely sis\u00e4lt\u00e4\u00e4 yli 12 000 puoluej\u00e4senen mielipiteit\u00e4 sek\u00e4 verkosto- ja demografiatietoja. Aineiston rinnalla on k\u00e4ytetty helmikuussa-maaliskuussa 2017 ker\u00e4tty\u00e4 vajaan 2000 vastaajan v\u00e4est\u00f6aineistoa &#8221;Arkiel\u00e4m\u00e4 ja osallistuminen&#8221;.\u00a0\u00a0<\/p>\n<p>Mediatottumuksia ja -asenteita olemme tarkastelleet joulukuussa 2017 toteutetun yli 3000 suomalaisen vastauksia sis\u00e4lt\u00e4v\u00e4n &#8221;Digitalisoituva Suomi&#8221; -kyselytutkimuksen\u00a0 avulla. Kev\u00e4\u00e4ll\u00e4 2019 toteutimme kyselyn uudelleen yli 1000 vastaajalle. N\u00e4in saimme k\u00e4ytt\u00f6\u00f6n my\u00f6s arvokasta seurantatietoa, joka mahdollistaa entist\u00e4 syv\u00e4llisemm\u00e4t analyysit suomalaisten mediatottumusten ja poliittisten asenteiden muutoksista viime vuosina. Paneelia on tarkoitus jatkaa vuonna 2020.<\/p>\n<p>Lis\u00e4ksi olemme hy\u00f6dynt\u00e4neet European Social Survey -kyselyj\u00e4, taloussosiologian ker\u00e4\u00e4mi\u00e4 Suomi-kyselyj\u00e4, kansanedustajien sosiaalisen median verkostodataa ja vaalikoneaineistoja.<\/p>\n<p>Hankkeen johtajana toimii dosentti ja taloussosiologian yliopisto-opettaja Arttu Saarinen. Hankkeessa ovat ty\u00f6skennelleet vuosien 2016-2020 aikana seuraavat henkil\u00f6t osa-aikaisesti, p\u00e4\u00e4toimisesti tai oman virkaty\u00f6ns\u00e4 ohessa: yliopisto-opettaja\u00a0 Aki Koivula (VTT),\u00a0 tohtorikoulutettava Ilkka Koiranen (VTM), tohtorikoulutettava Jukka Sivonen (VTM), tutkimusavustaja Anna Kuusela (VTK), tutkimusavustaja Janna Oksanen (VTM), professori Pekka R\u00e4s\u00e4nen, erikoistutkija Teo Keipi (VTT) ja erikoistutkija Sanna Malinen (YTT). Lis\u00e4ksi taloussosiologian oppiaineen korkeakouluharjoittelijat ovat tehneet tutkimusavustajan t\u00f6it\u00e4 projektille.<\/p>\n<p>Hankkeessa on v\u00e4lillisesti mukana lukuisa m\u00e4\u00e4r\u00e4 niin kotimaisia kuin ulkomaisia yhteisty\u00f6kumppaneita. Poliittiset kuplat -hanke on tehnyt kansainv\u00e4list\u00e4 yhteisty\u00f6t\u00e4 muun muassa olemalla mukana kirjahankkeessa, jossa kohteena ovat eri Pohjoismaiden puoluej\u00e4senet.<\/p>\n<p>Hankkeen ydint\u00e4 on tieteellinen kirjoittaminen kansainv\u00e4lisiin ja kansallisiin tiedelehtiin. Perinteisten tieteellisten julkaisujen lis\u00e4ksi olemme esitelleet tuloksia ja tulemme esittelem\u00e4\u00e4n tuloksia lukuisissa kansallisissa ja kansainv\u00e4lisiss\u00e4 konferensseissa sek\u00e4 puolueiden omissa tilaisuuksissa. Lis\u00e4ksi hankkeen tuloksia on raportoitu eri tasoisilla kursseilla yliopistossa kuten Kohti kuntavaaleja, Verkostot, Totuudenj\u00e4lkeinen aika ja Ilmastonmuutoksen totuudet. Olemme my\u00f6s popularisoineet tiedett\u00e4 j\u00e4rjest\u00e4m\u00e4ll\u00e4 esimerkiksi keskustelutilaisuuksia helsinkil\u00e4isiss\u00e4 ja turkulaisissa baareissa sek\u00e4 kirjoittamalla erilaisiin tiedett\u00e4 popularisoiviin julkaisuihin.<\/p>\n<p>T\u00e4ll\u00e4 kotisivulla tiedotetaan hankkeen etenemisest\u00e4 ja julkaisuista. Toivomme lukijoilta palautetta ja yhteisty\u00f6t\u00e4.<\/p>\n<p>Hankkeen yhteystiedot:<\/p>\n<p>Arttu Saarinen, aosaar@utu.fi, 050 5630600<\/p>\n<p>\u00a0<\/p>\n\n\n<p><\/p>\n","protected":false},"excerpt":{"rendered":"<p>Poliittiset kuplat -hanke on taloussosiologian oppiaineen tutkimushanke. Helmikuussa 2016 alkaneen hankkeen ensimm\u00e4isess\u00e4 vaiheessa tutkimme j\u00e4senten ja kannattajien rakenteita ja verkostoja. Rahoittajina olivat\u00a0 Kunnallisalan kehitt\u00e4miss\u00e4\u00e4ti\u00f6, Suomen kulttuurirahasto ja Turun yliopiston tutkijakoulu. Hankkeen toinen osa alkoi syyskuussa 2017 HS-s\u00e4\u00e4ti\u00f6n rahoittamana. Toisessa osassa on tutkittu tarkemmin eri puolueiden kannattajien ja j\u00e4senten mediak\u00e4ytt\u00e4ytymist\u00e4 sek\u00e4 medialuottamusta totuuden j\u00e4lkeisess\u00e4 ajassa. Hanke &hellip; <a href=\"https:\/\/blogit.utu.fi\/poliittisetkuplat\/mika-poliittiset-kuplat-hanke-on\/\" class=\"more-link\">Jatka artikkeliin <span class=\"screen-reader-text\">Mik\u00e4 poliittiset kuplat -hanke on?<\/span><\/a><\/p>\n","protected":false},"author":352,"featured_media":0,"parent":0,"menu_order":0,"comment_status":"closed","ping_status":"closed","template":"","meta":{"footnotes":""},"class_list":["post-9","page","type-page","status-publish","hentry"],"_links":{"self":[{"href":"https:\/\/blogit.utu.fi\/poliittisetkuplat\/wp-json\/wp\/v2\/pages\/9","targetHints":{"allow":["GET"]}}],"collection":[{"href":"https:\/\/blogit.utu.fi\/poliittisetkuplat\/wp-json\/wp\/v2\/pages"}],"about":[{"href":"https:\/\/blogit.utu.fi\/poliittisetkuplat\/wp-json\/wp\/v2\/types\/page"}],"author":[{"embeddable":true,"href":"https:\/\/blogit.utu.fi\/poliittisetkuplat\/wp-json\/wp\/v2\/users\/352"}],"replies":[{"embeddable":true,"href":"https:\/\/blogit.utu.fi\/poliittisetkuplat\/wp-json\/wp\/v2\/comments?post=9"}],"version-history":[{"count":20,"href":"https:\/\/blogit.utu.fi\/poliittisetkuplat\/wp-json\/wp\/v2\/pages\/9\/revisions"}],"predecessor-version":[{"id":1968,"href":"https:\/\/blogit.utu.fi\/poliittisetkuplat\/wp-json\/wp\/v2\/pages\/9\/revisions\/1968"}],"wp:attachment":[{"href":"https:\/\/blogit.utu.fi\/poliittisetkuplat\/wp-json\/wp\/v2\/media?parent=9"}],"curies":[{"name":"wp","href":"https:\/\/api.w.org\/{rel}","templated":true}]}}