{"id":967,"date":"2017-09-08T11:29:57","date_gmt":"2017-09-08T11:29:57","guid":{"rendered":"https:\/\/blogit.utu.fi\/poliittisetkuplat\/?page_id=967"},"modified":"2018-06-12T04:03:04","modified_gmt":"2018-06-12T04:03:04","slug":"puoluekokous-politiikan-teon-paikkana","status":"publish","type":"page","link":"https:\/\/blogit.utu.fi\/poliittisetkuplat\/puoluekokous-politiikan-teon-paikkana\/","title":{"rendered":"Puoluekokous politiikan teon paikkana"},"content":{"rendered":"<p>Poliittiset kuplat -tutkijaryhm\u00e4 osallistuu yhdess\u00e4 Rauli Mickelssonin Puoluekokous politiikan teon paikkana -tutkimukseen, jossa tutkitaan kuuden suurimman puolueen puoluekokouksia. Ensimm\u00e4isess\u00e4 vaiheessa toteutamme kyselytutkimuksen puoluekokousedustajille.<\/p>\n<p>Tutkimuksessa kysymme mm.<\/p>\n<ol>\n<li><strong>Mik\u00e4 on puoluekokouksen merkitys puolueessa?<\/strong>\n<ul>\n<li>Mik\u00e4 on sen institutionaalinen asema?<\/li>\n<li>Mink\u00e4lainen merkitys puoluekokouksella on puoluej\u00e4senille?<\/li>\n<\/ul>\n<\/li>\n<li><strong>Miten puoluetta rakennetaan puoluekokouksissa ja sen ulkopuolella puoluekokouksen aikana?<\/strong>\n<ul>\n<li>Millaisia asioita\u00a0puoluekokouksissa k\u00e4sitell\u00e4\u00e4n ja miten puoluetta rakennetaan\u00a0yksisuuntaisessa ja vuorovaikutteisessa mediassa puoluekokouksen aikana?<\/li>\n<li>Miten puolueen j\u00e4senet kokevat puoluekokouksen vaikuttavan puolueen kehitykseen ja asemaan yhteiskunnassa?<\/li>\n<\/ul>\n<\/li>\n<li><strong>Millaisia poliittisia toimijoita puoluekokouksessa esiintyy? <\/strong>\n<ul>\n<li>Millaisia k\u00e4sityksi\u00e4 demokratiasta puoluekokoukset ilment\u00e4v\u00e4t?<\/li>\n<li>Mitk\u00e4 ovat j\u00e4senten ja edustajien mahdollisuudet tuoda kokouksissa esille omia kantojaan ja agendoja?<\/li>\n<\/ul>\n<\/li>\n<li><strong>Millaisia puoluekokousosanottajat ovat?<\/strong>\n<ul>\n<li>Eroavatko puoluekokousedustajat puolueen j\u00e4senist\u00e4 ja kannattajista?<\/li>\n<li>Miten kokousedustajat ovat verkostoituneet ja mink\u00e4laisia arvoja heill\u00e4 on?<\/li>\n<\/ul>\n<\/li>\n<\/ol>\n<p>&nbsp;<\/p>\n<p>Tutkimusryhm\u00e4:<\/p>\n<p>Rauli Mickelsson, Ilkka Koiranen, Aki Koivula ja Arttu Saarinen<\/p>\n<p>&nbsp;<\/p>\n","protected":false},"excerpt":{"rendered":"<p>Poliittiset kuplat -tutkijaryhm\u00e4 osallistuu yhdess\u00e4 Rauli Mickelssonin Puoluekokous politiikan teon paikkana -tutkimukseen, jossa tutkitaan kuuden suurimman puolueen puoluekokouksia. Ensimm\u00e4isess\u00e4 vaiheessa toteutamme kyselytutkimuksen puoluekokousedustajille. Tutkimuksessa kysymme mm. Mik\u00e4 on puoluekokouksen merkitys puolueessa? Mik\u00e4 on sen institutionaalinen asema? Mink\u00e4lainen merkitys puoluekokouksella on puoluej\u00e4senille? Miten puoluetta rakennetaan puoluekokouksissa ja sen ulkopuolella puoluekokouksen aikana? Millaisia asioita\u00a0puoluekokouksissa k\u00e4sitell\u00e4\u00e4n ja miten &hellip; <a href=\"https:\/\/blogit.utu.fi\/poliittisetkuplat\/puoluekokous-politiikan-teon-paikkana\/\" class=\"more-link\">Jatka artikkeliin <span class=\"screen-reader-text\">Puoluekokous politiikan teon paikkana<\/span><\/a><\/p>\n","protected":false},"author":355,"featured_media":0,"parent":0,"menu_order":0,"comment_status":"closed","ping_status":"closed","template":"","meta":{"footnotes":""},"class_list":["post-967","page","type-page","status-publish","hentry"],"_links":{"self":[{"href":"https:\/\/blogit.utu.fi\/poliittisetkuplat\/wp-json\/wp\/v2\/pages\/967","targetHints":{"allow":["GET"]}}],"collection":[{"href":"https:\/\/blogit.utu.fi\/poliittisetkuplat\/wp-json\/wp\/v2\/pages"}],"about":[{"href":"https:\/\/blogit.utu.fi\/poliittisetkuplat\/wp-json\/wp\/v2\/types\/page"}],"author":[{"embeddable":true,"href":"https:\/\/blogit.utu.fi\/poliittisetkuplat\/wp-json\/wp\/v2\/users\/355"}],"replies":[{"embeddable":true,"href":"https:\/\/blogit.utu.fi\/poliittisetkuplat\/wp-json\/wp\/v2\/comments?post=967"}],"version-history":[{"count":4,"href":"https:\/\/blogit.utu.fi\/poliittisetkuplat\/wp-json\/wp\/v2\/pages\/967\/revisions"}],"predecessor-version":[{"id":1240,"href":"https:\/\/blogit.utu.fi\/poliittisetkuplat\/wp-json\/wp\/v2\/pages\/967\/revisions\/1240"}],"wp:attachment":[{"href":"https:\/\/blogit.utu.fi\/poliittisetkuplat\/wp-json\/wp\/v2\/media?parent=967"}],"curies":[{"name":"wp","href":"https:\/\/api.w.org\/{rel}","templated":true}]}}