{"id":2,"date":"2025-10-23T17:30:43","date_gmt":"2025-10-23T14:30:43","guid":{"rendered":"https:\/\/blogit.utu.fi\/polloakatemia\/?page_id=2"},"modified":"2026-01-28T10:12:48","modified_gmt":"2026-01-28T08:12:48","slug":"tietoa","status":"publish","type":"page","link":"https:\/\/blogit.utu.fi\/polloakatemia\/tietoa\/","title":{"rendered":"Mik\u00e4 on P\u00f6ll\u00f6-akatemia?"},"content":{"rendered":"\n<div style=\"height:41px\" aria-hidden=\"true\" class=\"wp-block-spacer\"><\/div>\n\n\n\n<p>P\u00f6ll\u00f6 symboloi viisautta, mutta toisaalta p\u00f6ll\u00f6ksi sanotaan my\u00f6s typer\u00e4\u00e4 ja ajattelematonta.<\/p>\n\n\n\n<p>P\u00f6ll\u00f6-akatemian p\u00f6ll\u00f6 muistuttaa kuitenkin:<\/p>\n\n\n\n<figure class=\"wp-block-image size-large\"><img loading=\"lazy\" decoding=\"async\" width=\"1024\" height=\"574\" src=\"https:\/\/blogit.utu.fi\/polloakatemia\/wp-content\/uploads\/sites\/726\/2025\/12\/pollokuvitus3-1024x574.jpg\" alt=\"\" class=\"wp-image-79\" srcset=\"https:\/\/blogit.utu.fi\/polloakatemia\/wp-content\/uploads\/sites\/726\/2025\/12\/pollokuvitus3-1024x574.jpg 1024w, https:\/\/blogit.utu.fi\/polloakatemia\/wp-content\/uploads\/sites\/726\/2025\/12\/pollokuvitus3-300x168.jpg 300w, https:\/\/blogit.utu.fi\/polloakatemia\/wp-content\/uploads\/sites\/726\/2025\/12\/pollokuvitus3-768x431.jpg 768w, https:\/\/blogit.utu.fi\/polloakatemia\/wp-content\/uploads\/sites\/726\/2025\/12\/pollokuvitus3-1536x862.jpg 1536w, https:\/\/blogit.utu.fi\/polloakatemia\/wp-content\/uploads\/sites\/726\/2025\/12\/pollokuvitus3-2048x1149.jpg 2048w\" sizes=\"auto, (max-width: 1024px) 100vw, 1024px\" \/><\/figure>\n\n\n\n<p><a href=\"https:\/\/www.helsinki.fi\/fi\/verkostot\/pollo-akatemia\" data-type=\"link\" data-id=\"https:\/\/www.helsinki.fi\/fi\/verkostot\/pollo-akatemia\">P\u00f6ll\u00f6-akatemia<\/a> perustettiin alunperin Helsingin yliopiston kasvatustieteelliseen tiedekuntaan. Nyt P\u00f6ll\u00f6akatemia on laajentunut my\u00f6s Turkuun. Samoin kuin Helsingiss\u00e4, Turun yliopiston kasvatustieteiden tiedekunnan ja Opettajankoulutuslaitoksen P\u00f6ll\u00f6-akatemia on lapsille ja nuorille tarkoitettu ihmettelyn, kysymisen ja uuden oppimisen koulu.<\/p>\n\n\n\n<p>P\u00f6ll\u00f6-akatemia korostaa humanistisia, taiteellisia, luonnontieteellisi\u00e4, filosofisia ja yhteiskunnallisia teemoja sek\u00e4 oppimisen dialogisuutta ja yhteis\u00f6llisyytt\u00e4. Keski\u00f6ss\u00e4 ovat el\u00e4m\u00e4n suuret kysymykset, ajattelu ja tutkiminen yhdess\u00e4 ja toisin ajattelun mahdollisuus kest\u00e4v\u00e4n tulevaisuuden rakentamisessa.<\/p>\n\n\n\n<p>P\u00f6ll\u00f6-akatemia Turku j\u00e4rjest\u00e4\u00e4 vuorovaikutteisia verkkotapahtumia lukuvuosittain, joihin se kutsuu kuulijoiksi ja kanssaihmettelij\u00f6iksi lapsiryhmi\u00e4 p\u00e4iv\u00e4kodeista ja kouluista. P\u00f6ll\u00f6-akatemiasta innostuneita yhdist\u00e4\u00e4 palo pedagogiikan ja opettajankoulutuksen kehitt\u00e4miseen sek\u00e4 kasvun, oppimisen ja tiet\u00e4misen pohtimiseen ikuisesti avoimina kysymyksin\u00e4. Yliopistoyhteis\u00f6n teht\u00e4v\u00e4n\u00e4 on jakaa tutkimusperustaista tietoa sek\u00e4 opettaa tulevia sukupolvia ymm\u00e4rt\u00e4m\u00e4\u00e4n tiedon luonnetta ja alkuper\u00e4\u00e4. P\u00f6ll\u00f6-akatemian toiminta liittyy kasvatustieteiden tiedekunnan teht\u00e4v\u00e4\u00e4n olla vuorovaikutuksessa ymp\u00e4r\u00f6ivien yhteis\u00f6jen ja yhteiskunnan kanssa.<\/p>\n\n\n\n<p><\/p>\n\n\n\n<blockquote class=\"wp-block-quote is-layout-flow wp-block-quote-is-layout-flow\">\n<p><strong>P\u00f6ll\u00f6-akatemian luennot ja seminaarit verkossa ovat avoimia ja maksuttomia. Niihin ovat tervetulleita kaikki el\u00e4m\u00e4n suuria kysymyksi\u00e4 ihmettelev\u00e4t lapset ja nuoret.<\/strong><\/p>\n<\/blockquote>\n\n\n\n<p><\/p>\n","protected":false},"excerpt":{"rendered":"<p>P\u00f6ll\u00f6 symboloi viisautta, mutta toisaalta p\u00f6ll\u00f6ksi sanotaan my\u00f6s typer\u00e4\u00e4 ja ajattelematonta. P\u00f6ll\u00f6-akatemian p\u00f6ll\u00f6 muistuttaa kuitenkin: P\u00f6ll\u00f6-akatemia perustettiin alunperin Helsingin yliopiston kasvatustieteelliseen tiedekuntaan. Nyt P\u00f6ll\u00f6akatemia on laajentunut my\u00f6s Turkuun. Samoin kuin Helsingiss\u00e4, Turun yliopiston kasvatustieteiden tiedekunnan ja Opettajankoulutuslaitoksen P\u00f6ll\u00f6-akatemia on lapsille ja nuorille tarkoitettu ihmettelyn, kysymisen ja uuden oppimisen koulu. P\u00f6ll\u00f6-akatemia korostaa humanistisia, taiteellisia, luonnontieteellisi\u00e4, filosofisia [&hellip;]<\/p>\n","protected":false},"author":43577,"featured_media":0,"parent":0,"menu_order":0,"comment_status":"closed","ping_status":"open","template":"","meta":{"footnotes":""},"class_list":["post-2","page","type-page","status-publish","hentry"],"_links":{"self":[{"href":"https:\/\/blogit.utu.fi\/polloakatemia\/wp-json\/wp\/v2\/pages\/2","targetHints":{"allow":["GET"]}}],"collection":[{"href":"https:\/\/blogit.utu.fi\/polloakatemia\/wp-json\/wp\/v2\/pages"}],"about":[{"href":"https:\/\/blogit.utu.fi\/polloakatemia\/wp-json\/wp\/v2\/types\/page"}],"author":[{"embeddable":true,"href":"https:\/\/blogit.utu.fi\/polloakatemia\/wp-json\/wp\/v2\/users\/43577"}],"replies":[{"embeddable":true,"href":"https:\/\/blogit.utu.fi\/polloakatemia\/wp-json\/wp\/v2\/comments?post=2"}],"version-history":[{"count":11,"href":"https:\/\/blogit.utu.fi\/polloakatemia\/wp-json\/wp\/v2\/pages\/2\/revisions"}],"predecessor-version":[{"id":128,"href":"https:\/\/blogit.utu.fi\/polloakatemia\/wp-json\/wp\/v2\/pages\/2\/revisions\/128"}],"wp:attachment":[{"href":"https:\/\/blogit.utu.fi\/polloakatemia\/wp-json\/wp\/v2\/media?parent=2"}],"curies":[{"name":"wp","href":"https:\/\/api.w.org\/{rel}","templated":true}]}}