{"id":28,"date":"2025-12-16T14:15:49","date_gmt":"2025-12-16T12:15:49","guid":{"rendered":"https:\/\/blogit.utu.fi\/polloakatemia\/?page_id=28"},"modified":"2026-01-28T10:11:01","modified_gmt":"2026-01-28T08:11:01","slug":"etusivu","status":"publish","type":"page","link":"https:\/\/blogit.utu.fi\/polloakatemia\/","title":{"rendered":"Tervetuloa!"},"content":{"rendered":"\n<p><\/p>\n\n\n\n<p class=\"has-text-align-left\">P\u00f6ll\u00f6-akatemia Turku on Turun yliopiston kasvatustieteiden tiedekunnan ja Opettajankoulutuslaitoksen lapsille ja nuorille tarkoitettu ihmettelyn, kysymisen ja uuden oppimisen koulu. P\u00f6ll\u00f6-akatemian toiminta Turussa k\u00e4ynnistyy vuonna 2026 ja sit\u00e4 toteutetaan yhdess\u00e4 Helsingin yliopiston kasvatustieteellisen tiedekunnan <a href=\"https:\/\/www.helsinki.fi\/fi\/verkostot\/pollo-akatemia\" data-type=\"link\" data-id=\"https:\/\/www.helsinki.fi\/fi\/verkostot\/pollo-akatemia\">P\u00f6ll\u00f6-akatemian<\/a> kanssa.<\/p>\n\n\n\n<figure class=\"wp-block-image aligncenter size-large\"><img loading=\"lazy\" decoding=\"async\" width=\"1024\" height=\"537\" src=\"https:\/\/blogit.utu.fi\/polloakatemia\/wp-content\/uploads\/sites\/726\/2026\/01\/Pollo_akatemia_kuvitus-1024x537.jpg\" alt=\"\" class=\"wp-image-114\" srcset=\"https:\/\/blogit.utu.fi\/polloakatemia\/wp-content\/uploads\/sites\/726\/2026\/01\/Pollo_akatemia_kuvitus-1024x537.jpg 1024w, https:\/\/blogit.utu.fi\/polloakatemia\/wp-content\/uploads\/sites\/726\/2026\/01\/Pollo_akatemia_kuvitus-300x157.jpg 300w, https:\/\/blogit.utu.fi\/polloakatemia\/wp-content\/uploads\/sites\/726\/2026\/01\/Pollo_akatemia_kuvitus-768x403.jpg 768w, https:\/\/blogit.utu.fi\/polloakatemia\/wp-content\/uploads\/sites\/726\/2026\/01\/Pollo_akatemia_kuvitus-1536x806.jpg 1536w, https:\/\/blogit.utu.fi\/polloakatemia\/wp-content\/uploads\/sites\/726\/2026\/01\/Pollo_akatemia_kuvitus-2048x1075.jpg 2048w\" sizes=\"auto, (max-width: 1024px) 100vw, 1024px\" \/><\/figure>\n\n\n\n<p>Kev\u00e4\u00e4n 2026 ohjelma rakentuu parhaillaan! <\/p>\n","protected":false},"excerpt":{"rendered":"<p>P\u00f6ll\u00f6-akatemia Turku on Turun yliopiston kasvatustieteiden tiedekunnan ja Opettajankoulutuslaitoksen lapsille ja nuorille tarkoitettu ihmettelyn, kysymisen ja uuden oppimisen koulu. P\u00f6ll\u00f6-akatemian toiminta Turussa k\u00e4ynnistyy vuonna 2026 ja sit\u00e4 toteutetaan yhdess\u00e4 Helsingin yliopiston kasvatustieteellisen tiedekunnan P\u00f6ll\u00f6-akatemian kanssa. Kev\u00e4\u00e4n 2026 ohjelma rakentuu parhaillaan!<\/p>\n","protected":false},"author":44400,"featured_media":0,"parent":0,"menu_order":0,"comment_status":"closed","ping_status":"closed","template":"","meta":{"footnotes":""},"class_list":["post-28","page","type-page","status-publish","hentry"],"_links":{"self":[{"href":"https:\/\/blogit.utu.fi\/polloakatemia\/wp-json\/wp\/v2\/pages\/28","targetHints":{"allow":["GET"]}}],"collection":[{"href":"https:\/\/blogit.utu.fi\/polloakatemia\/wp-json\/wp\/v2\/pages"}],"about":[{"href":"https:\/\/blogit.utu.fi\/polloakatemia\/wp-json\/wp\/v2\/types\/page"}],"author":[{"embeddable":true,"href":"https:\/\/blogit.utu.fi\/polloakatemia\/wp-json\/wp\/v2\/users\/44400"}],"replies":[{"embeddable":true,"href":"https:\/\/blogit.utu.fi\/polloakatemia\/wp-json\/wp\/v2\/comments?post=28"}],"version-history":[{"count":14,"href":"https:\/\/blogit.utu.fi\/polloakatemia\/wp-json\/wp\/v2\/pages\/28\/revisions"}],"predecessor-version":[{"id":125,"href":"https:\/\/blogit.utu.fi\/polloakatemia\/wp-json\/wp\/v2\/pages\/28\/revisions\/125"}],"wp:attachment":[{"href":"https:\/\/blogit.utu.fi\/polloakatemia\/wp-json\/wp\/v2\/media?parent=28"}],"curies":[{"name":"wp","href":"https:\/\/api.w.org\/{rel}","templated":true}]}}