{"id":45,"date":"2018-05-07T08:50:19","date_gmt":"2018-05-07T08:50:19","guid":{"rendered":"https:\/\/blogit.utu.fi\/propreau\/?page_id=45"},"modified":"2018-05-07T09:05:23","modified_gmt":"2018-05-07T09:05:23","slug":"publications-and-presentations","status":"publish","type":"page","link":"https:\/\/blogit.utu.fi\/propreau\/publications-and-presentations\/","title":{"rendered":"Publications and Presentations"},"content":{"rendered":"<h3>Forthcoming articles<\/h3>\n<p>Raija Vainio, Aleksi Vesanto, Reima V\u00e4lim\u00e4ki, Anni Hella, Filip Ginter, Marjo Kaartinen, Teemu Immonen, Sampo Pyysalo. &#8216;Reconsidering the authorship of Ciceronian corpus through computational authorship attribution&#8217; [under revision].<\/p>\n<p>Reima V\u00e4lim\u00e4ki, Aleksi Vesanto, Anni Hella, Teemu Immonen, Raija Vainio, Marjo Kaartinen, Filip Ginter, Sampo Pyysalo, &#8216;The Augustinian Imitation Game \u2013 Computational analysis of the pseudo-Augustinian <em>Sermones ad fratres in eremo<\/em> and the Augustinian corpus&#8217; [will be submitted in May 2018].<\/p>\n<p>R. V\u00e4lim\u00e4ki, &#8216;Transfers of anti-Waldensian material from a polemical treatise to a didactic text&#8217;. <em>Medieval Worlds. <\/em>[under review]<\/p>\n<p>&nbsp;<\/p>\n<h3>Conference presentations<\/h3>\n<p class=\"paper_title\">Marjo Kaartinen, Aleksi Vesanto, Anni Hella, &#8216;Revisiting the authorship of Henry VIII\u2019s Assertio septem sacramentorum through computational authorship attribution&#8217;. DHN 2018, Helsinki, 9 March 2018. <a href=\"https:\/\/blogit.utu.fi\/propreau\/research-team\/\" target=\"_blank\" rel=\"noopener\">Abstract<\/a><\/p>\n<p>R. V\u00e4lim\u00e4ki, &#8216;<i>Refutatio<\/i> <i>errorum<\/i><i> \u2013 <\/i>another anti-Waldensian text attributed to the inquisitor Petrus Zwicker&#8217;. The Waldensians in the Medieval and Early Modern European Context, 9-10 February 2018&#8242;, Trinity College Dublin.<\/p>\n<p>R. V\u00e4lim\u00e4ki, &#8216;Tietokoneavusteinen tekija\u0308ntunnistus ja keskiajantutkimus: tuloksia ja haasteita&#8217;. Dies Mediaevales, Tampere, 17 November 2017. <a href=\"https:\/\/blogit.utu.fi\/propreau\/wp-content\/uploads\/sites\/62\/2018\/05\/DiesMedievales17_propreau.pdf\">PDF<\/a><\/p>\n<p>R. Vainio, &#8216;Computational authorship attribution: A new text attributed to Cicero.&#8217; Historiantutkimuksen p\u00e4iv\u00e4t, Turku, 19 October 2017.<\/p>\n<p>R. V\u00e4lim\u00e4ki, &#8216;Pseudo-Augustine and recognition of imitation using computational authorship attribution.&#8217; Historiantutkimuksen p\u00e4iv\u00e4t, Turku, 19 October 2017. <a href=\"https:\/\/blogit.utu.fi\/propreau\/wp-content\/uploads\/sites\/62\/2018\/05\/HituP\u00e4iv\u00e4t2017_RV.pdf\" target=\"_blank\" rel=\"noopener\">PDF<\/a><\/p>\n<p>M. Kaartinen, R. Vainio, R. V\u00e4lim\u00e4ki, A. Vesanto, F. Ginter. Project presentation, Digital Humanities Academy Programme Annual Seminar 2017, Helsinki, 4 May 2017.<\/p>\n<p>R. V\u00e4lim\u00e4ki, &#8216;Kuolleiden runoilijoiden ja miljoonien sanojen seurassa \u2013 ensimm\u00e4isi\u00e4 kokemuksia tietokoneavusteisesta tekij\u00e4ntunnistuksesta latinankielisess\u00e4 kirjallisuudessa&#8217;. Digin: Connect-seminaari, Turku, 25 November 2016.<\/p>\n<p>R. V\u00e4lim\u00e4ki, &#8216;Challenges and possibilites of the computational authorship attribution for the study of medieval texts&#8217;. Tampere, 1 September 2016.<\/p>\n<p>M. Kaartinen, R. V\u00e4lim\u00e4ki. Project presentation, Digital Humanities Academy Programme<br \/>\nOpening Seminar, Turku, 22 March 2016.<\/p>\n<p>&nbsp;<\/p>\n","protected":false},"excerpt":{"rendered":"<p>Forthcoming articles Raija Vainio, Aleksi Vesanto, Reima V\u00e4lim\u00e4ki, Anni Hella, Filip Ginter, Marjo Kaartinen, Teemu Immonen, Sampo Pyysalo. &#8216;Reconsidering the authorship of Ciceronian corpus through computational authorship attribution&#8217; [under revision]. Reima V\u00e4lim\u00e4ki, Aleksi Vesanto, Anni Hella, Teemu Immonen, Raija Vainio, Marjo Kaartinen, Filip Ginter, Sampo Pyysalo, &#8216;The Augustinian Imitation Game \u2013 Computational analysis of the [&hellip;]<\/p>\n","protected":false},"author":183,"featured_media":0,"parent":0,"menu_order":0,"comment_status":"closed","ping_status":"closed","template":"","meta":{"footnotes":""},"class_list":["post-45","page","type-page","status-publish","hentry"],"_links":{"self":[{"href":"https:\/\/blogit.utu.fi\/propreau\/wp-json\/wp\/v2\/pages\/45","targetHints":{"allow":["GET"]}}],"collection":[{"href":"https:\/\/blogit.utu.fi\/propreau\/wp-json\/wp\/v2\/pages"}],"about":[{"href":"https:\/\/blogit.utu.fi\/propreau\/wp-json\/wp\/v2\/types\/page"}],"author":[{"embeddable":true,"href":"https:\/\/blogit.utu.fi\/propreau\/wp-json\/wp\/v2\/users\/183"}],"replies":[{"embeddable":true,"href":"https:\/\/blogit.utu.fi\/propreau\/wp-json\/wp\/v2\/comments?post=45"}],"version-history":[{"count":6,"href":"https:\/\/blogit.utu.fi\/propreau\/wp-json\/wp\/v2\/pages\/45\/revisions"}],"predecessor-version":[{"id":65,"href":"https:\/\/blogit.utu.fi\/propreau\/wp-json\/wp\/v2\/pages\/45\/revisions\/65"}],"wp:attachment":[{"href":"https:\/\/blogit.utu.fi\/propreau\/wp-json\/wp\/v2\/media?parent=45"}],"curies":[{"name":"wp","href":"https:\/\/api.w.org\/{rel}","templated":true}]}}