{"id":66,"date":"2018-05-07T09:03:24","date_gmt":"2018-05-07T09:03:24","guid":{"rendered":"https:\/\/blogit.utu.fi\/propreau\/?page_id=66"},"modified":"2018-05-07T09:03:24","modified_gmt":"2018-05-07T09:03:24","slug":"teaching","status":"publish","type":"page","link":"https:\/\/blogit.utu.fi\/propreau\/teaching\/","title":{"rendered":"Teaching"},"content":{"rendered":"<h3>Courses<\/h3>\n<p>R- V\u00e4lim\u00e4ki, &#8216;Johdatus esimodernin digitaaliseen tutkimukseen&#8217;, 5\/10 ECTS. Online course, introduction to the study of premodern history and culture in digital era. University of Turku, Autum semester 2017.<\/p>\n<h3>Individual Lectures<\/h3>\n<p>R. V\u00e4lim\u00e4ki, &#8216;Tietokoneavusteinen tekij\u00e4ntunnistus ja keskiajan tekijyys&#8217;. Johdatus digitaalisiin ihmistieteisiin. Turun yliopisto. 13.2.2018<\/p>\n<p>R. V\u00e4lim\u00e4ki, &#8216;Tietokoneavusteinen tekij\u00e4ntunnistus esimoderneista teksteist\u00e4&#8217;. Johdatus digitaalisiin ihmistieteisiin. Turun yliopisto, 24.1.2017<\/p>\n<p>&nbsp;<\/p>\n<p>&nbsp;<\/p>\n","protected":false},"excerpt":{"rendered":"<p>Courses R- V\u00e4lim\u00e4ki, &#8216;Johdatus esimodernin digitaaliseen tutkimukseen&#8217;, 5\/10 ECTS. Online course, introduction to the study of premodern history and culture in digital era. University of Turku, Autum semester 2017. Individual Lectures R. V\u00e4lim\u00e4ki, &#8216;Tietokoneavusteinen tekij\u00e4ntunnistus ja keskiajan tekijyys&#8217;. Johdatus digitaalisiin ihmistieteisiin. Turun yliopisto. 13.2.2018 R. V\u00e4lim\u00e4ki, &#8216;Tietokoneavusteinen tekij\u00e4ntunnistus esimoderneista teksteist\u00e4&#8217;. Johdatus digitaalisiin ihmistieteisiin. Turun yliopisto, [&hellip;]<\/p>\n","protected":false},"author":183,"featured_media":0,"parent":0,"menu_order":0,"comment_status":"closed","ping_status":"closed","template":"","meta":{"footnotes":""},"class_list":["post-66","page","type-page","status-publish","hentry"],"_links":{"self":[{"href":"https:\/\/blogit.utu.fi\/propreau\/wp-json\/wp\/v2\/pages\/66","targetHints":{"allow":["GET"]}}],"collection":[{"href":"https:\/\/blogit.utu.fi\/propreau\/wp-json\/wp\/v2\/pages"}],"about":[{"href":"https:\/\/blogit.utu.fi\/propreau\/wp-json\/wp\/v2\/types\/page"}],"author":[{"embeddable":true,"href":"https:\/\/blogit.utu.fi\/propreau\/wp-json\/wp\/v2\/users\/183"}],"replies":[{"embeddable":true,"href":"https:\/\/blogit.utu.fi\/propreau\/wp-json\/wp\/v2\/comments?post=66"}],"version-history":[{"count":2,"href":"https:\/\/blogit.utu.fi\/propreau\/wp-json\/wp\/v2\/pages\/66\/revisions"}],"predecessor-version":[{"id":68,"href":"https:\/\/blogit.utu.fi\/propreau\/wp-json\/wp\/v2\/pages\/66\/revisions\/68"}],"wp:attachment":[{"href":"https:\/\/blogit.utu.fi\/propreau\/wp-json\/wp\/v2\/media?parent=66"}],"curies":[{"name":"wp","href":"https:\/\/api.w.org\/{rel}","templated":true}]}}