{"id":125,"date":"2025-10-07T13:51:57","date_gmt":"2025-10-07T10:51:57","guid":{"rendered":"https:\/\/blogit.utu.fi\/rasopatiatsuomessa\/?page_id=125"},"modified":"2025-10-15T10:25:14","modified_gmt":"2025-10-15T07:25:14","slug":"meista","status":"publish","type":"page","link":"https:\/\/blogit.utu.fi\/rasopatiatsuomessa\/meista\/","title":{"rendered":"Meist\u00e4"},"content":{"rendered":"\n<div class=\"wp-block-group is-nowrap is-layout-flex wp-container-core-group-is-layout-6c531013 wp-block-group-is-layout-flex\">\n<div class=\"wp-block-group has-global-padding is-layout-constrained wp-block-group-is-layout-constrained\">\n<div style=\"height:29px\" aria-hidden=\"true\" class=\"wp-block-spacer\"><\/div>\n\n\n\n<figure class=\"wp-block-image aligncenter size-large wp-duotone-unset-1\"><img loading=\"lazy\" decoding=\"async\" width=\"1024\" height=\"1016\" src=\"https:\/\/blogit.utu.fi\/rasopatiatsuomessa\/wp-content\/uploads\/sites\/725\/2025\/10\/IMG_6364-1024x1016.jpeg\" alt=\"\" class=\"wp-image-145\" srcset=\"https:\/\/blogit.utu.fi\/rasopatiatsuomessa\/wp-content\/uploads\/sites\/725\/2025\/10\/IMG_6364-1024x1016.jpeg 1024w, https:\/\/blogit.utu.fi\/rasopatiatsuomessa\/wp-content\/uploads\/sites\/725\/2025\/10\/IMG_6364-300x298.jpeg 300w, https:\/\/blogit.utu.fi\/rasopatiatsuomessa\/wp-content\/uploads\/sites\/725\/2025\/10\/IMG_6364-150x150.jpeg 150w, https:\/\/blogit.utu.fi\/rasopatiatsuomessa\/wp-content\/uploads\/sites\/725\/2025\/10\/IMG_6364-768x762.jpeg 768w, https:\/\/blogit.utu.fi\/rasopatiatsuomessa\/wp-content\/uploads\/sites\/725\/2025\/10\/IMG_6364-1536x1524.jpeg 1536w, https:\/\/blogit.utu.fi\/rasopatiatsuomessa\/wp-content\/uploads\/sites\/725\/2025\/10\/IMG_6364-2048x2032.jpeg 2048w\" sizes=\"auto, (max-width: 1024px) 100vw, 1024px\" \/><\/figure>\n<\/div>\n<\/div>\n\n\n\n<div style=\"height:17px\" aria-hidden=\"true\" class=\"wp-block-spacer\"><\/div>\n\n\n\n<p>Rasopatiat Suomessa -tutkimushanketta johtaa perinn\u00f6llisyysl\u00e4\u00e4ketieteen erikoisl\u00e4\u00e4k\u00e4ri Kristiina Avela. Tutkimuksen toteutuksesta vastaa v\u00e4it\u00f6skirjatutkija ja l\u00e4\u00e4ketieteen opiskelija Reea Siikala. <\/p>\n\n\n\n<p>Tutkimus tehd\u00e4\u00e4n yhteisty\u00f6ss\u00e4 Harvinaiskeskus Norion ja Turun yliopiston l\u00e4\u00e4ketieteellisen tiedekunnan kanssa. Tutkimusta tukee P\u00e4ivikki ja Sakari Sohlbergin s\u00e4\u00e4ti\u00f6.<\/p>\n\n\n\n<h3 class=\"wp-block-heading\">Yhteystiedot<\/h3>\n\n\n<p><strong>Kristiina Avela<\/strong><\/p>\n<p>Perinn\u00f6llisyysl\u00e4\u00e4ketieteen erikoisl\u00e4\u00e4k\u00e4ri<\/p>\n<p>Turun yliopisto<\/p>\n<p>kristiina.avela@utu.fi<\/p>\n<p><strong>Reea Siikala<\/strong><\/p>\n<p>V\u00e4it\u00f6skirjatutkija, l\u00e4\u00e4ketieteen opiskelija<\/p>\n<p>Turun yliopisto<\/p>\n<p>reea.e.siikala@utu.fi<\/p>","protected":false},"excerpt":{"rendered":"<p>Rasopatiat Suomessa -tutkimushanketta johtaa perinn\u00f6llisyysl\u00e4\u00e4ketieteen erikoisl\u00e4\u00e4k\u00e4ri Kristiina Avela. Tutkimuksen toteutuksesta vastaa v\u00e4it\u00f6skirjatutkija ja l\u00e4\u00e4ketieteen opiskelija Reea Siikala. Tutkimus tehd\u00e4\u00e4n yhteisty\u00f6ss\u00e4 Harvinaiskeskus Norion ja Turun yliopiston l\u00e4\u00e4ketieteellisen tiedekunnan kanssa. Tutkimusta tukee P\u00e4ivikki ja Sakari Sohlbergin s\u00e4\u00e4ti\u00f6. Yhteystiedot Kristiina Avela Perinn\u00f6llisyysl\u00e4\u00e4ketieteen erikoisl\u00e4\u00e4k\u00e4ri Turun yliopisto kristiina.avela@utu.fi Reea Siikala V\u00e4it\u00f6skirjatutkija, l\u00e4\u00e4ketieteen opiskelija Turun yliopisto reea.e.siikala@utu.fi<\/p>\n","protected":false},"author":44381,"featured_media":0,"parent":0,"menu_order":0,"comment_status":"closed","ping_status":"closed","template":"","meta":{"footnotes":""},"class_list":["post-125","page","type-page","status-publish","hentry"],"_links":{"self":[{"href":"https:\/\/blogit.utu.fi\/rasopatiatsuomessa\/wp-json\/wp\/v2\/pages\/125","targetHints":{"allow":["GET"]}}],"collection":[{"href":"https:\/\/blogit.utu.fi\/rasopatiatsuomessa\/wp-json\/wp\/v2\/pages"}],"about":[{"href":"https:\/\/blogit.utu.fi\/rasopatiatsuomessa\/wp-json\/wp\/v2\/types\/page"}],"author":[{"embeddable":true,"href":"https:\/\/blogit.utu.fi\/rasopatiatsuomessa\/wp-json\/wp\/v2\/users\/44381"}],"replies":[{"embeddable":true,"href":"https:\/\/blogit.utu.fi\/rasopatiatsuomessa\/wp-json\/wp\/v2\/comments?post=125"}],"version-history":[{"count":5,"href":"https:\/\/blogit.utu.fi\/rasopatiatsuomessa\/wp-json\/wp\/v2\/pages\/125\/revisions"}],"predecessor-version":[{"id":157,"href":"https:\/\/blogit.utu.fi\/rasopatiatsuomessa\/wp-json\/wp\/v2\/pages\/125\/revisions\/157"}],"wp:attachment":[{"href":"https:\/\/blogit.utu.fi\/rasopatiatsuomessa\/wp-json\/wp\/v2\/media?parent=125"}],"curies":[{"name":"wp","href":"https:\/\/api.w.org\/{rel}","templated":true}]}}