{"id":137,"date":"2018-10-23T07:15:04","date_gmt":"2018-10-23T07:15:04","guid":{"rendered":"https:\/\/blogit.utu.fi\/rattshistorikermotet2019\/?page_id=137"},"modified":"2018-10-23T07:15:04","modified_gmt":"2018-10-23T07:15:04","slug":"boende-i-abo","status":"publish","type":"page","link":"https:\/\/blogit.utu.fi\/rattshistorikermotet2019\/boende-i-abo\/","title":{"rendered":"Boende i \u00c5bo"},"content":{"rendered":"<p><span id=\"result_box\" lang=\"sv\">Vi har bokat fr\u00e5n hotellet Scandic Julia f\u00f6r boende under m\u00f6tet.<\/span><\/p>\n<p><a href=\"https:\/\/www.scandichotels.se\/hotell\/finland\/abo\/scandic-julia?_ga=2.43300517.1450105584.1539841060-1342206720.1539841060\" target=\"_blank\" rel=\"noopener\"><strong>Scandic Julia<\/strong><\/a><strong>\u00a0<\/strong><br \/>\nEerikinkatu 4, 20100 Turku<br \/>\ntel. +358 2 336 000, email <a target=\"_blank\">julia@scandichotels.com<\/a><br \/>\n<span id=\"result_box\" lang=\"sv\">Boendekvoten g\u00e4ller<\/span> <strong>until 1.4.2019<\/strong>, <span id=\"result_box\" lang=\"sv\">bokningskod<\/span> &#8221;R\u00e4ttshistorikerm\u00f6tet&#8221;<br \/>\nett\u00a0persons rum\u00a095 \u20ac\/dag<br \/>\ntv\u00e5 personer rum\u00a0100 \u20ac\/dag<\/p>\n","protected":false},"excerpt":{"rendered":"<p>Vi har bokat fr\u00e5n hotellet Scandic Julia f\u00f6r boende under m\u00f6tet. Scandic Julia\u00a0 Eerikinkatu 4, 20100 Turku tel. +358 2 336 000, email julia@scandichotels.com Boendekvoten g\u00e4ller until 1.4.2019, bokningskod &#8221;R\u00e4ttshistorikerm\u00f6tet&#8221; ett\u00a0persons rum\u00a095 \u20ac\/dag tv\u00e5 personer rum\u00a0100 \u20ac\/dag<\/p>\n","protected":false},"author":3701,"featured_media":0,"parent":0,"menu_order":0,"comment_status":"closed","ping_status":"closed","template":"","meta":{"footnotes":""},"class_list":["post-137","page","type-page","status-publish","hentry"],"_links":{"self":[{"href":"https:\/\/blogit.utu.fi\/rattshistorikermotet2019\/wp-json\/wp\/v2\/pages\/137","targetHints":{"allow":["GET"]}}],"collection":[{"href":"https:\/\/blogit.utu.fi\/rattshistorikermotet2019\/wp-json\/wp\/v2\/pages"}],"about":[{"href":"https:\/\/blogit.utu.fi\/rattshistorikermotet2019\/wp-json\/wp\/v2\/types\/page"}],"author":[{"embeddable":true,"href":"https:\/\/blogit.utu.fi\/rattshistorikermotet2019\/wp-json\/wp\/v2\/users\/3701"}],"replies":[{"embeddable":true,"href":"https:\/\/blogit.utu.fi\/rattshistorikermotet2019\/wp-json\/wp\/v2\/comments?post=137"}],"version-history":[{"count":2,"href":"https:\/\/blogit.utu.fi\/rattshistorikermotet2019\/wp-json\/wp\/v2\/pages\/137\/revisions"}],"predecessor-version":[{"id":167,"href":"https:\/\/blogit.utu.fi\/rattshistorikermotet2019\/wp-json\/wp\/v2\/pages\/137\/revisions\/167"}],"wp:attachment":[{"href":"https:\/\/blogit.utu.fi\/rattshistorikermotet2019\/wp-json\/wp\/v2\/media?parent=137"}],"curies":[{"name":"wp","href":"https:\/\/api.w.org\/{rel}","templated":true}]}}