{"id":16,"date":"2018-09-13T07:36:08","date_gmt":"2018-09-13T07:36:08","guid":{"rendered":"https:\/\/blogit.utu.fi\/rattshistorikermotet2019\/?page_id=16"},"modified":"2018-09-13T09:05:15","modified_gmt":"2018-09-13T09:05:15","slug":"inbjudan","status":"publish","type":"page","link":"https:\/\/blogit.utu.fi\/rattshistorikermotet2019\/","title":{"rendered":"Inbjudan"},"content":{"rendered":"<p><span style=\"color: black;font-family: 'Arial',sans-serif\"><span style=\"font-size: medium\">Efter Uppsala, Oslo och K\u00f6penhamn \u00e4r det v\u00e5r tur <\/span><\/span><span style=\"color: black;font-family: 'Arial',sans-serif\"><span style=\"font-size: medium\">h\u00e4r i Finland att \u00f6nska v\u00e5ra nordiska kolleger <\/span><\/span><span style=\"color: black;font-family: 'Arial',sans-serif\"><span style=\"font-size: medium\">v\u00e4lkomna till det fj\u00e4rde nordiska r\u00e4ttshistorikerm\u00f6tet.<\/span><\/span><\/p>\n<p><span style=\"color: black;font-family: 'Arial',sans-serif\"><span style=\"font-size: medium\">\u00a0<\/span><\/span><span style=\"color: black;font-family: 'Arial',sans-serif\"><span style=\"font-size: medium\">Det ordnas i \u00c5bo (\u00c5bo universitet) genast efter p\u00e5sken <\/span><\/span><span style=\"color: black;font-family: 'Arial',sans-serif\"><span style=\"font-size: medium\">23-25.4.2019.<\/span><\/span><\/p>\n<p><span style=\"color: black;font-family: 'Arial',sans-serif\"><span style=\"font-size: medium\">Varmt v\u00e4lkomna!<\/span><\/span><\/p>\n","protected":false},"excerpt":{"rendered":"<p>Efter Uppsala, Oslo och K\u00f6penhamn \u00e4r det v\u00e5r tur h\u00e4r i Finland att \u00f6nska v\u00e5ra nordiska kolleger v\u00e4lkomna till det fj\u00e4rde nordiska r\u00e4ttshistorikerm\u00f6tet. \u00a0Det ordnas i \u00c5bo (\u00c5bo universitet) genast efter p\u00e5sken 23-25.4.2019. Varmt v\u00e4lkomna!<\/p>\n","protected":false},"author":3701,"featured_media":0,"parent":0,"menu_order":0,"comment_status":"closed","ping_status":"closed","template":"","meta":{"footnotes":""},"class_list":["post-16","page","type-page","status-publish","hentry"],"_links":{"self":[{"href":"https:\/\/blogit.utu.fi\/rattshistorikermotet2019\/wp-json\/wp\/v2\/pages\/16","targetHints":{"allow":["GET"]}}],"collection":[{"href":"https:\/\/blogit.utu.fi\/rattshistorikermotet2019\/wp-json\/wp\/v2\/pages"}],"about":[{"href":"https:\/\/blogit.utu.fi\/rattshistorikermotet2019\/wp-json\/wp\/v2\/types\/page"}],"author":[{"embeddable":true,"href":"https:\/\/blogit.utu.fi\/rattshistorikermotet2019\/wp-json\/wp\/v2\/users\/3701"}],"replies":[{"embeddable":true,"href":"https:\/\/blogit.utu.fi\/rattshistorikermotet2019\/wp-json\/wp\/v2\/comments?post=16"}],"version-history":[{"count":3,"href":"https:\/\/blogit.utu.fi\/rattshistorikermotet2019\/wp-json\/wp\/v2\/pages\/16\/revisions"}],"predecessor-version":[{"id":30,"href":"https:\/\/blogit.utu.fi\/rattshistorikermotet2019\/wp-json\/wp\/v2\/pages\/16\/revisions\/30"}],"wp:attachment":[{"href":"https:\/\/blogit.utu.fi\/rattshistorikermotet2019\/wp-json\/wp\/v2\/media?parent=16"}],"curies":[{"name":"wp","href":"https:\/\/api.w.org\/{rel}","templated":true}]}}