{"id":22,"date":"2018-09-13T07:35:20","date_gmt":"2018-09-13T07:35:20","guid":{"rendered":"https:\/\/blogit.utu.fi\/rattshistorikermotet2019\/?page_id=22"},"modified":"2019-04-12T07:44:39","modified_gmt":"2019-04-12T07:44:39","slug":"program","status":"publish","type":"page","link":"https:\/\/blogit.utu.fi\/rattshistorikermotet2019\/program\/","title":{"rendered":"Program"},"content":{"rendered":"<h1>Prelimin\u00e4rt program<\/h1>\n<h2>Tisdagen 23.4.2019<\/h2>\n<p>15.30-15.45<br \/>\nRegistrering, Juridiska fakuteten, Calonia, Caloniagr\u00e4nden 3<br \/>\n(alla sessioner och keynote-presentationer i salen Cal2, 2. v\u00e5ningen)<\/p>\n<p>15.45-17.30<br \/>\nFakultetens v\u00e4lkomstord: vicedekan, professor <strong>Janne Salminen<\/strong><\/p>\n<p><strong>Session 1<\/strong>: Jurister genom historien \u2013 ikonografi, utbildning och etik \u00a0\u00a0\u00a0\u00a0\u00a0\u00a0\u00a0\u00a0\u00a0\u00a0\u00a0\u00a0\u00a0\u00a0\u00a0\u00a0\u00a0\u00a0\u00a0\u00a0\u00a0 (ordf\u00f6rande: <strong>Mia Korpiola<\/strong>)<\/p>\n<p><strong>Carl Gustaf Spangenberg<\/strong> (Uppsala universitet): \u201dLagens l\u00e5nga arm \u2013 fr\u00e5n r\u00e5dkammaren till sakristian: N\u00e5got om lagens transportkedja, dess akt\u00f6rer, aktiviteter och yttre form\u201d<\/p>\n<p><strong>Martin Sunnqvist<\/strong> (Lunds universitet): \u201dDomarens oavh\u00e4ngighet och opartiskhet\u201d<\/p>\n<p><strong>Pia Letto-Vanamo<\/strong> (Helsingfors universitet): \u201dJuristutbildningens ideal\u201d<\/p>\n<p>17.45-18.45<br \/>\n<strong>Excursion 1<\/strong>: rundvandring i \u00c5bo hovr\u00e4tt (Tavastgatan 11)<\/p>\n<p>19.00<br \/>\nMiddag: restaurang Panini, Slottsgatan 3<\/p>\n<h2>Onsdagen 24.4.2019<\/h2>\n<p>8.45-9.45<br \/>\n<strong>Session 2<\/strong>: Reception och medeltidsr\u00e4tt (ordf\u00f6rande: <strong>Helle Vogt<\/strong>)<\/p>\n<p><strong>Heikki Pihlajam\u00e4ki<\/strong> (Helsingfors universitet): \u201dAtt st\u00e4mma inf\u00f6r r\u00e4tta: de kanoniska <em>ordines judiciarii <\/em>och svensk medeltidslagstiftning\u201d<\/p>\n<p><strong>Ditlev Tamm<\/strong> (K\u00f8benhavns universitet): \u201dOm at skrive s\u00f8ret \u2013 de middelalderlige Amalfitavler og romerretten\u201d<\/p>\n<p>9.45-10.00<br \/>\nKaffepaus<\/p>\n<p>10.00-11.00<br \/>\n<strong>Session 3<\/strong>: R\u00e4ttsfall och domstolspraxis p\u00e5 1800-talet (ordf\u00f6rande: <strong>Lars Bj\u00f6rne<\/strong>)<\/p>\n<p><strong>Per Norseng<\/strong> (Stiftelsen Norsk Folkemuseum\/Norsk Maritimt Museum): \u201dFritt fiske i saltvann? Om 1800-tallets domstoler og jurister i m\u00f8te med uklar lovgivning og nedarvede grunneierrettigheter fra middelalderen i omr\u00e5det rundt Oslofjorden?\u201d<\/p>\n<p><strong>Harald Espeli<\/strong> (Handelsh\u00f8yskolen BI): \u201dUnderslaget i den norske Rigsbanken i 1817. (den norske) Embetsmannsstatens st\u00f8rste skandale\u201d<\/p>\n<p>11.00-11.10<br \/>\nPaus<\/p>\n<p>11.10-12.25<br \/>\n<strong>KEYNOTE 1<\/strong>: <strong>Anthony Musson<\/strong> (Historic Royal Palaces): \u201dLaymen as Judges in the English Legal Tradition: A Bold Move or Recipe for Disaster?\u201d (ordf\u00f6rande: <strong>Kjell \u00c5ke Mod\u00e9er<\/strong>)<\/p>\n<p>12.25-14.00<br \/>\nLunch, Restaurang Hus Lindman, Biskopsgatan 15<\/p>\n<p>14.00-15.00<br \/>\n<strong>Session 4<\/strong>: Lekm\u00e4n och processr\u00e4tt p\u00e5 1800-talet (ordf\u00f6rande: <strong>Heikki Pihlajam\u00e4ki<\/strong>)<\/p>\n<p><strong>Marie Sandstr\u00f6m<\/strong> (Stockholms universitet): \u201dLekmannadomare i politiskt bl\u00e5sv\u00e4der. Den svenska n\u00e4mnden och kampen om den akademiska juriskdiktionen\u201d<\/p>\n<p><strong>Adam Croon<\/strong> (\u00d6rebro universitet): \u201dFastst\u00e4llelsetalan, provokatorisk r\u00e4tteg\u00e5ng och r\u00e4ttens positivering \u2013 ett projektutkast\u201d<\/p>\n<p>15.00-15.15<br \/>\nKaffepaus<\/p>\n<p>15.15-16.45<br \/>\n<strong>Session 5<\/strong>: R\u00e4ttsreformer i Norden p\u00e5 1800\u20131900-talen (ordf\u00f6rande: <strong>Claes Peterson<\/strong>)<\/p>\n<p><strong>B\u00e5rd Sverre Tuseth<\/strong> (Universitetet i Oslo): \u201d\u00abSmaaetyrannerne Yndlingsforordning\u00bb \u2013 det rettslige grunnlaget for trykkefrihetsaksjoner i Norge fra 1814 til 1830\u201d<\/p>\n<p><strong>Mats Kumlien<\/strong> (Uppsala universitet): \u201dVarf\u00f6r ska man lyda chefen?\u201d<\/p>\n<p><strong>Marianne Dahl\u00e9n<\/strong> (Uppsala universitet): \u201d\u2019Varje tidsenligt framsteg i avseende p\u00e5 kvinnans sta\u0308llning har fo\u0308r o\u0308vrigt alltid v\u00e4ckt samma motsta\u030and.\u2019 Ett akt\u00f6rsperspektiv p\u00e5 1920 \u00e5rs gifterm\u00e5lsbalk\u201d<\/p>\n<p>18.00-19.00<br \/>\n<strong>Excursion 2<\/strong>: Guidad tur p\u00e5 museet Aboa vetus &amp; Ars nova, \u00d6stra Strandgatan 4\u20136<\/p>\n<p>19.00<br \/>\nKonferensmiddag: restaurang Pinella, Gamla Stortorget 2<\/p>\n<h2>Torsdagen 25.4.2019<\/h2>\n<p>9.00-10.00<br \/>\n<strong>Session 6<\/strong>: Kvinnor och juridiskt arbete (ordf\u00f6rande: <strong>Marie Sandstr\u00f6m<\/strong>)<\/p>\n<p><strong>Marianne Vasara-Aaltonen<\/strong> (Helsingfors universitet): \u201dFramv\u00e4xten av offentlig r\u00e4ttshj\u00e4lp i Finland i slutet av 1800-talet\u201d<\/p>\n<p><strong>Mia Korpiola<\/strong> (\u00c5bo universitet): \u201dR\u00e4ttsligt kunnande hos advokatbyr\u00e5ers kontorister: advokat \u00c5ke Roschier-Holmberg och kontorist Inga Sundgrens brevv\u00e4xling 1939-1942\u201d<\/p>\n<p>10.00-10.15<br \/>\nKaffepaus<\/p>\n<p>10.15-11.30<br \/>\n<strong>KEYNOTE 2<\/strong> (ordf\u00f6rande: <strong>Dag Michalsen<\/strong>): <strong>Harriet Silius<\/strong> (\u00c5bo Akademi): \u201dKvinnliga jurister i Finland: historiska och komparativa perspektiv\u201d<\/p>\n<p>11.30-12.30<br \/>\nLunch i Calonia<\/p>\n<p>12.30-14.00<br \/>\n<strong>Session 7<\/strong>: Jurister och deras karri\u00e4rer p\u00e5 1900-talet (ordf\u00f6rande: <strong>G\u00f6rel Granstr\u00f6m<\/strong>)<\/p>\n<p><strong>Elsa Trolle<\/strong> \u00d6nnerfors (Lunds universitet): \u201dKvinnliga jurister i Sverige och deras karri\u00e4rv\u00e4gar under f\u00f6rsta h\u00e4lften av 1900-talet\u201d<\/p>\n<p><strong>Jussi Sallila<\/strong> (Helsingfors universitet): \u201dBo Palmgren (1909\u20131973) som nordisk jurist: r\u00e4ttsarv, r\u00e4ttspolitik och internationalisering\u201d<\/p>\n<p><strong>Kjell \u00c5ke Mod\u00e9er<\/strong> (Lunds universitet): \u201dRuth Bader Ginsburg \u2013 r\u00e4ttsvetare och h\u00f6gstar\u00e4ttsdomare\u201d<\/p>\n","protected":false},"excerpt":{"rendered":"<p>Prelimin\u00e4rt program Tisdagen 23.4.2019 15.30-15.45 Registrering, Juridiska fakuteten, Calonia, Caloniagr\u00e4nden 3 (alla sessioner och keynote-presentationer i salen Cal2, 2. v\u00e5ningen) 15.45-17.30 Fakultetens v\u00e4lkomstord: vicedekan, professor Janne Salminen Session 1: Jurister genom historien \u2013 ikonografi, utbildning och etik \u00a0\u00a0\u00a0\u00a0\u00a0\u00a0\u00a0\u00a0\u00a0\u00a0\u00a0\u00a0\u00a0\u00a0\u00a0\u00a0\u00a0\u00a0\u00a0\u00a0\u00a0 (ordf\u00f6rande: Mia &hellip; <a href=\"https:\/\/blogit.utu.fi\/rattshistorikermotet2019\/program\/\">Forts\u00e4tt l\u00e4sa <span class=\"meta-nav\">&rarr;<\/span><\/a><\/p>\n","protected":false},"author":3701,"featured_media":0,"parent":0,"menu_order":2,"comment_status":"closed","ping_status":"closed","template":"","meta":{"footnotes":""},"class_list":["post-22","page","type-page","status-publish","hentry"],"_links":{"self":[{"href":"https:\/\/blogit.utu.fi\/rattshistorikermotet2019\/wp-json\/wp\/v2\/pages\/22","targetHints":{"allow":["GET"]}}],"collection":[{"href":"https:\/\/blogit.utu.fi\/rattshistorikermotet2019\/wp-json\/wp\/v2\/pages"}],"about":[{"href":"https:\/\/blogit.utu.fi\/rattshistorikermotet2019\/wp-json\/wp\/v2\/types\/page"}],"author":[{"embeddable":true,"href":"https:\/\/blogit.utu.fi\/rattshistorikermotet2019\/wp-json\/wp\/v2\/users\/3701"}],"replies":[{"embeddable":true,"href":"https:\/\/blogit.utu.fi\/rattshistorikermotet2019\/wp-json\/wp\/v2\/comments?post=22"}],"version-history":[{"count":11,"href":"https:\/\/blogit.utu.fi\/rattshistorikermotet2019\/wp-json\/wp\/v2\/pages\/22\/revisions"}],"predecessor-version":[{"id":191,"href":"https:\/\/blogit.utu.fi\/rattshistorikermotet2019\/wp-json\/wp\/v2\/pages\/22\/revisions\/191"}],"wp:attachment":[{"href":"https:\/\/blogit.utu.fi\/rattshistorikermotet2019\/wp-json\/wp\/v2\/media?parent=22"}],"curies":[{"name":"wp","href":"https:\/\/api.w.org\/{rel}","templated":true}]}}