{"id":16,"date":"2014-01-13T22:11:21","date_gmt":"2014-01-13T20:11:21","guid":{"rendered":"https:\/\/blogit.utu.fi\/reimag\/?page_id=16"},"modified":"2016-06-14T15:17:38","modified_gmt":"2016-06-14T12:17:38","slug":"publications","status":"publish","type":"page","link":"https:\/\/blogit.utu.fi\/reimag\/publications\/","title":{"rendered":"Publications"},"content":{"rendered":"<h1>Publications<\/h1>\n<address>Publications of ReImag, in alphabetical order by title<\/address>\n<h4><a href=\"http:\/\/journals.cambridge.org\/action\/displayAbstract?fromPage=online&amp;aid=10360219&amp;fileId=S0960777316000230\" target=\"_blank\">Almost in Europe? How Finland&#8217;s Embarrassing Entry into Eureka Captured Policy Change<\/a><\/h4>\n<p style=\"padding-left: 30px;\">A journal article by ReImag associate Dr <a href=\"https:\/\/blogit.utu.fi\/reimag\/team\/#mitzner\" target=\"_blank\">Veera Mitzner<\/a> in <a href=\"http:\/\/journals.cambridge.org\/action\/displayJournal?jid=CEH\" target=\"_blank\">Contemporary European History<\/a>, published in June 2016\u00a0.<\/p>\n<h4><a href=\"http:\/\/www.kopistore.fi\/fi\/verkkokaupat\/ulkoasiainministeri%F6\/julkaisusarjan-julkaisut\/?object=view&amp;objectID=213\" target=\"_blank\">Kekseli\u00e4s ja ketter\u00e4 \u2013 Suomen ulkopolitiikan nopeat suunnanmuutokset kylm\u00e4n sodan p\u00e4\u00e4ttyess\u00e4<\/a><\/h4>\n<p style=\"padding-left: 30px;\">An article in Finnish by ReImag Helsinki subproject leader Dr <a title=\"Team\" href=\"https:\/\/blogit.utu.fi\/reimag\/team\/#aunesluoma\">Juhana Aunesluoma<\/a> and senior researcher Dr <a title=\"Team\" href=\"https:\/\/blogit.utu.fi\/reimag\/team\/#mitzner\">Veera Mitzner<\/a>, published both online and in print in <a href=\"http:\/\/www.kopistore.fi\/fi\/verkkokaupat\/ulkoasiainministeri%F6\/julkaisusarjan-julkaisut\/?object=view&amp;objectID=213\" target=\"_blank\"><em>Utopia ulkopolitiikassa<\/em><\/a>, edited by Ville Sinkkonen &amp; <a title=\"Team\" href=\"https:\/\/blogit.utu.fi\/reimag\/team\/#vogt\">Henri Vogt<\/a> (Ulkoasiainministeri\u00f6 2014). A <a href=\"http:\/\/www.ts.fi\/mielipiteet\/aliot\/566389\/Uusi+tutkimus+haastaa+vanhoja+kasityksia+ulkopolitiikasta\" target=\"_blank\">short version<\/a> was published in November by daily newspaper <em>Turun Sanomat<\/em>.<\/p>\n<h4><a href=\"http:\/\/politiikasta.fi\/artikkeli\/kolmas-kylm%C3%A4-sota-menneisyyden-silmin\" target=\"_blank\">Kolmas kylm\u00e4 sota menneisyyden silmin<\/a><\/h4>\n<p style=\"padding-left: 30px;\">An article in Finnish by ReImag senior researcher Dr <a title=\"Team\" href=\"https:\/\/blogit.utu.fi\/reimag\/team\/#mitzner\">Veera Mitzner<\/a>, published online at <a href=\"http:\/\/politiikasta.fi\/\" target=\"_blank\"><em>politiikasta.fi<\/em><\/a> in May 2014.<\/p>\n<h4><a href=\"http:\/\/ojs.utlib.ee\/index.php\/EAA\/article\/view\/AA.2014.2-3.04\" target=\"_blank\">New Research on the End of the Cold War and the Collapse of the Soviet Union <\/a><\/h4>\n<p style=\"padding-left: 30px;\">An article in Estonian, with an abstract in English by ReImag senior researcher Dr\u00a0<a title=\"Team\" href=\"https:\/\/blogit.utu.fi\/reimag\/team\/#piirimae\">Kaarel Piirim\u00e4e<\/a>, published in <a href=\"http:\/\/ojs.utlib.ee\/index.php\/EAA\" target=\"_blank\">Estonian Historical Journal <\/a>No 2\/3 (2014).<\/p>\n<h4><a href=\"http:\/\/booksandjournals.brillonline.com\/content\/journals\/10.1163\/1871191x-12341275\" target=\"_blank\">Reputation by Committee? Finland\u2019s Committee for International Information, 1988-1990<\/a><\/h4>\n<p style=\"padding-left: 30px;\">A journal article by ReImag associate Dr <a title=\"Team\" href=\"https:\/\/blogit.utu.fi\/reimag\/team\/#clerc\">Louis Clerc<\/a> in <a href=\"http:\/\/booksandjournals.brillonline.com\/content\/journals\/1871191x\" target=\"_blank\"><em>The Hague Journal of Diplomacy<\/em><\/a>, published in April 2014. The <a href=\"http:\/\/booksandjournals.brillonline.com\/content\/journals\/10.1163\/1871191x-12341275\" target=\"_blank\">abstract<\/a> is open access, and Louis has written <a href=\"http:\/\/theogreofthetale.wordpress.com\/2014\/04\/09\/reimag-and-kantine\/\" target=\"_blank\">a short introduction<\/a> in his blog <em>The ogre of the tale<\/em>.<\/p>\n","protected":false},"excerpt":{"rendered":"<p>Publications Publications of ReImag, in alphabetical order by title Almost in Europe? How Finland&#8217;s Embarrassing Entry into Eureka Captured Policy Change A journal article by ReImag associate Dr Veera Mitzner in Contemporary European History, published in June 2016\u00a0. Kekseli\u00e4s ja ketter\u00e4 \u2013 Suomen ulkopolitiikan nopeat suunnanmuutokset kylm\u00e4n sodan p\u00e4\u00e4ttyess\u00e4 An article in Finnish by ReImag [&hellip;]<\/p>\n","protected":false},"author":5271,"featured_media":0,"parent":0,"menu_order":0,"comment_status":"closed","ping_status":"open","template":"","meta":{"footnotes":""},"class_list":["post-16","page","type-page","status-publish","hentry"],"_links":{"self":[{"href":"https:\/\/blogit.utu.fi\/reimag\/wp-json\/wp\/v2\/pages\/16","targetHints":{"allow":["GET"]}}],"collection":[{"href":"https:\/\/blogit.utu.fi\/reimag\/wp-json\/wp\/v2\/pages"}],"about":[{"href":"https:\/\/blogit.utu.fi\/reimag\/wp-json\/wp\/v2\/types\/page"}],"author":[{"embeddable":true,"href":"https:\/\/blogit.utu.fi\/reimag\/wp-json\/wp\/v2\/users\/5271"}],"replies":[{"embeddable":true,"href":"https:\/\/blogit.utu.fi\/reimag\/wp-json\/wp\/v2\/comments?post=16"}],"version-history":[{"count":17,"href":"https:\/\/blogit.utu.fi\/reimag\/wp-json\/wp\/v2\/pages\/16\/revisions"}],"predecessor-version":[{"id":463,"href":"https:\/\/blogit.utu.fi\/reimag\/wp-json\/wp\/v2\/pages\/16\/revisions\/463"}],"wp:attachment":[{"href":"https:\/\/blogit.utu.fi\/reimag\/wp-json\/wp\/v2\/media?parent=16"}],"curies":[{"name":"wp","href":"https:\/\/api.w.org\/{rel}","templated":true}]}}