{"id":18,"date":"2014-01-13T22:11:41","date_gmt":"2014-01-13T20:11:41","guid":{"rendered":"https:\/\/blogit.utu.fi\/reimag\/?page_id=18"},"modified":"2014-10-30T15:36:22","modified_gmt":"2014-10-30T12:36:22","slug":"events","status":"publish","type":"page","link":"https:\/\/blogit.utu.fi\/reimag\/events\/","title":{"rendered":"Events"},"content":{"rendered":"<h1>Events<\/h1>\n<address>Upcoming and past events and activities of ReImag in chronological order, with the latest on top. Selected unpublished presentations and working papers are also available here.<\/address>\n<p>October 23, 2014<\/p>\n<h4>ReImag Oral History\u00a0Seminar, University of Helsinki<\/h4>\n<p>&nbsp;<\/p>\n<p>August 18, 2014<\/p>\n<h4>ReImag Seminar, University of Turku<\/h4>\n<ul>\n<li>Seminar <a title=\"Turku Seminar 2014\" href=\"https:\/\/blogit.utu.fi\/reimag\/events\/turku-seminar-2014\/\">programme<\/a> (also available in <a href=\"https:\/\/blogit.utu.fi\/reimag\/wp-content\/uploads\/sites\/139\/2014\/08\/seminaariohjelma_2014-08-18.pdf\">PDF format<\/a><a title=\"Team\" href=\"https:\/\/blogit.utu.fi\/reimag\/team\/#aunesluoma\">)<\/a><\/li>\n<li>Dr <a title=\"Team\" href=\"https:\/\/blogit.utu.fi\/reimag\/team\/#aunesluoma\">Juhana Aunesluoma&#8217;s<\/a> presentation <a href=\"https:\/\/blogit.utu.fi\/reimag\/wp-content\/uploads\/sites\/139\/2014\/09\/kylman_sodan_paattymisvaiheen_tutkimustilanne.pdf\">Kylm\u00e4n sodan p\u00e4\u00e4ttymisvaiheen tutkimustilanne<\/a>\u00a0(PDF, in Finnish).<\/li>\n<li>Dr <a title=\"Team\" href=\"https:\/\/blogit.utu.fi\/reimag\/team\/#piirimae\">Kaarel Piirim\u00e4e&#8217;s <\/a>presentation <a href=\"https:\/\/blogit.utu.fi\/reimag\/wp-content\/uploads\/sites\/139\/2014\/09\/turu_ettekanne_2014.pdf\">New research on the Baltic states and the Soviet collapse<\/a>(PDF, in English)<\/li>\n<\/ul>\n<p>&nbsp;<\/p>\n<p>January 30, 2014<\/p>\n<h4>ReImag Kick-off Seminar, University of Tampere<\/h4>\n<ul>\n<li>Seminar <a href=\"https:\/\/blogit.utu.fi\/reimag\/wp-content\/uploads\/sites\/139\/2014\/05\/seminaariohjelma_2014-01-30.pdf\">programme<\/a> (PDF, in Finnish)<\/li>\n<li>Dr <a title=\"Team\" href=\"https:\/\/blogit.utu.fi\/reimag\/team\/#forsberg\">Tuomas Forsberg&#8217;s<\/a> presentation <em><a href=\"https:\/\/blogit.utu.fi\/reimag\/wp-content\/uploads\/sites\/139\/2014\/04\/Forsberg-2014-01-30-Suomen-ulkopolitiikka-ja-kylman-sodan-paattyminen.pdf\">Suomen ulkopolitiikka, kansainv\u00e4lisen politiikan teoriat ja kylm\u00e4n sodan p\u00e4\u00e4ttyminen <\/a><\/em>(PDF, in Finnish).<\/li>\n<\/ul>\n<p>&nbsp;<\/p>\n<p>&nbsp;<\/p>\n","protected":false},"excerpt":{"rendered":"<p>Events Upcoming and past events and activities of ReImag in chronological order, with the latest on top. Selected unpublished presentations and working papers are also available here. October 23, 2014 ReImag Oral History\u00a0Seminar, University of Helsinki &nbsp; August 18, 2014 ReImag Seminar, University of Turku Seminar programme (also available in PDF format) Dr Juhana Aunesluoma&#8217;s [&hellip;]<\/p>\n","protected":false},"author":5271,"featured_media":0,"parent":0,"menu_order":0,"comment_status":"closed","ping_status":"open","template":"","meta":{"footnotes":""},"class_list":["post-18","page","type-page","status-publish","hentry"],"_links":{"self":[{"href":"https:\/\/blogit.utu.fi\/reimag\/wp-json\/wp\/v2\/pages\/18","targetHints":{"allow":["GET"]}}],"collection":[{"href":"https:\/\/blogit.utu.fi\/reimag\/wp-json\/wp\/v2\/pages"}],"about":[{"href":"https:\/\/blogit.utu.fi\/reimag\/wp-json\/wp\/v2\/types\/page"}],"author":[{"embeddable":true,"href":"https:\/\/blogit.utu.fi\/reimag\/wp-json\/wp\/v2\/users\/5271"}],"replies":[{"embeddable":true,"href":"https:\/\/blogit.utu.fi\/reimag\/wp-json\/wp\/v2\/comments?post=18"}],"version-history":[{"count":23,"href":"https:\/\/blogit.utu.fi\/reimag\/wp-json\/wp\/v2\/pages\/18\/revisions"}],"predecessor-version":[{"id":416,"href":"https:\/\/blogit.utu.fi\/reimag\/wp-json\/wp\/v2\/pages\/18\/revisions\/416"}],"wp:attachment":[{"href":"https:\/\/blogit.utu.fi\/reimag\/wp-json\/wp\/v2\/media?parent=18"}],"curies":[{"name":"wp","href":"https:\/\/api.w.org\/{rel}","templated":true}]}}