{"id":382,"date":"2014-08-12T10:49:02","date_gmt":"2014-08-12T07:49:02","guid":{"rendered":"https:\/\/blogit.utu.fi\/reimag\/?page_id=382"},"modified":"2014-08-12T12:11:52","modified_gmt":"2014-08-12T09:11:52","slug":"turku-seminar-2014","status":"publish","type":"page","link":"https:\/\/blogit.utu.fi\/reimag\/events\/turku-seminar-2014\/","title":{"rendered":"Turku Seminar 2014"},"content":{"rendered":"<h2>ReImag-akatemiaprojektin tutkijatapaaminen<\/h2>\n<p>ma 18.8. klo 10.15 \u2013 17 Turun yliopiston poliittisen historian tiloissa, Arwidssonink. 1 rakennus 11 (<a href=\"http:\/\/www.utu.fi\/fi\/Yliopisto\/kartta\/Sivut\/home.aspx\" target=\"_blank\">kampuskartalla<\/a> rakennus T19)<\/p>\n<h3>Ohjelma (<a href=\"https:\/\/blogit.utu.fi\/reimag\/wp-content\/uploads\/sites\/139\/2014\/08\/seminaariohjelma_2014-08-18.pdf\">PDF<\/a>)<\/h3>\n<p>10.15 <strong>Avaus<\/strong> \/ Kimmo Rentola<\/p>\n<p>10.25 <strong>Kylm\u00e4n sodan p\u00e4\u00e4ttymisvaiheen tutkimustilanne<\/strong> \/ Juhana Aunesluoma<\/p>\n<p>11.10 <strong>New research on the Baltic states and the collapse of the Soviet Union<\/strong> \/ Kaarel Piirim\u00e4e<\/p>\n<p>12.00<strong> Lounas<\/strong> \/ opiskelijaravintola Macciavellin kabinetit<\/p>\n<p>13.15<strong> Erkki Tuomiojan p\u00e4iv\u00e4kirjat 1991-94: Neuvostoliiton hajoamisprosessi ja Euroopan yhteis\u00f6n j\u00e4senyyden aktualisoituminen<\/strong> \/ VTT Veli-Pekka Lepp\u00e4nen<\/p>\n<p style=\"padding-left: 30px;\">Lepp\u00e4nen on toimittanut Tuomiojan p\u00e4iv\u00e4kirjat, jotka julkaistaan syyskuun lopussa (Tammi). Keskusteluun toivotaan vinkkej\u00e4 ja kokemuksia my\u00f6s muiden relevanttien aineistojen k\u00e4yt\u00f6st\u00e4. Mahdollisesti saadaan my\u00f6s toinen alustuspuheenvuoro t\u00e4rke\u00e4st\u00e4 l\u00e4hdeaineistosta.<\/p>\n<p>14.15 <strong>Kahvi<\/strong><\/p>\n<p>14.30 <strong>Projektien osanottajien ja kumppanien tutkimushankkeiden esittely\u00e4<\/strong><\/p>\n<p style=\"padding-left: 30px;\">Suvi Kansikas, Mari Luukkonen, Saara Matala, Veera Mitzner, Juha-Matti Ritvanen, Marjo Uutela, Johanna Rainio-Niemi<\/p>\n<p>16.30<strong> Projektin l\u00e4hitulevaisuus<\/strong><\/p>\n<p style=\"padding-left: 30px;\">Keskustelua ja ideointia 1989-tilaisuudesta lokakuussa (ohjelma, keit\u00e4 aikalaistoimijoita kutsutaan, mit\u00e4 heilt\u00e4 pyydet\u00e4\u00e4n, ketk\u00e4 esiintyv\u00e4t projektin puolelta).<br \/>\nMuita ajankohtaisia asioita.<\/p>\n<p>17.30 <strong>Illallinen<\/strong> \/ Macciavelli<\/p>\n","protected":false},"excerpt":{"rendered":"<p>ReImag-akatemiaprojektin tutkijatapaaminen ma 18.8. klo 10.15 \u2013 17 Turun yliopiston poliittisen historian tiloissa, Arwidssonink. 1 rakennus 11 (kampuskartalla rakennus T19) Ohjelma (PDF) 10.15 Avaus \/ Kimmo Rentola 10.25 Kylm\u00e4n sodan p\u00e4\u00e4ttymisvaiheen tutkimustilanne \/ Juhana Aunesluoma 11.10 New research on the Baltic states and the collapse of the Soviet Union \/ Kaarel Piirim\u00e4e 12.00 Lounas \/ [&hellip;]<\/p>\n","protected":false},"author":5271,"featured_media":0,"parent":18,"menu_order":0,"comment_status":"closed","ping_status":"closed","template":"","meta":{"footnotes":""},"class_list":["post-382","page","type-page","status-publish","hentry"],"_links":{"self":[{"href":"https:\/\/blogit.utu.fi\/reimag\/wp-json\/wp\/v2\/pages\/382","targetHints":{"allow":["GET"]}}],"collection":[{"href":"https:\/\/blogit.utu.fi\/reimag\/wp-json\/wp\/v2\/pages"}],"about":[{"href":"https:\/\/blogit.utu.fi\/reimag\/wp-json\/wp\/v2\/types\/page"}],"author":[{"embeddable":true,"href":"https:\/\/blogit.utu.fi\/reimag\/wp-json\/wp\/v2\/users\/5271"}],"replies":[{"embeddable":true,"href":"https:\/\/blogit.utu.fi\/reimag\/wp-json\/wp\/v2\/comments?post=382"}],"version-history":[{"count":10,"href":"https:\/\/blogit.utu.fi\/reimag\/wp-json\/wp\/v2\/pages\/382\/revisions"}],"predecessor-version":[{"id":394,"href":"https:\/\/blogit.utu.fi\/reimag\/wp-json\/wp\/v2\/pages\/382\/revisions\/394"}],"up":[{"embeddable":true,"href":"https:\/\/blogit.utu.fi\/reimag\/wp-json\/wp\/v2\/pages\/18"}],"wp:attachment":[{"href":"https:\/\/blogit.utu.fi\/reimag\/wp-json\/wp\/v2\/media?parent=382"}],"curies":[{"name":"wp","href":"https:\/\/api.w.org\/{rel}","templated":true}]}}